{"id":4808,"date":"2020-09-15T21:10:54","date_gmt":"2020-09-15T21:10:54","guid":{"rendered":"http:\/\/www.univ-usto.dz\/labo\/lasp\/?page_id=4808"},"modified":"2022-06-07T13:20:25","modified_gmt":"2022-06-07T13:20:25","slug":"contact","status":"publish","type":"page","link":"https:\/\/www.univ-usto.dz\/labo\/lasp\/contact\/","title":{"rendered":"Contact"},"content":{"rendered":"\t\t<div data-elementor-type=\"wp-page\" data-elementor-id=\"4808\" class=\"elementor elementor-4808\">\n\t\t\t\t\t\t<section class=\"elementor-section elementor-top-section elementor-element elementor-element-703bbe4 elementor-section-boxed elementor-section-height-default elementor-section-height-default\" data-id=\"703bbe4\" data-element_type=\"section\">\n\t\t\t\t\t\t<div class=\"elementor-container elementor-column-gap-default\">\n\t\t\t\t\t<div class=\"elementor-column elementor-col-33 elementor-top-column elementor-element elementor-element-62c2c43\" data-id=\"62c2c43\" data-element_type=\"column\">\n\t\t\t<div class=\"elementor-widget-wrap\">\n\t\t\t\t\t\t\t<\/div>\n\t\t<\/div>\n\t\t\t\t<div class=\"elementor-column elementor-col-66 elementor-top-column elementor-element elementor-element-eff045f\" data-id=\"eff045f\" data-element_type=\"column\">\n\t\t\t<div class=\"elementor-widget-wrap elementor-element-populated\">\n\t\t\t\t\t\t<div class=\"elementor-element elementor-element-2b8fc54 elementor-widget elementor-widget-text-editor\" data-id=\"2b8fc54\" data-element_type=\"widget\" data-widget_type=\"text-editor.default\">\n\t\t\t\t<div class=\"elementor-widget-container\">\n\t\t\t\t\t\t\t\t\t<h1 style=\"text-align: left;\"><strong>Contact<\/strong><\/h1><p style=\"font-weight: 400;\">Prof., Eng. Bachir Imine<\/p><p style=\"font-weight: 400;\">Directeur du laboratoire d\u2019a\u00e9ronautique et syst\u00e8mes propulsifs<\/p><p style=\"font-weight: 400;\">Universit\u00e9 de science et technique Mohamed Boudiaf Oran &#8211; Alg\u00e9rie<\/p><p style=\"font-weight: 400;\">B.P 1505 USTO El Mnaouer Oran Algeria.<\/p><p style=\"font-weight: 400;\">Tel:\u00a0 00213558475832<\/p><p style=\"font-weight: 400;\">E-mail: imine_b@yahoo.fr\u00a0<\/p><p>\u00a0 \u00a0 \u00a0 \u00a0 \u00a0 \u00a0 \u00a0 bachir.imine@univ-usto.dz<\/p>\t\t\t\t\t\t\t\t<\/div>\n\t\t\t\t<\/div>\n\t\t\t\t<div class=\"elementor-element elementor-element-d32dcef elementor-widget elementor-widget-image\" data-id=\"d32dcef\" data-element_type=\"widget\" data-widget_type=\"image.default\">\n\t\t\t\t<div class=\"elementor-widget-container\">\n\t\t\t\t\t\t\t\t\t\t\t\t\t\t\t\t<a href=\"https:\/\/www.univ-usto.dz\/labo\/lasp\/wp-content\/uploads\/2022\/06\/image560.jpg\">\n\t\t\t\t\t\t\t<img fetchpriority=\"high\" decoding=\"async\" width=\"556\" height=\"313\" src=\"https:\/\/www.univ-usto.dz\/labo\/lasp\/wp-content\/uploads\/2022\/06\/image560.jpg\" class=\"attachment-large size-large wp-image-12596\" alt=\"\" srcset=\"https:\/\/www.univ-usto.dz\/labo\/lasp\/wp-content\/uploads\/2022\/06\/image560.jpg 556w, https:\/\/www.univ-usto.dz\/labo\/lasp\/wp-content\/uploads\/2022\/06\/image560-300x169.jpg 300w, https:\/\/www.univ-usto.dz\/labo\/lasp\/wp-content\/uploads\/2022\/06\/image560-360x203.jpg 360w, https:\/\/www.univ-usto.dz\/labo\/lasp\/wp-content\/uploads\/2022\/06\/image560-24x14.jpg 24w, https:\/\/www.univ-usto.dz\/labo\/lasp\/wp-content\/uploads\/2022\/06\/image560-36x20.jpg 36w, https:\/\/www.univ-usto.dz\/labo\/lasp\/wp-content\/uploads\/2022\/06\/image560-48x27.jpg 48w\" sizes=\"(max-width: 556px) 100vw, 556px\" \/>\t\t\t\t\t\t\t\t<\/a>\n\t\t\t\t\t\t\t\t\t\t\t\t\t\t\t<\/div>\n\t\t\t\t<\/div>\n\t\t\t\t\t<\/div>\n\t\t<\/div>\n\t\t\t\t\t<\/div>\n\t\t<\/section>\n\t\t\t\t<\/div>\n\t\t","protected":false},"excerpt":{"rendered":"<p>Contact Prof., Eng. Bachir Imine Directeur du laboratoire d\u2019a\u00e9ronautique et syst\u00e8mes propulsifs Universit\u00e9 de science et technique Mohamed Boudiaf Oran &#8211; Alg\u00e9rie B.P 1505 USTO El Mnaouer Oran Algeria. Tel:\u00a0 <a href=\"https:\/\/www.univ-usto.dz\/labo\/lasp\/contact\/\" class=\"read-more\">Lire la suite &#8230;<\/a><\/p>\n","protected":false},"author":1,"featured_media":0,"parent":0,"menu_order":0,"comment_status":"closed","ping_status":"closed","template":"","meta":{"footnotes":""},"class_list":["post-4808","page","type-page","status-publish","hentry"],"_links":{"self":[{"href":"https:\/\/www.univ-usto.dz\/labo\/lasp\/wp-json\/wp\/v2\/pages\/4808","targetHints":{"allow":["GET"]}}],"collection":[{"href":"https:\/\/www.univ-usto.dz\/labo\/lasp\/wp-json\/wp\/v2\/pages"}],"about":[{"href":"https:\/\/www.univ-usto.dz\/labo\/lasp\/wp-json\/wp\/v2\/types\/page"}],"author":[{"embeddable":true,"href":"https:\/\/www.univ-usto.dz\/labo\/lasp\/wp-json\/wp\/v2\/users\/1"}],"replies":[{"embeddable":true,"href":"https:\/\/www.univ-usto.dz\/labo\/lasp\/wp-json\/wp\/v2\/comments?post=4808"}],"version-history":[{"count":20,"href":"https:\/\/www.univ-usto.dz\/labo\/lasp\/wp-json\/wp\/v2\/pages\/4808\/revisions"}],"predecessor-version":[{"id":12602,"href":"https:\/\/www.univ-usto.dz\/labo\/lasp\/wp-json\/wp\/v2\/pages\/4808\/revisions\/12602"}],"wp:attachment":[{"href":"https:\/\/www.univ-usto.dz\/labo\/lasp\/wp-json\/wp\/v2\/media?parent=4808"}],"curies":[{"name":"wp","href":"https:\/\/api.w.org\/{rel}","templated":true}]}}