{"id":6055,"date":"2020-09-24T12:49:58","date_gmt":"2020-09-24T12:49:58","guid":{"rendered":"http:\/\/www.univ-usto.dz\/labo\/lssd\/?page_id=6055"},"modified":"2020-09-29T19:43:20","modified_gmt":"2020-09-29T19:43:20","slug":"liens-utiles","status":"publish","type":"page","link":"https:\/\/www.univ-usto.dz\/labo\/lates\/liens-utiles\/","title":{"rendered":"Liens utiles"},"content":{"rendered":"\t\t<div data-elementor-type=\"wp-page\" data-elementor-id=\"6055\" class=\"elementor elementor-6055\">\n\t\t\t\t\t\t<section class=\"elementor-section elementor-top-section elementor-element elementor-element-703bbe4 elementor-section-boxed elementor-section-height-default elementor-section-height-default\" data-id=\"703bbe4\" data-element_type=\"section\">\n\t\t\t\t\t\t<div class=\"elementor-container elementor-column-gap-default\">\n\t\t\t\t\t<div class=\"elementor-column elementor-col-33 elementor-top-column elementor-element elementor-element-62c2c43\" data-id=\"62c2c43\" data-element_type=\"column\">\n\t\t\t<div class=\"elementor-widget-wrap elementor-element-populated\">\n\t\t\t\t\t\t<div class=\"elementor-element elementor-element-1dd9252 elementor-widget elementor-widget-wp-widget-bellows_navigation_widget\" data-id=\"1dd9252\" data-element_type=\"widget\" data-widget_type=\"wp-widget-bellows_navigation_widget.default\">\n\t\t\t\t<div class=\"elementor-widget-container\">\n\t\t\t\t\t<nav id=\"bellows-main-12\" class=\"bellows bellows-nojs bellows-main bellows-source-menu bellows-align-full bellows-skin-vanilla bellows-type-\"><ul id=\"menu-acces-rapide\" class=\"bellows-nav\" data-bellows-config=\"main\"><li id=\"menu-item-12552\" class=\"bellows-menu-item bellows-menu-item-type-custom bellows-menu-item-object-custom bellows-menu-item-12552 bellows-item-level-0\"><a  href=\"#\" class=\"bellows-target\"><span class=\"bellows-target-title bellows-target-text\">Pr\u00e9sentation<\/span><\/a><\/li>\n<li id=\"menu-item-22\" class=\"bellows-menu-item bellows-menu-item-type-custom bellows-menu-item-object-custom bellows-menu-item-has-children bellows-menu-item-22 bellows-item-level-0\"><a  target=\"_blank\" href=\"#\" class=\"bellows-target\"><span class=\"bellows-target-title bellows-target-text\">\u00c9quipes de recherche<\/span><button class=\"bellows-subtoggle\" aria-label=\"Toggle Submenu\"><i class=\"bellows-subtoggle-icon-expand fa fa-chevron-down\"><\/i><i class=\"bellows-subtoggle-icon-collapse fa fa-chevron-up\"><\/i><\/button><\/a>\n<ul class=\"bellows-submenu\">\n\t<li id=\"menu-item-23\" class=\"bellows-menu-item bellows-menu-item-type-custom bellows-menu-item-object-custom bellows-menu-item-23 bellows-item-level-1\"><a  target=\"_blank\" href=\"https:\/\/www.univ-usto.dz\/labo\/lates\/wp-content\/uploads\/2023\/06\/equipe-01-1.pdf\" class=\"bellows-target\"><span class=\"bellows-target-title bellows-target-text\">\u00c9quipe 01<\/span><\/a><\/li>\n\t<li id=\"menu-item-25\" class=\"bellows-menu-item bellows-menu-item-type-custom bellows-menu-item-object-custom bellows-menu-item-25 bellows-item-level-1\"><a  target=\"_blank\" href=\"https:\/\/www.univ-usto.dz\/labo\/lates\/wp-content\/uploads\/2023\/07\/Equipe-2.pdf\" class=\"bellows-target\"><span class=\"bellows-target-title bellows-target-text\">\u00c9quipe 02<\/span><\/a><\/li>\n\t<li id=\"menu-item-26\" class=\"bellows-menu-item bellows-menu-item-type-custom bellows-menu-item-object-custom bellows-menu-item-26 bellows-item-level-1\"><a  target=\"_blank\" href=\"https:\/\/www.univ-usto.dz\/labo\/lates\/wp-content\/uploads\/2023\/07\/equipe-03.pdf\" class=\"bellows-target\"><span class=\"bellows-target-title bellows-target-text\">\u00c9quipe 03<\/span><\/a><\/li>\n\t<li id=\"menu-item-27\" class=\"bellows-menu-item bellows-menu-item-type-custom bellows-menu-item-object-custom bellows-menu-item-27 bellows-item-level-1\"><a  target=\"_blank\" href=\"https:\/\/www.univ-usto.dz\/labo\/lates\/wp-content\/uploads\/2024\/06\/\u0641\u0631\u064a\u0642-\u0648\u0647\u0631\u0627\u0646\u064a-\u0646\u062c\u064a\u0629-scaled.jpg\" class=\"bellows-target\"><span class=\"bellows-target-title bellows-target-text\">\u00c9quipe 04<\/span><\/a><\/li>\n<\/ul>\n<\/li>\n<li id=\"menu-item-28\" class=\"bellows-menu-item bellows-menu-item-type-custom bellows-menu-item-object-custom bellows-menu-item-has-children bellows-menu-item-28 bellows-item-level-0\"><a  target=\"_blank\" href=\"#\" class=\"bellows-target\"><span class=\"bellows-target-title bellows-target-text\">Th\u00e8mes de recherche<\/span><button class=\"bellows-subtoggle\" aria-label=\"Toggle Submenu\"><i class=\"bellows-subtoggle-icon-expand fa fa-chevron-down\"><\/i><i class=\"bellows-subtoggle-icon-collapse fa fa-chevron-up\"><\/i><\/button><\/a>\n<ul class=\"bellows-submenu\">\n\t<li id=\"menu-item-98\" class=\"bellows-menu-item bellows-menu-item-type-custom bellows-menu-item-object-custom bellows-menu-item-98 bellows-item-level-1\"><a  target=\"_blank\" href=\"https:\/\/www.univ-usto.dz\/labo\/lates\/wp-content\/uploads\/2023\/06\/theme-01.pdf\" class=\"bellows-target\"><span class=\"bellows-target-title bellows-target-text\">Th\u00e8me 01<\/span><\/a><\/li>\n\t<li id=\"menu-item-29\" class=\"bellows-menu-item bellows-menu-item-type-custom bellows-menu-item-object-custom bellows-menu-item-29 bellows-item-level-1\"><a  target=\"_blank\" href=\"https:\/\/www.univ-usto.dz\/labo\/lates\/wp-content\/uploads\/2023\/09\/Diapositive1.jpg\" class=\"bellows-target\"><span class=\"bellows-target-title bellows-target-text\">Th\u00e8me 02<\/span><\/a><\/li>\n\t<li id=\"menu-item-10506\" class=\"bellows-menu-item bellows-menu-item-type-custom bellows-menu-item-object-custom bellows-menu-item-10506 bellows-item-level-1\"><a  href=\"https:\/\/www.univ-usto.dz\/labo\/lates\/wp-content\/uploads\/2023\/09\/Diapositive1-1.jpg\" class=\"bellows-target\"><span class=\"bellows-target-title bellows-target-text\">Th\u00e8me 03<\/span><\/a><\/li>\n\t<li id=\"menu-item-12589\" class=\"bellows-menu-item bellows-menu-item-type-custom bellows-menu-item-object-custom bellows-menu-item-12589 bellows-item-level-1\"><a  href=\"https:\/\/www.univ-usto.dz\/labo\/lates\/wp-content\/uploads\/2024\/06\/\u0641\u0631\u064a\u0642-\u0648\u0647\u0631\u0627\u0646\u064a-\u0646\u062c\u064a\u0629-scaled.jpg\" class=\"bellows-target\"><span class=\"bellows-target-title bellows-target-text\">Th\u00e8me 04<\/span><\/a><\/li>\n<\/ul>\n<\/li>\n<li id=\"menu-item-12580\" class=\"bellows-menu-item bellows-menu-item-type-custom bellows-menu-item-object-custom bellows-menu-item-12580 bellows-item-level-0\"><a  href=\"https:\/\/www.univ-usto.dz\/labo\/lates\/wp-content\/uploads\/2023\/07\/Production-scientifique-LATES-2018-2023-ok3.pdf\" class=\"bellows-target\"><span class=\"bellows-target-title bellows-target-text\">Publications<\/span><\/a><\/li>\n<li id=\"menu-item-31\" class=\"bellows-menu-item bellows-menu-item-type-custom bellows-menu-item-object-custom bellows-menu-item-31 bellows-item-level-0\"><a  href=\"https:\/\/www.univ-usto.dz\/labo\/lahn\/contact\/\" class=\"bellows-target\"><span class=\"bellows-target-title bellows-target-text\">Contact<\/span><\/a><\/li>\n<\/ul><\/nav>\t\t\t\t<\/div>\n\t\t\t\t<\/div>\n\t\t\t\t\t<\/div>\n\t\t<\/div>\n\t\t\t\t<div class=\"elementor-column elementor-col-66 elementor-top-column elementor-element elementor-element-eff045f\" data-id=\"eff045f\" data-element_type=\"column\">\n\t\t\t<div class=\"elementor-widget-wrap elementor-element-populated\">\n\t\t\t\t\t\t<div class=\"elementor-element elementor-element-b5bc7f8 elementor-widget elementor-widget-text-editor\" data-id=\"b5bc7f8\" data-element_type=\"widget\" data-widget_type=\"text-editor.default\">\n\t\t\t\t<div class=\"elementor-widget-container\">\n\t\t\t\t\t\t\t\t\t<h2>Liens utiles<\/h2><p><strong><a href=\"https:\/\/www.mesrs.dz\/\" target=\"_blank\" rel=\"noopener\">Minist\u00e8re de l&rsquo;Enseignement Sup\u00e9rieur et de la Recherche Scientifique MESRS<\/a><\/strong><\/p><p><strong><a href=\"http:\/\/www.dgrsdt.dz\/v1\/\" target=\"_blank\" rel=\"noopener\">Direction G\u00e9n\u00e9rale de la Recherche Scientifique et de d\u00e9veloppement Technologique DGRSDT<\/a><\/strong><\/p><p><strong>Agences th\u00e9matiques\u00a0<\/strong><\/p><ul><li><strong><a href=\"http:\/\/www.atrsnv.dz\/\" target=\"_blank\" rel=\"noopener\">Agence Th\u00e9matique de Recherche en Sciences de la Nature et de la Vie (Bejaia)<\/a><\/strong><\/li><li><strong><a href=\"https:\/\/www.atrss.dz\/\" target=\"_blank\" rel=\"noopener\">Agence Th\u00e9matique de Recherche en Sciences de la Sant\u00e9 (Oran)<\/a><\/strong><\/li><li><strong><a href=\"http:\/\/www.atrssh.dz\/\" target=\"_blank\" rel=\"noopener\">Agence Th\u00e9matique de Recherche en Sciences Sociales et Humaines (Blida)<\/a><\/strong><\/li><li><strong><a href=\"http:\/\/atrbsa.dz\/ATRBSA\/\" target=\"_blank\" rel=\"noopener\">Agence Th\u00e9matique de Recherche en Biotechnologie et en Sciences Agroalimentaires (Constantine)<\/a><\/strong><\/li><li><strong><a href=\"http:\/\/atrst.dz\/\" target=\"_blank\" rel=\"noopener\">Agence th\u00e9matique de Recherche en Sciences et Technologie (El Harrach \/Alger)<\/a><\/strong><\/li><\/ul>\t\t\t\t\t\t\t\t<\/div>\n\t\t\t\t<\/div>\n\t\t\t\t\t<\/div>\n\t\t<\/div>\n\t\t\t\t\t<\/div>\n\t\t<\/section>\n\t\t\t\t<\/div>\n\t\t","protected":false},"excerpt":{"rendered":"<p>Liens utiles Minist\u00e8re de l&rsquo;Enseignement Sup\u00e9rieur et de la Recherche Scientifique MESRS Direction G\u00e9n\u00e9rale de la Recherche Scientifique et de d\u00e9veloppement Technologique DGRSDT Agences th\u00e9matiques\u00a0 Agence Th\u00e9matique de Recherche en <a href=\"https:\/\/www.univ-usto.dz\/labo\/lates\/liens-utiles\/\" class=\"read-more\">Lire la suite &#8230;<\/a><\/p>\n","protected":false},"author":1,"featured_media":0,"parent":0,"menu_order":0,"comment_status":"closed","ping_status":"closed","template":"","meta":{"footnotes":""},"class_list":["post-6055","page","type-page","status-publish","hentry"],"_links":{"self":[{"href":"https:\/\/www.univ-usto.dz\/labo\/lates\/wp-json\/wp\/v2\/pages\/6055","targetHints":{"allow":["GET"]}}],"collection":[{"href":"https:\/\/www.univ-usto.dz\/labo\/lates\/wp-json\/wp\/v2\/pages"}],"about":[{"href":"https:\/\/www.univ-usto.dz\/labo\/lates\/wp-json\/wp\/v2\/types\/page"}],"author":[{"embeddable":true,"href":"https:\/\/www.univ-usto.dz\/labo\/lates\/wp-json\/wp\/v2\/users\/1"}],"replies":[{"embeddable":true,"href":"https:\/\/www.univ-usto.dz\/labo\/lates\/wp-json\/wp\/v2\/comments?post=6055"}],"version-history":[{"count":5,"href":"https:\/\/www.univ-usto.dz\/labo\/lates\/wp-json\/wp\/v2\/pages\/6055\/revisions"}],"predecessor-version":[{"id":6069,"href":"https:\/\/www.univ-usto.dz\/labo\/lates\/wp-json\/wp\/v2\/pages\/6055\/revisions\/6069"}],"wp:attachment":[{"href":"https:\/\/www.univ-usto.dz\/labo\/lates\/wp-json\/wp\/v2\/media?parent=6055"}],"curies":[{"name":"wp","href":"https:\/\/api.w.org\/{rel}","templated":true}]}}