{"id":4808,"date":"2020-09-15T21:10:54","date_gmt":"2020-09-15T21:10:54","guid":{"rendered":"http:\/\/www.univ-usto.dz\/labo\/lcge\/?page_id=4808"},"modified":"2022-05-29T14:43:50","modified_gmt":"2022-05-29T14:43:50","slug":"contact","status":"publish","type":"page","link":"https:\/\/www.univ-usto.dz\/labo\/lcge\/contact\/","title":{"rendered":"Contact"},"content":{"rendered":"\t\t<div data-elementor-type=\"wp-page\" data-elementor-id=\"4808\" class=\"elementor elementor-4808\">\n\t\t\t\t\t\t<section class=\"elementor-section elementor-top-section elementor-element elementor-element-703bbe4 elementor-section-boxed elementor-section-height-default elementor-section-height-default\" data-id=\"703bbe4\" data-element_type=\"section\">\n\t\t\t\t\t\t<div class=\"elementor-container elementor-column-gap-default\">\n\t\t\t\t\t<div class=\"elementor-column elementor-col-33 elementor-top-column elementor-element elementor-element-62c2c43\" data-id=\"62c2c43\" data-element_type=\"column\">\n\t\t\t<div class=\"elementor-widget-wrap\">\n\t\t\t\t\t\t\t<\/div>\n\t\t<\/div>\n\t\t\t\t<div class=\"elementor-column elementor-col-66 elementor-top-column elementor-element elementor-element-eff045f\" data-id=\"eff045f\" data-element_type=\"column\">\n\t\t\t<div class=\"elementor-widget-wrap elementor-element-populated\">\n\t\t\t\t\t\t<div class=\"elementor-element elementor-element-2b8fc54 elementor-widget elementor-widget-text-editor\" data-id=\"2b8fc54\" data-element_type=\"widget\" data-widget_type=\"text-editor.default\">\n\t\t\t\t<div class=\"elementor-widget-container\">\n\t\t\t\t\t\t\t\t\t<h1>Contact<\/h1><p><strong>Siteweb: <\/strong><\/p><p><blockquote class=\"wp-embedded-content\" data-secret=\"AJPo96SqUA\"><a href=\"https:\/\/www.univ-usto.dz\/labo\/lcge\/\">Universit\u00e9 des Sciences et de la Technologie Oran Mohamed-Boudiaf<\/a><\/blockquote><iframe class=\"wp-embedded-content\" sandbox=\"allow-scripts\" security=\"restricted\" style=\"position: absolute; clip: rect(1px, 1px, 1px, 1px);\" title=\"\u00ab\u00a0Universit\u00e9 des Sciences et de la Technologie Oran Mohamed-Boudiaf\u00a0\u00bb &#8212; Laboratoire de carburant gazeux et environnement\" src=\"https:\/\/www.univ-usto.dz\/labo\/lcge\/embed\/#?secret=Pzjs4BGjrK#?secret=AJPo96SqUA\" data-secret=\"AJPo96SqUA\" width=\"600\" height=\"338\" frameborder=\"0\" marginwidth=\"0\" marginheight=\"0\" scrolling=\"no\"><\/iframe><\/p><p>Adresse mail:<\/p><p>lcge@univ-usto.dz<\/p><p><strong>T\u00e9l\u00e9phone Mobile : 0<\/strong>770226641 \/ 0661406514<\/p><p>\u00a0<strong>Fax: <\/strong>041714293<\/p>\t\t\t\t\t\t\t\t<\/div>\n\t\t\t\t<\/div>\n\t\t\t\t\t<\/div>\n\t\t<\/div>\n\t\t\t\t\t<\/div>\n\t\t<\/section>\n\t\t\t\t<\/div>\n\t\t","protected":false},"excerpt":{"rendered":"<p>Contact Siteweb: Universit\u00e9 des Sciences et de la Technologie Oran Mohamed-Boudiaf Adresse mail: lcge@univ-usto.dz T\u00e9l\u00e9phone Mobile : 0770226641 \/ 0661406514 \u00a0Fax: 041714293<\/p>\n","protected":false},"author":1,"featured_media":0,"parent":0,"menu_order":0,"comment_status":"closed","ping_status":"closed","template":"","meta":{"footnotes":""},"class_list":["post-4808","page","type-page","status-publish","hentry"],"_links":{"self":[{"href":"https:\/\/www.univ-usto.dz\/labo\/lcge\/wp-json\/wp\/v2\/pages\/4808","targetHints":{"allow":["GET"]}}],"collection":[{"href":"https:\/\/www.univ-usto.dz\/labo\/lcge\/wp-json\/wp\/v2\/pages"}],"about":[{"href":"https:\/\/www.univ-usto.dz\/labo\/lcge\/wp-json\/wp\/v2\/types\/page"}],"author":[{"embeddable":true,"href":"https:\/\/www.univ-usto.dz\/labo\/lcge\/wp-json\/wp\/v2\/users\/1"}],"replies":[{"embeddable":true,"href":"https:\/\/www.univ-usto.dz\/labo\/lcge\/wp-json\/wp\/v2\/comments?post=4808"}],"version-history":[{"count":11,"href":"https:\/\/www.univ-usto.dz\/labo\/lcge\/wp-json\/wp\/v2\/pages\/4808\/revisions"}],"predecessor-version":[{"id":12454,"href":"https:\/\/www.univ-usto.dz\/labo\/lcge\/wp-json\/wp\/v2\/pages\/4808\/revisions\/12454"}],"wp:attachment":[{"href":"https:\/\/www.univ-usto.dz\/labo\/lcge\/wp-json\/wp\/v2\/media?parent=4808"}],"curies":[{"name":"wp","href":"https:\/\/api.w.org\/{rel}","templated":true}]}}