{"id":12240,"date":"2022-05-18T08:50:09","date_gmt":"2022-05-18T08:50:09","guid":{"rendered":"https:\/\/www.univ-usto.dz\/labo\/lddee\/?page_id=12240"},"modified":"2022-06-14T07:55:22","modified_gmt":"2022-06-14T07:55:22","slug":"publication","status":"publish","type":"page","link":"https:\/\/www.univ-usto.dz\/labo\/lddee\/publication\/","title":{"rendered":"Publication"},"content":{"rendered":"\t\t<div data-elementor-type=\"wp-page\" data-elementor-id=\"12240\" class=\"elementor elementor-12240\">\n\t\t\t\t\t\t<section class=\"elementor-section elementor-top-section elementor-element elementor-element-36f26c9 elementor-section-boxed elementor-section-height-default elementor-section-height-default\" data-id=\"36f26c9\" data-element_type=\"section\">\n\t\t\t\t\t\t<div class=\"elementor-container elementor-column-gap-default\">\n\t\t\t\t\t<div class=\"elementor-column elementor-col-100 elementor-top-column elementor-element elementor-element-b98f5f8\" data-id=\"b98f5f8\" data-element_type=\"column\">\n\t\t\t<div class=\"elementor-widget-wrap elementor-element-populated\">\n\t\t\t\t\t\t<div class=\"elementor-element elementor-element-c0906e6 elementor-widget elementor-widget-text-editor\" data-id=\"c0906e6\" data-element_type=\"widget\" data-widget_type=\"text-editor.default\">\n\t\t\t\t<div class=\"elementor-widget-container\">\n\t\t\t\t\t\t\t\t\t<h2>\u00a0<\/h2><ol start=\"2020\"><li>Boumerid Bensahila, <strong>A Allali<\/strong>,H. MerbatBoulouiha<em>, <\/em>\u201cModeling, Simulation andControl of aDoubly-FedInductionGeneratorfor Wind Energy Conversion Systems\u201d, IJPEDS, International Journal of Power Electronics and Drive Systems, vol 11,4, 2020.<\/li><\/ol><ol start=\"2020\"><li><em> Toumi,<\/em><strong>A Allali,<\/strong>O Abdelkhalek, <em>A. Meftouhi<\/em>,A Benabdelkader<em>, <\/em>\u201cPV Integrated single-phase dynamic voltage restorer for sag voltage, voltage fluctuations and harmonics Compensation\u201d, IJPEDS, International Journal of Power Electronics and Drive Systems, vol 11,1, 2020.<\/li><\/ol><ol><li><a href=\"https:\/\/www.researchgate.net\/profile\/Soufiane_Lendani\"> Lemdani<\/a>,<a href=\"https:\/\/www.researchgate.net\/profile\/Laouer_Mohamed\">M. Laouer,<\/a><strong>A.<\/strong><strong>Allali<\/strong>,\u201cStability Improvement of Power System Using a Coordinated Systems FACTS-PSS, FACTS-MBPSS\u201dInternational Journal of Circuits, 13(2019), May 2019<\/li><\/ol><ol><li><a href=\"https:\/\/www.researchgate.net\/profile\/Soufiane_Lendani\"> Lemdani<\/a>,<a href=\"https:\/\/www.researchgate.net\/profile\/Laouer_Mohamed\">M. Laouer,<\/a><strong>A.<\/strong><strong>Allali<\/strong>,\u201cOptimal Location and Parameter Setting of FACTS Devices to improve the Performance of Power System Using Genetic Algorithm Technique\u201dMJEE-2948, Majlesi Journal of Electrical Engineering.Vol 13, N2, September 2019<\/li><\/ol><ol start=\"2019\"><li><em> Meftouhi<\/em>, O Abdelkhalek, <strong>A Allali<\/strong>,A Benabdelkader<em>, T. Toumi<\/em>\u201cPV Integrated Series Active Filter for sag voltage and harmonic Compensation\u201d, IJPEDS, International Journal of Power Electronics and Drive Systems, vol 10,3, 2019.<\/li><\/ol><ol start=\"7012\"><li>MerabetBoulouiha, M Khodja, D Rahiel,<strong> A. Allali<\/strong>, F. Kaddour, M. Denai\u201dPower quality enhancement in electricity grids with wind energy using multicell converters and energy storage\u201d Journal of Renewable and Sustainable Energy,Volume1,Issue 11, January 2019, ISSN1941-7012.<\/li><\/ol><p><a href=\"http:\/\/jrse.aip.org\/resource\/1\/jrsebh\/v4\/i5&amp;page=2\">http:\/\/jrse.aip.org<\/a><\/p><p>A Benabdelkader, O Abdelkhalek, <strong>A Allali<\/strong>,<em>A. Meftouhi, T. Toumi<\/em>\u201cExperimental Validation of Single Phase Series Active Power Filter Using Fuzzy Control Technique\u201d, IJPEDS, International Journal of Power Electronics and Drive Systems, vol 9,2, 2018.<\/p><p>Youcef BOT, <strong>Ahmed ALLALI<\/strong>\u201c<a href=\"https:\/\/www.researchgate.net\/profile\/Allali_Ahmed2\/publication\/320237891_Using_DGUPFC_to_Control_the_Voltage_of_Multi-Feeder_Smart_Distribution_System\/links\/5a6597d20f7e9b6b8fdbfadf\/Using-DGUPFC-to-Control-the-Voltage-of-Multi-Feeder-Smart-Distribution-System.pdf\">Using DGUPFC to Control the Voltage of Multi-Feeder Smart Distribution System<\/a>\u201dInternational Journal of Renewable Energy Research-IJRER, 7 N 4 2017\/12<\/p><ol start=\"2016\"><li>MerabetBoulouiha, A. Allali, M. Dena\u00ef, \u201c<a href=\"https:\/\/www.researchgate.net\/publication\/308777775_Grid_Integration_of_Wind_Energy_Systems_Control_Design_Stability_and_Power_Quality_Issues?ev=prf_pub\">Grid Integration of Wind Energy Systems: Control Design, Stability, and Power Quality Issues<\/a>\u201d chapter in book\u201cClean Energy for Sustainable Development\u201d, Elsevier November 2016.<\/li><\/ol><p>M Khodja, D Rahiel, MB Benabdallah, H. MerabetBoulouiha, <strong>A. Allali<\/strong>, M. Dena\u00ef, \u201c<a href=\"https:\/\/scholar.google.com\/citations?view_op=view_citation&amp;hl=fr&amp;user=r9z5ThIAAAAJ&amp;citation_for_view=r9z5ThIAAAAJ:iH-uZ7U-co4C\">High-performance multicell series inverter-fed induction motor drive<\/a>\u201d Electrical Engineering (2016), SPRINGER 98 (4), 1-17.<\/p><p>https:\/\/link.springer.com\/search?query=khodja&search-within=Journal&facet-journal-id=202<\/p><ol start=\"4\"><li>Kaddour, H. MerabetBoulouiha, <strong>A. Allali<\/strong>, A. Taibi, M. Dena\u00ef, \u201cMultivariable Control of a Grid-Connected Wind Energy Conversion System with Power Quality Enhancement\u201d Energy Syst (2016), Volume 7 Issue 4. DOI 10.1007\/s12667-016-0223-7.<\/li><\/ol><p>https:\/\/link.springer.com\/search?query=kaddour&search-within=Journal&facet-journal-id=12667<\/p><ol><li><a href=\"https:\/\/www.researchgate.net\/profile\/Tamali_Mohammed2\"> Tamali<\/a>,\u00b7B. <a href=\"https:\/\/www.researchgate.net\/researcher\/2109762606_Bouzidi_Boumedienne\">Bouzidi<\/a>, <strong>A. Allali<\/strong>, \u201c<a href=\"https:\/\/www.researchgate.net\/publication\/303464831_System_Reliability-based_Optimization_Method_to_Solve_Unavailability_of_Electrical_Energy?ev=prf_pub\">System Reliability-based Optimization Method to Solve Unavailability of Electrical Energy<\/a>\u00bb INTERNATIONAL JOURNAL of ENERGY Optimisation and Engineering vol 5 (Issue 3), 2016, 63<\/li><\/ol><ol><li>Hachemi, H. MerabetBoulouiha, A. Allali, A. Tahri,A Taibi, \u201c<a href=\"https:\/\/scholar.google.com\/citations?view_op=view_citation&amp;hl=fr&amp;user=r9z5ThIAAAAJ&amp;citation_for_view=r9z5ThIAAAAJ:_Qo2XoVZTnwC\">multivariable robust grid currents control of a squirrel cage induction generator connected to a wind turbine<\/a>\u201d ActaElectrotechnica Et Informatica 2015 (4), 30<\/li><\/ol><ol><li>Bot, <strong>A. Allali<\/strong>, \u201c<a href=\"https:\/\/scholar.google.com\/citations?view_op=view_citation&amp;hl=fr&amp;user=r9z5ThIAAAAJ&amp;citation_for_view=r9z5ThIAAAAJ:-f6ydRqryjwC\">Using D-UPFC in Voltage Regulation of Future Distribution Systems<\/a>\u00bb INTERNATIONAL JOURNAL of RENEWABLE ENERGY RESEARCH 5 (2), 2015, 581-585<\/li><\/ol><ol><li>Bot, <strong>A. Allali<\/strong>, \u201c<a href=\"https:\/\/scholar.google.com\/citations?view_op=view_citation&amp;hl=fr&amp;user=r9z5ThIAAAAJ&amp;citation_for_view=r9z5ThIAAAAJ:-f6ydRqryjwC\">Using D-Statcom in Voltage Regulation of Future Distribution Systems<\/a>\u00bb IREACO 8 (2), 2015, 581-585<\/li><\/ol><ol start=\"80\"><li>MerabetBoulouiha, A. Allali, M. Laouer, A. Tahri, M. Dena\u00ef,A. Draou, \u201c<a href=\"https:\/\/scholar.google.com\/citations?view_op=view_citation&amp;hl=fr&amp;user=r9z5ThIAAAAJ&amp;citation_for_view=r9z5ThIAAAAJ:L8Ckcad2t8MC\">Direct torque control of multilevel SVPWM inverter in variable speed SCIG-based wind energy conversion system<\/a>\u201d Renewable Energy; Volume 80. DOI:10.101\/j.renene.2015.01.065<strong>\u00b7 <\/strong><\/li><\/ol><ol><li>Naama, H. Bouzeboudja, <strong>A. Allali<\/strong>, \u201cApplication of Tabu Search and Genetic Algorithm in Minimize Losses in Power System. Using the B-Coefficient Method\u201d, <a href=\"http:\/\/www.journals.elsevier.com\/energy-procedia\/\">Energy Procedia &#8211; Journal &#8211; Elsevier<\/a>, <a href=\"http:\/\/www.sciencedirect.com\/science\/journal\/18766102\/36\/supp\/C\">Volume 36<\/a>, 2013, Pages 687\u2013693, ISSN 1876-6102<\/li><\/ol><ol><li>Naama, H. Bouzeboudja, <strong>A. Allali<\/strong> \u201cSolving the Economic Dispatch Problem by Using Tabu Search Algorithm\u201d, <a href=\"http:\/\/www.journals.elsevier.com\/energy-procedia\/\">Energy Procedia &#8211; Journal &#8211; Elsevier<\/a>, <a href=\"http:\/\/www.sciencedirect.com\/science\/journal\/18766102\/36\/supp\/C\">Volume 36<\/a>, 2013, Pages 694\u2013701, ISSN 1876-6102<\/li><\/ol><ol><li>Hamza Zerigat<strong>A. Allali<\/strong> L. Benasla MA Larbi Chaht \u00ab<a href=\"http:\/\/ie.utcluj.ro\/Contents_Acta_ET\/2013\/Number2\/Paper02_Hamza.pdf\">Influence de l&rsquo;IPFC sur le calcul de l&rsquo;\u00e9coulement des puissances<\/a>\u00bb <a href=\"http:\/\/ie.utcluj.ro\/Contents_Acta_ET\/2013\/Number2\/Paper02_Hamza.pdf\">Acta<\/a>Electrotechnica volume 54, number 2 2013, <a href=\"http:\/\/ie.utcluj.ro\/Contents_Acta_ET\/2013\/Number2\/Paper02_Hamza.pdf\">utcluj.ro<\/a><\/li><\/ol><ol start=\"10\"><li>Tahri, H. MerabetBoulouiha, <strong>A. Allali<\/strong> and F. Tahri, \u201c<a href=\"http:\/\/www.uni-obuda.hu\/journal\/Tahri_Boulouiha_Allali_Fatima_42.pdf\">A Multi-Variable LQG Controller-based Robust Control Strategy Applied to an Advanced Static VAR Compensator<\/a>\u201d, ActaPolytechnicaHungarica, Journal of Applied Sciences, Volume 10, N\u00b0 4, 2013,<em> DOI: 10.12700\/APH.10.04.2013.4.14<\/em><\/li><\/ol><p><a href=\"http:\/\/www.uni-obuda.hu\/journal\/Tahri_Boulouiha_Allali_Fatima_42.pdf\">http:\/\/www.uni-obuda.hu\/journal\/Tahri_Boulouiha_Allali_Fatima_42.pdf<\/a>.<\/p><ol start=\"7012\"><li>MerabetBoulouiha, <strong>A. Allali<\/strong>, A. Tahri, A. Draou, M. Denai\u201dA Simple MPPT Based Control Strategy Applied to a Variable Speed Squirrel Cage Induction Generator\u201d Journal of Renewable and Sustainable Energy,Vol.4,N\u00b05,September2012, ISSN1941-7012.<\/li><\/ol><p><a href=\"http:\/\/jrse.aip.org\/resource\/1\/jrsebh\/v4\/i5&amp;page=2\">http:\/\/jrse.aip.org\/resource\/1\/jrsebh\/v4\/i5&amp;page=2<\/a><\/p><ol><li>Tahri, A. Tahri, <strong>A. Allali<\/strong> and S. Flazi , \u201cThe Digital Self-Tuning Control of Step a Down DC-DC Converter\u201d, ActaPolytechnicaHungarica, Journal of Applied Sciences, Volume 9, Issue N\u00b06, 2012<\/li><\/ol><p><a href=\"http:\/\/www.uni-obuda.hu\/journal\/Tahri_Tahri_Allali_Flazi_38.pdf\">http:\/\/www.uni-obuda.hu\/journal\/Tahri_Tahri_Allali_Flazi_38.pdf<\/a><\/p><ol start=\"8243\"><li>Laouar, <strong>A. Allali<\/strong>, A. Chaker, K. Hachemi\u201c<strong>New Approach of Optimal Power Flow with Genetic Algorithms<\/strong>\u201d Acta journal, Electrotechnica and Informatica, Vol. 8, N\u00b02, 2008, ISSN 1335-8243.<a href=\"http:\/\/www.aei.tuke.sk\/index_en.html\">http:\/\/www.aei.tuke.sk\/index_en.html<\/a><\/li><\/ol><ol start=\"8243\"><li><strong> Allali,<\/strong>H.Bouzeboudja, M. Laouar, M. Rahli, A. Zeblah\u201c<strong>Optimal distribution of active powers using linear programming with losses cost minimisation\u201d<\/strong>\u201d Acta journal, Electrotechnica and Informatica, Vol. 7, N\u00b02, 2007, ISSN 1335-8243.<a href=\"http:\/\/www.aei.tuke.sk\/pdf\/2007-02\/Allali.pdf\"><em>www.aei.tuke.sk\/pdf\/2007-02\/Allali.pdf<\/em><\/a><\/li><\/ol><ol><li>Adjim, <strong>A. Allali<\/strong> and B. Senouci\u201c<a href=\"http:\/\/www.ripublication.com\/ijaerv2\/ijaerv2n3_11.pdf\">Experimental study of the rate of initial the electrons sources in the air between 1 and 3 absolute bars in no homogeneous electric field<\/a>\u201c International Journal of Applied EngineeringResearch Volume 2, Number 3 September\u00a0(2007)<\/li><\/ol><p>www.ripublication.com\/Volume\/ijaerv2n3.htm<\/p><ol start=\"8243\"><li>Laouar, <strong>A. Allali<\/strong>, A. Chaker, K. Hachemi\u201cStudy of the load flow in electrical supply AC-DC\u201d Acta journal, Electrotechnica and Informatica, Vol. 7 N\u00b01 2007 ISSN 1335-8243.<\/li><\/ol><p><a href=\"http:\/\/www.aei.tuke.sk\/index_en.html\">http:\/\/www.aei.tuke.sk\/index_en.html<\/a><\/p><ol start=\"2006\"><li><strong>Allali<\/strong>, A. Zeblah, Y. Massim, M. Rahli \u201cAnt Colony Optimization for Series-Parallel Continuous Production &#8211; Systems with Buffers under Reliability Constraints\u201d Journal of Cybernetics and Informatics, Slovak University of Technology, Bratislava Slovak R\u00e9publique April 2006.<\/li><\/ol><p>www.sski.sk\/casopis\/download.php?id_file=72<\/p><p>H.Bouzeboudja, A. Chaker, <strong>A. <\/strong><strong>Allali<\/strong>, B.Naama \u201c Economic Dispatch using a real coded Genetic Algoritm\u201c ACTA ELECTROTECHNICA ET INFORMATICANo.4, Vol.5, 2005<\/p><p>http:\/\/www.aei.tuke.sk\/index_en.html<\/p><h2>Mots-Cl\u00e9s<\/h2><p>Energie hybride, Energie renouvelable ; Energie \u00e9olienne ; A\u00e9rog\u00e9n\u00e9rateur ; Panneau solaire; Stockage ; Performance ; Production \u00e9nergie \u00e9lectrique Fiabilit\u00e9, performance, disponibilit\u00e9, maintenance, commutation des unit\u00e9s de production, optimisation,r\u00e9seaux intelligents (smart grid).<\/p><p>R\u00e9seaux de distributions, Production d\u00e9centralis\u00e9e, Ecoulement des puissances, Stabilit\u00e9 de tension, Optimisation de l\u2019\u00e9coulement de puissance (OPF), Dispatching \u00e9conomique (ED),Unit commitment, Optimisationmulti objective<strong>, <\/strong>Compensation de la puissance r\u00e9active, pertes de transmissions.<\/p><p>Electronique de puissance,\u00a0\u00e9nergie\u00a0renouvelable,\u00a0d\u00e9veloppement\u00a0durable,\u00a0\u00a0commande \u00e9loign\u00e9e, convertisseurs statiques,\u00a0composants \u00e9lectroniques, compatibilit\u00e9 \u00e9lectromagn\u00e9tique, filtres \u00e9lectriques, commande temps r\u00e9el, convertisseurs MLI, hautes fr\u00e9quences,\u00a0semi-conducteurs rapides,\u00a0composants de stockage, super-condensateurs, batteries.<\/p><p>PV syst\u00e8me, module photovolta\u00efque, performance et \u00e9valuation, smart grid les panneaux solaire les appareils de mesures (pyranometre, thermocouple, IV traceur, datalogger&#8230;.), traceur des graphe tension courant des syst\u00e8mes photovolta\u00efque (traveur IV)<\/p><p>\u00a0<\/p>\t\t\t\t\t\t\t\t<\/div>\n\t\t\t\t<\/div>\n\t\t\t\t\t<\/div>\n\t\t<\/div>\n\t\t\t\t\t<\/div>\n\t\t<\/section>\n\t\t\t\t<\/div>\n\t\t","protected":false},"excerpt":{"rendered":"<p>&nbsp; Boumerid Bensahila, A Allali,H. MerbatBoulouiha, \u201cModeling, Simulation andControl of aDoubly-FedInductionGeneratorfor Wind Energy Conversion Systems\u201d, IJPEDS, International Journal of Power Electronics and Drive Systems, vol 11,4, 2020. Toumi,A Allali,O Abdelkhalek, <a href=\"https:\/\/www.univ-usto.dz\/labo\/lddee\/publication\/\" class=\"read-more\">Lire la suite &#8230;<\/a><\/p>\n","protected":false},"author":28,"featured_media":0,"parent":0,"menu_order":0,"comment_status":"closed","ping_status":"closed","template":"","meta":{"footnotes":""},"class_list":["post-12240","page","type-page","status-publish","hentry"],"_links":{"self":[{"href":"https:\/\/www.univ-usto.dz\/labo\/lddee\/wp-json\/wp\/v2\/pages\/12240","targetHints":{"allow":["GET"]}}],"collection":[{"href":"https:\/\/www.univ-usto.dz\/labo\/lddee\/wp-json\/wp\/v2\/pages"}],"about":[{"href":"https:\/\/www.univ-usto.dz\/labo\/lddee\/wp-json\/wp\/v2\/types\/page"}],"author":[{"embeddable":true,"href":"https:\/\/www.univ-usto.dz\/labo\/lddee\/wp-json\/wp\/v2\/users\/28"}],"replies":[{"embeddable":true,"href":"https:\/\/www.univ-usto.dz\/labo\/lddee\/wp-json\/wp\/v2\/comments?post=12240"}],"version-history":[{"count":9,"href":"https:\/\/www.univ-usto.dz\/labo\/lddee\/wp-json\/wp\/v2\/pages\/12240\/revisions"}],"predecessor-version":[{"id":12461,"href":"https:\/\/www.univ-usto.dz\/labo\/lddee\/wp-json\/wp\/v2\/pages\/12240\/revisions\/12461"}],"wp:attachment":[{"href":"https:\/\/www.univ-usto.dz\/labo\/lddee\/wp-json\/wp\/v2\/media?parent=12240"}],"curies":[{"name":"wp","href":"https:\/\/api.w.org\/{rel}","templated":true}]}}