{"id":8276,"date":"2020-12-07T14:46:59","date_gmt":"2020-12-07T14:46:59","guid":{"rendered":"http:\/\/www.univ-usto.dz\/labo\/lssd\/?page_id=8276"},"modified":"2020-12-08T09:49:13","modified_gmt":"2020-12-08T09:49:13","slug":"textes-reglementaires-doctorat","status":"publish","type":"page","link":"https:\/\/www.univ-usto.dz\/labo\/lgeo\/textes-reglementaires-doctorat\/","title":{"rendered":"Textes r\u00e9glementaires doctorat"},"content":{"rendered":"\t\t<div data-elementor-type=\"wp-page\" data-elementor-id=\"8276\" class=\"elementor elementor-8276\">\n\t\t\t\t\t\t<section class=\"elementor-section elementor-top-section elementor-element elementor-element-3a8ddfe elementor-section-boxed elementor-section-height-default elementor-section-height-default\" data-id=\"3a8ddfe\" data-element_type=\"section\">\n\t\t\t\t\t\t<div class=\"elementor-container elementor-column-gap-default\">\n\t\t\t\t\t<div class=\"elementor-column elementor-col-33 elementor-top-column elementor-element elementor-element-c68eb6b\" data-id=\"c68eb6b\" data-element_type=\"column\">\n\t\t\t<div class=\"elementor-widget-wrap elementor-element-populated\">\n\t\t\t\t\t\t<div class=\"elementor-element elementor-element-25422a0 elementor-widget elementor-widget-wp-widget-bellows_navigation_widget\" data-id=\"25422a0\" data-element_type=\"widget\" data-widget_type=\"wp-widget-bellows_navigation_widget.default\">\n\t\t\t\t<div class=\"elementor-widget-container\">\n\t\t\t\t\t<nav id=\"bellows-main-12\" class=\"bellows bellows-nojs bellows-main bellows-source-menu bellows-align-full bellows-skin-vanilla bellows-type-\"><ul id=\"menu-acces-rapide\" class=\"bellows-nav\" data-bellows-config=\"main\"><li id=\"menu-item-22\" class=\"bellows-menu-item bellows-menu-item-type-custom bellows-menu-item-object-custom bellows-menu-item-22 bellows-item-level-0\"><a  target=\"_blank\" href=\"https:\/\/elearning.univ-usto.dz\/\" class=\"bellows-target\"><span class=\"bellows-target-title bellows-target-text\">E-learning<\/span><\/a><\/li>\n<li id=\"menu-item-23\" class=\"bellows-menu-item bellows-menu-item-type-custom bellows-menu-item-object-custom bellows-menu-item-23 bellows-item-level-0\"><a  target=\"_blank\" href=\"http:\/\/www.univ-usto.dz\/Erasmus\/index.php\/fr\/\" class=\"bellows-target\"><span class=\"bellows-target-title bellows-target-text\">Erasmus+<\/span><\/a><\/li>\n<li id=\"menu-item-25\" class=\"bellows-menu-item bellows-menu-item-type-custom bellows-menu-item-object-custom bellows-menu-item-25 bellows-item-level-0\"><a  target=\"_blank\" href=\"http:\/\/www.univ-usto.dz\/buc\/\" class=\"bellows-target\"><span class=\"bellows-target-title bellows-target-text\">Biblioth\u00e8que centrale<\/span><\/a><\/li>\n<li id=\"menu-item-26\" class=\"bellows-menu-item bellows-menu-item-type-custom bellows-menu-item-object-custom bellows-menu-item-26 bellows-item-level-0\"><a  target=\"_blank\" href=\"http:\/\/www.univ-usto.dz\/dup\/ceilusto\" class=\"bellows-target\"><span class=\"bellows-target-title bellows-target-text\">CEIL USTO-MB<\/span><\/a><\/li>\n<li id=\"menu-item-27\" class=\"bellows-menu-item bellows-menu-item-type-custom bellows-menu-item-object-custom bellows-menu-item-27 bellows-item-level-0\"><a  target=\"_blank\" href=\"http:\/\/dspace.univ-usto.dz\/\" class=\"bellows-target\"><span class=\"bellows-target-title bellows-target-text\">Dspace<\/span><\/a><\/li>\n<li id=\"menu-item-28\" class=\"bellows-menu-item bellows-menu-item-type-custom bellows-menu-item-object-custom bellows-menu-item-28 bellows-item-level-0\"><a  target=\"_blank\" href=\"https:\/\/conference.univ-usto.dz\/\" class=\"bellows-target\"><span class=\"bellows-target-title bellows-target-text\">Visio-Conf\u00e9rence<\/span><\/a><\/li>\n<li id=\"menu-item-98\" class=\"bellows-menu-item bellows-menu-item-type-custom bellows-menu-item-object-custom bellows-menu-item-98 bellows-item-level-0\"><a  target=\"_blank\" href=\"https:\/\/profil.univ-usto.dz\/\" class=\"bellows-target\"><span class=\"bellows-target-title bellows-target-text\">Annuaire enseignants<\/span><\/a><\/li>\n<li id=\"menu-item-29\" class=\"bellows-menu-item bellows-menu-item-type-custom bellows-menu-item-object-custom bellows-menu-item-29 bellows-item-level-0\"><a  target=\"_blank\" href=\"http:\/\/webtv.univ-usto.dz\/\" class=\"bellows-target\"><span class=\"bellows-target-title bellows-target-text\">Webtv<\/span><\/a><\/li>\n<li id=\"menu-item-3030\" class=\"bellows-menu-item bellows-menu-item-type-post_type bellows-menu-item-object-page bellows-menu-item-3030 bellows-item-level-0\"><a  href=\"https:\/\/www.univ-usto.dz\/labo\/lgeo\/plan-de-site\/\" class=\"bellows-target\"><span class=\"bellows-target-title bellows-target-text\">Plan du site<\/span><\/a><\/li>\n<li id=\"menu-item-10506\" class=\"bellows-menu-item bellows-menu-item-type-custom bellows-menu-item-object-custom bellows-menu-item-10506 bellows-item-level-0\"><a  href=\"http:\/\/hpc.univ-usto.dz\/\" class=\"bellows-target\"><span class=\"bellows-target-title bellows-target-text\">Unit\u00e9 de Calcul Intensif<\/span><\/a><\/li>\n<li id=\"menu-item-31\" class=\"bellows-menu-item bellows-menu-item-type-custom bellows-menu-item-object-custom bellows-menu-item-31 bellows-item-level-0\"><a  href=\"https:\/\/www.univ-usto.dz\/labo\/lgeo\/contact\/\" class=\"bellows-target\"><span class=\"bellows-target-title bellows-target-text\">Contact<\/span><\/a><\/li>\n<\/ul><\/nav>\t\t\t\t<\/div>\n\t\t\t\t<\/div>\n\t\t\t\t\t<\/div>\n\t\t<\/div>\n\t\t\t\t<div class=\"elementor-column elementor-col-66 elementor-top-column elementor-element elementor-element-993564c\" data-id=\"993564c\" data-element_type=\"column\">\n\t\t\t<div class=\"elementor-widget-wrap elementor-element-populated\">\n\t\t\t\t\t\t<div class=\"elementor-element elementor-element-40a7ae3 elementor-widget elementor-widget-text-editor\" data-id=\"40a7ae3\" data-element_type=\"widget\" data-widget_type=\"text-editor.default\">\n\t\t\t\t<div class=\"elementor-widget-container\">\n\t\t\t\t\t\t\t\t\t<h3><strong>Textes r\u00e9glementaires<\/strong><\/h3>\n<ul>\n \t<li><a href=\"https:\/\/http:\/\/www.univ-usto.dz\/faculte\/fac-mathinfo\/wp-content\/uploads\/2020\/12\/Arrete-n\u00b0961-du-02-12-2020-version-AR.pdf\"><strong>Arr\u00eat\u00e9 n\u00b0961 du 02-12-2020 version AR<\/strong><\/a><strong>\/<a href=\"https:\/\/http:\/\/www.univ-usto.dz\/faculte\/fac-mathinfo\/wp-content\/uploads\/2020\/12\/Arrete-n\u00b0961-du-02-12-2020-version-FR.pdf\">FR<\/a><\/strong><\/li>\n \t<li><strong><a href=\"https:\/\/http:\/\/www.univ-usto.dz\/faculte\/fac-mathinfo\/wp-content\/uploads\/2020\/12\/Carnet-Doctorant-version-AR-2020.pdf\">Carnet Doctorant version 2020.<\/a><\/strong><\/li>\n \t<li><strong><a href=\"https:\/\/http:\/\/www.univ-usto.dz\/faculte\/fac-mathinfo\/wp-content\/uploads\/2020\/12\/Grille-version-AR-2020.pdf\">Grille version\u00a0 2020 AR <\/a>\/<a href=\"https:\/\/http:\/\/www.univ-usto.dz\/faculte\/fac-mathinfo\/wp-content\/uploads\/2020\/12\/Grille-version-FR-2020.pdf\">FR<\/a><\/strong><\/li>\n \t<li><strong><a href=\"https:\/\/http:\/\/www.univ-usto.dz\/faculte\/fac-mathinfo\/wp-content\/uploads\/2020\/12\/Circulaire-N\u00b003-du-07-Juillet-2019.pdf\">Circulaire N\u00b003 du 07 Juillet 2019<\/a><\/strong><\/li>\n \t<li><strong><a href=\"https:\/\/http:\/\/www.univ-usto.dz\/faculte\/fac-mathinfo\/wp-content\/uploads\/2020\/12\/Arrete-N\u00b0-211-du-05-mars-2019-1.pdf\">Arr\u00eat\u00e9 N\u00b0 211 du 05 mars 2019<\/a><\/strong><\/li>\n \t<li><a href=\"https:\/\/http:\/\/www.univ-usto.dz\/faculte\/fac-mathinfo\/wp-content\/uploads\/2020\/12\/Circulaire-N\u00b003-du-08-mars-2018.pdf\"><strong>Circulaire N\u00b003 du 08 mars 2018<\/strong><\/a><\/li>\n \t<li><strong><a href=\"https:\/\/http:\/\/www.univ-usto.dz\/faculte\/fac-mathinfo\/wp-content\/uploads\/2020\/12\/Arrete-N\u00b0-170-du-20-fevrier-2018.pdf\">Arr\u00eat\u00e9 N\u00b0 170 du 20 f\u00e9vrier 2018<\/a><\/strong><\/li>\n \t<li><strong><a href=\"https:\/\/http:\/\/www.univ-usto.dz\/faculte\/fac-mathinfo\/wp-content\/uploads\/2020\/12\/Arrete-N\u00b0-916-du-26-septembre-2017-1.pdf\">Arr\u00eat\u00e9 N\u00b0 916 du 26 septembre 2017<\/a><\/strong><\/li>\n \t<li><strong><a href=\"https:\/\/http:\/\/www.univ-usto.dz\/faculte\/fac-mathinfo\/wp-content\/uploads\/2020\/12\/Arrete-N\u00b0-1776-du-19-decembre-2016-1.pdf\">Arr\u00eat\u00e9 N\u00b0 1776 du 19 d\u00e9cembre 2016<\/a><\/strong><\/li>\n \t<li><strong><a href=\"https:\/\/http:\/\/www.univ-usto.dz\/faculte\/fac-mathinfo\/wp-content\/uploads\/2020\/12\/Arrete-N\u00b0-1777-du-19-decembre-2016-1.pdf\">Arr\u00eat\u00e9 N\u00b0 1777 du 19 d\u00e9cembre 2016<\/a><\/strong><\/li>\n \t<li><strong><a href=\"https:\/\/http:\/\/www.univ-usto.dz\/faculte\/fac-mathinfo\/wp-content\/uploads\/2020\/12\/Arrete-N\u00b0930-du-28-juillet-2016.pdf\">Arr\u00eat\u00e9 N\u00b0930 du 28 juillet 2016<\/a><\/strong><\/li>\n \t<li><a href=\"https:\/\/http:\/\/www.univ-usto.dz\/faculte\/fac-mathinfo\/wp-content\/uploads\/2020\/12\/Arrete-N\u00b0-933-du-28-juillet-2016-1.pdf\"><b>Arr\u00eat\u00e9\u00a0N\u00b0 933 du 28 juillet 2016<\/b><\/a><\/li>\n \t<li><strong><a href=\"https:\/\/http:\/\/www.univ-usto.dz\/faculte\/fac-mathinfo\/wp-content\/uploads\/2020\/12\/Arrete-N\u00b0704-du-16-juin-2016.pdf\">Arr\u00eat\u00e9 N\u00b0704 du 16 juin 2016<\/a><\/strong><\/li>\n \t<li><strong><a href=\"https:\/\/http:\/\/www.univ-usto.dz\/faculte\/fac-mathinfo\/wp-content\/uploads\/2020\/12\/Arrete-547-du-02-juin-2016-1.pdf\">Arr\u00eate 547 du 02 juin 2016<\/a><\/strong><\/li>\n \t<li><strong><a href=\"https:\/\/http:\/\/www.univ-usto.dz\/faculte\/fac-mathinfo\/wp-content\/uploads\/2020\/12\/carnet-du-doctorant-2016.pdf\">Carnet du doctorant 2016<\/a><\/strong><\/li>\n \t<li><strong><a href=\"https:\/\/http:\/\/www.univ-usto.dz\/faculte\/fac-mathinfo\/wp-content\/uploads\/2020\/12\/Grille-devaluation-2016.pdf\">Grille d&rsquo;\u00e9valuation 2016<\/a><\/strong><\/li>\n \t<li><a href=\"https:\/\/http:\/\/www.univ-usto.dz\/faculte\/fac-mathinfo\/wp-content\/uploads\/2020\/12\/Arrete-N-\u00b0521-du-05-septembre-2013-1.pdf\"><b>\u00a0Arr\u00eat\u00e9\u00a0N \u00b0521 du 05 septembre 2013<\/b><\/a><\/li>\n \t<li><strong><a href=\"https:\/\/http:\/\/www.univ-usto.dz\/faculte\/fac-mathinfo\/wp-content\/uploads\/2020\/12\/Arrete-N\u00b0-153-du-14-mai-2012-1.pdf\">Arr\u00eat\u00e9 N\u00b0 153 du 14 mai 2012<\/a><\/strong><\/li>\n \t<li><strong><a href=\"https:\/\/http:\/\/www.univ-usto.dz\/faculte\/fac-mathinfo\/wp-content\/uploads\/2020\/12\/Decret-executif-N\u00b010-231-de-2-octobre-2010.pdf\">D\u00e9cret ex\u00e9cutif N\u00b010-231 de 2 octobre 2010<\/a><\/strong><\/li>\n \t<li><strong><a href=\"https:\/\/http:\/\/www.univ-usto.dz\/faculte\/fac-mathinfo\/wp-content\/uploads\/2020\/12\/Decret-executif-N\u00b010-231-de-2-octobre-2010.pdf\">D\u00e9cret ex\u00e9cutif N\u00b010-231 de 2 octobre 2010<\/a><\/strong><\/li>\n \t<li><strong><a href=\"https:\/\/http:\/\/www.univ-usto.dz\/faculte\/fac-mathinfo\/wp-content\/uploads\/2020\/12\/decret-N\u00b0-8-265-du-19-aout-2008.pdf\">D\u00e9cret N\u00b0 8-265 du 19 aout 2008<\/a><\/strong><\/li>\n \t<li><strong><a href=\"https:\/\/http:\/\/www.univ-usto.dz\/faculte\/fac-mathinfo\/wp-content\/uploads\/2020\/12\/Circulaire-N\u00b0-03-du-24-Mai-2003.pdf\">Circulaire N\u00b0 03 du 24 Mai 2003<\/a><\/strong><\/li>\n \t<li><strong><a href=\"https:\/\/http:\/\/www.univ-usto.dz\/faculte\/fac-mathinfo\/wp-content\/uploads\/2020\/12\/Decret-executif-N\u00b08-130-du-03-mai-2008.pdf\">D\u00e9cret ex\u00e9cutif N\u00b08-130 du 03 mai 2008<\/a><\/strong><\/li>\n \t<li><strong><a href=\"https:\/\/http:\/\/www.univ-usto.dz\/faculte\/fac-mathinfo\/wp-content\/uploads\/2020\/12\/Decret-N\u00b0254-du-17-aout-1998-relatif-a-la-formation-doctorale.pdf\">D\u00e9cret N\u00b0254 du 17 aout 1998 relatif \u00e0 la formation doctorale<\/a><\/strong><\/li>\n \t\n<\/ul>\t\t\t\t\t\t\t\t<\/div>\n\t\t\t\t<\/div>\n\t\t\t\t\t<\/div>\n\t\t<\/div>\n\t\t\t\t\t<\/div>\n\t\t<\/section>\n\t\t\t\t<\/div>\n\t\t","protected":false},"excerpt":{"rendered":"<p>Textes r\u00e9glementaires Arr\u00eat\u00e9 n\u00b0961 du 02-12-2020 version AR\/FR Carnet Doctorant version 2020. Grille version\u00a0 2020 AR \/FR Circulaire N\u00b003 du 07 Juillet 2019 Arr\u00eat\u00e9 N\u00b0 211 du 05 mars 2019 <a href=\"https:\/\/www.univ-usto.dz\/labo\/lgeo\/textes-reglementaires-doctorat\/\" class=\"read-more\">Lire la suite &#8230;<\/a><\/p>\n","protected":false},"author":1,"featured_media":0,"parent":0,"menu_order":0,"comment_status":"closed","ping_status":"closed","template":"","meta":{"footnotes":""},"class_list":["post-8276","page","type-page","status-publish","hentry"],"_links":{"self":[{"href":"https:\/\/www.univ-usto.dz\/labo\/lgeo\/wp-json\/wp\/v2\/pages\/8276","targetHints":{"allow":["GET"]}}],"collection":[{"href":"https:\/\/www.univ-usto.dz\/labo\/lgeo\/wp-json\/wp\/v2\/pages"}],"about":[{"href":"https:\/\/www.univ-usto.dz\/labo\/lgeo\/wp-json\/wp\/v2\/types\/page"}],"author":[{"embeddable":true,"href":"https:\/\/www.univ-usto.dz\/labo\/lgeo\/wp-json\/wp\/v2\/users\/1"}],"replies":[{"embeddable":true,"href":"https:\/\/www.univ-usto.dz\/labo\/lgeo\/wp-json\/wp\/v2\/comments?post=8276"}],"version-history":[{"count":12,"href":"https:\/\/www.univ-usto.dz\/labo\/lgeo\/wp-json\/wp\/v2\/pages\/8276\/revisions"}],"predecessor-version":[{"id":8367,"href":"https:\/\/www.univ-usto.dz\/labo\/lgeo\/wp-json\/wp\/v2\/pages\/8276\/revisions\/8367"}],"wp:attachment":[{"href":"https:\/\/www.univ-usto.dz\/labo\/lgeo\/wp-json\/wp\/v2\/media?parent=8276"}],"curies":[{"name":"wp","href":"https:\/\/api.w.org\/{rel}","templated":true}]}}