{"id":514,"date":"2020-08-31T10:27:57","date_gmt":"2020-08-31T10:27:57","guid":{"rendered":"http:\/\/www.univ-usto.dz\/labo\/lma\/?page_id=514"},"modified":"2020-09-29T19:50:13","modified_gmt":"2020-09-29T19:50:13","slug":"passerelle-classique-lmd","status":"publish","type":"page","link":"https:\/\/www.univ-usto.dz\/labo\/lma\/passerelle-classique-lmd\/","title":{"rendered":"Passerelle (Classique -> LMD)"},"content":{"rendered":"\t\t<div data-elementor-type=\"wp-page\" data-elementor-id=\"514\" class=\"elementor elementor-514\">\n\t\t\t\t\t\t<section class=\"elementor-section elementor-top-section elementor-element elementor-element-703bbe4 elementor-section-boxed elementor-section-height-default elementor-section-height-default\" data-id=\"703bbe4\" data-element_type=\"section\">\n\t\t\t\t\t\t<div class=\"elementor-container elementor-column-gap-default\">\n\t\t\t\t\t<div class=\"elementor-column elementor-col-33 elementor-top-column elementor-element elementor-element-62c2c43\" data-id=\"62c2c43\" data-element_type=\"column\">\n\t\t\t<div class=\"elementor-widget-wrap elementor-element-populated\">\n\t\t\t\t\t\t<div class=\"elementor-element elementor-element-95d5348 elementor-widget elementor-widget-wp-widget-bellows_navigation_widget\" data-id=\"95d5348\" data-element_type=\"widget\" data-widget_type=\"wp-widget-bellows_navigation_widget.default\">\n\t\t\t\t<div class=\"elementor-widget-container\">\n\t\t\t\t\t<nav id=\"bellows-main-11\" class=\"bellows bellows-nojs bellows-main bellows-source-menu bellows-align-full bellows-skin-vanilla bellows-type-\"><ul id=\"menu-acces-rapide\" class=\"bellows-nav\" data-bellows-config=\"main\"><li id=\"menu-item-22\" class=\"bellows-menu-item bellows-menu-item-type-custom bellows-menu-item-object-custom bellows-menu-item-22 bellows-item-level-0\"><a  target=\"_blank\" href=\"https:\/\/elearning.univ-usto.dz\/\" class=\"bellows-target\"><span class=\"bellows-target-title bellows-target-text\">E-learning<\/span><\/a><\/li>\n<li id=\"menu-item-23\" class=\"bellows-menu-item bellows-menu-item-type-custom bellows-menu-item-object-custom bellows-menu-item-23 bellows-item-level-0\"><a  target=\"_blank\" href=\"http:\/\/www.univ-usto.dz\/Erasmus\/index.php\/fr\/\" class=\"bellows-target\"><span class=\"bellows-target-title bellows-target-text\">Erasmus+<\/span><\/a><\/li>\n<li id=\"menu-item-25\" class=\"bellows-menu-item bellows-menu-item-type-custom bellows-menu-item-object-custom bellows-menu-item-25 bellows-item-level-0\"><a  target=\"_blank\" href=\"http:\/\/www.univ-usto.dz\/buc\/\" class=\"bellows-target\"><span class=\"bellows-target-title bellows-target-text\">Biblioth\u00e8ques centrale<\/span><\/a><\/li>\n<li id=\"menu-item-26\" class=\"bellows-menu-item bellows-menu-item-type-custom bellows-menu-item-object-custom bellows-menu-item-26 bellows-item-level-0\"><a  target=\"_blank\" href=\"http:\/\/www.univ-usto.dz\/dup\/ceilusto\" class=\"bellows-target\"><span class=\"bellows-target-title bellows-target-text\">CEIL USTO-MB<\/span><\/a><\/li>\n<li id=\"menu-item-27\" class=\"bellows-menu-item bellows-menu-item-type-custom bellows-menu-item-object-custom bellows-menu-item-27 bellows-item-level-0\"><a  target=\"_blank\" href=\"http:\/\/dspace.univ-usto.dz\/\" class=\"bellows-target\"><span class=\"bellows-target-title bellows-target-text\">Dspace<\/span><\/a><\/li>\n<li id=\"menu-item-28\" class=\"bellows-menu-item bellows-menu-item-type-custom bellows-menu-item-object-custom bellows-menu-item-28 bellows-item-level-0\"><a  target=\"_blank\" href=\"https:\/\/conference.univ-usto.dz\/\" class=\"bellows-target\"><span class=\"bellows-target-title bellows-target-text\">Visio-Conf\u00e9rence<\/span><\/a><\/li>\n<li id=\"menu-item-98\" class=\"bellows-menu-item bellows-menu-item-type-custom bellows-menu-item-object-custom bellows-menu-item-98 bellows-item-level-0\"><a  target=\"_blank\" href=\"https:\/\/profil.univ-usto.dz\/\" class=\"bellows-target\"><span class=\"bellows-target-title bellows-target-text\">Annuaire enseignants<\/span><\/a><\/li>\n<li id=\"menu-item-29\" class=\"bellows-menu-item bellows-menu-item-type-custom bellows-menu-item-object-custom bellows-menu-item-29 bellows-item-level-0\"><a  target=\"_blank\" href=\"http:\/\/webtv.univ-usto.dz\/\" class=\"bellows-target\"><span class=\"bellows-target-title bellows-target-text\">Webtv<\/span><\/a><\/li>\n<li id=\"menu-item-3030\" class=\"bellows-menu-item bellows-menu-item-type-post_type bellows-menu-item-object-page bellows-menu-item-3030 bellows-item-level-0\"><a  href=\"https:\/\/www.univ-usto.dz\/labo\/lma\/plan-de-site\/\" class=\"bellows-target\"><span class=\"bellows-target-title bellows-target-text\">Plan du site<\/span><\/a><\/li>\n<li id=\"menu-item-10506\" class=\"bellows-menu-item bellows-menu-item-type-custom bellows-menu-item-object-custom bellows-menu-item-10506 bellows-item-level-0\"><a  href=\"http:\/\/hpc.univ-usto.dz\/\" class=\"bellows-target\"><span class=\"bellows-target-title bellows-target-text\">Unit\u00e9 de Calcul Intensif<\/span><\/a><\/li>\n<li id=\"menu-item-31\" class=\"bellows-menu-item bellows-menu-item-type-custom bellows-menu-item-object-custom bellows-menu-item-31 bellows-item-level-0\"><a  href=\"https:\/\/www.univ-usto.dz\/labo\/lma\/contact\/\" class=\"bellows-target\"><span class=\"bellows-target-title bellows-target-text\">Contact<\/span><\/a><\/li>\n<\/ul><\/nav>\t\t\t\t<\/div>\n\t\t\t\t<\/div>\n\t\t\t\t\t<\/div>\n\t\t<\/div>\n\t\t\t\t<div class=\"elementor-column elementor-col-66 elementor-top-column elementor-element elementor-element-eff045f\" data-id=\"eff045f\" data-element_type=\"column\">\n\t\t\t<div class=\"elementor-widget-wrap elementor-element-populated\">\n\t\t\t\t\t\t<div class=\"elementor-element elementor-element-2b8fc54 elementor-widget elementor-widget-text-editor\" data-id=\"2b8fc54\" data-element_type=\"widget\" data-widget_type=\"text-editor.default\">\n\t\t\t\t<div class=\"elementor-widget-container\">\n\t\t\t\t\t\t\t\t\t<h2><strong>Passerelle (Classique -&gt; LMD)<\/strong><\/h2><h4><strong>Inscription \u00e0 une formation LMD avec validation des acquis relative aux d\u00e9tenteurs d\u2019un dipl\u00f4me de graduation cycle court du syst\u00e8me classique DEUA-L3<\/strong><\/h4><p><strong><span class=\"style117\">Public concern\u00e9\u00a0<\/span><\/strong><\/p><p>Dipl\u00f4m\u00e9 de graduation cycle court du syst\u00e8me classique d\u00e9sireux de s\u2019inscrire \u00e0 une autre formation universitaire avec reconnaissance des acquises.<\/p><p><strong><span class=\"style117\">Crit\u00e8res d&rsquo;acc\u00e8s\u00a0<\/span><\/strong><\/p><ul><li>Poss\u00e9der un dipl\u00f4me cycle court (bac + 3ann\u00e9es universitaires(DEUA) obtenu depuis plus de 5 Ann\u00e9es.<\/li><li>L\u2019inscription cumul\u00e9e \u00e0 plusieurs formations universitaires est interdite.<\/li><\/ul><p><strong>Le dossier de d\u00e9p\u00f4t de Candidature Comprend\u00a0<\/strong><\/p><ul><li>Demande d\u2019inscription\u00a0<\/li><li>Une Copie du Baccalaur\u00e9at ou titre \u00e9tranger reconnu \u00e9quivalent<\/li><li>Une Copie du dipl\u00f4me DEUA depuis au moins 05 ans<\/li><li>Les diff\u00e9rents relev\u00e9s de notes du cursus universitaire suivi<\/li><li>Programme d\u00e9taill\u00e9 des \u00e9tudes universitaires accomplies (uniquement dans le cas des programmes non r\u00e9pertori\u00e9s au niveau du d\u00e9partement d\u2019accueil)<\/li><li>Pour les travailleurs, l<strong>es candidats doivent \u00eatre d\u00e9tach\u00e9s par leur organisme employeur<\/strong>\u00a0.<\/li><li>Fiche du choix de la sp\u00e9cialit\u00e9\u00a0<\/li><\/ul><p><strong>Les Demandes seront \u00e9tudi\u00e9s selon<\/strong><\/p><ul><li>Le classement des candidats tient compte des r\u00e9sultats p\u00e9dagogiques du cursus universitaire suivi et des sanctions disciplinaires.<\/li><li>Le candidat retenu emporte, au minimum un capital de d\u00e9part de 120 cr\u00e9dits.<\/li><li>Le candidat retenu doit poursuivre une formation compl\u00e9mentaire.<\/li><li>Le programme d\u2019enseignement compl\u00e9mentaire est d\u00e9termin\u00e9 par une proc\u00e9dure. d\u2019\u00e9quivalence partielle\u00a0 conduite par la commission.<\/li><li>L\u2019\u00e9quivalence partielle des \u00e9tudes accomplies est \u00e9tablie pour chaque candidat retenu elle\u00a0 s\u2019appuie sur une \u00e9tude du parcours p\u00e9dagogique individuel du candidat.<\/li><li>L\u2019attestation individuelle d\u2019\u00e9quivalence partielle des \u00e9tudes accomplies est d\u00e9livr\u00e9e par le chef de d\u00e9partement et le doyen ou directeur d\u2019institut.<\/li><li><strong>Les capacit\u00e9s d\u2019accueil et d\u2019encadrement dans la sp\u00e9cialit\u00e9 demand\u00e9e<\/strong><\/li><\/ul><h4><strong>Inscription aux \u00e9tudes de Master relative aux d\u00e9tenteurs d\u2019un dipl\u00f4me\u00a0de graduation\u00a0cycle long du syst\u00e8me classique (DES et LICENCE en M1) (ING en M2)<\/strong><\/h4><p><strong><span class=\"style117\">Public concern\u00e9\u00a0<\/span><\/strong><\/p><p>Dipl\u00f4m\u00e9 de graduation cycle long du syst\u00e8me classique\u00a0Ing\u00e9nieur (Bac+5) DES et Licence (Bac + 4ans).<\/p><p><strong>\u00a0<\/strong><\/p><p><strong><span class=\"style117\">Crit\u00e8res d&rsquo;acc\u00e8s<\/span><\/strong><\/p><ul><li>Avoir un dipl\u00f4me de graduation cycle long du syst\u00e8me classique Ing\u00e9nieur (Bac+5)<\/li><li>DES,\u00a0Licence\u00a0(Bac+ 4ans)<\/li><li>L\u2019inscription cumul\u00e9e \u00e0 plusieurs formations universitaires est interdite<\/li><\/ul><p><strong>Le dossier de d\u00e9p\u00f4t de Candidature Comprend\u00a0<\/strong><\/p><ul><li>Demande d\u2019Inscription<\/li><li>Lettre de motivation<\/li><li>Une Copie du Baccalaur\u00e9at ou titre \u00e9tranger reconnu \u00e9quivalent.<\/li><li>Une Copie du dipl\u00f4me ouvrant droit \u00e0 une inscription au Master<\/li><li>Les diff\u00e9rents relev\u00e9s de notes du cursus universitaire suivi<\/li><li>Une attestation de bonne conduite<\/li><li>Pour les travailleurs, les candidats doivent \u00a0avoir une convention \u00e9tablie entre deux partie,ou bien non affiliation CNAS et CASNOS pour les candidats dipl\u00f4m\u00e9s n&rsquo;exer\u00e7ant aucune activit\u00e9s.<\/li><li>Fiche du choix de la sp\u00e9cialit\u00e9\u00a0<\/li><\/ul><p><strong>Les Demandes seront \u00e9tudi\u00e9s selon<\/strong><\/p><ul><li>Les conformit\u00e9s p\u00e9dagogiques de l\u2019\u00e9quivalence (Cursus ant\u00e9rieur-sp\u00e9cialit\u00e9 demand\u00e9e)<\/li><li>Les r\u00e9sultats p\u00e9dagogiques du cursus universitaire effectu\u00e9<\/li><li><strong>Les capacit\u00e9s d\u2019accueil et d\u2019encadrement dans la sp\u00e9cialit\u00e9 demand\u00e9e<\/strong><\/li><\/ul>\t\t\t\t\t\t\t\t<\/div>\n\t\t\t\t<\/div>\n\t\t\t\t\t<\/div>\n\t\t<\/div>\n\t\t\t\t\t<\/div>\n\t\t<\/section>\n\t\t\t\t<\/div>\n\t\t","protected":false},"excerpt":{"rendered":"<p>Passerelle (Classique -&gt; LMD) Inscription \u00e0 une formation LMD avec validation des acquis relative aux d\u00e9tenteurs d\u2019un dipl\u00f4me de graduation cycle court du syst\u00e8me classique DEUA-L3 Public concern\u00e9\u00a0 Dipl\u00f4m\u00e9 de <a href=\"https:\/\/www.univ-usto.dz\/labo\/lma\/passerelle-classique-lmd\/\" class=\"read-more\">Lire la suite &#8230;<\/a><\/p>\n","protected":false},"author":1,"featured_media":0,"parent":0,"menu_order":0,"comment_status":"closed","ping_status":"closed","template":"","meta":{"footnotes":""},"class_list":["post-514","page","type-page","status-publish","hentry"],"_links":{"self":[{"href":"https:\/\/www.univ-usto.dz\/labo\/lma\/wp-json\/wp\/v2\/pages\/514","targetHints":{"allow":["GET"]}}],"collection":[{"href":"https:\/\/www.univ-usto.dz\/labo\/lma\/wp-json\/wp\/v2\/pages"}],"about":[{"href":"https:\/\/www.univ-usto.dz\/labo\/lma\/wp-json\/wp\/v2\/types\/page"}],"author":[{"embeddable":true,"href":"https:\/\/www.univ-usto.dz\/labo\/lma\/wp-json\/wp\/v2\/users\/1"}],"replies":[{"embeddable":true,"href":"https:\/\/www.univ-usto.dz\/labo\/lma\/wp-json\/wp\/v2\/comments?post=514"}],"version-history":[{"count":15,"href":"https:\/\/www.univ-usto.dz\/labo\/lma\/wp-json\/wp\/v2\/pages\/514\/revisions"}],"predecessor-version":[{"id":5796,"href":"https:\/\/www.univ-usto.dz\/labo\/lma\/wp-json\/wp\/v2\/pages\/514\/revisions\/5796"}],"wp:attachment":[{"href":"https:\/\/www.univ-usto.dz\/labo\/lma\/wp-json\/wp\/v2\/media?parent=514"}],"curies":[{"name":"wp","href":"https:\/\/api.w.org\/{rel}","templated":true}]}}