{"id":10770,"date":"2021-02-16T13:38:52","date_gmt":"2021-02-16T13:38:52","guid":{"rendered":"http:\/\/www.univ-usto.dz\/labo\/lp2vm\/?page_id=10770"},"modified":"2021-03-30T10:11:14","modified_gmt":"2021-03-30T10:11:14","slug":"bibliotheque","status":"publish","type":"page","link":"https:\/\/www.univ-usto.dz\/labo\/lp2vm\/bibliotheque\/","title":{"rendered":"Biblioth\u00e8que"},"content":{"rendered":"\t\t<div data-elementor-type=\"wp-page\" data-elementor-id=\"10770\" class=\"elementor elementor-10770\">\n\t\t\t\t\t\t<section class=\"elementor-section elementor-top-section elementor-element elementor-element-703bbe4 elementor-section-boxed elementor-section-height-default elementor-section-height-default\" data-id=\"703bbe4\" data-element_type=\"section\">\n\t\t\t\t\t\t<div class=\"elementor-container elementor-column-gap-default\">\n\t\t\t\t\t<div class=\"elementor-column elementor-col-33 elementor-top-column elementor-element elementor-element-62c2c43\" data-id=\"62c2c43\" data-element_type=\"column\">\n\t\t\t<div class=\"elementor-widget-wrap elementor-element-populated\">\n\t\t\t\t\t\t<div class=\"elementor-element elementor-element-4d443d6 elementor-widget elementor-widget-wp-widget-bellows_navigation_widget\" data-id=\"4d443d6\" data-element_type=\"widget\" data-widget_type=\"wp-widget-bellows_navigation_widget.default\">\n\t\t\t\t<div class=\"elementor-widget-container\">\n\t\t\t\t\t<nav id=\"bellows-main-116\" class=\"bellows bellows-nojs bellows-main bellows-source-menu bellows-align-full bellows-skin-vanilla bellows-type-\"><ul id=\"menu-acces-rapide\" class=\"bellows-nav\" data-bellows-config=\"main\"><li id=\"menu-item-22\" class=\"bellows-menu-item bellows-menu-item-type-custom bellows-menu-item-object-custom bellows-menu-item-22 bellows-item-level-0\"><a  target=\"_blank\" href=\"#\" class=\"bellows-target\"><span class=\"bellows-target-title bellows-target-text\">Pr\u00e9sentation<\/span><\/a><\/li>\n<li id=\"menu-item-23\" class=\"bellows-menu-item bellows-menu-item-type-custom bellows-menu-item-object-custom bellows-menu-item-has-children bellows-menu-item-23 bellows-item-level-0\"><a  target=\"_blank\" href=\"#\" class=\"bellows-target\"><span class=\"bellows-target-title bellows-target-text\">\u00c9quipes de recherche<\/span><button class=\"bellows-subtoggle\" aria-label=\"Toggle Submenu\"><i class=\"bellows-subtoggle-icon-expand fa fa-chevron-down\"><\/i><i class=\"bellows-subtoggle-icon-collapse fa fa-chevron-up\"><\/i><\/button><\/a>\n<ul class=\"bellows-submenu\">\n\t<li id=\"menu-item-25\" class=\"bellows-menu-item bellows-menu-item-type-custom bellows-menu-item-object-custom bellows-menu-item-25 bellows-item-level-1\"><a  target=\"_blank\" href=\"#\" class=\"bellows-target\"><span class=\"bellows-target-title bellows-target-text\">\u00c9quipe 01<\/span><\/a><\/li>\n\t<li id=\"menu-item-26\" class=\"bellows-menu-item bellows-menu-item-type-custom bellows-menu-item-object-custom bellows-menu-item-26 bellows-item-level-1\"><a  target=\"_blank\" href=\"#\" class=\"bellows-target\"><span class=\"bellows-target-title bellows-target-text\">\u00c9quipe 02<\/span><\/a><\/li>\n\t<li id=\"menu-item-27\" class=\"bellows-menu-item bellows-menu-item-type-custom bellows-menu-item-object-custom bellows-menu-item-27 bellows-item-level-1\"><a  target=\"_blank\" href=\"#\" class=\"bellows-target\"><span class=\"bellows-target-title bellows-target-text\">\u00c9quipe 03<\/span><\/a><\/li>\n\t<li id=\"menu-item-28\" class=\"bellows-menu-item bellows-menu-item-type-custom bellows-menu-item-object-custom bellows-menu-item-28 bellows-item-level-1\"><a  target=\"_blank\" href=\"#\" class=\"bellows-target\"><span class=\"bellows-target-title bellows-target-text\">\u00c9quipe 04<\/span><\/a><\/li>\n<\/ul>\n<\/li>\n<li id=\"menu-item-98\" class=\"bellows-menu-item bellows-menu-item-type-custom bellows-menu-item-object-custom bellows-menu-item-has-children bellows-menu-item-98 bellows-item-level-0\"><a  target=\"_blank\" href=\"#\" class=\"bellows-target\"><span class=\"bellows-target-title bellows-target-text\">Th\u00e8mes de recherche<\/span><button class=\"bellows-subtoggle\" aria-label=\"Toggle Submenu\"><i class=\"bellows-subtoggle-icon-expand fa fa-chevron-down\"><\/i><i class=\"bellows-subtoggle-icon-collapse fa fa-chevron-up\"><\/i><\/button><\/a>\n<ul class=\"bellows-submenu\">\n\t<li id=\"menu-item-29\" class=\"bellows-menu-item bellows-menu-item-type-custom bellows-menu-item-object-custom bellows-menu-item-29 bellows-item-level-1\"><a  target=\"_blank\" href=\"#\" class=\"bellows-target\"><span class=\"bellows-target-title bellows-target-text\">Th\u00e8me 01<\/span><\/a><\/li>\n\t<li id=\"menu-item-10506\" class=\"bellows-menu-item bellows-menu-item-type-custom bellows-menu-item-object-custom bellows-menu-item-10506 bellows-item-level-1\"><a  href=\"#\" class=\"bellows-target\"><span class=\"bellows-target-title bellows-target-text\">Th\u00e8me 02<\/span><\/a><\/li>\n\t<li id=\"menu-item-12504\" class=\"bellows-menu-item bellows-menu-item-type-custom bellows-menu-item-object-custom bellows-menu-item-12504 bellows-item-level-1\"><a  href=\"#\" class=\"bellows-target\"><span class=\"bellows-target-title bellows-target-text\">Th\u00e8me 03<\/span><\/a><\/li>\n\t<li id=\"menu-item-12505\" class=\"bellows-menu-item bellows-menu-item-type-custom bellows-menu-item-object-custom bellows-menu-item-12505 bellows-item-level-1\"><a  href=\"#\" class=\"bellows-target\"><span class=\"bellows-target-title bellows-target-text\">Th\u00e8me 04<\/span><\/a><\/li>\n<\/ul>\n<\/li>\n<li id=\"menu-item-12514\" class=\"bellows-menu-item bellows-menu-item-type-post_type bellows-menu-item-object-page bellows-menu-item-12514 bellows-item-level-0\"><a  href=\"https:\/\/www.univ-usto.dz\/labo\/lp2vm\/les-publications-des-laboratoire-lp2vm\/\" class=\"bellows-target\"><span class=\"bellows-target-title bellows-target-text\">publications<\/span><\/a><\/li>\n<li id=\"menu-item-31\" class=\"bellows-menu-item bellows-menu-item-type-custom bellows-menu-item-object-custom bellows-menu-item-31 bellows-item-level-0\"><a  href=\"#\" class=\"bellows-target\"><span class=\"bellows-target-title bellows-target-text\">Contact<\/span><\/a><\/li>\n<\/ul><\/nav>\t\t\t\t<\/div>\n\t\t\t\t<\/div>\n\t\t\t\t<div class=\"elementor-element elementor-element-2d367fe elementor-widget elementor-widget-image\" data-id=\"2d367fe\" data-element_type=\"widget\" data-widget_type=\"image.default\">\n\t\t\t\t<div class=\"elementor-widget-container\">\n\t\t\t\t\t\t\t\t\t\t\t\t\t\t\t<img decoding=\"async\" src=\"http:\/\/www.univ-usto.dz\/faculte\/fac-mathinfo\/wp-content\/uploads\/2021\/03\/biblio.jpg\" title=\"\" alt=\"\" loading=\"lazy\" \/>\t\t\t\t\t\t\t\t\t\t\t\t\t\t\t<\/div>\n\t\t\t\t<\/div>\n\t\t\t\t\t<\/div>\n\t\t<\/div>\n\t\t\t\t<div class=\"elementor-column elementor-col-66 elementor-top-column elementor-element elementor-element-eff045f\" data-id=\"eff045f\" data-element_type=\"column\">\n\t\t\t<div class=\"elementor-widget-wrap elementor-element-populated\">\n\t\t\t\t\t\t<div class=\"elementor-element elementor-element-964fc4f elementor-widget elementor-widget-elementskit-heading\" data-id=\"964fc4f\" data-element_type=\"widget\" data-widget_type=\"elementskit-heading.default\">\n\t\t\t\t<div class=\"elementor-widget-container\">\n\t\t\t\t\t<div class=\"ekit-wid-con\" ><div class=\"ekit-heading elementskit-section-title-wraper text_left   ekit_heading_tablet-   ekit_heading_mobile-\"><h3 class=\"ekit-heading--title elementskit-section-title \">Ma Biblioth\u00e8que<\/h3><div class=\"ekit_heading_separetor_wraper ekit_heading_elementskit-border-divider\"><div class=\"elementskit-border-divider\"><\/div><\/div><\/div><\/div>\t\t\t\t<\/div>\n\t\t\t\t<\/div>\n\t\t\t\t<div class=\"elementor-element elementor-element-ae66973 elementor-widget elementor-widget-text-editor\" data-id=\"ae66973\" data-element_type=\"widget\" data-widget_type=\"text-editor.default\">\n\t\t\t\t<div class=\"elementor-widget-container\">\n\t\t\t\t\t\t\t\t\t<p>\u00a0<\/p><p>La biblioth\u00e8que de la Facult\u00e9 des math\u00e9matiques et informatiques est cr\u00e9e en 2013, conform\u00e9ment au d\u00e9cret ex\u00e9cutif N\u00b013\/199 du 20 mai 2013.<\/p><p>Celle-ci, se compose de deux salles\u00a0; l&rsquo;une est r\u00e9serv\u00e9e pour les ouvrages et les livres, tandis que la seconde est pour les th\u00e8ses Universitaires.<\/p><p>Les Visiteurs et Utilisateurs de cette biblioth\u00e8ques sont\u00a0; les professeurs, les Doctorants, les \u00e9tudiants en Magister et les \u00e9tudiants de 3<sup>\u00e8me<\/sup>\u00a0ann\u00e9e licence. Ces derniers b\u00e9n\u00e9ficient de la possibilit\u00e9 d\u2019une consultation interne des ouvrages et m\u00eame pour un emprunt hors les limites de celle-ci.<\/p>\t\t\t\t\t\t\t\t<\/div>\n\t\t\t\t<\/div>\n\t\t\t\t\t<\/div>\n\t\t<\/div>\n\t\t\t\t\t<\/div>\n\t\t<\/section>\n\t\t\t\t<section class=\"elementor-section elementor-top-section elementor-element elementor-element-6965ed2 elementor-section-boxed elementor-section-height-default elementor-section-height-default\" data-id=\"6965ed2\" data-element_type=\"section\">\n\t\t\t\t\t\t<div class=\"elementor-container elementor-column-gap-default\">\n\t\t\t\t\t<div class=\"elementor-column elementor-col-50 elementor-top-column elementor-element elementor-element-a4e1946\" data-id=\"a4e1946\" data-element_type=\"column\">\n\t\t\t<div class=\"elementor-widget-wrap elementor-element-populated\">\n\t\t\t\t\t\t<div class=\"elementor-element elementor-element-a1247d2 elementor-widget elementor-widget-heading\" data-id=\"a1247d2\" data-element_type=\"widget\" data-widget_type=\"heading.default\">\n\t\t\t\t<div class=\"elementor-widget-container\">\n\t\t\t\t\t<h2 class=\"elementor-heading-title elementor-size-default\">\n\n\n\n\n\n\n<\/h2>\t\t\t\t<\/div>\n\t\t\t\t<\/div>\n\t\t\t\t<div class=\"elementor-element elementor-element-0a1696e elementor-widget elementor-widget-image\" data-id=\"0a1696e\" data-element_type=\"widget\" data-widget_type=\"image.default\">\n\t\t\t\t<div class=\"elementor-widget-container\">\n\t\t\t\t\t\t\t\t\t\t\t\t\t\t\t<img decoding=\"async\" src=\"http:\/\/www.univ-usto.dz\/faculte\/fac-mathinfo\/wp-content\/uploads\/2021\/03\/biblio1-1.jpg\" title=\"\" alt=\"\" loading=\"lazy\" \/>\t\t\t\t\t\t\t\t\t\t\t\t\t\t\t<\/div>\n\t\t\t\t<\/div>\n\t\t\t\t\t<\/div>\n\t\t<\/div>\n\t\t\t\t<div class=\"elementor-column elementor-col-50 elementor-top-column elementor-element elementor-element-5fe5192\" data-id=\"5fe5192\" data-element_type=\"column\">\n\t\t\t<div class=\"elementor-widget-wrap elementor-element-populated\">\n\t\t\t\t\t\t<div class=\"elementor-element elementor-element-0c39538 elementor-widget elementor-widget-heading\" data-id=\"0c39538\" data-element_type=\"widget\" data-widget_type=\"heading.default\">\n\t\t\t\t<div class=\"elementor-widget-container\">\n\t\t\t\t\t<h2 class=\"elementor-heading-title elementor-size-default\">Fond documentaire de la biblioth\u00e8que est comme suite :<\/h2>\t\t\t\t<\/div>\n\t\t\t\t<\/div>\n\t\t\t\t<div class=\"elementor-element elementor-element-29790f8 elementor-widget elementor-widget-text-editor\" data-id=\"29790f8\" data-element_type=\"widget\" data-widget_type=\"text-editor.default\">\n\t\t\t\t<div class=\"elementor-widget-container\">\n\t\t\t\t\t\t\t\t\t<p>\u00a0<\/p><ul style=\"padding-left: 0px; margin-top: 0cm; margin-bottom: 10px; margin-left: 25px; text-align: justify; color: #000000; font-family: Verdana, Arial, Helvetica, sans-serif; font-size: 11px;\"><li style=\"line-height: 20px; margin-top: 0cm; margin-bottom: 0.0001pt;\"><span style=\"font-family: 'times new roman', times; color: #444444; font-size: 12pt;\">Th\u00e8ses de Doctorat \u2026\u2026\u2026..49 titres.<\/span><\/li><li style=\"line-height: 20px; margin-top: 0cm; margin-bottom: 0.0001pt;\"><span style=\"font-family: 'times new roman', times; color: #444444; font-size: 12pt;\">M\u00e9moires de Magister\u2026\u2026..332 titres.<\/span><\/li><li style=\"line-height: 20px; margin-top: 0cm; margin-bottom: 0.0001pt;\"><span style=\"font-family: 'times new roman', times; color: #444444; font-size: 12pt;\">M\u00e9moires d\u2019Ing\u00e9nieurs\u2026\u2026.473 titres.<\/span><\/li><li style=\"line-height: 20px; margin-top: 0cm; margin-bottom: 0.0001pt;\"><span style=\"font-family: 'times new roman', times; color: #444444; font-size: 12pt;\">M\u00e9moires Master\u2026\u2026\u2026\u2026..555 titres.<\/span><\/li><li style=\"line-height: 20px; margin-top: 0cm; margin-bottom: 0.0001pt;\"><span style=\"font-family: 'times new roman', times; color: #444444; font-size: 12pt;\">M\u00e9moires Licences \u2026\u2026\u2026\u2026793 titres,\u2026..<\/span><\/li><\/ul><p style=\"margin-top: 0cm; margin-right: 0cm; margin-bottom: 0.0001pt; color: #141414; font-family: Roboto, Helvetica, Arial, sans-serif; font-size: 14px; text-align: justify; line-height: 15.6pt; background-image: none; background-position: 0% 0%; background-size: initial; background-repeat: repeat; background-attachment: scroll; background-origin: initial; background-clip: initial;\"><span style=\"font-family: 'times new roman', times; color: #444444; font-size: 12pt;\">Aussi, je signale l\u2019existence de 7605 autres ouvrages.<\/span><\/p><p style=\"margin-top: 0cm; margin-right: 0cm; margin-bottom: 0.0001pt; color: #141414; font-family: Roboto, Helvetica, Arial, sans-serif; font-size: 14px; text-align: justify; line-height: 15.6pt; background-image: none; background-position: 0% 0%; background-size: initial; background-repeat: repeat; background-attachment: scroll; background-origin: initial; background-clip: initial;\"><span style=\"font-family: 'times new roman', times; color: #444444; font-size: 12pt;\">Pour la classification accr\u00e9dit\u00e9e de la biblioth\u00e8que est une \u00a8 Classification Combinatoire Num\u00e9rique\u00a8.<\/span><\/p>\t\t\t\t\t\t\t\t<\/div>\n\t\t\t\t<\/div>\n\t\t\t\t\t<\/div>\n\t\t<\/div>\n\t\t\t\t\t<\/div>\n\t\t<\/section>\n\t\t\t\t<section class=\"elementor-section elementor-top-section elementor-element elementor-element-faee209 elementor-section-boxed elementor-section-height-default elementor-section-height-default\" data-id=\"faee209\" data-element_type=\"section\">\n\t\t\t\t\t\t<div class=\"elementor-container elementor-column-gap-default\">\n\t\t\t\t\t<div class=\"elementor-column elementor-col-33 elementor-top-column elementor-element elementor-element-4d74bc4\" data-id=\"4d74bc4\" data-element_type=\"column\">\n\t\t\t<div class=\"elementor-widget-wrap\">\n\t\t\t\t\t\t\t<\/div>\n\t\t<\/div>\n\t\t\t\t<div class=\"elementor-column elementor-col-66 elementor-top-column elementor-element elementor-element-6a718bb\" data-id=\"6a718bb\" data-element_type=\"column\">\n\t\t\t<div class=\"elementor-widget-wrap elementor-element-populated\">\n\t\t\t\t\t\t<div class=\"elementor-element elementor-element-d744c5e elementor-widget elementor-widget-text-editor\" data-id=\"d744c5e\" data-element_type=\"widget\" data-widget_type=\"text-editor.default\">\n\t\t\t\t<div class=\"elementor-widget-container\">\n\t\t\t\t\t\t\t\t\t<p><strong>04 MATHEMATIQUE\u00a0:<\/strong><\/p><ul><li>04-00-G\u00e9n\u00e9ralit\u00e9s\u00a0: Encyclop\u00e9dies, dictionnaires<\/li><li>04-01-Math\u00e9matiques g\u00e9n\u00e9rales<\/li><li>04-02-Analyse<\/li><li>04-03-Alg\u00e8bre<\/li><li>04-04-G\u00e9om\u00e9trie<\/li><li>04-05-Probabilit\u00e9s et statistiques<\/li><li>04-06-Analyse num\u00e9rique<\/li><li>04-07-Logique math\u00e9matique<\/li><li>04-08-Math\u00e9matiques Appliqu\u00e9es<\/li><li>04-09-Graphes<\/li><\/ul><p><strong>08 INFORMATIQUE\u00a0:<\/strong><\/p><ul><li>08-00- G\u00e9n\u00e9ralit\u00e9s<\/li><li>08-01-Informatique g\u00e9n\u00e9ralit\u00e9s<\/li><li>08-02-Logiciels et programmation<\/li><li>08-03-Applications de l\u2019informatique classique<\/li><li>08-04-Architecture et th\u00e9orie des ordinateurs<\/li><li>08-05-Informatique de gestion<\/li><li>08-06-Algorithmes<\/li><li>08-07-Syst\u00e8mes d\u2019exploitation<\/li><li>08-08-Bases des donn\u00e9es<\/li><li>08-09-Internet et r\u00e9seaux<\/li><\/ul><div style=\"text-align: justify; text-indent: -24px;\">\u00a0<\/div><p><strong>24 MICRO INFORMATIQUE\u00a0:<\/strong><\/p><ul><li>24-00-Encyclop\u00e9dies-Manuels-Data<\/li><li>24-01-Microsyst\u00e8mes et micro-ordinateur<\/li><li>24-02-Microprocesseurs (M\u00e9morisation et circuits auxiliaires)<\/li><li>24-03-Programmation des microsyst\u00e8mes et microprocesseurs<\/li><li>24-04-Applications des microsyst\u00e8mes et micro-ordinateurs<\/li><li>24-05-r\u00e9seaux locaux.<\/li><\/ul>\t\t\t\t\t\t\t\t<\/div>\n\t\t\t\t<\/div>\n\t\t\t\t\t<\/div>\n\t\t<\/div>\n\t\t\t\t\t<\/div>\n\t\t<\/section>\n\t\t\t\t<section class=\"elementor-section elementor-top-section elementor-element elementor-element-409fd3d elementor-section-boxed elementor-section-height-default elementor-section-height-default\" data-id=\"409fd3d\" data-element_type=\"section\">\n\t\t\t\t\t\t<div class=\"elementor-container elementor-column-gap-default\">\n\t\t\t\t\t<div class=\"elementor-column elementor-col-100 elementor-top-column elementor-element elementor-element-fac3463\" data-id=\"fac3463\" data-element_type=\"column\">\n\t\t\t<div class=\"elementor-widget-wrap\">\n\t\t\t\t\t\t\t<\/div>\n\t\t<\/div>\n\t\t\t\t\t<\/div>\n\t\t<\/section>\n\t\t\t\t<section class=\"elementor-section elementor-top-section elementor-element elementor-element-e7d02b8 elementor-section-boxed elementor-section-height-default elementor-section-height-default\" data-id=\"e7d02b8\" data-element_type=\"section\">\n\t\t\t\t\t\t<div class=\"elementor-container elementor-column-gap-default\">\n\t\t\t\t\t<div class=\"elementor-column elementor-col-100 elementor-top-column elementor-element elementor-element-6725a86\" data-id=\"6725a86\" data-element_type=\"column\">\n\t\t\t<div class=\"elementor-widget-wrap\">\n\t\t\t\t\t\t\t<\/div>\n\t\t<\/div>\n\t\t\t\t\t<\/div>\n\t\t<\/section>\n\t\t\t\t<\/div>\n\t\t","protected":false},"excerpt":{"rendered":"<p>Ma Biblioth\u00e8que \u00a0 La biblioth\u00e8que de la Facult\u00e9 des math\u00e9matiques et informatiques est cr\u00e9e en 2013, conform\u00e9ment au d\u00e9cret ex\u00e9cutif N\u00b013\/199 du 20 mai 2013. Celle-ci, se compose de deux <a href=\"https:\/\/www.univ-usto.dz\/labo\/lp2vm\/bibliotheque\/\" class=\"read-more\">Lire la suite &#8230;<\/a><\/p>\n","protected":false},"author":1,"featured_media":0,"parent":0,"menu_order":0,"comment_status":"closed","ping_status":"closed","template":"","meta":{"footnotes":""},"class_list":["post-10770","page","type-page","status-publish","hentry"],"_links":{"self":[{"href":"https:\/\/www.univ-usto.dz\/labo\/lp2vm\/wp-json\/wp\/v2\/pages\/10770","targetHints":{"allow":["GET"]}}],"collection":[{"href":"https:\/\/www.univ-usto.dz\/labo\/lp2vm\/wp-json\/wp\/v2\/pages"}],"about":[{"href":"https:\/\/www.univ-usto.dz\/labo\/lp2vm\/wp-json\/wp\/v2\/types\/page"}],"author":[{"embeddable":true,"href":"https:\/\/www.univ-usto.dz\/labo\/lp2vm\/wp-json\/wp\/v2\/users\/1"}],"replies":[{"embeddable":true,"href":"https:\/\/www.univ-usto.dz\/labo\/lp2vm\/wp-json\/wp\/v2\/comments?post=10770"}],"version-history":[{"count":4,"href":"https:\/\/www.univ-usto.dz\/labo\/lp2vm\/wp-json\/wp\/v2\/pages\/10770\/revisions"}],"predecessor-version":[{"id":10774,"href":"https:\/\/www.univ-usto.dz\/labo\/lp2vm\/wp-json\/wp\/v2\/pages\/10770\/revisions\/10774"}],"wp:attachment":[{"href":"https:\/\/www.univ-usto.dz\/labo\/lp2vm\/wp-json\/wp\/v2\/media?parent=10770"}],"curies":[{"name":"wp","href":"https:\/\/api.w.org\/{rel}","templated":true}]}}