{"id":12240,"date":"2022-05-18T08:50:09","date_gmt":"2022-05-18T08:50:09","guid":{"rendered":"https:\/\/www.univ-usto.dz\/labo\/lrttfc\/?page_id=12240"},"modified":"2023-07-06T17:02:22","modified_gmt":"2023-07-06T17:02:22","slug":"publications","status":"publish","type":"page","link":"https:\/\/www.univ-usto.dz\/labo\/lrttfc\/publications\/","title":{"rendered":"Publications"},"content":{"rendered":"\t\t<div data-elementor-type=\"wp-page\" data-elementor-id=\"12240\" class=\"elementor elementor-12240\">\n\t\t\t\t\t\t<section class=\"elementor-section elementor-top-section elementor-element elementor-element-bb3eb05 elementor-section-boxed elementor-section-height-default elementor-section-height-default\" data-id=\"bb3eb05\" data-element_type=\"section\">\n\t\t\t\t\t\t<div class=\"elementor-container elementor-column-gap-default\">\n\t\t\t\t\t<div class=\"elementor-column elementor-col-100 elementor-top-column elementor-element elementor-element-9b9de21\" data-id=\"9b9de21\" data-element_type=\"column\">\n\t\t\t<div class=\"elementor-widget-wrap elementor-element-populated\">\n\t\t\t\t\t\t<div class=\"elementor-element elementor-element-7922501 elementor-widget elementor-widget-heading\" data-id=\"7922501\" data-element_type=\"widget\" data-widget_type=\"heading.default\">\n\t\t\t\t<div class=\"elementor-widget-container\">\n\t\t\t\t\t<h2 class=\"elementor-heading-title elementor-size-default\">Production scientifique des \u00e9quipes <\/h2>\t\t\t\t<\/div>\n\t\t\t\t<\/div>\n\t\t\t\t<div class=\"elementor-element elementor-element-3bf4972 elementor-widget elementor-widget-text-editor\" data-id=\"3bf4972\" data-element_type=\"widget\" data-widget_type=\"text-editor.default\">\n\t\t\t\t<div class=\"elementor-widget-container\">\n\t\t\t\t\t\t\t\t\t<ul><li>Lakhache, L\u00a0.Hammadi , G. Laouni (2023),\u00a0 \u00ab Impact of Sodium Tripolyphosphate on the Rheological Properties of Dams Sediments and Friction Factor during Hydraulic Dredging of Dams \u00bb<em>. Advanced Materials Research , Vol. 1177, pp 111-120,Doi:10.4028\/p-5r18f6<\/em><\/li><li>Hassene Daouadji, L. hammadi, \u00a0A. Hazzab (2023) \u00abImpact of the Xanthan Gum on Rheological and Mechanical Properties of Slip of Ceramic.\u00a0 <em>Materials Science Forum\u00a0 Vol. 1086, pp 49-58<\/em><\/li><li>Hassene Daouadji, L. hammadi, A. Hazzab (2022) \u00abViscoelastic behavior of clay and slip used in ceramic \u00bb, \u00a0<em>Journal of Silicate Based and Composite Materials, Vol. 74, No. 1 , 9\u201312. p. <\/em><a href=\"https:\/\/doi.org\/10.14382\/epitoanyag-jsbcm.2022.2\"><em>https:\/\/doi.org\/10.14382\/epitoanyag-jsbcm.2022.2<\/em><\/a><\/li><li>Hathout, L. Hammadi, N. Boudjenane (2022) \u00abRheological properties of clay-polymer systems: application on water-based drilling mud\u00bb, <em>Journal of Silicate Based and Composite Materials, Vol. 74, No. 4 p.136\u2013143.. <\/em><a href=\"https:\/\/doi.org\/10.14382\/epitoanyag-jsbcm.2022.21\"><em>https:\/\/doi.org\/10.14382\/epitoanyag-jsbcm.2022.21<\/em><\/a><\/li><li>F\u00a0.Rezine, L. Hammadi, M. Bouchekara (2021). \u00ab Rheological characterization of the systems clay-polymer-electrolyte. Application to water based drilling fluids.\u00a0<em>Journal of New Technology and Materials\u00bb <\/em><em> 11, N\u00b002 p 29-34.<\/em><\/li><li>Bachir Belmehdi, A. Mellak, Abderrahmane , L. Hammadi (2021) \u00abEffects of poly-sal polymer and barite addition on rheological properties of algerian bentonite\u00bb, <em>\u00a0Journal of Silicate Based and Composite Materials,<\/em> Vol. 73, No. 1 p. 2\u20138. <a href=\"https:\/\/doi.org\/10.14382\/epitoanyag-jsbcm.2021.1\">https:\/\/doi.org\/10.14382\/epitoanyag-jsbcm.2021.1<\/a><\/li><li>Belhadri, A. Mokhtar, A., A. Bengueddach (2021). Adsorption Behavior of Cationic Dye on Bentonite Functionalized With 3-aminopropyltriethoxysilane.. Research Square<\/li><li>S. Larbi, A. Khaldi, W. Maherzi, N.E Abriak (2021). Formulation of compressed earth blocks stabilized by glass waste activated with naoh solution.\u00a0<em>Sustainability<\/em>,\u00a014(1), 102.<\/li><li>Abidi, L. Benamara, A.A.S. Correia, M.I.M Pinto, P.P Cunha (2021). Characterization of dredged sediments of Bouhanifia dam: potential use as a raw material.\u00a0Arabian Journal of Geosciences,\u00a014, 1-16.<\/li><li>Bergane, L. Hammadi (2020) \u00abImpact of organophilic clay on rheological properties of gasoil-based drilling muds\u00bb, <em>Journal of Petroleum Exploration and Production Technology <\/em><strong>10<\/strong>, p. 3533\u20133540. <a href=\"https:\/\/doi.org\/10.1007\/s13202-020-01008-x\">https:\/\/doi.org\/10.1007\/s13202-020-01008-x<\/a><\/li><li>Baba Hamed (2020). Optimizing the transport of cuttings with ecological drilling muds: application to directional well.\u00a0 <em>Journal of the Brazilian Society of Mechanical Sciences and Engineering<\/em>,\u00a0<em>42<\/em>(12), 619.<\/li><li>Belhadri, A. Mokhtar, S. Meziani, F. Belkhadem, M. Sassi, A. Bengueddach (2019). Novel low-cost adsorbent based on economically modified bentonite for lead (II) removal from aqueous solutions.\u00a0<em>Arabian Journal of Geosciences<\/em>,\u00a0<em>12<\/em> P.1-13.<\/li><li>Z. Lehbab-Boukezzi, L. Boukezzi, L. (2019). Bayesian calibration of HEC-HMS model using two different algorithms.\u00a0<em>Arabian Journal of Geosciences<\/em>,\u00a0<em>12<\/em>, 1-11.<\/li><li>Haider, M.Z Messaoud-Boureghda, H. Aknouche, A. Akkouche, <strong>L. Hammadi<\/strong>, B. Safi, B. (2019). An ecological water-based drilling mud (WBM) with low cost: substitution of polymers by wood wastes.\u00a0<em>Journal of Petroleum Exploration and Production Technology<\/em>,\u00a0<em>9<\/em>(1), 307-313.<\/li><li>Kreirzti, L. Benamara, NE. Boudjenane (2019). Valorization of dredging sediments of dam BOUHNIFIA in ceramic.\u00a0<em>Journal of the Australian Ceramic Society<\/em>,\u00a0<em>55<\/em>, 1081-1089.<\/li><li>Benyerou., NE. Boudjenane., M. Belhadri (2019). \u00c9tude des caract\u00e9ristiques thermiques et m\u00e9caniques des briques \u00e0 base de s\u00e9diments de dragage portuaire.\u00a0<em>Mat\u00e9riaux &amp; Techniques<\/em>,\u00a0<em>107<\/em>(4), 405.<\/li><li>D. Benyerou, NE Boudjenane, M. Belhadri, (2019). Influence chimique et min\u00e9ralogique des s\u00e9diments de dragage portuaire dans le cadre de leur valorisation dans la fabrication des briques.\u00a0<em>Environnement, Ing\u00e9nierie &amp; D\u00e9veloppement<\/em>.<\/li><li>Hammadi, L. (2018). Improving of the mechanical and rheological properties of slip of ceramic.\u00a0<em>Construction and building materials<\/em>,\u00a0<em>173<\/em> p. 118-123.<\/li><li>Hammadi, D. Boukhaloua, D. (2018). Modeling of the Cavitation by Bubble around a NACA0009 Profile.\u00a0<em>International Journal of Mechanical and Mechatronics Engineering<\/em>,\u00a0<em>12<\/em>(7), 697-700.<\/li><li>Zelifi, L. Mourad, L. (2019). Polymeric suspensions viscosity evolution under a constant electric field.\u00a0<em>Lebanese Science Journal<\/em>,\u00a0<em>20<\/em>(2), 272.<\/li><li>Nedloussi, L. Benamara, K. Ouhba (2019). Utilisation des s\u00e9diments d\u2019envasement de barrages comme mati\u00e8res premi\u00e8res locales dans la production des briques.\u00a0<em>Mat\u00e9riaux &amp; Techniques<\/em>,\u00a0<em>107<\/em>(3), 301.<\/li><li>B.Kara, A. Nemdili (2018). SimHydraulics approach to water hammer problems with the development of new formulas for static pressure diameter coefficient.\u00a0<em>Forschung im ingenieurwesen-engineering research<\/em>,\u00a0<em>82<\/em>(2), 107-118.<\/li><li>Hammadi, A. Ponton (2017). Rheological investigation of vase of dam: Effects of aging time, shear rate, and temperature.\u00a0<em>Applied Rheology<\/em>,\u00a0<em>27<\/em>(1), 21-29.<\/li><li>Mekkaoui, M. Belhadri, L. Hammadi, NE. Boudjenane (2017). Rheological behaviour of crude oil: Effect of temperature and seawater.\u00a0<em>Petroleum Chemistry<\/em>,\u00a0<em>57 <\/em>p 843-848.<\/li><li>A. Kara, A.Khaldi, A.\u00a0 Ladouani, A. (2017). Prediction of centrifugal pump performance using energy loss analysis.\u00a0<em>Australian Journal of Mechanical Engineering<\/em>,\u00a0<em>15<\/em>(3), 210-221.<\/li><li>Hadj Djelloul, M. Belhadri, NE. Boudjenane\u00a0 (2017). Experimental study of using wastewater sludge as a new drag reduction agent.\u00a0<em>Water Science and Technology<\/em>,\u00a0<em>76<\/em>(3), 739-746.<\/li><li>Moussaoui, L. Hammadi, NE. Boudjenane, RR. Denine (2017). Development of multiple W\/O\/W emulsions used in pharmaceutical field: effect of additives and insulin on physicochemical and rheological stability of emulsions.\u00a0<em>Colloid and Polymer Science<\/em>,\u00a0<em>295<\/em> p125-133.<\/li><li>Baba Hamed (2017). Offshore Drilling: Drilling Fluids and Additives. In\u00a0Recent Advances in Environmental Science from the Euro-Mediterranean and Surrounding Regions: Proceedings of Euro-Mediterranean Conference for Environmental Integration (EMCEI-1), Tunisia 2017\u00a0(pp. 1107-1108). Springer International Publishing.<\/li><li>Rezak, A. Khaldi, F. Rahal, (2017). An estimation of evapotranspiration by simple models in the semi arid Mediterranean zone of the North-West of Algeria.\u00a0<em>International <\/em>Journal of Hydrology Science and Technology,\u00a0<em>7<\/em>(4), 390-401.<\/li><li>D\u00a0;Rezini, A. Khaldi, Y. Rahmani, Y. (2016). On the boundary value kirsch&rsquo;s problem.\u00a0<em>Journal of Mechanics,\u00a032(1) p. 1-10.<\/em><\/li><li>Z. Lehbab-Boukezzi, L. Boukezzi, M.\u00a0 Errih, M. (2016). Uncertainty analysis of HEC-HMS model using the GLUE method for flash flood forecasting of Mekerra watershed, Algeria.\u00a0<em>Arabian Journal of Geosciences<\/em>,\u00a0<em>9<\/em>, 1-12.<\/li><li>Rezini, A. Khaldi, K.\u00a0 Bouzid, Y. Rahmani (2015). Analyzing square plate in diagonal compression using Beltrami-Michell methodology.\u00a0<em>Journal of Theoretical and Applied Mechanic<\/em><em>s<\/em>,\u00a0<em>53<\/em>(4), 847-858.<\/li><li>Hammadi, NE. Boudjenane, R. Houdjedje, R. Reffis, M. Belhadri, M. (2015). Modeling the time-dependent rheological behavior of clays used in fabrication of ceramic.\u00a0<em>International Journal of Physical and <\/em><em>Mathematical Sciences<\/em>,\u00a0<em>9<\/em>(7), 1400-1403.<\/li><li>Hammadi, NE. Boudjenane, M. Belhadri (2014). Effect of polyethylene oxide (PEO) and shear rate on rheological properties of bentonite clay.\u00a0<em>Applied Clay Science<\/em>,\u00a0<em>99<\/em>, 306-311.<\/li><li>Hammadi, A. Ponton, M. Belhadri, M. (2013). Temperature effect on shear flow and thixotropic behavior of residual sludge from wastewater treatment plant.\u00a0<em>Mechanics of Time-Dependent Materials<\/em>,\u00a0<em>17<\/em>(3), 401-412.<\/li><li>I. Bahlouli, K. Bekkour, A. Benchabane, Y. Hemar, A. Nemdili, A. (2013). The effect of temperature on the rheological behavior of polyethylene oxide (PEO) solutions.\u00a0<em>Applied Rheology<\/em>,\u00a0<em>23<\/em>(1), 13435.<\/li><li>Hammadi, A. Ponton, M. Belhadri, M. (2012). Effects of heat treatment and hydrogen peroxide (H2O2) on the physicochemical and rheological behavior of an activated sludge from a water purification plant.\u00a0<em>Procedia engineering<\/em>,\u00a0<em>33<\/em>, 293-302.<\/li><li>Baba Hamed .M.Belhadri, M. (2009). Rheological properties of biopolymers drilling fluids.\u00a0<em>Journal of Petroleum Science and Engineering<\/em>,\u00a0<em>67<\/em>(3-4), 84-90.<\/li><li>Ladouani, A. Nemdili (2009). Influence of Reynolds number on net positive suction head of centrifugal pumps in relation to disc friction losses.\u00a0<em>Forschung im ingenieurwesen<\/em>,\u00a0<em>73<\/em>(3), 173-182.<\/li><\/ul><p>.<\/p>\t\t\t\t\t\t\t\t<\/div>\n\t\t\t\t<\/div>\n\t\t\t\t\t<\/div>\n\t\t<\/div>\n\t\t\t\t\t<\/div>\n\t\t<\/section>\n\t\t\t\t<\/div>\n\t\t","protected":false},"excerpt":{"rendered":"<p>Production scientifique des \u00e9quipes Lakhache, L\u00a0.Hammadi , G. Laouni (2023),\u00a0 \u00ab Impact of Sodium Tripolyphosphate on the Rheological Properties of Dams Sediments and Friction Factor during Hydraulic Dredging of Dams <a href=\"https:\/\/www.univ-usto.dz\/labo\/lrttfc\/publications\/\" class=\"read-more\">Lire la suite &#8230;<\/a><\/p>\n","protected":false},"author":28,"featured_media":0,"parent":0,"menu_order":0,"comment_status":"closed","ping_status":"closed","template":"","meta":{"footnotes":""},"class_list":["post-12240","page","type-page","status-publish","hentry"],"_links":{"self":[{"href":"https:\/\/www.univ-usto.dz\/labo\/lrttfc\/wp-json\/wp\/v2\/pages\/12240","targetHints":{"allow":["GET"]}}],"collection":[{"href":"https:\/\/www.univ-usto.dz\/labo\/lrttfc\/wp-json\/wp\/v2\/pages"}],"about":[{"href":"https:\/\/www.univ-usto.dz\/labo\/lrttfc\/wp-json\/wp\/v2\/types\/page"}],"author":[{"embeddable":true,"href":"https:\/\/www.univ-usto.dz\/labo\/lrttfc\/wp-json\/wp\/v2\/users\/28"}],"replies":[{"embeddable":true,"href":"https:\/\/www.univ-usto.dz\/labo\/lrttfc\/wp-json\/wp\/v2\/comments?post=12240"}],"version-history":[{"count":4,"href":"https:\/\/www.univ-usto.dz\/labo\/lrttfc\/wp-json\/wp\/v2\/pages\/12240\/revisions"}],"predecessor-version":[{"id":12459,"href":"https:\/\/www.univ-usto.dz\/labo\/lrttfc\/wp-json\/wp\/v2\/pages\/12240\/revisions\/12459"}],"wp:attachment":[{"href":"https:\/\/www.univ-usto.dz\/labo\/lrttfc\/wp-json\/wp\/v2\/media?parent=12240"}],"curies":[{"name":"wp","href":"https:\/\/api.w.org\/{rel}","templated":true}]}}