{"id":4808,"date":"2020-09-15T21:10:54","date_gmt":"2020-09-15T21:10:54","guid":{"rendered":"http:\/\/www.univ-usto.dz\/labo\/lssd\/?page_id=4808"},"modified":"2024-01-25T14:40:05","modified_gmt":"2024-01-25T14:40:05","slug":"contact","status":"publish","type":"page","link":"https:\/\/www.univ-usto.dz\/labo\/lsi\/contact\/","title":{"rendered":"Contact"},"content":{"rendered":"<h3>Toutes les actualit\u00e9s<\/h3>\n<h2 style=\"text-align: center;\"><strong>Contact<\/strong><\/h2>\n<p><strong>Adresse\u00a0:\u00a0<\/strong>Laboratoire Signaux et Images, D\u00e9partement d\u2019Electronique, Facult\u00e9 de G\u00e9nie Electrique,<\/p>\n<p>USTO,MB,BP.1505,El Mnourer,Oran 31000, Alg\u00e9rie.<\/p>\n<p><strong><a href=\"mailto:ouamri@yahoo.com\">mohammed.dahmani@univ-usto.dz<\/a> \/ <a href=\"mailto:laboratoire_lsi@yahoo.fr\">lsi@univ-usto.dz<\/a><\/strong><\/p>\n<p><strong>\u00a0T\u00e9l: 07 81 27 65 08<\/strong><\/p>\n","protected":false},"excerpt":{"rendered":"<p>Toutes les actualit\u00e9s Contact Adresse\u00a0:\u00a0Laboratoire Signaux et Images, D\u00e9partement d\u2019Electronique, Facult\u00e9 de G\u00e9nie Electrique, USTO,MB,BP.1505,El Mnourer,Oran 31000, Alg\u00e9rie. mohammed.dahmani@univ-usto.dz \/ lsi@univ-usto.dz \u00a0T\u00e9l: 07 81 27 65 08<\/p>\n","protected":false},"author":1,"featured_media":0,"parent":0,"menu_order":0,"comment_status":"closed","ping_status":"closed","template":"","meta":{"footnotes":""},"class_list":["post-4808","page","type-page","status-publish","hentry"],"_links":{"self":[{"href":"https:\/\/www.univ-usto.dz\/labo\/lsi\/wp-json\/wp\/v2\/pages\/4808","targetHints":{"allow":["GET"]}}],"collection":[{"href":"https:\/\/www.univ-usto.dz\/labo\/lsi\/wp-json\/wp\/v2\/pages"}],"about":[{"href":"https:\/\/www.univ-usto.dz\/labo\/lsi\/wp-json\/wp\/v2\/types\/page"}],"author":[{"embeddable":true,"href":"https:\/\/www.univ-usto.dz\/labo\/lsi\/wp-json\/wp\/v2\/users\/1"}],"replies":[{"embeddable":true,"href":"https:\/\/www.univ-usto.dz\/labo\/lsi\/wp-json\/wp\/v2\/comments?post=4808"}],"version-history":[{"count":16,"href":"https:\/\/www.univ-usto.dz\/labo\/lsi\/wp-json\/wp\/v2\/pages\/4808\/revisions"}],"predecessor-version":[{"id":12554,"href":"https:\/\/www.univ-usto.dz\/labo\/lsi\/wp-json\/wp\/v2\/pages\/4808\/revisions\/12554"}],"wp:attachment":[{"href":"https:\/\/www.univ-usto.dz\/labo\/lsi\/wp-json\/wp\/v2\/media?parent=4808"}],"curies":[{"name":"wp","href":"https:\/\/api.w.org\/{rel}","templated":true}]}}