{"id":12666,"date":"2025-10-12T09:35:50","date_gmt":"2025-10-12T09:35:50","guid":{"rendered":"https:\/\/www.univ-usto.dz\/labo\/lsim\/?page_id=12666"},"modified":"2025-10-12T10:50:38","modified_gmt":"2025-10-12T10:50:38","slug":"projet-tassili","status":"publish","type":"page","link":"https:\/\/www.univ-usto.dz\/labo\/lsim\/projet-tassili\/","title":{"rendered":""},"content":{"rendered":"\t\t<div data-elementor-type=\"wp-page\" data-elementor-id=\"12666\" class=\"elementor elementor-12666\">\n\t\t\t\t\t\t<section class=\"elementor-section elementor-top-section elementor-element elementor-element-9ccf0c1 elementor-section-boxed elementor-section-height-default elementor-section-height-default\" data-id=\"9ccf0c1\" data-element_type=\"section\">\n\t\t\t\t\t\t<div class=\"elementor-container elementor-column-gap-default\">\n\t\t\t\t\t<div class=\"elementor-column elementor-col-100 elementor-top-column elementor-element elementor-element-80b3594\" data-id=\"80b3594\" data-element_type=\"column\">\n\t\t\t<div class=\"elementor-widget-wrap elementor-element-populated\">\n\t\t\t\t\t\t<div class=\"elementor-element elementor-element-fe88271 elementor-widget elementor-widget-text-editor\" data-id=\"fe88271\" data-element_type=\"widget\" data-widget_type=\"text-editor.default\">\n\t\t\t\t<div class=\"elementor-widget-container\">\n\t\t\t\t\t\t\t\t\t<h1><strong><span lang=\"EN-US\">Projet de Coop\u00e9ration Franco-Alg\u00e9rienne \u2013 Programme Tassili<\/span><\/strong><\/h1><h2>\u00a0<\/h2><h2><strong>Pr\u00e9sentation g\u00e9n\u00e9rale<\/strong><\/h2><p>Le programme Tassili est un cadre de coop\u00e9ration scientifique bilat\u00e9rale entre l\u2019Alg\u00e9rie et la France, visant \u00e0 promouvoir la recherche conjointe, la formation doctorale et l\u2019\u00e9change de comp\u00e9tences entre les deux pays. Il soutient des projets collaboratifs associant des \u00e9quipes universitaires et de recherche alg\u00e9riennes et fran\u00e7aises, autour de th\u00e9matiques prioritaires telles que l\u2019\u00e9nergie, l\u2019environnement, les sciences appliqu\u00e9es et les technologies innovantes.<\/p><h2><strong>Participation du Laboratoire<\/strong><\/h2><p>Notre laboratoire a pris part \u00e0 un projet Tassili portant sur l\u2019\u00e9tude et l\u2019optimisation du confort thermique et de la qualit\u00e9 de l\u2019air int\u00e9rieur dans les b\u00e2timents, en lien avec la r\u00e9duction de la consommation \u00e9nerg\u00e9tique et l\u2019am\u00e9lioration de la performance environnementale des syst\u00e8mes de climatisation et de ventilation. Ce partenariat a permis une collaboration fructueuse entre chercheurs, enseignants et doctorants des deux pays, favorisant la formation par la recherche et le transfert de comp\u00e9tences scientifiques.<\/p><h2><strong>Objectifs du projet<\/strong><\/h2><ul><li>\u00c9tudier les conditions de confort thermique et de qualit\u00e9 de l\u2019air int\u00e9rieur dans diff\u00e9rents types de b\u00e2timents.<\/li><li>Appliquer les m\u00e9thodes de simulation num\u00e9rique (CFD) pour analyser les \u00e9coulements d\u2019air, les transferts thermiques et massiques.<\/li><li>D\u00e9velopper des mod\u00e8les pr\u00e9dictifs permettant d\u2019optimiser les syst\u00e8mes de ventilation et de climatisation.<\/li><li>Proposer des solutions innovantes et \u00e9co\u00e9nerg\u00e9tiques pour r\u00e9duire la consommation d\u2019\u00e9nergie.<\/li><li>Renforcer la coop\u00e9ration scientifique franco-alg\u00e9rienne \u00e0 travers la formation de jeunes chercheurs et le co-encadrement de th\u00e8ses de doctorat.<\/li><\/ul><h2><strong>Retomb\u00e9es scientifiques<\/strong><\/h2><ul><li>La formation et la mobilit\u00e9 de plusieurs doctorants et enseignants-chercheurs entre les laboratoires partenaires.<\/li><li>Le d\u00e9veloppement d\u2019outils num\u00e9riques d\u2019aide \u00e0 la d\u00e9cision pour la conception de b\u00e2timents plus performants.<\/li><li>La production de publications scientifiques conjointes et la valorisation des r\u00e9sultats dans des conf\u00e9rences internationales.<\/li><li>Le renforcement des relations de coop\u00e9ration entre institutions universitaires alg\u00e9riennes et fran\u00e7aises.<\/li><\/ul>\t\t\t\t\t\t\t\t<\/div>\n\t\t\t\t<\/div>\n\t\t\t\t\t<\/div>\n\t\t<\/div>\n\t\t\t\t\t<\/div>\n\t\t<\/section>\n\t\t\t\t<section class=\"elementor-section elementor-top-section elementor-element elementor-element-e92f0f2 elementor-section-boxed elementor-section-height-default elementor-section-height-default\" data-id=\"e92f0f2\" data-element_type=\"section\">\n\t\t\t\t\t\t<div class=\"elementor-container elementor-column-gap-default\">\n\t\t\t\t\t<div class=\"elementor-column elementor-col-100 elementor-top-column elementor-element elementor-element-814fd0c\" data-id=\"814fd0c\" data-element_type=\"column\">\n\t\t\t<div class=\"elementor-widget-wrap elementor-element-populated\">\n\t\t\t\t\t\t<div class=\"elementor-element elementor-element-4f16576 elementor-widget elementor-widget-image\" data-id=\"4f16576\" data-element_type=\"widget\" data-widget_type=\"image.default\">\n\t\t\t\t<div class=\"elementor-widget-container\">\n\t\t\t\t\t\t\t\t\t\t\t\t\t\t\t<img fetchpriority=\"high\" decoding=\"async\" width=\"643\" height=\"482\" src=\"https:\/\/www.univ-usto.dz\/labo\/lsim\/wp-content\/uploads\/2025\/10\/Tassili2.jpg\" class=\"attachment-large size-large wp-image-12726\" alt=\"\" srcset=\"https:\/\/www.univ-usto.dz\/labo\/lsim\/wp-content\/uploads\/2025\/10\/Tassili2.jpg 643w, https:\/\/www.univ-usto.dz\/labo\/lsim\/wp-content\/uploads\/2025\/10\/Tassili2-300x225.jpg 300w, https:\/\/www.univ-usto.dz\/labo\/lsim\/wp-content\/uploads\/2025\/10\/Tassili2-360x270.jpg 360w, https:\/\/www.univ-usto.dz\/labo\/lsim\/wp-content\/uploads\/2025\/10\/Tassili2-24x18.jpg 24w, https:\/\/www.univ-usto.dz\/labo\/lsim\/wp-content\/uploads\/2025\/10\/Tassili2-36x27.jpg 36w, https:\/\/www.univ-usto.dz\/labo\/lsim\/wp-content\/uploads\/2025\/10\/Tassili2-48x36.jpg 48w\" sizes=\"(max-width: 643px) 100vw, 643px\" \/>\t\t\t\t\t\t\t\t\t\t\t\t\t\t\t<\/div>\n\t\t\t\t<\/div>\n\t\t\t\t\t<\/div>\n\t\t<\/div>\n\t\t\t\t\t<\/div>\n\t\t<\/section>\n\t\t\t\t<section class=\"elementor-section elementor-top-section elementor-element elementor-element-0b75ced elementor-section-boxed elementor-section-height-default elementor-section-height-default\" data-id=\"0b75ced\" data-element_type=\"section\">\n\t\t\t\t\t\t<div class=\"elementor-container elementor-column-gap-default\">\n\t\t\t\t\t<div class=\"elementor-column elementor-col-100 elementor-top-column elementor-element elementor-element-833fbb7\" data-id=\"833fbb7\" data-element_type=\"column\">\n\t\t\t<div class=\"elementor-widget-wrap elementor-element-populated\">\n\t\t\t\t\t\t<div class=\"elementor-element elementor-element-490773f elementor-widget elementor-widget-image\" data-id=\"490773f\" data-element_type=\"widget\" data-widget_type=\"image.default\">\n\t\t\t\t<div class=\"elementor-widget-container\">\n\t\t\t\t\t\t\t\t\t\t\t\t\t\t\t<img decoding=\"async\" width=\"618\" height=\"463\" src=\"https:\/\/www.univ-usto.dz\/labo\/lsim\/wp-content\/uploads\/2025\/10\/Tassili4.jpg\" class=\"attachment-large size-large wp-image-12731\" alt=\"\" srcset=\"https:\/\/www.univ-usto.dz\/labo\/lsim\/wp-content\/uploads\/2025\/10\/Tassili4.jpg 618w, https:\/\/www.univ-usto.dz\/labo\/lsim\/wp-content\/uploads\/2025\/10\/Tassili4-300x225.jpg 300w, https:\/\/www.univ-usto.dz\/labo\/lsim\/wp-content\/uploads\/2025\/10\/Tassili4-360x270.jpg 360w, https:\/\/www.univ-usto.dz\/labo\/lsim\/wp-content\/uploads\/2025\/10\/Tassili4-24x18.jpg 24w, https:\/\/www.univ-usto.dz\/labo\/lsim\/wp-content\/uploads\/2025\/10\/Tassili4-36x27.jpg 36w, https:\/\/www.univ-usto.dz\/labo\/lsim\/wp-content\/uploads\/2025\/10\/Tassili4-48x36.jpg 48w\" sizes=\"(max-width: 618px) 100vw, 618px\" \/>\t\t\t\t\t\t\t\t\t\t\t\t\t\t\t<\/div>\n\t\t\t\t<\/div>\n\t\t\t\t\t<\/div>\n\t\t<\/div>\n\t\t\t\t\t<\/div>\n\t\t<\/section>\n\t\t\t\t<section class=\"elementor-section elementor-top-section elementor-element elementor-element-c789b47 elementor-section-boxed elementor-section-height-default elementor-section-height-default\" data-id=\"c789b47\" data-element_type=\"section\">\n\t\t\t\t\t\t<div class=\"elementor-container elementor-column-gap-default\">\n\t\t\t\t\t<div class=\"elementor-column elementor-col-100 elementor-top-column elementor-element elementor-element-962f5cf\" data-id=\"962f5cf\" data-element_type=\"column\">\n\t\t\t<div class=\"elementor-widget-wrap elementor-element-populated\">\n\t\t\t\t\t\t<div class=\"elementor-element elementor-element-ddec8e2 elementor-widget elementor-widget-image\" data-id=\"ddec8e2\" data-element_type=\"widget\" data-widget_type=\"image.default\">\n\t\t\t\t<div class=\"elementor-widget-container\">\n\t\t\t\t\t\t\t\t\t\t\t\t\t\t\t<img decoding=\"async\" width=\"569\" height=\"426\" src=\"https:\/\/www.univ-usto.dz\/labo\/lsim\/wp-content\/uploads\/2025\/10\/Tassili3.jpg\" class=\"attachment-large size-large wp-image-12730\" alt=\"\" srcset=\"https:\/\/www.univ-usto.dz\/labo\/lsim\/wp-content\/uploads\/2025\/10\/Tassili3.jpg 569w, https:\/\/www.univ-usto.dz\/labo\/lsim\/wp-content\/uploads\/2025\/10\/Tassili3-300x225.jpg 300w, https:\/\/www.univ-usto.dz\/labo\/lsim\/wp-content\/uploads\/2025\/10\/Tassili3-360x270.jpg 360w, https:\/\/www.univ-usto.dz\/labo\/lsim\/wp-content\/uploads\/2025\/10\/Tassili3-24x18.jpg 24w, https:\/\/www.univ-usto.dz\/labo\/lsim\/wp-content\/uploads\/2025\/10\/Tassili3-36x27.jpg 36w, https:\/\/www.univ-usto.dz\/labo\/lsim\/wp-content\/uploads\/2025\/10\/Tassili3-48x36.jpg 48w\" sizes=\"(max-width: 569px) 100vw, 569px\" \/>\t\t\t\t\t\t\t\t\t\t\t\t\t\t\t<\/div>\n\t\t\t\t<\/div>\n\t\t\t\t\t<\/div>\n\t\t<\/div>\n\t\t\t\t\t<\/div>\n\t\t<\/section>\n\t\t\t\t<section class=\"elementor-section elementor-top-section elementor-element elementor-element-82c4fa2 elementor-section-boxed elementor-section-height-default elementor-section-height-default\" data-id=\"82c4fa2\" data-element_type=\"section\">\n\t\t\t\t\t\t<div class=\"elementor-container elementor-column-gap-default\">\n\t\t\t\t\t<div class=\"elementor-column elementor-col-100 elementor-top-column elementor-element elementor-element-267275e\" data-id=\"267275e\" data-element_type=\"column\">\n\t\t\t<div class=\"elementor-widget-wrap elementor-element-populated\">\n\t\t\t\t\t\t<div class=\"elementor-element elementor-element-2f65f46 elementor-widget elementor-widget-image\" data-id=\"2f65f46\" data-element_type=\"widget\" data-widget_type=\"image.default\">\n\t\t\t\t<div class=\"elementor-widget-container\">\n\t\t\t\t\t\t\t\t\t\t\t\t\t\t\t<img loading=\"lazy\" decoding=\"async\" width=\"718\" height=\"539\" src=\"https:\/\/www.univ-usto.dz\/labo\/lsim\/wp-content\/uploads\/2025\/10\/Tassili1.jpg\" class=\"attachment-large size-large wp-image-12738\" alt=\"\" srcset=\"https:\/\/www.univ-usto.dz\/labo\/lsim\/wp-content\/uploads\/2025\/10\/Tassili1.jpg 718w, https:\/\/www.univ-usto.dz\/labo\/lsim\/wp-content\/uploads\/2025\/10\/Tassili1-300x225.jpg 300w, https:\/\/www.univ-usto.dz\/labo\/lsim\/wp-content\/uploads\/2025\/10\/Tassili1-360x270.jpg 360w, https:\/\/www.univ-usto.dz\/labo\/lsim\/wp-content\/uploads\/2025\/10\/Tassili1-24x18.jpg 24w, https:\/\/www.univ-usto.dz\/labo\/lsim\/wp-content\/uploads\/2025\/10\/Tassili1-36x27.jpg 36w, https:\/\/www.univ-usto.dz\/labo\/lsim\/wp-content\/uploads\/2025\/10\/Tassili1-48x36.jpg 48w\" sizes=\"(max-width: 718px) 100vw, 718px\" \/>\t\t\t\t\t\t\t\t\t\t\t\t\t\t\t<\/div>\n\t\t\t\t<\/div>\n\t\t\t\t\t<\/div>\n\t\t<\/div>\n\t\t\t\t\t<\/div>\n\t\t<\/section>\n\t\t\t\t<section class=\"elementor-section elementor-top-section elementor-element elementor-element-58d24a2 elementor-section-boxed elementor-section-height-default elementor-section-height-default\" data-id=\"58d24a2\" data-element_type=\"section\">\n\t\t\t\t\t\t<div class=\"elementor-container elementor-column-gap-default\">\n\t\t\t\t\t<div class=\"elementor-column elementor-col-100 elementor-top-column elementor-element elementor-element-3e3e707\" data-id=\"3e3e707\" data-element_type=\"column\">\n\t\t\t<div class=\"elementor-widget-wrap elementor-element-populated\">\n\t\t\t\t\t\t\t<\/div>\n\t\t<\/div>\n\t\t\t\t\t<\/div>\n\t\t<\/section>\n\t\t\t\t<\/div>\n\t\t","protected":false},"excerpt":{"rendered":"<p>Projet de Coop\u00e9ration Franco-Alg\u00e9rienne \u2013 Programme Tassili \u00a0 Pr\u00e9sentation g\u00e9n\u00e9rale Le programme Tassili est un cadre de coop\u00e9ration scientifique bilat\u00e9rale entre l\u2019Alg\u00e9rie et la France, visant \u00e0 promouvoir la recherche <a href=\"https:\/\/www.univ-usto.dz\/labo\/lsim\/projet-tassili\/\" class=\"read-more\">Lire la suite &#8230;<\/a><\/p>\n","protected":false},"author":31,"featured_media":0,"parent":0,"menu_order":0,"comment_status":"closed","ping_status":"closed","template":"","meta":{"footnotes":""},"class_list":["post-12666","page","type-page","status-publish","hentry"],"_links":{"self":[{"href":"https:\/\/www.univ-usto.dz\/labo\/lsim\/wp-json\/wp\/v2\/pages\/12666","targetHints":{"allow":["GET"]}}],"collection":[{"href":"https:\/\/www.univ-usto.dz\/labo\/lsim\/wp-json\/wp\/v2\/pages"}],"about":[{"href":"https:\/\/www.univ-usto.dz\/labo\/lsim\/wp-json\/wp\/v2\/types\/page"}],"author":[{"embeddable":true,"href":"https:\/\/www.univ-usto.dz\/labo\/lsim\/wp-json\/wp\/v2\/users\/31"}],"replies":[{"embeddable":true,"href":"https:\/\/www.univ-usto.dz\/labo\/lsim\/wp-json\/wp\/v2\/comments?post=12666"}],"version-history":[{"count":31,"href":"https:\/\/www.univ-usto.dz\/labo\/lsim\/wp-json\/wp\/v2\/pages\/12666\/revisions"}],"predecessor-version":[{"id":12747,"href":"https:\/\/www.univ-usto.dz\/labo\/lsim\/wp-json\/wp\/v2\/pages\/12666\/revisions\/12747"}],"wp:attachment":[{"href":"https:\/\/www.univ-usto.dz\/labo\/lsim\/wp-json\/wp\/v2\/media?parent=12666"}],"curies":[{"name":"wp","href":"https:\/\/api.w.org\/{rel}","templated":true}]}}