{"id":12671,"date":"2025-10-12T09:37:49","date_gmt":"2025-10-12T09:37:49","guid":{"rendered":"https:\/\/www.univ-usto.dz\/labo\/lsim\/?page_id=12671"},"modified":"2025-10-12T22:48:30","modified_gmt":"2025-10-12T22:48:30","slug":"projet-power4med","status":"publish","type":"page","link":"https:\/\/www.univ-usto.dz\/labo\/lsim\/projet-power4med\/","title":{"rendered":""},"content":{"rendered":"\t\t<div data-elementor-type=\"wp-page\" data-elementor-id=\"12671\" class=\"elementor elementor-12671\">\n\t\t\t\t\t\t<section class=\"elementor-section elementor-top-section elementor-element elementor-element-d3b69cf elementor-section-boxed elementor-section-height-default elementor-section-height-default\" data-id=\"d3b69cf\" data-element_type=\"section\">\n\t\t\t\t\t\t<div class=\"elementor-container elementor-column-gap-default\">\n\t\t\t\t\t<div class=\"elementor-column elementor-col-100 elementor-top-column elementor-element elementor-element-70792e4\" data-id=\"70792e4\" data-element_type=\"column\">\n\t\t\t<div class=\"elementor-widget-wrap elementor-element-populated\">\n\t\t\t\t\t\t<div class=\"elementor-element elementor-element-f6f9b68 elementor-widget elementor-widget-heading\" data-id=\"f6f9b68\" data-element_type=\"widget\" data-widget_type=\"heading.default\">\n\t\t\t\t<div class=\"elementor-widget-container\">\n\t\t\t\t\t<h2 class=\"elementor-heading-title elementor-size-default\">POWER4MED \u2013 Renforcement local pour une transition verte en M\u00e9diterran\u00e9e<\/h2>\t\t\t\t<\/div>\n\t\t\t\t<\/div>\n\t\t\t\t\t<\/div>\n\t\t<\/div>\n\t\t\t\t\t<\/div>\n\t\t<\/section>\n\t\t\t\t<section class=\"elementor-section elementor-top-section elementor-element elementor-element-7f28a44 elementor-section-boxed elementor-section-height-default elementor-section-height-default\" data-id=\"7f28a44\" data-element_type=\"section\">\n\t\t\t\t\t\t<div class=\"elementor-container elementor-column-gap-default\">\n\t\t\t\t\t<div class=\"elementor-column elementor-col-100 elementor-top-column elementor-element elementor-element-8d989a5\" data-id=\"8d989a5\" data-element_type=\"column\">\n\t\t\t<div class=\"elementor-widget-wrap elementor-element-populated\">\n\t\t\t\t\t\t<div class=\"elementor-element elementor-element-10c9dc9 elementor-widget elementor-widget-text-editor\" data-id=\"10c9dc9\" data-element_type=\"widget\" data-widget_type=\"text-editor.default\">\n\t\t\t\t<div class=\"elementor-widget-container\">\n\t\t\t\t\t\t\t\t\t<h2><strong>Pr\u00e9sentation du projet\u00a0<\/strong><\/h2><p><strong>POWER4MED<\/strong> est une initiative europ\u00e9enne cofinanc\u00e9e par l\u2019Union europ\u00e9enne dans le cadre du programme <strong>WESTMED<\/strong> Blue Economy Initiative. Le projet porte sur le transport durable et les ports en M\u00e9diterran\u00e9e, avec pour objectif principal de promouvoir l\u2019utilisation de carburants alternatifs et neutres en carbone dans le secteur maritime.<\/p><h2><strong>Objectifs principaux<\/strong><\/h2><ul><li>\u00c9valuer les besoins maritimes dans la r\u00e9gion <strong>WESTMED<\/strong> en mati\u00e8re de technologies et de carburants alternatifs efficaces, disponibles et abordables.<\/li><li>Identifier des solutions technologiques de transition \u00e0 court terme pour r\u00e9pondre \u00e0 la demande croissante de carburants neutres en carbone, conform\u00e9ment aux objectifs de r\u00e9duction des \u00e9missions fix\u00e9s pour les horizons 2025, 2030, 2040 et 2050.<\/li><li>Accompagner les petits et moyens op\u00e9rateurs maritimes gr\u00e2ce \u00e0 la cr\u00e9ation d\u2019une \u00e9quipe d\u2019experts pluridisciplinaires (<strong>\u00ab Supporting Team \u00bb<\/strong>) d\u00e9di\u00e9e \u00e0 la transition \u00e9nerg\u00e9tique du secteur.<\/li><\/ul>\t\t\t\t\t\t\t\t<\/div>\n\t\t\t\t<\/div>\n\t\t\t\t\t<\/div>\n\t\t<\/div>\n\t\t\t\t\t<\/div>\n\t\t<\/section>\n\t\t\t\t<section class=\"elementor-section elementor-top-section elementor-element elementor-element-a27661e elementor-section-boxed elementor-section-height-default elementor-section-height-default\" data-id=\"a27661e\" data-element_type=\"section\">\n\t\t\t\t\t\t<div class=\"elementor-container elementor-column-gap-default\">\n\t\t\t\t\t<div class=\"elementor-column elementor-col-100 elementor-top-column elementor-element elementor-element-79e4337\" data-id=\"79e4337\" data-element_type=\"column\">\n\t\t\t<div class=\"elementor-widget-wrap elementor-element-populated\">\n\t\t\t\t\t\t<div class=\"elementor-element elementor-element-eea20b3 elementor-widget elementor-widget-video\" data-id=\"eea20b3\" data-element_type=\"widget\" data-settings=\"{&quot;youtube_url&quot;:&quot;https:\\\/\\\/www.youtube.com\\\/watch?v=su-sRNDkmLA&quot;,&quot;video_type&quot;:&quot;youtube&quot;,&quot;controls&quot;:&quot;yes&quot;}\" data-widget_type=\"video.default\">\n\t\t\t\t<div class=\"elementor-widget-container\">\n\t\t\t\t\t\t\t<div class=\"elementor-wrapper elementor-open-inline\">\n\t\t\t<div class=\"elementor-video\"><\/div>\t\t<\/div>\n\t\t\t\t\t\t<\/div>\n\t\t\t\t<\/div>\n\t\t\t\t\t<\/div>\n\t\t<\/div>\n\t\t\t\t\t<\/div>\n\t\t<\/section>\n\t\t\t\t<section class=\"elementor-section elementor-top-section elementor-element elementor-element-14614ba elementor-section-boxed elementor-section-height-default elementor-section-height-default\" data-id=\"14614ba\" data-element_type=\"section\">\n\t\t\t\t\t\t<div class=\"elementor-container elementor-column-gap-default\">\n\t\t\t\t\t<div class=\"elementor-column elementor-col-100 elementor-top-column elementor-element elementor-element-3222179\" data-id=\"3222179\" data-element_type=\"column\">\n\t\t\t<div class=\"elementor-widget-wrap elementor-element-populated\">\n\t\t\t\t\t\t<div class=\"elementor-element elementor-element-156a5ab elementor-widget elementor-widget-button\" data-id=\"156a5ab\" data-element_type=\"widget\" data-widget_type=\"button.default\">\n\t\t\t\t<div class=\"elementor-widget-container\">\n\t\t\t\t\t\t\t\t\t<div class=\"elementor-button-wrapper\">\n\t\t\t\t\t<a class=\"elementor-button elementor-button-link elementor-size-sm\" href=\"https:\/\/www.univ-usto.dz\/labo\/lsim\/wp-content\/uploads\/2025\/10\/POWER4MED-Leaflet-20250925-full-1.pdf\">\n\t\t\t\t\t\t<span class=\"elementor-button-content-wrapper\">\n\t\t\t\t\t\t\t\t\t<span class=\"elementor-button-text\">Pour Plus d'informations sur le Projet POWER4MED  Cliquez ici<\/span>\n\t\t\t\t\t<\/span>\n\t\t\t\t\t<\/a>\n\t\t\t\t<\/div>\n\t\t\t\t\t\t\t\t<\/div>\n\t\t\t\t<\/div>\n\t\t\t\t\t<\/div>\n\t\t<\/div>\n\t\t\t\t\t<\/div>\n\t\t<\/section>\n\t\t\t\t<section class=\"elementor-section elementor-top-section elementor-element elementor-element-4f52cc5 elementor-section-boxed elementor-section-height-default elementor-section-height-default\" data-id=\"4f52cc5\" data-element_type=\"section\">\n\t\t\t\t\t\t<div class=\"elementor-container elementor-column-gap-default\">\n\t\t\t\t\t<div class=\"elementor-column elementor-col-100 elementor-top-column elementor-element elementor-element-b96e75d\" data-id=\"b96e75d\" data-element_type=\"column\">\n\t\t\t<div class=\"elementor-widget-wrap elementor-element-populated\">\n\t\t\t\t\t\t<div class=\"elementor-element elementor-element-be6b90b elementor-widget elementor-widget-text-editor\" data-id=\"be6b90b\" data-element_type=\"widget\" data-widget_type=\"text-editor.default\">\n\t\t\t\t<div class=\"elementor-widget-container\">\n\t\t\t\t\t\t\t\t\t<h2><strong>Structure du projet\u00a0<\/strong><\/h2><p><strong>Phase 1<\/strong> \u2013 Pr\u00e9paration et plan d\u2019action : \u00c9valuation des besoins maritimes et identification des technologies viables.<\/p><p><strong>Phase 2<\/strong> \u2013 Mise en \u0153uvre : Coordination entre les partenaires r\u00e9gionaux et exp\u00e9rimentation de solutions durables.<\/p><p><strong>Phase 3<\/strong> \u2013 Impact et diffusion : Communication, partage des r\u00e9sultats et renforcement des capacit\u00e9s \u00e0 l\u2019\u00e9chelle m\u00e9diterran\u00e9enne.<\/p>\t\t\t\t\t\t\t\t<\/div>\n\t\t\t\t<\/div>\n\t\t\t\t\t<\/div>\n\t\t<\/div>\n\t\t\t\t\t<\/div>\n\t\t<\/section>\n\t\t\t\t<section class=\"elementor-section elementor-top-section elementor-element elementor-element-c4b88e9 elementor-section-boxed elementor-section-height-default elementor-section-height-default\" data-id=\"c4b88e9\" data-element_type=\"section\">\n\t\t\t\t\t\t<div class=\"elementor-container elementor-column-gap-default\">\n\t\t\t\t\t<div class=\"elementor-column elementor-col-100 elementor-top-column elementor-element elementor-element-0a0f4ec\" data-id=\"0a0f4ec\" data-element_type=\"column\">\n\t\t\t<div class=\"elementor-widget-wrap elementor-element-populated\">\n\t\t\t\t\t\t<div class=\"elementor-element elementor-element-7019ef0 elementor-widget elementor-widget-text-editor\" data-id=\"7019ef0\" data-element_type=\"widget\" data-widget_type=\"text-editor.default\">\n\t\t\t\t<div class=\"elementor-widget-container\">\n\t\t\t\t\t\t\t\t\t<h2><strong>Partenariat<\/strong>\u00a0<\/h2><p>Le projet est coordonn\u00e9 par SDG4MED et regroupe des partenaires de plusieurs pays m\u00e9diterran\u00e9ens : Italie, Espagne, \u00c9gypte, Malte, Turquie et Alg\u00e9rie. L\u2019Universit\u00e9 des Sciences et de la Technologie d\u2019Oran\u00a0 Mohammed Boudiaf\u00a0 \u00e0 travers le Laboratoire des Sciences et de l\u2019Ing\u00e9nierie Maritimes (LSIM)\u00a0 a jou\u00e9 un r\u00f4le central dans la coordination et l\u2019accueil des activit\u00e9s du projet en Alg\u00e9rie.<\/p>\t\t\t\t\t\t\t\t<\/div>\n\t\t\t\t<\/div>\n\t\t\t\t\t<\/div>\n\t\t<\/div>\n\t\t\t\t\t<\/div>\n\t\t<\/section>\n\t\t\t\t<section class=\"elementor-section elementor-top-section elementor-element elementor-element-326be5f elementor-section-boxed elementor-section-height-default elementor-section-height-default\" data-id=\"326be5f\" data-element_type=\"section\">\n\t\t\t\t\t\t<div class=\"elementor-container elementor-column-gap-default\">\n\t\t\t\t\t<div class=\"elementor-column elementor-col-100 elementor-top-column elementor-element elementor-element-8ca3f97\" data-id=\"8ca3f97\" data-element_type=\"column\">\n\t\t\t<div class=\"elementor-widget-wrap elementor-element-populated\">\n\t\t\t\t\t\t<div class=\"elementor-element elementor-element-0070e7c elementor-widget elementor-widget-text-editor\" data-id=\"0070e7c\" data-element_type=\"widget\" data-widget_type=\"text-editor.default\">\n\t\t\t\t<div class=\"elementor-widget-container\">\n\t\t\t\t\t\t\t\t\t<h2><strong>\u00c9v\u00e9nements<\/strong> <strong>marquants\u00a0<\/strong><\/h2><p>Un \u00e9v\u00e9nement Internationnal \u00a0majeur li\u00e9 au projet <strong>POWER4MED<\/strong> s\u2019est tenu \u00e0 Oran (Alg\u00e9rie) en f\u00e9vrier 2024, r\u00e9unissant chercheurs, acteurs institutionnels et experts du domaine maritime autour des enjeux de la transition verte.<br \/><br \/><\/p>\t\t\t\t\t\t\t\t<\/div>\n\t\t\t\t<\/div>\n\t\t\t\t\t<\/div>\n\t\t<\/div>\n\t\t\t\t\t<\/div>\n\t\t<\/section>\n\t\t\t\t<section class=\"elementor-section elementor-top-section elementor-element elementor-element-2f889a5 elementor-section-boxed elementor-section-height-default elementor-section-height-default\" data-id=\"2f889a5\" data-element_type=\"section\">\n\t\t\t\t\t\t<div class=\"elementor-container elementor-column-gap-default\">\n\t\t\t\t\t<div class=\"elementor-column elementor-col-100 elementor-top-column elementor-element elementor-element-551c017\" data-id=\"551c017\" data-element_type=\"column\">\n\t\t\t<div class=\"elementor-widget-wrap elementor-element-populated\">\n\t\t\t\t\t\t<div class=\"elementor-element elementor-element-1d8e590 elementor-widget elementor-widget-video\" data-id=\"1d8e590\" data-element_type=\"widget\" data-settings=\"{&quot;youtube_url&quot;:&quot;https:\\\/\\\/www.youtube.com\\\/watch?v=yX8r7YrS9ME&quot;,&quot;video_type&quot;:&quot;youtube&quot;,&quot;controls&quot;:&quot;yes&quot;}\" data-widget_type=\"video.default\">\n\t\t\t\t<div class=\"elementor-widget-container\">\n\t\t\t\t\t\t\t<div class=\"elementor-wrapper elementor-open-inline\">\n\t\t\t<div class=\"elementor-video\"><\/div>\t\t<\/div>\n\t\t\t\t\t\t<\/div>\n\t\t\t\t<\/div>\n\t\t\t\t\t<\/div>\n\t\t<\/div>\n\t\t\t\t\t<\/div>\n\t\t<\/section>\n\t\t\t\t<section class=\"elementor-section elementor-top-section elementor-element elementor-element-e131ad1 elementor-section-boxed elementor-section-height-default elementor-section-height-default\" data-id=\"e131ad1\" data-element_type=\"section\">\n\t\t\t\t\t\t<div class=\"elementor-container elementor-column-gap-default\">\n\t\t\t\t\t<div class=\"elementor-column elementor-col-100 elementor-top-column elementor-element elementor-element-c7136dd\" data-id=\"c7136dd\" data-element_type=\"column\">\n\t\t\t<div class=\"elementor-widget-wrap elementor-element-populated\">\n\t\t\t\t\t\t<div class=\"elementor-element elementor-element-51afa55 elementor-widget__width-initial elementor-widget elementor-widget-image\" data-id=\"51afa55\" data-element_type=\"widget\" data-widget_type=\"image.default\">\n\t\t\t\t<div class=\"elementor-widget-container\">\n\t\t\t\t\t\t\t\t\t\t\t\t\t\t\t<img fetchpriority=\"high\" decoding=\"async\" width=\"847\" height=\"565\" src=\"https:\/\/www.univ-usto.dz\/labo\/lsim\/wp-content\/uploads\/2025\/10\/WhatsApp-Image-2025-10-11-a-20.00.35_64b69a7d-1024x683.jpg\" class=\"attachment-large size-large wp-image-12775\" alt=\"\" srcset=\"https:\/\/www.univ-usto.dz\/labo\/lsim\/wp-content\/uploads\/2025\/10\/WhatsApp-Image-2025-10-11-a-20.00.35_64b69a7d-1024x683.jpg 1024w, https:\/\/www.univ-usto.dz\/labo\/lsim\/wp-content\/uploads\/2025\/10\/WhatsApp-Image-2025-10-11-a-20.00.35_64b69a7d-300x200.jpg 300w, https:\/\/www.univ-usto.dz\/labo\/lsim\/wp-content\/uploads\/2025\/10\/WhatsApp-Image-2025-10-11-a-20.00.35_64b69a7d-768x512.jpg 768w, https:\/\/www.univ-usto.dz\/labo\/lsim\/wp-content\/uploads\/2025\/10\/WhatsApp-Image-2025-10-11-a-20.00.35_64b69a7d-360x240.jpg 360w, https:\/\/www.univ-usto.dz\/labo\/lsim\/wp-content\/uploads\/2025\/10\/WhatsApp-Image-2025-10-11-a-20.00.35_64b69a7d-24x16.jpg 24w, https:\/\/www.univ-usto.dz\/labo\/lsim\/wp-content\/uploads\/2025\/10\/WhatsApp-Image-2025-10-11-a-20.00.35_64b69a7d-36x24.jpg 36w, https:\/\/www.univ-usto.dz\/labo\/lsim\/wp-content\/uploads\/2025\/10\/WhatsApp-Image-2025-10-11-a-20.00.35_64b69a7d-48x32.jpg 48w, https:\/\/www.univ-usto.dz\/labo\/lsim\/wp-content\/uploads\/2025\/10\/WhatsApp-Image-2025-10-11-a-20.00.35_64b69a7d.jpg 1080w\" sizes=\"(max-width: 847px) 100vw, 847px\" \/>\t\t\t\t\t\t\t\t\t\t\t\t\t\t\t<\/div>\n\t\t\t\t<\/div>\n\t\t\t\t<div class=\"elementor-element elementor-element-bf3d566 elementor-widget__width-initial elementor-widget elementor-widget-image\" data-id=\"bf3d566\" data-element_type=\"widget\" data-widget_type=\"image.default\">\n\t\t\t\t<div class=\"elementor-widget-container\">\n\t\t\t\t\t\t\t\t\t\t\t\t\t\t\t<img decoding=\"async\" width=\"847\" height=\"565\" src=\"https:\/\/www.univ-usto.dz\/labo\/lsim\/wp-content\/uploads\/2025\/10\/WhatsApp-Image-2025-10-11-a-20.04.13_acd4172b-1024x683.jpg\" class=\"attachment-large size-large wp-image-12782\" alt=\"\" srcset=\"https:\/\/www.univ-usto.dz\/labo\/lsim\/wp-content\/uploads\/2025\/10\/WhatsApp-Image-2025-10-11-a-20.04.13_acd4172b-1024x683.jpg 1024w, https:\/\/www.univ-usto.dz\/labo\/lsim\/wp-content\/uploads\/2025\/10\/WhatsApp-Image-2025-10-11-a-20.04.13_acd4172b-300x200.jpg 300w, https:\/\/www.univ-usto.dz\/labo\/lsim\/wp-content\/uploads\/2025\/10\/WhatsApp-Image-2025-10-11-a-20.04.13_acd4172b-768x512.jpg 768w, https:\/\/www.univ-usto.dz\/labo\/lsim\/wp-content\/uploads\/2025\/10\/WhatsApp-Image-2025-10-11-a-20.04.13_acd4172b-360x240.jpg 360w, https:\/\/www.univ-usto.dz\/labo\/lsim\/wp-content\/uploads\/2025\/10\/WhatsApp-Image-2025-10-11-a-20.04.13_acd4172b-24x16.jpg 24w, https:\/\/www.univ-usto.dz\/labo\/lsim\/wp-content\/uploads\/2025\/10\/WhatsApp-Image-2025-10-11-a-20.04.13_acd4172b-36x24.jpg 36w, https:\/\/www.univ-usto.dz\/labo\/lsim\/wp-content\/uploads\/2025\/10\/WhatsApp-Image-2025-10-11-a-20.04.13_acd4172b-48x32.jpg 48w, https:\/\/www.univ-usto.dz\/labo\/lsim\/wp-content\/uploads\/2025\/10\/WhatsApp-Image-2025-10-11-a-20.04.13_acd4172b.jpg 1080w\" sizes=\"(max-width: 847px) 100vw, 847px\" \/>\t\t\t\t\t\t\t\t\t\t\t\t\t\t\t<\/div>\n\t\t\t\t<\/div>\n\t\t\t\t<div class=\"elementor-element elementor-element-67b17e7 elementor-widget__width-initial elementor-widget elementor-widget-image\" data-id=\"67b17e7\" data-element_type=\"widget\" data-widget_type=\"image.default\">\n\t\t\t\t<div class=\"elementor-widget-container\">\n\t\t\t\t\t\t\t\t\t\t\t\t\t\t\t<img decoding=\"async\" width=\"847\" height=\"565\" src=\"https:\/\/www.univ-usto.dz\/labo\/lsim\/wp-content\/uploads\/2025\/10\/WhatsApp-Image-2025-10-11-a-20.15.59_fea46eb1-1024x683.jpg\" class=\"attachment-large size-large wp-image-12787\" alt=\"\" srcset=\"https:\/\/www.univ-usto.dz\/labo\/lsim\/wp-content\/uploads\/2025\/10\/WhatsApp-Image-2025-10-11-a-20.15.59_fea46eb1-1024x683.jpg 1024w, https:\/\/www.univ-usto.dz\/labo\/lsim\/wp-content\/uploads\/2025\/10\/WhatsApp-Image-2025-10-11-a-20.15.59_fea46eb1-300x200.jpg 300w, https:\/\/www.univ-usto.dz\/labo\/lsim\/wp-content\/uploads\/2025\/10\/WhatsApp-Image-2025-10-11-a-20.15.59_fea46eb1-768x512.jpg 768w, https:\/\/www.univ-usto.dz\/labo\/lsim\/wp-content\/uploads\/2025\/10\/WhatsApp-Image-2025-10-11-a-20.15.59_fea46eb1-360x240.jpg 360w, https:\/\/www.univ-usto.dz\/labo\/lsim\/wp-content\/uploads\/2025\/10\/WhatsApp-Image-2025-10-11-a-20.15.59_fea46eb1-24x16.jpg 24w, https:\/\/www.univ-usto.dz\/labo\/lsim\/wp-content\/uploads\/2025\/10\/WhatsApp-Image-2025-10-11-a-20.15.59_fea46eb1-36x24.jpg 36w, https:\/\/www.univ-usto.dz\/labo\/lsim\/wp-content\/uploads\/2025\/10\/WhatsApp-Image-2025-10-11-a-20.15.59_fea46eb1-48x32.jpg 48w, https:\/\/www.univ-usto.dz\/labo\/lsim\/wp-content\/uploads\/2025\/10\/WhatsApp-Image-2025-10-11-a-20.15.59_fea46eb1.jpg 1080w\" sizes=\"(max-width: 847px) 100vw, 847px\" \/>\t\t\t\t\t\t\t\t\t\t\t\t\t\t\t<\/div>\n\t\t\t\t<\/div>\n\t\t\t\t<div class=\"elementor-element elementor-element-0703e68 elementor-widget__width-initial elementor-widget elementor-widget-image\" data-id=\"0703e68\" data-element_type=\"widget\" data-widget_type=\"image.default\">\n\t\t\t\t<div class=\"elementor-widget-container\">\n\t\t\t\t\t\t\t\t\t\t\t\t\t\t\t<img loading=\"lazy\" decoding=\"async\" width=\"847\" height=\"565\" src=\"https:\/\/www.univ-usto.dz\/labo\/lsim\/wp-content\/uploads\/2025\/10\/WhatsApp-Image-2025-10-11-a-20.13.35_1d609de1-1024x683.jpg\" class=\"attachment-large size-large wp-image-12786\" alt=\"\" srcset=\"https:\/\/www.univ-usto.dz\/labo\/lsim\/wp-content\/uploads\/2025\/10\/WhatsApp-Image-2025-10-11-a-20.13.35_1d609de1-1024x683.jpg 1024w, https:\/\/www.univ-usto.dz\/labo\/lsim\/wp-content\/uploads\/2025\/10\/WhatsApp-Image-2025-10-11-a-20.13.35_1d609de1-300x200.jpg 300w, https:\/\/www.univ-usto.dz\/labo\/lsim\/wp-content\/uploads\/2025\/10\/WhatsApp-Image-2025-10-11-a-20.13.35_1d609de1-768x512.jpg 768w, https:\/\/www.univ-usto.dz\/labo\/lsim\/wp-content\/uploads\/2025\/10\/WhatsApp-Image-2025-10-11-a-20.13.35_1d609de1-360x240.jpg 360w, https:\/\/www.univ-usto.dz\/labo\/lsim\/wp-content\/uploads\/2025\/10\/WhatsApp-Image-2025-10-11-a-20.13.35_1d609de1-24x16.jpg 24w, https:\/\/www.univ-usto.dz\/labo\/lsim\/wp-content\/uploads\/2025\/10\/WhatsApp-Image-2025-10-11-a-20.13.35_1d609de1-36x24.jpg 36w, https:\/\/www.univ-usto.dz\/labo\/lsim\/wp-content\/uploads\/2025\/10\/WhatsApp-Image-2025-10-11-a-20.13.35_1d609de1-48x32.jpg 48w, https:\/\/www.univ-usto.dz\/labo\/lsim\/wp-content\/uploads\/2025\/10\/WhatsApp-Image-2025-10-11-a-20.13.35_1d609de1.jpg 1080w\" sizes=\"(max-width: 847px) 100vw, 847px\" \/>\t\t\t\t\t\t\t\t\t\t\t\t\t\t\t<\/div>\n\t\t\t\t<\/div>\n\t\t\t\t\t<\/div>\n\t\t<\/div>\n\t\t\t\t\t<\/div>\n\t\t<\/section>\n\t\t\t\t<section class=\"elementor-section elementor-top-section elementor-element elementor-element-94060cc elementor-section-boxed elementor-section-height-default elementor-section-height-default\" data-id=\"94060cc\" data-element_type=\"section\">\n\t\t\t\t\t\t<div class=\"elementor-container elementor-column-gap-default\">\n\t\t\t\t\t<div class=\"elementor-column elementor-col-100 elementor-top-column elementor-element elementor-element-65585e1\" data-id=\"65585e1\" data-element_type=\"column\">\n\t\t\t<div class=\"elementor-widget-wrap elementor-element-populated\">\n\t\t\t\t\t\t<div class=\"elementor-element elementor-element-82234a7 elementor-widget elementor-widget-image\" data-id=\"82234a7\" data-element_type=\"widget\" data-widget_type=\"image.default\">\n\t\t\t\t<div class=\"elementor-widget-container\">\n\t\t\t\t\t\t\t\t\t\t\t\t\t\t\t<img loading=\"lazy\" decoding=\"async\" width=\"847\" height=\"565\" src=\"https:\/\/www.univ-usto.dz\/labo\/lsim\/wp-content\/uploads\/2025\/10\/WhatsApp-Image-2025-10-11-a-19.58.29_d74f4307-1024x683.jpg\" class=\"attachment-large size-large wp-image-12785\" alt=\"\" srcset=\"https:\/\/www.univ-usto.dz\/labo\/lsim\/wp-content\/uploads\/2025\/10\/WhatsApp-Image-2025-10-11-a-19.58.29_d74f4307-1024x683.jpg 1024w, https:\/\/www.univ-usto.dz\/labo\/lsim\/wp-content\/uploads\/2025\/10\/WhatsApp-Image-2025-10-11-a-19.58.29_d74f4307-300x200.jpg 300w, https:\/\/www.univ-usto.dz\/labo\/lsim\/wp-content\/uploads\/2025\/10\/WhatsApp-Image-2025-10-11-a-19.58.29_d74f4307-768x512.jpg 768w, https:\/\/www.univ-usto.dz\/labo\/lsim\/wp-content\/uploads\/2025\/10\/WhatsApp-Image-2025-10-11-a-19.58.29_d74f4307-360x240.jpg 360w, https:\/\/www.univ-usto.dz\/labo\/lsim\/wp-content\/uploads\/2025\/10\/WhatsApp-Image-2025-10-11-a-19.58.29_d74f4307-24x16.jpg 24w, https:\/\/www.univ-usto.dz\/labo\/lsim\/wp-content\/uploads\/2025\/10\/WhatsApp-Image-2025-10-11-a-19.58.29_d74f4307-36x24.jpg 36w, https:\/\/www.univ-usto.dz\/labo\/lsim\/wp-content\/uploads\/2025\/10\/WhatsApp-Image-2025-10-11-a-19.58.29_d74f4307-48x32.jpg 48w, https:\/\/www.univ-usto.dz\/labo\/lsim\/wp-content\/uploads\/2025\/10\/WhatsApp-Image-2025-10-11-a-19.58.29_d74f4307.jpg 1080w\" sizes=\"(max-width: 847px) 100vw, 847px\" \/>\t\t\t\t\t\t\t\t\t\t\t\t\t\t\t<\/div>\n\t\t\t\t<\/div>\n\t\t\t\t\t<\/div>\n\t\t<\/div>\n\t\t\t\t\t<\/div>\n\t\t<\/section>\n\t\t\t\t<section class=\"elementor-section elementor-top-section elementor-element elementor-element-d8b16c7 elementor-section-boxed elementor-section-height-default elementor-section-height-default\" data-id=\"d8b16c7\" data-element_type=\"section\">\n\t\t\t\t\t\t<div class=\"elementor-container elementor-column-gap-default\">\n\t\t\t\t\t<div class=\"elementor-column elementor-col-100 elementor-top-column elementor-element elementor-element-2e06e74\" data-id=\"2e06e74\" data-element_type=\"column\">\n\t\t\t<div class=\"elementor-widget-wrap elementor-element-populated\">\n\t\t\t\t\t\t<div class=\"elementor-element elementor-element-1d48ddb elementor-widget elementor-widget-text-editor\" data-id=\"1d48ddb\" data-element_type=\"widget\" data-widget_type=\"text-editor.default\">\n\t\t\t\t<div class=\"elementor-widget-container\">\n\t\t\t\t\t\t\t\t\t<p>La cl\u00f4ture officielle du projet a \u00e9galement eu lieu \u00e0 Oran, en <strong>juillet 2025<\/strong>, marquant la fin de 21 mois de collaboration fructueuse entre les partenaires m\u00e9diterran\u00e9ens.<\/p>\t\t\t\t\t\t\t\t<\/div>\n\t\t\t\t<\/div>\n\t\t\t\t\t<\/div>\n\t\t<\/div>\n\t\t\t\t\t<\/div>\n\t\t<\/section>\n\t\t\t\t<section class=\"elementor-section elementor-top-section elementor-element elementor-element-e41209c elementor-section-boxed elementor-section-height-default elementor-section-height-default\" data-id=\"e41209c\" data-element_type=\"section\">\n\t\t\t\t\t\t<div class=\"elementor-container elementor-column-gap-default\">\n\t\t\t\t\t<div class=\"elementor-column elementor-col-100 elementor-top-column elementor-element elementor-element-5b1a437\" data-id=\"5b1a437\" data-element_type=\"column\">\n\t\t\t<div class=\"elementor-widget-wrap elementor-element-populated\">\n\t\t\t\t\t\t<div class=\"elementor-element elementor-element-2b6901a elementor-widget elementor-widget-button\" data-id=\"2b6901a\" data-element_type=\"widget\" data-widget_type=\"button.default\">\n\t\t\t\t<div class=\"elementor-widget-container\">\n\t\t\t\t\t\t\t\t\t<div class=\"elementor-button-wrapper\">\n\t\t\t\t\t<a class=\"elementor-button elementor-button-link elementor-size-sm\" href=\"https:\/\/drive.google.com\/drive\/folders\/1x4tVdTKAhzYdv1tko5ihJxBfELkDUz75\" id=\"Ev\u00e8nement de Cl\u00f4ture\">\n\t\t\t\t\t\t<span class=\"elementor-button-content-wrapper\">\n\t\t\t\t\t\t\t\t\t<span class=\"elementor-button-text\">Pour Visualiser l'Ev\u00e8nement de Cl\u00f4ture du Projet POWER4MED cliquez ici<\/span>\n\t\t\t\t\t<\/span>\n\t\t\t\t\t<\/a>\n\t\t\t\t<\/div>\n\t\t\t\t\t\t\t\t<\/div>\n\t\t\t\t<\/div>\n\t\t\t\t\t<\/div>\n\t\t<\/div>\n\t\t\t\t\t<\/div>\n\t\t<\/section>\n\t\t\t\t<\/div>\n\t\t","protected":false},"excerpt":{"rendered":"<p>POWER4MED \u2013 Renforcement local pour une transition verte en M\u00e9diterran\u00e9e Pr\u00e9sentation du projet\u00a0 POWER4MED est une initiative europ\u00e9enne cofinanc\u00e9e par l\u2019Union europ\u00e9enne dans le cadre du programme WESTMED Blue Economy <a href=\"https:\/\/www.univ-usto.dz\/labo\/lsim\/projet-power4med\/\" class=\"read-more\">Lire la suite &#8230;<\/a><\/p>\n","protected":false},"author":31,"featured_media":0,"parent":0,"menu_order":0,"comment_status":"closed","ping_status":"closed","template":"","meta":{"footnotes":""},"class_list":["post-12671","page","type-page","status-publish","hentry"],"_links":{"self":[{"href":"https:\/\/www.univ-usto.dz\/labo\/lsim\/wp-json\/wp\/v2\/pages\/12671","targetHints":{"allow":["GET"]}}],"collection":[{"href":"https:\/\/www.univ-usto.dz\/labo\/lsim\/wp-json\/wp\/v2\/pages"}],"about":[{"href":"https:\/\/www.univ-usto.dz\/labo\/lsim\/wp-json\/wp\/v2\/types\/page"}],"author":[{"embeddable":true,"href":"https:\/\/www.univ-usto.dz\/labo\/lsim\/wp-json\/wp\/v2\/users\/31"}],"replies":[{"embeddable":true,"href":"https:\/\/www.univ-usto.dz\/labo\/lsim\/wp-json\/wp\/v2\/comments?post=12671"}],"version-history":[{"count":74,"href":"https:\/\/www.univ-usto.dz\/labo\/lsim\/wp-json\/wp\/v2\/pages\/12671\/revisions"}],"predecessor-version":[{"id":12849,"href":"https:\/\/www.univ-usto.dz\/labo\/lsim\/wp-json\/wp\/v2\/pages\/12671\/revisions\/12849"}],"wp:attachment":[{"href":"https:\/\/www.univ-usto.dz\/labo\/lsim\/wp-json\/wp\/v2\/media?parent=12671"}],"curies":[{"name":"wp","href":"https:\/\/api.w.org\/{rel}","templated":true}]}}