{"id":12676,"date":"2025-10-12T09:40:10","date_gmt":"2025-10-12T09:40:10","guid":{"rendered":"https:\/\/www.univ-usto.dz\/labo\/lsim\/?page_id=12676"},"modified":"2025-10-15T11:42:49","modified_gmt":"2025-10-15T11:42:49","slug":"projet-share4med","status":"publish","type":"page","link":"https:\/\/www.univ-usto.dz\/labo\/lsim\/projet-share4med\/","title":{"rendered":"Projet SHARE4MED"},"content":{"rendered":"\t\t<div data-elementor-type=\"wp-page\" data-elementor-id=\"12676\" class=\"elementor elementor-12676\">\n\t\t\t\t\t\t<section class=\"elementor-section elementor-top-section elementor-element elementor-element-c82399d elementor-section-boxed elementor-section-height-default elementor-section-height-default\" data-id=\"c82399d\" data-element_type=\"section\">\n\t\t\t\t\t\t<div class=\"elementor-container elementor-column-gap-default\">\n\t\t\t\t\t<div class=\"elementor-column elementor-col-100 elementor-top-column elementor-element elementor-element-8ef8b2b\" data-id=\"8ef8b2b\" data-element_type=\"column\">\n\t\t\t<div class=\"elementor-widget-wrap elementor-element-populated\">\n\t\t\t\t\t\t<div class=\"elementor-element elementor-element-1f4f919 elementor-widget elementor-widget-heading\" data-id=\"1f4f919\" data-element_type=\"widget\" data-widget_type=\"heading.default\">\n\t\t\t\t<div class=\"elementor-widget-container\">\n\t\t\t\t\t<h2 class=\"elementor-heading-title elementor-size-default\">Pr\u00e9sentation du projet <\/h2>\t\t\t\t<\/div>\n\t\t\t\t<\/div>\n\t\t\t\t\t<\/div>\n\t\t<\/div>\n\t\t\t\t\t<\/div>\n\t\t<\/section>\n\t\t\t\t<section class=\"elementor-section elementor-top-section elementor-element elementor-element-9bb1442 elementor-section-boxed elementor-section-height-default elementor-section-height-default\" data-id=\"9bb1442\" data-element_type=\"section\">\n\t\t\t\t\t\t<div class=\"elementor-container elementor-column-gap-default\">\n\t\t\t\t\t<div class=\"elementor-column elementor-col-100 elementor-top-column elementor-element elementor-element-c75b089\" data-id=\"c75b089\" data-element_type=\"column\">\n\t\t\t<div class=\"elementor-widget-wrap elementor-element-populated\">\n\t\t\t\t\t\t<div class=\"elementor-element elementor-element-04a223e elementor-widget elementor-widget-text-editor\" data-id=\"04a223e\" data-element_type=\"widget\" data-widget_type=\"text-editor.default\">\n\t\t\t\t<div class=\"elementor-widget-container\">\n\t\t\t\t\t\t\t\t\t<p>Le projet <strong>SHARE4MED,<\/strong> financ\u00e9 dans le cadre du programme <strong>Interreg NEXT MED<\/strong> et cofinanc\u00e9 par l\u2019Union europ\u00e9enne, soutient la Mission europ\u00e9enne pour les oc\u00e9ans en aidant les municipalit\u00e9s en particulier les plus petites \u00e0 mettre en \u0153uvre des initiatives vertes en faveur d\u2019une M\u00e9diterran\u00e9e durable. Ceci permettra d\u2019\u00e9tendre la Coalition des Maires (initialement bas\u00e9e en Italie) \u00e0 des pays non membres de l\u2019UE, en favorisant la coop\u00e9ration transm\u00e9diterran\u00e9enne autour des politiques environnementales locales.<\/p><p>Le projet d\u00e9veloppe un Plan d\u2019action partag\u00e9 et une plateforme num\u00e9rique permettant de suivre et d\u2019\u00e9valuer les progr\u00e8s r\u00e9alis\u00e9s dans la mise en \u0153uvre d\u2019actions durables, en impliquant activement les villes et les communaut\u00e9s locales des deux rives de la M\u00e9diterran\u00e9e.<\/p>\t\t\t\t\t\t\t\t<\/div>\n\t\t\t\t<\/div>\n\t\t\t\t\t<\/div>\n\t\t<\/div>\n\t\t\t\t\t<\/div>\n\t\t<\/section>\n\t\t\t\t<section class=\"elementor-section elementor-top-section elementor-element elementor-element-b0984a0 elementor-section-boxed elementor-section-height-default elementor-section-height-default\" data-id=\"b0984a0\" data-element_type=\"section\">\n\t\t\t\t\t\t<div class=\"elementor-container elementor-column-gap-default\">\n\t\t\t\t\t<div class=\"elementor-column elementor-col-100 elementor-top-column elementor-element elementor-element-71856c4\" data-id=\"71856c4\" data-element_type=\"column\">\n\t\t\t<div class=\"elementor-widget-wrap elementor-element-populated\">\n\t\t\t\t\t\t<div class=\"elementor-element elementor-element-1dbc37d elementor-widget__width-initial elementor-widget elementor-widget-image\" data-id=\"1dbc37d\" data-element_type=\"widget\" data-widget_type=\"image.default\">\n\t\t\t\t<div class=\"elementor-widget-container\">\n\t\t\t\t\t\t\t\t\t\t\t\t\t\t\t<img fetchpriority=\"high\" decoding=\"async\" width=\"724\" height=\"1024\" src=\"https:\/\/www.univ-usto.dz\/labo\/lsim\/wp-content\/uploads\/2025\/10\/The-SHARE4MED-poster-2-724x1024.jpg\" class=\"attachment-large size-large wp-image-12922\" alt=\"\" srcset=\"https:\/\/www.univ-usto.dz\/labo\/lsim\/wp-content\/uploads\/2025\/10\/The-SHARE4MED-poster-2-724x1024.jpg 724w, https:\/\/www.univ-usto.dz\/labo\/lsim\/wp-content\/uploads\/2025\/10\/The-SHARE4MED-poster-2-212x300.jpg 212w, https:\/\/www.univ-usto.dz\/labo\/lsim\/wp-content\/uploads\/2025\/10\/The-SHARE4MED-poster-2-768x1086.jpg 768w, https:\/\/www.univ-usto.dz\/labo\/lsim\/wp-content\/uploads\/2025\/10\/The-SHARE4MED-poster-2-1086x1536.jpg 1086w, https:\/\/www.univ-usto.dz\/labo\/lsim\/wp-content\/uploads\/2025\/10\/The-SHARE4MED-poster-2-191x270.jpg 191w, https:\/\/www.univ-usto.dz\/labo\/lsim\/wp-content\/uploads\/2025\/10\/The-SHARE4MED-poster-2-17x24.jpg 17w, https:\/\/www.univ-usto.dz\/labo\/lsim\/wp-content\/uploads\/2025\/10\/The-SHARE4MED-poster-2-25x36.jpg 25w, https:\/\/www.univ-usto.dz\/labo\/lsim\/wp-content\/uploads\/2025\/10\/The-SHARE4MED-poster-2-34x48.jpg 34w, https:\/\/www.univ-usto.dz\/labo\/lsim\/wp-content\/uploads\/2025\/10\/The-SHARE4MED-poster-2.jpg 1414w\" sizes=\"(max-width: 724px) 100vw, 724px\" \/>\t\t\t\t\t\t\t\t\t\t\t\t\t\t\t<\/div>\n\t\t\t\t<\/div>\n\t\t\t\t\t<\/div>\n\t\t<\/div>\n\t\t\t\t\t<\/div>\n\t\t<\/section>\n\t\t\t\t<section class=\"elementor-section elementor-top-section elementor-element elementor-element-0c95b5e elementor-section-boxed elementor-section-height-default elementor-section-height-default\" data-id=\"0c95b5e\" data-element_type=\"section\">\n\t\t\t\t\t\t<div class=\"elementor-container elementor-column-gap-default\">\n\t\t\t\t\t<div class=\"elementor-column elementor-col-100 elementor-top-column elementor-element elementor-element-daf029c\" data-id=\"daf029c\" data-element_type=\"column\">\n\t\t\t<div class=\"elementor-widget-wrap elementor-element-populated\">\n\t\t\t\t\t\t<div class=\"elementor-element elementor-element-0649d82 elementor-widget elementor-widget-text-editor\" data-id=\"0649d82\" data-element_type=\"widget\" data-widget_type=\"text-editor.default\">\n\t\t\t\t<div class=\"elementor-widget-container\">\n\t\t\t\t\t\t\t\t\t<h2><strong>Objectifs principaux<\/strong><\/h2>\t\t\t\t\t\t\t\t<\/div>\n\t\t\t\t<\/div>\n\t\t\t\t\t<\/div>\n\t\t<\/div>\n\t\t\t\t\t<\/div>\n\t\t<\/section>\n\t\t\t\t<section class=\"elementor-section elementor-top-section elementor-element elementor-element-0d30987 elementor-section-boxed elementor-section-height-default elementor-section-height-default\" data-id=\"0d30987\" data-element_type=\"section\">\n\t\t\t\t\t\t<div class=\"elementor-container elementor-column-gap-default\">\n\t\t\t\t\t<div class=\"elementor-column elementor-col-100 elementor-top-column elementor-element elementor-element-8a3c500\" data-id=\"8a3c500\" data-element_type=\"column\">\n\t\t\t<div class=\"elementor-widget-wrap elementor-element-populated\">\n\t\t\t\t\t\t<div class=\"elementor-element elementor-element-7e5d46b elementor-widget elementor-widget-text-editor\" data-id=\"7e5d46b\" data-element_type=\"widget\" data-widget_type=\"text-editor.default\">\n\t\t\t\t<div class=\"elementor-widget-container\">\n\t\t\t\t\t\t\t\t\t<ul><li>Promouvoir des initiatives locales durables li\u00e9es \u00e0 la protection des zones c\u00f4ti\u00e8res et maritimes.<\/li><li>Cr\u00e9er une plateforme num\u00e9rique collaborative pour le suivi des actions environnementales.<\/li><li>Renforcer la coop\u00e9ration entre les municipalit\u00e9s m\u00e9diterran\u00e9ennes, europ\u00e9ennes et non europ\u00e9ennes.<\/li><li>Contribuer aux objectifs de neutralit\u00e9 carbone et \u00e0 la pr\u00e9servation des \u00e9cosyst\u00e8mes marins.<\/li><\/ul>\t\t\t\t\t\t\t\t<\/div>\n\t\t\t\t<\/div>\n\t\t\t\t\t<\/div>\n\t\t<\/div>\n\t\t\t\t\t<\/div>\n\t\t<\/section>\n\t\t\t\t<section class=\"elementor-section elementor-top-section elementor-element elementor-element-c443173 elementor-section-boxed elementor-section-height-default elementor-section-height-default\" data-id=\"c443173\" data-element_type=\"section\">\n\t\t\t\t\t\t<div class=\"elementor-container elementor-column-gap-default\">\n\t\t\t\t\t<div class=\"elementor-column elementor-col-100 elementor-top-column elementor-element elementor-element-dfe001c\" data-id=\"dfe001c\" data-element_type=\"column\">\n\t\t\t<div class=\"elementor-widget-wrap elementor-element-populated\">\n\t\t\t\t\t\t<div class=\"elementor-element elementor-element-83520a2 elementor-widget elementor-widget-heading\" data-id=\"83520a2\" data-element_type=\"widget\" data-widget_type=\"heading.default\">\n\t\t\t\t<div class=\"elementor-widget-container\">\n\t\t\t\t\t<h2 class=\"elementor-heading-title elementor-size-default\">Partenaires du projet<\/h2>\t\t\t\t<\/div>\n\t\t\t\t<\/div>\n\t\t\t\t\t<\/div>\n\t\t<\/div>\n\t\t\t\t\t<\/div>\n\t\t<\/section>\n\t\t\t\t<section class=\"elementor-section elementor-top-section elementor-element elementor-element-762a023 elementor-section-boxed elementor-section-height-default elementor-section-height-default\" data-id=\"762a023\" data-element_type=\"section\">\n\t\t\t\t\t\t<div class=\"elementor-container elementor-column-gap-default\">\n\t\t\t\t\t<div class=\"elementor-column elementor-col-100 elementor-top-column elementor-element elementor-element-f801cba\" data-id=\"f801cba\" data-element_type=\"column\">\n\t\t\t<div class=\"elementor-widget-wrap elementor-element-populated\">\n\t\t\t\t\t\t<div class=\"elementor-element elementor-element-ee80798 elementor-widget elementor-widget-text-editor\" data-id=\"ee80798\" data-element_type=\"widget\" data-widget_type=\"text-editor.default\">\n\t\t\t\t<div class=\"elementor-widget-container\">\n\t\t\t\t\t\t\t\t\t<p>ETT S.p.A. (Italie) \u2013 Coordinateur du Projet<\/p><p>Municipalit\u00e9 de G\u00eanes (Italie)<\/p><p>Universit\u00e9 des Sciences et de la Technologie d\u2019Oran Mohamed Boudiaf (USTO-MB),<\/p><p><strong>Laboratoire de Structure et Ing\u00e9nierie Marines (LSIM) \u2013 Alg\u00e9rie<\/strong><\/p><p>Association La Saison Bleue (Tunisie)<\/p><p>Partenaire Associ\u00e9 : Association \u00c9cologique Marine BARBAROUS-Oran Alg\u00e9rie<\/p><p>Conseiller : SDG4MED<\/p><h2>Budget total : 1 139 600 \u20ac<\/h2><p>\u00a0<\/p><h2>(Dont 89 % de contribution de l\u2019Union europ\u00e9enne)<\/h2><p>\u00a0<\/p><h2>Dur\u00e9e du projet : du 11 juillet 2025 au 11 janvier 2028<\/h2><p>\u00a0<\/p>\t\t\t\t\t\t\t\t<\/div>\n\t\t\t\t<\/div>\n\t\t\t\t\t<\/div>\n\t\t<\/div>\n\t\t\t\t\t<\/div>\n\t\t<\/section>\n\t\t\t\t<\/div>\n\t\t","protected":false},"excerpt":{"rendered":"<p>Pr\u00e9sentation du projet Le projet SHARE4MED, financ\u00e9 dans le cadre du programme Interreg NEXT MED et cofinanc\u00e9 par l\u2019Union europ\u00e9enne, soutient la Mission europ\u00e9enne pour les oc\u00e9ans en aidant les <a href=\"https:\/\/www.univ-usto.dz\/labo\/lsim\/projet-share4med\/\" class=\"read-more\">Lire la suite &#8230;<\/a><\/p>\n","protected":false},"author":31,"featured_media":0,"parent":0,"menu_order":0,"comment_status":"closed","ping_status":"closed","template":"","meta":{"footnotes":""},"class_list":["post-12676","page","type-page","status-publish","hentry"],"_links":{"self":[{"href":"https:\/\/www.univ-usto.dz\/labo\/lsim\/wp-json\/wp\/v2\/pages\/12676","targetHints":{"allow":["GET"]}}],"collection":[{"href":"https:\/\/www.univ-usto.dz\/labo\/lsim\/wp-json\/wp\/v2\/pages"}],"about":[{"href":"https:\/\/www.univ-usto.dz\/labo\/lsim\/wp-json\/wp\/v2\/types\/page"}],"author":[{"embeddable":true,"href":"https:\/\/www.univ-usto.dz\/labo\/lsim\/wp-json\/wp\/v2\/users\/31"}],"replies":[{"embeddable":true,"href":"https:\/\/www.univ-usto.dz\/labo\/lsim\/wp-json\/wp\/v2\/comments?post=12676"}],"version-history":[{"count":25,"href":"https:\/\/www.univ-usto.dz\/labo\/lsim\/wp-json\/wp\/v2\/pages\/12676\/revisions"}],"predecessor-version":[{"id":12943,"href":"https:\/\/www.univ-usto.dz\/labo\/lsim\/wp-json\/wp\/v2\/pages\/12676\/revisions\/12943"}],"wp:attachment":[{"href":"https:\/\/www.univ-usto.dz\/labo\/lsim\/wp-json\/wp\/v2\/media?parent=12676"}],"curies":[{"name":"wp","href":"https:\/\/api.w.org\/{rel}","templated":true}]}}