{"id":12681,"date":"2025-10-12T09:43:08","date_gmt":"2025-10-12T09:43:08","guid":{"rendered":"https:\/\/www.univ-usto.dz\/labo\/lsim\/?page_id=12681"},"modified":"2026-02-15T18:57:52","modified_gmt":"2026-02-15T18:57:52","slug":"projet-greenmedports","status":"publish","type":"page","link":"https:\/\/www.univ-usto.dz\/labo\/lsim\/projet-greenmedports\/","title":{"rendered":""},"content":{"rendered":"\t\t<div data-elementor-type=\"wp-page\" data-elementor-id=\"12681\" class=\"elementor elementor-12681\">\n\t\t\t\t\t\t<section class=\"elementor-section elementor-top-section elementor-element elementor-element-3cd844e elementor-section-boxed elementor-section-height-default elementor-section-height-default\" data-id=\"3cd844e\" data-element_type=\"section\">\n\t\t\t\t\t\t<div class=\"elementor-container elementor-column-gap-default\">\n\t\t\t\t\t<div class=\"elementor-column elementor-col-100 elementor-top-column elementor-element elementor-element-c0bf5cc\" data-id=\"c0bf5cc\" data-element_type=\"column\">\n\t\t\t<div class=\"elementor-widget-wrap elementor-element-populated\">\n\t\t\t\t\t\t<div class=\"elementor-element elementor-element-39f560b elementor-widget elementor-widget-heading\" data-id=\"39f560b\" data-element_type=\"widget\" data-widget_type=\"heading.default\">\n\t\t\t\t<div class=\"elementor-widget-container\">\n\t\t\t\t\t<h2 class=\"elementor-heading-title elementor-size-default\">Projet GREENMEDPORTS<\/h2>\t\t\t\t<\/div>\n\t\t\t\t<\/div>\n\t\t\t\t\t<\/div>\n\t\t<\/div>\n\t\t\t\t\t<\/div>\n\t\t<\/section>\n\t\t\t\t<section class=\"elementor-section elementor-top-section elementor-element elementor-element-61372c7 elementor-section-boxed elementor-section-height-default elementor-section-height-default\" data-id=\"61372c7\" data-element_type=\"section\">\n\t\t\t\t\t\t<div class=\"elementor-container elementor-column-gap-default\">\n\t\t\t\t\t<div class=\"elementor-column elementor-col-100 elementor-top-column elementor-element elementor-element-e86088c\" data-id=\"e86088c\" data-element_type=\"column\">\n\t\t\t<div class=\"elementor-widget-wrap elementor-element-populated\">\n\t\t\t\t\t\t<div class=\"elementor-element elementor-element-ca167e4 elementor-widget elementor-widget-heading\" data-id=\"ca167e4\" data-element_type=\"widget\" data-widget_type=\"heading.default\">\n\t\t\t\t<div class=\"elementor-widget-container\">\n\t\t\t\t\t<h2 class=\"elementor-heading-title elementor-size-default\">Pr\u00e9sentation du Projet<\/h2>\t\t\t\t<\/div>\n\t\t\t\t<\/div>\n\t\t\t\t\t<\/div>\n\t\t<\/div>\n\t\t\t\t\t<\/div>\n\t\t<\/section>\n\t\t\t\t<section class=\"elementor-section elementor-top-section elementor-element elementor-element-8389a6d elementor-section-boxed elementor-section-height-default elementor-section-height-default\" data-id=\"8389a6d\" data-element_type=\"section\">\n\t\t\t\t\t\t<div class=\"elementor-container elementor-column-gap-default\">\n\t\t\t\t\t<div class=\"elementor-column elementor-col-100 elementor-top-column elementor-element elementor-element-c56fc6c\" data-id=\"c56fc6c\" data-element_type=\"column\">\n\t\t\t<div class=\"elementor-widget-wrap elementor-element-populated\">\n\t\t\t\t\t\t<div class=\"elementor-element elementor-element-e8ec5bd elementor-widget-tablet__width-initial elementor-widget elementor-widget-text-editor\" data-id=\"e8ec5bd\" data-element_type=\"widget\" data-widget_type=\"text-editor.default\">\n\t\t\t\t<div class=\"elementor-widget-container\">\n\t\t\t\t\t\t\t\t\t<p><strong>Le Laboratoire des Sciences et Ing\u00e9nieries Maritimes (LSIM)<\/strong> de <strong>l\u2019Universit\u00e9 des Sciences et de la Technologie d\u2019Oran Mohamed Boudiaf (USTO-MB)<\/strong> participe actuellement au projet europ\u00e9en <strong>GREENMEDPORTS<\/strong>, cofinanc\u00e9 par l\u2019Union europ\u00e9enne dans le cadre du programme <strong>Interreg NEXT MED.<\/strong><\/p><p>Ce projet ambitieux vise \u00e0 r\u00e9duire l\u2019impact environnemental du transport maritime en M\u00e9diterran\u00e9e et \u00e0 favoriser la transition vers des ports plus propres, connect\u00e9s et r\u00e9silients. Il r\u00e9unit plusieurs partenaires institutionnels et scientifiques <strong>d\u2019Italie, d\u2019Alg\u00e9rie, d&rsquo;Espagne, d\u2019\u00c9gypte, de Tunisie, de Jordanie et de Malte<\/strong> autour d\u2019un objectif commun : b\u00e2tir un \u00e9cosyst\u00e8me portuaire durable fond\u00e9 sur la coop\u00e9ration et l\u2019innovation.<\/p>\t\t\t\t\t\t\t\t<\/div>\n\t\t\t\t<\/div>\n\t\t\t\t\t<\/div>\n\t\t<\/div>\n\t\t\t\t\t<\/div>\n\t\t<\/section>\n\t\t\t\t<section class=\"elementor-section elementor-top-section elementor-element elementor-element-7dd23d8 elementor-section-boxed elementor-section-height-default elementor-section-height-default\" data-id=\"7dd23d8\" data-element_type=\"section\">\n\t\t\t\t\t\t<div class=\"elementor-container elementor-column-gap-default\">\n\t\t\t\t\t<div class=\"elementor-column elementor-col-100 elementor-top-column elementor-element elementor-element-0b42c90\" data-id=\"0b42c90\" data-element_type=\"column\">\n\t\t\t<div class=\"elementor-widget-wrap elementor-element-populated\">\n\t\t\t\t\t\t<div class=\"elementor-element elementor-element-bc07248 elementor-widget elementor-widget-image\" data-id=\"bc07248\" data-element_type=\"widget\" data-widget_type=\"image.default\">\n\t\t\t\t<div class=\"elementor-widget-container\">\n\t\t\t\t\t\t\t\t\t\t\t\t\t\t\t<img fetchpriority=\"high\" decoding=\"async\" width=\"847\" height=\"599\" src=\"https:\/\/www.univ-usto.dz\/labo\/lsim\/wp-content\/uploads\/2025\/11\/ports-png-1024x724.png\" class=\"attachment-large size-large wp-image-13218\" alt=\"\" srcset=\"https:\/\/www.univ-usto.dz\/labo\/lsim\/wp-content\/uploads\/2025\/11\/ports-png-1024x724.png 1024w, https:\/\/www.univ-usto.dz\/labo\/lsim\/wp-content\/uploads\/2025\/11\/ports-png-300x212.png 300w, https:\/\/www.univ-usto.dz\/labo\/lsim\/wp-content\/uploads\/2025\/11\/ports-png-768x543.png 768w, https:\/\/www.univ-usto.dz\/labo\/lsim\/wp-content\/uploads\/2025\/11\/ports-png-1536x1086.png 1536w, https:\/\/www.univ-usto.dz\/labo\/lsim\/wp-content\/uploads\/2025\/11\/ports-png-360x255.png 360w, https:\/\/www.univ-usto.dz\/labo\/lsim\/wp-content\/uploads\/2025\/11\/ports-png-24x17.png 24w, https:\/\/www.univ-usto.dz\/labo\/lsim\/wp-content\/uploads\/2025\/11\/ports-png-36x25.png 36w, https:\/\/www.univ-usto.dz\/labo\/lsim\/wp-content\/uploads\/2025\/11\/ports-png-48x34.png 48w, https:\/\/www.univ-usto.dz\/labo\/lsim\/wp-content\/uploads\/2025\/11\/ports-png.png 2000w\" sizes=\"(max-width: 847px) 100vw, 847px\" \/>\t\t\t\t\t\t\t\t\t\t\t\t\t\t\t<\/div>\n\t\t\t\t<\/div>\n\t\t\t\t\t<\/div>\n\t\t<\/div>\n\t\t\t\t\t<\/div>\n\t\t<\/section>\n\t\t\t\t<section class=\"elementor-section elementor-top-section elementor-element elementor-element-2c8d12f elementor-section-boxed elementor-section-height-default elementor-section-height-default\" data-id=\"2c8d12f\" data-element_type=\"section\">\n\t\t\t\t\t\t<div class=\"elementor-container elementor-column-gap-default\">\n\t\t\t\t\t<div class=\"elementor-column elementor-col-100 elementor-top-column elementor-element elementor-element-0240511\" data-id=\"0240511\" data-element_type=\"column\">\n\t\t\t<div class=\"elementor-widget-wrap elementor-element-populated\">\n\t\t\t\t\t\t<div class=\"elementor-element elementor-element-eac92a0 elementor-widget elementor-widget-image\" data-id=\"eac92a0\" data-element_type=\"widget\" data-widget_type=\"image.default\">\n\t\t\t\t<div class=\"elementor-widget-container\">\n\t\t\t\t\t\t\t\t\t\t\t\t\t\t\t<img decoding=\"async\" width=\"124\" height=\"300\" src=\"https:\/\/www.univ-usto.dz\/labo\/lsim\/wp-content\/uploads\/2026\/02\/roll-up-greenmedports-124x300.jpg\" class=\"attachment-medium size-medium wp-image-13310\" alt=\"\" srcset=\"https:\/\/www.univ-usto.dz\/labo\/lsim\/wp-content\/uploads\/2026\/02\/roll-up-greenmedports-124x300.jpg 124w, https:\/\/www.univ-usto.dz\/labo\/lsim\/wp-content\/uploads\/2026\/02\/roll-up-greenmedports-425x1024.jpg 425w, https:\/\/www.univ-usto.dz\/labo\/lsim\/wp-content\/uploads\/2026\/02\/roll-up-greenmedports-768x1853.jpg 768w, https:\/\/www.univ-usto.dz\/labo\/lsim\/wp-content\/uploads\/2026\/02\/roll-up-greenmedports-637x1536.jpg 637w, https:\/\/www.univ-usto.dz\/labo\/lsim\/wp-content\/uploads\/2026\/02\/roll-up-greenmedports-112x270.jpg 112w, https:\/\/www.univ-usto.dz\/labo\/lsim\/wp-content\/uploads\/2026\/02\/roll-up-greenmedports-10x24.jpg 10w, https:\/\/www.univ-usto.dz\/labo\/lsim\/wp-content\/uploads\/2026\/02\/roll-up-greenmedports-15x36.jpg 15w, https:\/\/www.univ-usto.dz\/labo\/lsim\/wp-content\/uploads\/2026\/02\/roll-up-greenmedports-20x48.jpg 20w, https:\/\/www.univ-usto.dz\/labo\/lsim\/wp-content\/uploads\/2026\/02\/roll-up-greenmedports.jpg 849w\" sizes=\"(max-width: 124px) 100vw, 124px\" \/>\t\t\t\t\t\t\t\t\t\t\t\t\t\t\t<\/div>\n\t\t\t\t<\/div>\n\t\t\t\t\t<\/div>\n\t\t<\/div>\n\t\t\t\t\t<\/div>\n\t\t<\/section>\n\t\t\t\t<section class=\"elementor-section elementor-top-section elementor-element elementor-element-5173f0e elementor-section-boxed elementor-section-height-default elementor-section-height-default\" data-id=\"5173f0e\" data-element_type=\"section\">\n\t\t\t\t\t\t<div class=\"elementor-container elementor-column-gap-default\">\n\t\t\t\t\t<div class=\"elementor-column elementor-col-100 elementor-top-column elementor-element elementor-element-7cf8f36\" data-id=\"7cf8f36\" data-element_type=\"column\">\n\t\t\t<div class=\"elementor-widget-wrap elementor-element-populated\">\n\t\t\t\t\t\t<div class=\"elementor-element elementor-element-8db5fb8 elementor-widget elementor-widget-heading\" data-id=\"8db5fb8\" data-element_type=\"widget\" data-widget_type=\"heading.default\">\n\t\t\t\t<div class=\"elementor-widget-container\">\n\t\t\t\t\t<h2 class=\"elementor-heading-title elementor-size-default\">Objectifs du Projet<\/h2>\t\t\t\t<\/div>\n\t\t\t\t<\/div>\n\t\t\t\t\t<\/div>\n\t\t<\/div>\n\t\t\t\t\t<\/div>\n\t\t<\/section>\n\t\t\t\t<section class=\"elementor-section elementor-top-section elementor-element elementor-element-5c55fb8 elementor-section-boxed elementor-section-height-default elementor-section-height-default\" data-id=\"5c55fb8\" data-element_type=\"section\">\n\t\t\t\t\t\t<div class=\"elementor-container elementor-column-gap-default\">\n\t\t\t\t\t<div class=\"elementor-column elementor-col-100 elementor-top-column elementor-element elementor-element-76c7f34\" data-id=\"76c7f34\" data-element_type=\"column\">\n\t\t\t<div class=\"elementor-widget-wrap elementor-element-populated\">\n\t\t\t\t\t\t<div class=\"elementor-element elementor-element-664f89f elementor-widget-tablet__width-initial elementor-widget elementor-widget-text-editor\" data-id=\"664f89f\" data-element_type=\"widget\" data-widget_type=\"text-editor.default\">\n\t\t\t\t<div class=\"elementor-widget-container\">\n\t\t\t\t\t\t\t\t\t<p>Le laboratoire <strong>LSIM<\/strong> joue un r\u00f4le cl\u00e9 dans la mise en \u0153uvre des activit\u00e9s pilotes du projet au <strong>Port d\u2019Oran<\/strong>. Le laboratoire d\u00e9veloppe notamment :<\/p><ul><li><p>Une plateforme num\u00e9rique environnementale permettant de suivre et d\u2019analyser les param\u00e8tres li\u00e9s \u00e0 la qualit\u00e9 de l\u2019air, de l\u2019eau et des \u00e9missions portuaires ;<\/p><\/li><\/ul><ul><li><p>Un prototype de bou\u00e9e intelligente capable de mesurer en temps r\u00e9el plusieurs indicateurs environnementaux (pH, turbidit\u00e9, salinit\u00e9, temp\u00e9rature)\u00a0<\/p><\/li><\/ul><ul><li><p>Une \u00e9tude strat\u00e9gique sur la faisabilit\u00e9 du soutage en carburants alternatifs (<strong>GNL, m\u00e9thanol, hydrog\u00e8ne<\/strong>) dans le contexte m\u00e9diterran\u00e9en, ouvrant la voie \u00e0 la cr\u00e9ation d\u2019un futur corridor vert entre l\u2019Alg\u00e9rie et ses partenaires r\u00e9gionaux.<\/p><\/li><\/ul>\t\t\t\t\t\t\t\t<\/div>\n\t\t\t\t<\/div>\n\t\t\t\t\t<\/div>\n\t\t<\/div>\n\t\t\t\t\t<\/div>\n\t\t<\/section>\n\t\t\t\t<\/div>\n\t\t","protected":false},"excerpt":{"rendered":"<p>Projet GREENMEDPORTS Pr\u00e9sentation du Projet Le Laboratoire des Sciences et Ing\u00e9nieries Maritimes (LSIM) de l\u2019Universit\u00e9 des Sciences et de la Technologie d\u2019Oran Mohamed Boudiaf (USTO-MB) participe actuellement au projet europ\u00e9en <a href=\"https:\/\/www.univ-usto.dz\/labo\/lsim\/projet-greenmedports\/\" class=\"read-more\">Lire la suite &#8230;<\/a><\/p>\n","protected":false},"author":31,"featured_media":0,"parent":0,"menu_order":0,"comment_status":"closed","ping_status":"closed","template":"","meta":{"footnotes":""},"class_list":["post-12681","page","type-page","status-publish","hentry"],"_links":{"self":[{"href":"https:\/\/www.univ-usto.dz\/labo\/lsim\/wp-json\/wp\/v2\/pages\/12681","targetHints":{"allow":["GET"]}}],"collection":[{"href":"https:\/\/www.univ-usto.dz\/labo\/lsim\/wp-json\/wp\/v2\/pages"}],"about":[{"href":"https:\/\/www.univ-usto.dz\/labo\/lsim\/wp-json\/wp\/v2\/types\/page"}],"author":[{"embeddable":true,"href":"https:\/\/www.univ-usto.dz\/labo\/lsim\/wp-json\/wp\/v2\/users\/31"}],"replies":[{"embeddable":true,"href":"https:\/\/www.univ-usto.dz\/labo\/lsim\/wp-json\/wp\/v2\/comments?post=12681"}],"version-history":[{"count":53,"href":"https:\/\/www.univ-usto.dz\/labo\/lsim\/wp-json\/wp\/v2\/pages\/12681\/revisions"}],"predecessor-version":[{"id":13313,"href":"https:\/\/www.univ-usto.dz\/labo\/lsim\/wp-json\/wp\/v2\/pages\/12681\/revisions\/13313"}],"wp:attachment":[{"href":"https:\/\/www.univ-usto.dz\/labo\/lsim\/wp-json\/wp\/v2\/media?parent=12681"}],"curies":[{"name":"wp","href":"https:\/\/api.w.org\/{rel}","templated":true}]}}