{"id":12686,"date":"2025-10-12T09:45:41","date_gmt":"2025-10-12T09:45:41","guid":{"rendered":"https:\/\/www.univ-usto.dz\/labo\/lsim\/?page_id=12686"},"modified":"2025-10-28T18:20:30","modified_gmt":"2025-10-28T18:20:30","slug":"itpa","status":"publish","type":"page","link":"https:\/\/www.univ-usto.dz\/labo\/lsim\/itpa\/","title":{"rendered":""},"content":{"rendered":"\t\t<div data-elementor-type=\"wp-page\" data-elementor-id=\"12686\" class=\"elementor elementor-12686\">\n\t\t\t\t\t\t<section class=\"elementor-section elementor-top-section elementor-element elementor-element-495a0ca elementor-section-boxed elementor-section-height-default elementor-section-height-default\" data-id=\"495a0ca\" data-element_type=\"section\">\n\t\t\t\t\t\t<div class=\"elementor-container elementor-column-gap-default\">\n\t\t\t\t\t<div class=\"elementor-column elementor-col-100 elementor-top-column elementor-element elementor-element-a4ac75e\" data-id=\"a4ac75e\" data-element_type=\"column\">\n\t\t\t<div class=\"elementor-widget-wrap elementor-element-populated\">\n\t\t\t\t\t\t<div class=\"elementor-element elementor-element-43c1fc5 elementor-widget elementor-widget-heading\" data-id=\"43c1fc5\" data-element_type=\"widget\" data-widget_type=\"heading.default\">\n\t\t\t\t<div class=\"elementor-widget-container\">\n\t\t\t\t\t<h2 class=\"elementor-heading-title elementor-size-default\">Partenariat entre LSIM et ITPA<\/h2>\t\t\t\t<\/div>\n\t\t\t\t<\/div>\n\t\t\t\t\t<\/div>\n\t\t<\/div>\n\t\t\t\t\t<\/div>\n\t\t<\/section>\n\t\t\t\t<section class=\"elementor-section elementor-top-section elementor-element elementor-element-cf1b556 elementor-section-boxed elementor-section-height-default elementor-section-height-default\" data-id=\"cf1b556\" data-element_type=\"section\">\n\t\t\t\t\t\t<div class=\"elementor-container elementor-column-gap-default\">\n\t\t\t\t\t<div class=\"elementor-column elementor-col-100 elementor-top-column elementor-element elementor-element-fda9d42\" data-id=\"fda9d42\" data-element_type=\"column\">\n\t\t\t<div class=\"elementor-widget-wrap elementor-element-populated\">\n\t\t\t\t\t\t<div class=\"elementor-element elementor-element-9950800 elementor-widget elementor-widget-text-editor\" data-id=\"9950800\" data-element_type=\"widget\" data-widget_type=\"text-editor.default\">\n\t\t\t\t<div class=\"elementor-widget-container\">\n\t\t\t\t\t\t\t\t\t<p>L\u2019Institut de Technologie des P\u00eaches et de l\u2019Aquaculture (ITPA) d\u2019Oran est un \u00e9tablissement public \u00e0 caract\u00e8re administratif relevant du Minist\u00e8re de la P\u00eache et des Productions Halieutiques. Il a pour mission principale la formation, la recherche appliqu\u00e9e et la vulgarisation scientifique dans les domaines li\u00e9s \u00e0 la p\u00eache, \u00e0 l\u2019aquaculture et \u00e0 la valorisation des ressources marines.<\/p><p>L\u2019ITPA d\u2019Oran joue un r\u00f4le strat\u00e9gique dans le d\u00e9veloppement du secteur halieutique et aquacole national. \u00c0 travers ses programmes de formation technique et professionnelle, il contribue \u00e0 la qualification des cadres et techniciens capables de r\u00e9pondre aux besoins du march\u00e9 et aux exigences de durabilit\u00e9 dans l\u2019exploitation des ressources aquatiques.<\/p><p>L\u2019Institut m\u00e8ne \u00e9galement des activit\u00e9s de recherche appliqu\u00e9e visant \u00e0 am\u00e9liorer les pratiques de production aquacole, \u00e0 promouvoir l\u2019innovation technologique dans les syst\u00e8mes d\u2019\u00e9levage et \u00e0 renforcer la gestion durable des ressources halieutiques.<\/p><p>Gr\u00e2ce \u00e0 ses infrastructures modernes, \u00e0 ses laboratoires sp\u00e9cialis\u00e9s et \u00e0 la comp\u00e9tence de son personnel enseignant et scientifique, l\u2019ITPA d\u2019Oran constitue un acteur cl\u00e9 dans la consolidation du lien entre enseignement, recherche et d\u00e9veloppement durable du littoral alg\u00e9rien.<\/p>\t\t\t\t\t\t\t\t<\/div>\n\t\t\t\t<\/div>\n\t\t\t\t\t<\/div>\n\t\t<\/div>\n\t\t\t\t\t<\/div>\n\t\t<\/section>\n\t\t\t\t<section class=\"elementor-section elementor-top-section elementor-element elementor-element-b0bee04 elementor-section-boxed elementor-section-height-default elementor-section-height-default\" data-id=\"b0bee04\" data-element_type=\"section\">\n\t\t\t\t\t\t<div class=\"elementor-container elementor-column-gap-custom\">\n\t\t\t\t\t<div class=\"elementor-column elementor-col-100 elementor-top-column elementor-element elementor-element-48fa28a\" data-id=\"48fa28a\" data-element_type=\"column\">\n\t\t\t<div class=\"elementor-widget-wrap elementor-element-populated\">\n\t\t\t\t\t\t<div class=\"elementor-element elementor-element-347a808 elementor-widget__width-initial elementor-widget elementor-widget-image\" data-id=\"347a808\" data-element_type=\"widget\" data-widget_type=\"image.default\">\n\t\t\t\t<div class=\"elementor-widget-container\">\n\t\t\t\t\t\t\t\t\t\t\t\t\t\t\t<img fetchpriority=\"high\" decoding=\"async\" width=\"780\" height=\"470\" src=\"https:\/\/www.univ-usto.dz\/labo\/lsim\/wp-content\/uploads\/2025\/10\/image_ITPA1.jpg\" class=\"attachment-large size-large wp-image-13113\" alt=\"\" srcset=\"https:\/\/www.univ-usto.dz\/labo\/lsim\/wp-content\/uploads\/2025\/10\/image_ITPA1.jpg 780w, https:\/\/www.univ-usto.dz\/labo\/lsim\/wp-content\/uploads\/2025\/10\/image_ITPA1-300x181.jpg 300w, https:\/\/www.univ-usto.dz\/labo\/lsim\/wp-content\/uploads\/2025\/10\/image_ITPA1-768x463.jpg 768w, https:\/\/www.univ-usto.dz\/labo\/lsim\/wp-content\/uploads\/2025\/10\/image_ITPA1-360x217.jpg 360w, https:\/\/www.univ-usto.dz\/labo\/lsim\/wp-content\/uploads\/2025\/10\/image_ITPA1-24x14.jpg 24w, https:\/\/www.univ-usto.dz\/labo\/lsim\/wp-content\/uploads\/2025\/10\/image_ITPA1-36x22.jpg 36w, https:\/\/www.univ-usto.dz\/labo\/lsim\/wp-content\/uploads\/2025\/10\/image_ITPA1-48x29.jpg 48w\" sizes=\"(max-width: 780px) 100vw, 780px\" \/>\t\t\t\t\t\t\t\t\t\t\t\t\t\t\t<\/div>\n\t\t\t\t<\/div>\n\t\t\t\t\t<\/div>\n\t\t<\/div>\n\t\t\t\t\t<\/div>\n\t\t<\/section>\n\t\t\t\t<section class=\"elementor-section elementor-top-section elementor-element elementor-element-45b6df5 elementor-section-boxed elementor-section-height-default elementor-section-height-default\" data-id=\"45b6df5\" data-element_type=\"section\">\n\t\t\t\t\t\t<div class=\"elementor-container elementor-column-gap-default\">\n\t\t\t\t\t<div class=\"elementor-column elementor-col-100 elementor-top-column elementor-element elementor-element-bc9d038\" data-id=\"bc9d038\" data-element_type=\"column\">\n\t\t\t<div class=\"elementor-widget-wrap elementor-element-populated\">\n\t\t\t\t\t\t<div class=\"elementor-element elementor-element-7db6ea9 elementor-widget__width-initial elementor-widget elementor-widget-image\" data-id=\"7db6ea9\" data-element_type=\"widget\" data-widget_type=\"image.default\">\n\t\t\t\t<div class=\"elementor-widget-container\">\n\t\t\t\t\t\t\t\t\t\t\t\t\t\t\t<img decoding=\"async\" width=\"800\" height=\"533\" src=\"https:\/\/www.univ-usto.dz\/labo\/lsim\/wp-content\/uploads\/2025\/10\/Image-ITPA2.jpg\" class=\"attachment-large size-large wp-image-13112\" alt=\"\" srcset=\"https:\/\/www.univ-usto.dz\/labo\/lsim\/wp-content\/uploads\/2025\/10\/Image-ITPA2.jpg 800w, https:\/\/www.univ-usto.dz\/labo\/lsim\/wp-content\/uploads\/2025\/10\/Image-ITPA2-300x200.jpg 300w, https:\/\/www.univ-usto.dz\/labo\/lsim\/wp-content\/uploads\/2025\/10\/Image-ITPA2-768x512.jpg 768w, https:\/\/www.univ-usto.dz\/labo\/lsim\/wp-content\/uploads\/2025\/10\/Image-ITPA2-360x240.jpg 360w, https:\/\/www.univ-usto.dz\/labo\/lsim\/wp-content\/uploads\/2025\/10\/Image-ITPA2-24x16.jpg 24w, https:\/\/www.univ-usto.dz\/labo\/lsim\/wp-content\/uploads\/2025\/10\/Image-ITPA2-36x24.jpg 36w, https:\/\/www.univ-usto.dz\/labo\/lsim\/wp-content\/uploads\/2025\/10\/Image-ITPA2-48x32.jpg 48w\" sizes=\"(max-width: 800px) 100vw, 800px\" \/>\t\t\t\t\t\t\t\t\t\t\t\t\t\t\t<\/div>\n\t\t\t\t<\/div>\n\t\t\t\t\t<\/div>\n\t\t<\/div>\n\t\t\t\t\t<\/div>\n\t\t<\/section>\n\t\t\t\t<section class=\"elementor-section elementor-top-section elementor-element elementor-element-7763519 elementor-section-boxed elementor-section-height-default elementor-section-height-default\" data-id=\"7763519\" data-element_type=\"section\">\n\t\t\t\t\t\t<div class=\"elementor-container elementor-column-gap-default\">\n\t\t\t\t\t<div class=\"elementor-column elementor-col-100 elementor-top-column elementor-element elementor-element-6f69a03\" data-id=\"6f69a03\" data-element_type=\"column\">\n\t\t\t<div class=\"elementor-widget-wrap elementor-element-populated\">\n\t\t\t\t\t\t<div class=\"elementor-element elementor-element-b498eac elementor-widget elementor-widget-text-editor\" data-id=\"b498eac\" data-element_type=\"widget\" data-widget_type=\"text-editor.default\">\n\t\t\t\t<div class=\"elementor-widget-container\">\n\t\t\t\t\t\t\t\t\t<p><strong>Le Laboratoire des Sciences et Ing\u00e9nieries Maritimes \u00a0(LSIM)<\/strong> de l\u2019Universit\u00e9 des Sciences et de la Technologie d\u2019Oran \u2013 Mohamed Boudiaf (USTO-MB) a r\u00e9cemment sign\u00e9 une convention de partenariat avec l\u2019Institut de Technologie des P\u00eaches et de l\u2019Aquaculture (ITPA) d\u2019Oran.<\/p><p>Cette collaboration s\u2019inscrit dans une d\u00e9marche de renforcement des liens entre la recherche scientifique et le d\u00e9veloppement socio-\u00e9conomique, notamment dans les domaines de l\u2019environnement, des ressources marines et des technologies innovantes appliqu\u00e9es \u00e0 l\u2019aquaculture.<\/p><p>\u00c0 travers cette convention, les deux institutions ambitionnent de :<\/p><ul><li><p>D\u00e9velopper des projets de recherche conjoints dans les domaines de la surveillance environnementale, de la mod\u00e9lisation num\u00e9rique et de la valorisation des ressources halieutiques ;<\/p><\/li><li><p>Favoriser la formation et la mobilit\u00e9 des \u00e9tudiants et chercheurs ;<\/p><\/li><li><p>Promouvoir l\u2019utilisation des technologies intelligentes et des outils num\u00e9riques pour la gestion durable des \u00e9cosyst\u00e8mes marins.<\/p><\/li><\/ul><p>Ce partenariat illustre la volont\u00e9 commune du <strong>Laboratoire LSIM<\/strong> de l\u2019ITPA d\u2019Oran de mettre la science et la technologie au service du d\u00e9veloppement durable du littoral m\u00e9diterran\u00e9en, tout en soutenant la recherche appliqu\u00e9e au service des acteurs du secteur halieutique et aquacole.<\/p>\t\t\t\t\t\t\t\t<\/div>\n\t\t\t\t<\/div>\n\t\t\t\t\t<\/div>\n\t\t<\/div>\n\t\t\t\t\t<\/div>\n\t\t<\/section>\n\t\t\t\t<section class=\"elementor-section elementor-top-section elementor-element elementor-element-55d4399 elementor-section-boxed elementor-section-height-default elementor-section-height-default\" data-id=\"55d4399\" data-element_type=\"section\">\n\t\t\t\t\t\t<div class=\"elementor-container elementor-column-gap-default\">\n\t\t\t\t\t<div class=\"elementor-column elementor-col-100 elementor-top-column elementor-element elementor-element-4262878\" data-id=\"4262878\" data-element_type=\"column\">\n\t\t\t<div class=\"elementor-widget-wrap elementor-element-populated\">\n\t\t\t\t\t\t<div class=\"elementor-element elementor-element-42bfc20 elementor-widget elementor-widget-button\" data-id=\"42bfc20\" data-element_type=\"widget\" data-widget_type=\"button.default\">\n\t\t\t\t<div class=\"elementor-widget-container\">\n\t\t\t\t\t\t\t\t\t<div class=\"elementor-button-wrapper\">\n\t\t\t\t\t<a class=\"elementor-button elementor-button-link elementor-size-sm\" href=\"https:\/\/www.univ-usto.dz\/labo\/lsim\/wp-content\/uploads\/2025\/10\/Convention_ITPA_LSIM.pdf\">\n\t\t\t\t\t\t<span class=\"elementor-button-content-wrapper\">\n\t\t\t\t\t\t\t\t\t<span class=\"elementor-button-text\">Convention_LSIM_ITPA<\/span>\n\t\t\t\t\t<\/span>\n\t\t\t\t\t<\/a>\n\t\t\t\t<\/div>\n\t\t\t\t\t\t\t\t<\/div>\n\t\t\t\t<\/div>\n\t\t\t\t\t<\/div>\n\t\t<\/div>\n\t\t\t\t\t<\/div>\n\t\t<\/section>\n\t\t\t\t<\/div>\n\t\t","protected":false},"excerpt":{"rendered":"<p>Partenariat entre LSIM et ITPA L\u2019Institut de Technologie des P\u00eaches et de l\u2019Aquaculture (ITPA) d\u2019Oran est un \u00e9tablissement public \u00e0 caract\u00e8re administratif relevant du Minist\u00e8re de la P\u00eache et des <a href=\"https:\/\/www.univ-usto.dz\/labo\/lsim\/itpa\/\" class=\"read-more\">Lire la suite &#8230;<\/a><\/p>\n","protected":false},"author":31,"featured_media":0,"parent":0,"menu_order":0,"comment_status":"closed","ping_status":"closed","template":"","meta":{"footnotes":""},"class_list":["post-12686","page","type-page","status-publish","hentry"],"_links":{"self":[{"href":"https:\/\/www.univ-usto.dz\/labo\/lsim\/wp-json\/wp\/v2\/pages\/12686","targetHints":{"allow":["GET"]}}],"collection":[{"href":"https:\/\/www.univ-usto.dz\/labo\/lsim\/wp-json\/wp\/v2\/pages"}],"about":[{"href":"https:\/\/www.univ-usto.dz\/labo\/lsim\/wp-json\/wp\/v2\/types\/page"}],"author":[{"embeddable":true,"href":"https:\/\/www.univ-usto.dz\/labo\/lsim\/wp-json\/wp\/v2\/users\/31"}],"replies":[{"embeddable":true,"href":"https:\/\/www.univ-usto.dz\/labo\/lsim\/wp-json\/wp\/v2\/comments?post=12686"}],"version-history":[{"count":29,"href":"https:\/\/www.univ-usto.dz\/labo\/lsim\/wp-json\/wp\/v2\/pages\/12686\/revisions"}],"predecessor-version":[{"id":13177,"href":"https:\/\/www.univ-usto.dz\/labo\/lsim\/wp-json\/wp\/v2\/pages\/12686\/revisions\/13177"}],"wp:attachment":[{"href":"https:\/\/www.univ-usto.dz\/labo\/lsim\/wp-json\/wp\/v2\/media?parent=12686"}],"curies":[{"name":"wp","href":"https:\/\/api.w.org\/{rel}","templated":true}]}}