{"id":12691,"date":"2025-10-12T09:47:49","date_gmt":"2025-10-12T09:47:49","guid":{"rendered":"https:\/\/www.univ-usto.dz\/labo\/lsim\/?page_id=12691"},"modified":"2025-10-28T16:57:40","modified_gmt":"2025-10-28T16:57:40","slug":"direction-de-la-peche-et-daquaculture-doran","status":"publish","type":"page","link":"https:\/\/www.univ-usto.dz\/labo\/lsim\/direction-de-la-peche-et-daquaculture-doran\/","title":{"rendered":""},"content":{"rendered":"\t\t<div data-elementor-type=\"wp-page\" data-elementor-id=\"12691\" class=\"elementor elementor-12691\">\n\t\t\t\t\t\t<section class=\"elementor-section elementor-top-section elementor-element elementor-element-185cf22 elementor-section-boxed elementor-section-height-default elementor-section-height-default\" data-id=\"185cf22\" data-element_type=\"section\">\n\t\t\t\t\t\t<div class=\"elementor-container elementor-column-gap-default\">\n\t\t\t\t\t<div class=\"elementor-column elementor-col-100 elementor-top-column elementor-element elementor-element-9420545\" data-id=\"9420545\" data-element_type=\"column\">\n\t\t\t<div class=\"elementor-widget-wrap elementor-element-populated\">\n\t\t\t\t\t\t<div class=\"elementor-element elementor-element-44cc63f elementor-widget elementor-widget-heading\" data-id=\"44cc63f\" data-element_type=\"widget\" data-widget_type=\"heading.default\">\n\t\t\t\t<div class=\"elementor-widget-container\">\n\t\t\t\t\t<h2 class=\"elementor-heading-title elementor-size-default\">Partenariat entre LSIM et la Direction de la P\u00eache et d'Aquaculture de la Wilaya d'Oran<\/h2>\t\t\t\t<\/div>\n\t\t\t\t<\/div>\n\t\t\t\t\t<\/div>\n\t\t<\/div>\n\t\t\t\t\t<\/div>\n\t\t<\/section>\n\t\t\t\t<section class=\"elementor-section elementor-top-section elementor-element elementor-element-488bf14 elementor-section-boxed elementor-section-height-default elementor-section-height-default\" data-id=\"488bf14\" data-element_type=\"section\">\n\t\t\t\t\t\t<div class=\"elementor-container elementor-column-gap-default\">\n\t\t\t\t\t<div class=\"elementor-column elementor-col-100 elementor-top-column elementor-element elementor-element-109fee7\" data-id=\"109fee7\" data-element_type=\"column\">\n\t\t\t<div class=\"elementor-widget-wrap elementor-element-populated\">\n\t\t\t\t\t\t<div class=\"elementor-element elementor-element-56c8f97 elementor-widget elementor-widget-text-editor\" data-id=\"56c8f97\" data-element_type=\"widget\" data-widget_type=\"text-editor.default\">\n\t\t\t\t<div class=\"elementor-widget-container\">\n\t\t\t\t\t\t\t\t\t<p>La Direction de la P\u00eache et d\u2019Aquaculture de la wilaya d\u2019Oran est un organisme public relevant du Minist\u00e8re de la P\u00eache et des Productions Halieutiques.<\/p><p>Elle a pour mission principale la mise en \u0153uvre de la politique nationale de d\u00e9veloppement durable de la p\u00eache et de l\u2019aquaculture, en veillant \u00e0 la gestion responsable et \u00e0 la valorisation des ressources halieutiques.<\/p><p>La DPRH d\u2019Oran \u0153uvre \u00e0 :<\/p><ul><li><p>Encadrer les activit\u00e9s de p\u00eache et d\u2019aquaculture au niveau local ;<\/p><\/li><li><p>Promouvoir les initiatives de formation, de recherche et d\u2019innovation technologique dans le domaine maritime et c\u00f4tier ;<\/p><\/li><li><p>Assurer la protection et la durabilit\u00e9 des \u00e9cosyst\u00e8mes marins ;<\/p><\/li><li><p>Accompagner les op\u00e9rateurs \u00e9conomiques du secteur \u00e0 travers des programmes de soutien et de modernisation.<\/p><\/li><\/ul><p>Gr\u00e2ce \u00e0 ses actions de coordination, de suivi et de sensibilisation, la Direction de la p\u00eache et d&rsquo;aquaculture d\u2019Oran constitue un acteur essentiel du d\u00e9veloppement halieutique durable et un partenaire strat\u00e9gique pour les institutions de recherche et les \u00e9tablissements d\u2019enseignement sup\u00e9rieur.<\/p>\t\t\t\t\t\t\t\t<\/div>\n\t\t\t\t<\/div>\n\t\t\t\t\t<\/div>\n\t\t<\/div>\n\t\t\t\t\t<\/div>\n\t\t<\/section>\n\t\t\t\t<section class=\"elementor-section elementor-top-section elementor-element elementor-element-eeb5783 elementor-section-boxed elementor-section-height-default elementor-section-height-default\" data-id=\"eeb5783\" data-element_type=\"section\">\n\t\t\t\t\t\t<div class=\"elementor-container elementor-column-gap-default\">\n\t\t\t\t\t<div class=\"elementor-column elementor-col-100 elementor-top-column elementor-element elementor-element-fcd2d50\" data-id=\"fcd2d50\" data-element_type=\"column\">\n\t\t\t<div class=\"elementor-widget-wrap elementor-element-populated\">\n\t\t\t\t\t\t<div class=\"elementor-element elementor-element-e9d6a1d elementor-widget-tablet__width-initial elementor-widget elementor-widget-image\" data-id=\"e9d6a1d\" data-element_type=\"widget\" data-widget_type=\"image.default\">\n\t\t\t\t<div class=\"elementor-widget-container\">\n\t\t\t\t\t\t\t\t\t\t\t\t\t\t\t<img fetchpriority=\"high\" decoding=\"async\" width=\"728\" height=\"350\" src=\"https:\/\/www.univ-usto.dz\/labo\/lsim\/wp-content\/uploads\/2025\/10\/direction-peche-wilaya-oran_Photo.jpg\" class=\"attachment-large size-large wp-image-13140\" alt=\"\" srcset=\"https:\/\/www.univ-usto.dz\/labo\/lsim\/wp-content\/uploads\/2025\/10\/direction-peche-wilaya-oran_Photo.jpg 728w, https:\/\/www.univ-usto.dz\/labo\/lsim\/wp-content\/uploads\/2025\/10\/direction-peche-wilaya-oran_Photo-300x144.jpg 300w, https:\/\/www.univ-usto.dz\/labo\/lsim\/wp-content\/uploads\/2025\/10\/direction-peche-wilaya-oran_Photo-360x173.jpg 360w, https:\/\/www.univ-usto.dz\/labo\/lsim\/wp-content\/uploads\/2025\/10\/direction-peche-wilaya-oran_Photo-24x12.jpg 24w, https:\/\/www.univ-usto.dz\/labo\/lsim\/wp-content\/uploads\/2025\/10\/direction-peche-wilaya-oran_Photo-36x17.jpg 36w, https:\/\/www.univ-usto.dz\/labo\/lsim\/wp-content\/uploads\/2025\/10\/direction-peche-wilaya-oran_Photo-48x23.jpg 48w\" sizes=\"(max-width: 728px) 100vw, 728px\" \/>\t\t\t\t\t\t\t\t\t\t\t\t\t\t\t<\/div>\n\t\t\t\t<\/div>\n\t\t\t\t\t<\/div>\n\t\t<\/div>\n\t\t\t\t\t<\/div>\n\t\t<\/section>\n\t\t\t\t<section class=\"elementor-section elementor-top-section elementor-element elementor-element-2b0928a elementor-section-boxed elementor-section-height-default elementor-section-height-default\" data-id=\"2b0928a\" data-element_type=\"section\">\n\t\t\t\t\t\t<div class=\"elementor-container elementor-column-gap-default\">\n\t\t\t\t\t<div class=\"elementor-column elementor-col-100 elementor-top-column elementor-element elementor-element-8490d6b\" data-id=\"8490d6b\" data-element_type=\"column\">\n\t\t\t<div class=\"elementor-widget-wrap elementor-element-populated\">\n\t\t\t\t\t\t<div class=\"elementor-element elementor-element-fdd9a08 elementor-widget elementor-widget-text-editor\" data-id=\"fdd9a08\" data-element_type=\"widget\" data-widget_type=\"text-editor.default\">\n\t\t\t\t<div class=\"elementor-widget-container\">\n\t\t\t\t\t\t\t\t\t<p>Le Laboratoire des Sciences et Ing\u00e9nieries Maritimes (LSIM) de l\u2019Universit\u00e9 des Sciences et de la Technologie d\u2019Oran \u2013 Mohamed Boudiaf (USTO-MB) a conclu une convention de partenariat avec la Direction de la P\u00eache et d\u2019Aquaculture de la wilaya d\u2019Oran.<\/p><p>Cette convention s\u2019inscrit dans le cadre du renforcement de la coop\u00e9ration entre les acteurs institutionnels, acad\u00e9miques et scientifiques \u0153uvrant pour la protection et la valorisation des ressources marines.<\/p><p>\u00c0 travers ce partenariat, le LSIM et la Direction de la P\u00eache et d&rsquo;Aquaculture de la Wilaya d\u2019Oran s\u2019engagent \u00e0 :<\/p><ul><li><p>Mettre en \u0153uvre des actions conjointes de recherche et de d\u00e9veloppement dans les domaines de la surveillance environnementale, de la gestion c\u00f4ti\u00e8re et de la durabilit\u00e9 des ressources halieutiques ;<\/p><\/li><li><p>Favoriser la diffusion des connaissances scientifiques et l\u2019organisation d\u2019activit\u00e9s de formation, de sensibilisation et de vulgarisation ;<\/p><\/li><li><p>Promouvoir l\u2019int\u00e9gration des outils num\u00e9riques et des technologies intelligentes dans la gestion du littoral et la modernisation du secteur halieutique.<\/p><\/li><\/ul><p>Ce partenariat marque une \u00e9tape importante dans la synergie entre la recherche scientifique et les politiques publiques de d\u00e9veloppement durable, confirmant l\u2019engagement du LSIM \u00e0 contribuer activement \u00e0 la pr\u00e9servation et \u00e0 la valorisation du patrimoine marin et c\u00f4tier de la r\u00e9gion d\u2019Oran.<\/p>\t\t\t\t\t\t\t\t<\/div>\n\t\t\t\t<\/div>\n\t\t\t\t\t<\/div>\n\t\t<\/div>\n\t\t\t\t\t<\/div>\n\t\t<\/section>\n\t\t\t\t<section class=\"elementor-section elementor-top-section elementor-element elementor-element-bb19311 elementor-section-boxed elementor-section-height-default elementor-section-height-default\" data-id=\"bb19311\" data-element_type=\"section\">\n\t\t\t\t\t\t<div class=\"elementor-container elementor-column-gap-default\">\n\t\t\t\t\t<div class=\"elementor-column elementor-col-100 elementor-top-column elementor-element elementor-element-ae925f1\" data-id=\"ae925f1\" data-element_type=\"column\">\n\t\t\t<div class=\"elementor-widget-wrap elementor-element-populated\">\n\t\t\t\t\t\t<div class=\"elementor-element elementor-element-f7d2e7f elementor-widget elementor-widget-button\" data-id=\"f7d2e7f\" data-element_type=\"widget\" data-widget_type=\"button.default\">\n\t\t\t\t<div class=\"elementor-widget-container\">\n\t\t\t\t\t\t\t\t\t<div class=\"elementor-button-wrapper\">\n\t\t\t\t\t<a class=\"elementor-button elementor-button-link elementor-size-sm\" href=\"https:\/\/www.univ-usto.dz\/labo\/lsim\/wp-content\/uploads\/2025\/10\/Convention_Direction_Peche_LSIM.pdf\">\n\t\t\t\t\t\t<span class=\"elementor-button-content-wrapper\">\n\t\t\t\t\t\t\t\t\t<span class=\"elementor-button-text\">Convention_LSIM_Direction de la P\u00eache et d'Aquaculture de la Wilaya d'Oran<\/span>\n\t\t\t\t\t<\/span>\n\t\t\t\t\t<\/a>\n\t\t\t\t<\/div>\n\t\t\t\t\t\t\t\t<\/div>\n\t\t\t\t<\/div>\n\t\t\t\t\t<\/div>\n\t\t<\/div>\n\t\t\t\t\t<\/div>\n\t\t<\/section>\n\t\t\t\t<\/div>\n\t\t","protected":false},"excerpt":{"rendered":"<p>Partenariat entre LSIM et la Direction de la P\u00eache et d&rsquo;Aquaculture de la Wilaya d&rsquo;Oran La Direction de la P\u00eache et d\u2019Aquaculture de la wilaya d\u2019Oran est un organisme public <a href=\"https:\/\/www.univ-usto.dz\/labo\/lsim\/direction-de-la-peche-et-daquaculture-doran\/\" class=\"read-more\">Lire la suite &#8230;<\/a><\/p>\n","protected":false},"author":31,"featured_media":0,"parent":0,"menu_order":0,"comment_status":"closed","ping_status":"closed","template":"","meta":{"footnotes":""},"class_list":["post-12691","page","type-page","status-publish","hentry"],"_links":{"self":[{"href":"https:\/\/www.univ-usto.dz\/labo\/lsim\/wp-json\/wp\/v2\/pages\/12691","targetHints":{"allow":["GET"]}}],"collection":[{"href":"https:\/\/www.univ-usto.dz\/labo\/lsim\/wp-json\/wp\/v2\/pages"}],"about":[{"href":"https:\/\/www.univ-usto.dz\/labo\/lsim\/wp-json\/wp\/v2\/types\/page"}],"author":[{"embeddable":true,"href":"https:\/\/www.univ-usto.dz\/labo\/lsim\/wp-json\/wp\/v2\/users\/31"}],"replies":[{"embeddable":true,"href":"https:\/\/www.univ-usto.dz\/labo\/lsim\/wp-json\/wp\/v2\/comments?post=12691"}],"version-history":[{"count":17,"href":"https:\/\/www.univ-usto.dz\/labo\/lsim\/wp-json\/wp\/v2\/pages\/12691\/revisions"}],"predecessor-version":[{"id":13151,"href":"https:\/\/www.univ-usto.dz\/labo\/lsim\/wp-json\/wp\/v2\/pages\/12691\/revisions\/13151"}],"wp:attachment":[{"href":"https:\/\/www.univ-usto.dz\/labo\/lsim\/wp-json\/wp\/v2\/media?parent=12691"}],"curies":[{"name":"wp","href":"https:\/\/api.w.org\/{rel}","templated":true}]}}