{"id":12701,"date":"2025-10-12T09:53:48","date_gmt":"2025-10-12T09:53:48","guid":{"rendered":"https:\/\/www.univ-usto.dz\/labo\/lsim\/?page_id=12701"},"modified":"2025-10-14T12:15:35","modified_gmt":"2025-10-14T12:15:35","slug":"projets-de-recherche-prfu","status":"publish","type":"page","link":"https:\/\/www.univ-usto.dz\/labo\/lsim\/projets-de-recherche-prfu\/","title":{"rendered":"Projets de Recherche PRFU"},"content":{"rendered":"\t\t<div data-elementor-type=\"wp-page\" data-elementor-id=\"12701\" class=\"elementor elementor-12701\">\n\t\t\t\t\t\t<section class=\"elementor-section elementor-top-section elementor-element elementor-element-5e8dcd7 elementor-section-boxed elementor-section-height-default elementor-section-height-default\" data-id=\"5e8dcd7\" data-element_type=\"section\">\n\t\t\t\t\t\t<div class=\"elementor-container elementor-column-gap-default\">\n\t\t\t\t\t<div class=\"elementor-column elementor-col-100 elementor-top-column elementor-element elementor-element-415fa55\" data-id=\"415fa55\" data-element_type=\"column\">\n\t\t\t<div class=\"elementor-widget-wrap elementor-element-populated\">\n\t\t\t\t\t\t<div class=\"elementor-element elementor-element-ff49185 elementor-widget elementor-widget-text-editor\" data-id=\"ff49185\" data-element_type=\"widget\" data-widget_type=\"text-editor.default\">\n\t\t\t\t<div class=\"elementor-widget-container\">\n\t\t\t\t\t\t\t\t\t<table width=\"631\"><tbody><tr><td width=\"210\"><h2><strong>Intitul\u00e9 du PRFU<\/strong><\/h2><\/td><td width=\"223\"><h2><strong>Chef de Projet<\/strong><\/h2><\/td><td width=\"198\"><h2><strong>Code<\/strong><\/h2><\/td><\/tr><tr><td width=\"210\"><h3>\u00c9tude des syst\u00e8mes thermiques entrain\u00e9s par des sources de chaleur \u00e0 basse temp\u00e9rature<\/h3><\/td><td width=\"223\"><h3><strong>Prof. Ahmed OUADHA<\/strong><\/h3><\/td><td width=\"198\"><h3><strong>A01L06UN310220220008<\/strong><\/h3><\/td><\/tr><tr><td width=\"210\"><h3>Interaction Fluide-Structure en Maritime<\/h3><\/td><td width=\"223\"><h3><strong>Prof. Mohammed BOUZIT<\/strong><\/h3><\/td><td width=\"198\"><h3><strong>A01L06UN310220220011<\/strong><\/h3><\/td><\/tr><tr><td width=\"210\"><h3>Etude d\u2019un Syst\u00e8me de Stockage d\u2019Energie par l\u2019utilisation de Mat\u00e9riaux \u00e0 Changement de Phase<\/h3><\/td><td width=\"223\"><h3><strong>Dr. Fay\u00e7al BOUZIT<\/strong><\/h3><\/td><td width=\"198\"><h3><strong>A11N01UN310220230009<\/strong><\/h3><\/td><\/tr><tr><td width=\"210\"><h3>Rh\u00e9ologie et Transfert thermique pour des applications d\u2019ing\u00e9nierie<\/h3><\/td><td width=\"223\"><h3>\u00a0<\/h3><h3><strong>Dr. Houssem LAIDOUDI<\/strong><\/h3><h3>\u00a0<\/h3><\/td><td width=\"198\"><h3><strong>A01L06UN310220230001<\/strong><\/h3><\/td><\/tr><tr><td width=\"210\"><h3>D\u00e9veloppement et applications industrielles de la M\u00e9thode de Boltzmann<\/h3><\/td><td width=\"223\"><h3><strong>Dr. Houda SOUFI<\/strong><\/h3><\/td><td width=\"198\"><h3><strong>A01L06UN310220230003<\/strong><\/h3><\/td><\/tr><tr><td width=\"210\"><h3>Caract\u00e9risation des propri\u00e9t\u00e9s thermo-physiques et d\u2019\u00e9changes de chaleur des nanofluides<\/h3><\/td><td width=\"223\"><h3><strong>Prof. Amina SABEUR<\/strong><\/h3><\/td><td width=\"198\"><h3><strong>A01L06UN310220220006<\/strong><\/h3><\/td><\/tr><\/tbody><\/table>\t\t\t\t\t\t\t\t<\/div>\n\t\t\t\t<\/div>\n\t\t\t\t\t<\/div>\n\t\t<\/div>\n\t\t\t\t\t<\/div>\n\t\t<\/section>\n\t\t\t\t<\/div>\n\t\t","protected":false},"excerpt":{"rendered":"<p>Intitul\u00e9 du PRFU Chef de Projet Code \u00c9tude des syst\u00e8mes thermiques entrain\u00e9s par des sources de chaleur \u00e0 basse temp\u00e9rature Prof. Ahmed OUADHA A01L06UN310220220008 Interaction Fluide-Structure en Maritime Prof. Mohammed <a href=\"https:\/\/www.univ-usto.dz\/labo\/lsim\/projets-de-recherche-prfu\/\" class=\"read-more\">Lire la suite &#8230;<\/a><\/p>\n","protected":false},"author":31,"featured_media":0,"parent":0,"menu_order":0,"comment_status":"closed","ping_status":"closed","template":"","meta":{"footnotes":""},"class_list":["post-12701","page","type-page","status-publish","hentry"],"_links":{"self":[{"href":"https:\/\/www.univ-usto.dz\/labo\/lsim\/wp-json\/wp\/v2\/pages\/12701","targetHints":{"allow":["GET"]}}],"collection":[{"href":"https:\/\/www.univ-usto.dz\/labo\/lsim\/wp-json\/wp\/v2\/pages"}],"about":[{"href":"https:\/\/www.univ-usto.dz\/labo\/lsim\/wp-json\/wp\/v2\/types\/page"}],"author":[{"embeddable":true,"href":"https:\/\/www.univ-usto.dz\/labo\/lsim\/wp-json\/wp\/v2\/users\/31"}],"replies":[{"embeddable":true,"href":"https:\/\/www.univ-usto.dz\/labo\/lsim\/wp-json\/wp\/v2\/comments?post=12701"}],"version-history":[{"count":7,"href":"https:\/\/www.univ-usto.dz\/labo\/lsim\/wp-json\/wp\/v2\/pages\/12701\/revisions"}],"predecessor-version":[{"id":12911,"href":"https:\/\/www.univ-usto.dz\/labo\/lsim\/wp-json\/wp\/v2\/pages\/12701\/revisions\/12911"}],"wp:attachment":[{"href":"https:\/\/www.univ-usto.dz\/labo\/lsim\/wp-json\/wp\/v2\/media?parent=12701"}],"curies":[{"name":"wp","href":"https:\/\/api.w.org\/{rel}","templated":true}]}}