{"id":12835,"date":"2025-10-12T22:11:11","date_gmt":"2025-10-12T22:11:11","guid":{"rendered":"https:\/\/www.univ-usto.dz\/labo\/lsim\/?page_id=12835"},"modified":"2025-10-16T14:52:08","modified_gmt":"2025-10-16T14:52:08","slug":"news","status":"publish","type":"page","link":"https:\/\/www.univ-usto.dz\/labo\/lsim\/news\/","title":{"rendered":""},"content":{"rendered":"\t\t<div data-elementor-type=\"wp-page\" data-elementor-id=\"12835\" class=\"elementor elementor-12835\">\n\t\t\t\t\t\t<section class=\"elementor-section elementor-top-section elementor-element elementor-element-a083038 elementor-section-boxed elementor-section-height-default elementor-section-height-default\" data-id=\"a083038\" data-element_type=\"section\">\n\t\t\t\t\t\t<div class=\"elementor-container elementor-column-gap-default\">\n\t\t\t\t\t<div class=\"elementor-column elementor-col-100 elementor-top-column elementor-element elementor-element-d3bc3c7\" data-id=\"d3bc3c7\" data-element_type=\"column\">\n\t\t\t<div class=\"elementor-widget-wrap elementor-element-populated\">\n\t\t\t\t\t\t<div class=\"elementor-element elementor-element-c9bef96 elementor-widget-tablet__width-initial elementor-widget elementor-widget-heading\" data-id=\"c9bef96\" data-element_type=\"widget\" data-widget_type=\"heading.default\">\n\t\t\t\t<div class=\"elementor-widget-container\">\n\t\t\t\t\t<h2 class=\"elementor-heading-title elementor-size-default\">Le projet SHARE4MED s\u2019affiche \u00e0 l\u2019Universit\u00e9 USTO-MB<\/h2>\t\t\t\t<\/div>\n\t\t\t\t<\/div>\n\t\t\t\t\t<\/div>\n\t\t<\/div>\n\t\t\t\t\t<\/div>\n\t\t<\/section>\n\t\t\t\t<section class=\"elementor-section elementor-top-section elementor-element elementor-element-00958db elementor-section-boxed elementor-section-height-default elementor-section-height-default\" data-id=\"00958db\" data-element_type=\"section\">\n\t\t\t\t\t\t<div class=\"elementor-container elementor-column-gap-default\">\n\t\t\t\t\t<div class=\"elementor-column elementor-col-100 elementor-top-column elementor-element elementor-element-1e1d66a\" data-id=\"1e1d66a\" data-element_type=\"column\">\n\t\t\t<div class=\"elementor-widget-wrap elementor-element-populated\">\n\t\t\t\t\t\t<div class=\"elementor-element elementor-element-b50ad4e elementor-widget elementor-widget-text-editor\" data-id=\"b50ad4e\" data-element_type=\"widget\" data-widget_type=\"text-editor.default\">\n\t\t\t\t<div class=\"elementor-widget-container\">\n\t\t\t\t\t\t\t\t\t<p>Le <strong>16 octobre 2025<\/strong>, des membres du <strong>laboratoire LSIM<\/strong> partenaire dans le <strong>projet europ\u00e9en SHARE4MED<\/strong> ont effectu\u00e9 une visite au <strong>Vice-rectorat des Relations ext\u00e9rieures, de la Coop\u00e9ration, de l\u2019Animation, de la Communication et des Manifestations scientifiques<\/strong> afin de pr\u00e9senter le projet <strong>SHARE4MED<\/strong> et ses objectifs.<\/p><p>Ils ont \u00e9t\u00e9 chaleureusement accueillis par <strong>Monsieur le Vice-recteur charg\u00e9 du service<\/strong> ainsi que par <strong>Monsieur le Vice-recteur charg\u00e9 de la Formation Sup\u00e9rieure, du Premier et Deuxi\u00e8me Cycles, de la Formation Continue et les Dipl\u00f4mes et la Formation Sup\u00e9rieure de Graduation de la p\u00e9dagogie<\/strong>.<\/p><p>Le projet <strong>SHARE4MED<\/strong>, financ\u00e9 par l\u2019Union europ\u00e9enne dans le cadre du Programme <strong>Interreg NEXT MED<\/strong>, s\u2019inscrit dans la dynamique de la Mission europ\u00e9enne pour les oc\u00e9ans.<\/p><p>Son objectif principal est de promouvoir la durabilit\u00e9 environnementale et la r\u00e9silience des zones c\u00f4ti\u00e8res m\u00e9diterran\u00e9ennes, en mettant l\u2019accent sur la coop\u00e9ration entre les pays riverains de la M\u00e9diterran\u00e9e.<\/p><p>\u00c0 travers une approche int\u00e9gr\u00e9e et participative, <strong>SHARE4MED<\/strong> vise \u00e0 accompagner les municipalit\u00e9s, en particulier les plus petites et les plus vuln\u00e9rables, dans la mise en \u0153uvre d\u2019initiatives vertes locales.<\/p><p>Ces initiatives portent notamment sur la gestion durable des ressources marines et c\u00f4ti\u00e8res, la pr\u00e9servation de la biodiversit\u00e9, la r\u00e9duction de la pollution, ainsi que la promotion d\u2019une \u00e9conomie bleue circulaire.<\/p>\t\t\t\t\t\t\t\t<\/div>\n\t\t\t\t<\/div>\n\t\t\t\t\t<\/div>\n\t\t<\/div>\n\t\t\t\t\t<\/div>\n\t\t<\/section>\n\t\t\t\t<section class=\"elementor-section elementor-top-section elementor-element elementor-element-f72733a elementor-section-boxed elementor-section-height-default elementor-section-height-default\" data-id=\"f72733a\" data-element_type=\"section\">\n\t\t\t\t\t\t<div class=\"elementor-container elementor-column-gap-default\">\n\t\t\t\t\t<div class=\"elementor-column elementor-col-100 elementor-top-column elementor-element elementor-element-746000c\" data-id=\"746000c\" data-element_type=\"column\">\n\t\t\t<div class=\"elementor-widget-wrap elementor-element-populated\">\n\t\t\t\t\t\t<div class=\"elementor-element elementor-element-7742131 elementor-widget-tablet__width-initial elementor-widget elementor-widget-image\" data-id=\"7742131\" data-element_type=\"widget\" data-widget_type=\"image.default\">\n\t\t\t\t<div class=\"elementor-widget-container\">\n\t\t\t\t\t\t\t\t\t\t\t\t\t\t\t<img fetchpriority=\"high\" decoding=\"async\" width=\"847\" height=\"564\" src=\"https:\/\/www.univ-usto.dz\/labo\/lsim\/wp-content\/uploads\/2025\/10\/Photo1-1024x682.jpg\" class=\"attachment-large size-large wp-image-12962\" alt=\"\" srcset=\"https:\/\/www.univ-usto.dz\/labo\/lsim\/wp-content\/uploads\/2025\/10\/Photo1-1024x682.jpg 1024w, https:\/\/www.univ-usto.dz\/labo\/lsim\/wp-content\/uploads\/2025\/10\/Photo1-300x200.jpg 300w, https:\/\/www.univ-usto.dz\/labo\/lsim\/wp-content\/uploads\/2025\/10\/Photo1-768x512.jpg 768w, https:\/\/www.univ-usto.dz\/labo\/lsim\/wp-content\/uploads\/2025\/10\/Photo1-360x240.jpg 360w, https:\/\/www.univ-usto.dz\/labo\/lsim\/wp-content\/uploads\/2025\/10\/Photo1-24x16.jpg 24w, https:\/\/www.univ-usto.dz\/labo\/lsim\/wp-content\/uploads\/2025\/10\/Photo1-36x24.jpg 36w, https:\/\/www.univ-usto.dz\/labo\/lsim\/wp-content\/uploads\/2025\/10\/Photo1-48x32.jpg 48w, https:\/\/www.univ-usto.dz\/labo\/lsim\/wp-content\/uploads\/2025\/10\/Photo1.jpg 1280w\" sizes=\"(max-width: 847px) 100vw, 847px\" \/>\t\t\t\t\t\t\t\t\t\t\t\t\t\t\t<\/div>\n\t\t\t\t<\/div>\n\t\t\t\t\t<\/div>\n\t\t<\/div>\n\t\t\t\t\t<\/div>\n\t\t<\/section>\n\t\t\t\t<section class=\"elementor-section elementor-top-section elementor-element elementor-element-49ce573 elementor-section-boxed elementor-section-height-default elementor-section-height-default\" data-id=\"49ce573\" data-element_type=\"section\">\n\t\t\t\t\t\t<div class=\"elementor-container elementor-column-gap-default\">\n\t\t\t\t\t<div class=\"elementor-column elementor-col-100 elementor-top-column elementor-element elementor-element-462d035\" data-id=\"462d035\" data-element_type=\"column\">\n\t\t\t<div class=\"elementor-widget-wrap elementor-element-populated\">\n\t\t\t\t\t\t<div class=\"elementor-element elementor-element-2e15d37 elementor-widget elementor-widget-image\" data-id=\"2e15d37\" data-element_type=\"widget\" data-widget_type=\"image.default\">\n\t\t\t\t<div class=\"elementor-widget-container\">\n\t\t\t\t\t\t\t\t\t\t\t\t\t\t\t<img decoding=\"async\" width=\"847\" height=\"689\" src=\"https:\/\/www.univ-usto.dz\/labo\/lsim\/wp-content\/uploads\/2025\/10\/Photo2-1024x833.jpg\" class=\"attachment-large size-large wp-image-12963\" alt=\"\" srcset=\"https:\/\/www.univ-usto.dz\/labo\/lsim\/wp-content\/uploads\/2025\/10\/Photo2-1024x833.jpg 1024w, https:\/\/www.univ-usto.dz\/labo\/lsim\/wp-content\/uploads\/2025\/10\/Photo2-300x244.jpg 300w, https:\/\/www.univ-usto.dz\/labo\/lsim\/wp-content\/uploads\/2025\/10\/Photo2-768x625.jpg 768w, https:\/\/www.univ-usto.dz\/labo\/lsim\/wp-content\/uploads\/2025\/10\/Photo2-332x270.jpg 332w, https:\/\/www.univ-usto.dz\/labo\/lsim\/wp-content\/uploads\/2025\/10\/Photo2-24x20.jpg 24w, https:\/\/www.univ-usto.dz\/labo\/lsim\/wp-content\/uploads\/2025\/10\/Photo2-36x29.jpg 36w, https:\/\/www.univ-usto.dz\/labo\/lsim\/wp-content\/uploads\/2025\/10\/Photo2-48x39.jpg 48w, https:\/\/www.univ-usto.dz\/labo\/lsim\/wp-content\/uploads\/2025\/10\/Photo2.jpg 1280w\" sizes=\"(max-width: 847px) 100vw, 847px\" \/>\t\t\t\t\t\t\t\t\t\t\t\t\t\t\t<\/div>\n\t\t\t\t<\/div>\n\t\t\t\t\t<\/div>\n\t\t<\/div>\n\t\t\t\t\t<\/div>\n\t\t<\/section>\n\t\t\t\t<section class=\"elementor-section elementor-top-section elementor-element elementor-element-42dde9d elementor-section-boxed elementor-section-height-default elementor-section-height-default\" data-id=\"42dde9d\" data-element_type=\"section\">\n\t\t\t\t\t\t<div class=\"elementor-container elementor-column-gap-default\">\n\t\t\t\t\t<div class=\"elementor-column elementor-col-100 elementor-top-column elementor-element elementor-element-79d737a\" data-id=\"79d737a\" data-element_type=\"column\">\n\t\t\t<div class=\"elementor-widget-wrap elementor-element-populated\">\n\t\t\t\t\t\t<div class=\"elementor-element elementor-element-38e3237 elementor-widget elementor-widget-image\" data-id=\"38e3237\" data-element_type=\"widget\" data-widget_type=\"image.default\">\n\t\t\t\t<div class=\"elementor-widget-container\">\n\t\t\t\t\t\t\t\t\t\t\t\t\t\t\t<img decoding=\"async\" width=\"768\" height=\"1024\" src=\"https:\/\/www.univ-usto.dz\/labo\/lsim\/wp-content\/uploads\/2025\/10\/WhatsApp-Image-2025-10-16-a-15.44.33_36ccac8e-768x1024.jpg\" class=\"attachment-large size-large wp-image-12976\" alt=\"\" srcset=\"https:\/\/www.univ-usto.dz\/labo\/lsim\/wp-content\/uploads\/2025\/10\/WhatsApp-Image-2025-10-16-a-15.44.33_36ccac8e-768x1024.jpg 768w, https:\/\/www.univ-usto.dz\/labo\/lsim\/wp-content\/uploads\/2025\/10\/WhatsApp-Image-2025-10-16-a-15.44.33_36ccac8e-225x300.jpg 225w, https:\/\/www.univ-usto.dz\/labo\/lsim\/wp-content\/uploads\/2025\/10\/WhatsApp-Image-2025-10-16-a-15.44.33_36ccac8e-203x270.jpg 203w, https:\/\/www.univ-usto.dz\/labo\/lsim\/wp-content\/uploads\/2025\/10\/WhatsApp-Image-2025-10-16-a-15.44.33_36ccac8e-18x24.jpg 18w, https:\/\/www.univ-usto.dz\/labo\/lsim\/wp-content\/uploads\/2025\/10\/WhatsApp-Image-2025-10-16-a-15.44.33_36ccac8e-27x36.jpg 27w, https:\/\/www.univ-usto.dz\/labo\/lsim\/wp-content\/uploads\/2025\/10\/WhatsApp-Image-2025-10-16-a-15.44.33_36ccac8e-36x48.jpg 36w, https:\/\/www.univ-usto.dz\/labo\/lsim\/wp-content\/uploads\/2025\/10\/WhatsApp-Image-2025-10-16-a-15.44.33_36ccac8e.jpg 810w\" sizes=\"(max-width: 768px) 100vw, 768px\" \/>\t\t\t\t\t\t\t\t\t\t\t\t\t\t\t<\/div>\n\t\t\t\t<\/div>\n\t\t\t\t\t<\/div>\n\t\t<\/div>\n\t\t\t\t\t<\/div>\n\t\t<\/section>\n\t\t\t\t<\/div>\n\t\t","protected":false},"excerpt":{"rendered":"<p>Le projet SHARE4MED s\u2019affiche \u00e0 l\u2019Universit\u00e9 USTO-MB Le 16 octobre 2025, des membres du laboratoire LSIM partenaire dans le projet europ\u00e9en SHARE4MED ont effectu\u00e9 une visite au Vice-rectorat des Relations <a href=\"https:\/\/www.univ-usto.dz\/labo\/lsim\/news\/\" class=\"read-more\">Lire la suite &#8230;<\/a><\/p>\n","protected":false},"author":31,"featured_media":0,"parent":0,"menu_order":0,"comment_status":"closed","ping_status":"closed","template":"","meta":{"footnotes":""},"class_list":["post-12835","page","type-page","status-publish","hentry"],"_links":{"self":[{"href":"https:\/\/www.univ-usto.dz\/labo\/lsim\/wp-json\/wp\/v2\/pages\/12835","targetHints":{"allow":["GET"]}}],"collection":[{"href":"https:\/\/www.univ-usto.dz\/labo\/lsim\/wp-json\/wp\/v2\/pages"}],"about":[{"href":"https:\/\/www.univ-usto.dz\/labo\/lsim\/wp-json\/wp\/v2\/types\/page"}],"author":[{"embeddable":true,"href":"https:\/\/www.univ-usto.dz\/labo\/lsim\/wp-json\/wp\/v2\/users\/31"}],"replies":[{"embeddable":true,"href":"https:\/\/www.univ-usto.dz\/labo\/lsim\/wp-json\/wp\/v2\/comments?post=12835"}],"version-history":[{"count":23,"href":"https:\/\/www.univ-usto.dz\/labo\/lsim\/wp-json\/wp\/v2\/pages\/12835\/revisions"}],"predecessor-version":[{"id":12979,"href":"https:\/\/www.univ-usto.dz\/labo\/lsim\/wp-json\/wp\/v2\/pages\/12835\/revisions\/12979"}],"wp:attachment":[{"href":"https:\/\/www.univ-usto.dz\/labo\/lsim\/wp-json\/wp\/v2\/media?parent=12835"}],"curies":[{"name":"wp","href":"https:\/\/api.w.org\/{rel}","templated":true}]}}