{"id":13016,"date":"2025-10-21T12:06:30","date_gmt":"2025-10-21T12:06:30","guid":{"rendered":"https:\/\/www.univ-usto.dz\/labo\/lsim\/?page_id=13016"},"modified":"2026-03-05T02:03:57","modified_gmt":"2026-03-05T02:03:57","slug":"news-2","status":"publish","type":"page","link":"https:\/\/www.univ-usto.dz\/labo\/lsim\/news-2\/","title":{"rendered":"News"},"content":{"rendered":"\t\t<div data-elementor-type=\"wp-page\" data-elementor-id=\"13016\" class=\"elementor elementor-13016\">\n\t\t\t\t\t\t<section class=\"elementor-section elementor-top-section elementor-element elementor-element-73adc62 elementor-section-boxed elementor-section-height-default elementor-section-height-default\" data-id=\"73adc62\" data-element_type=\"section\">\n\t\t\t\t\t\t<div class=\"elementor-container elementor-column-gap-default\">\n\t\t\t\t\t<div class=\"elementor-column elementor-col-100 elementor-top-column elementor-element elementor-element-0be03f3\" data-id=\"0be03f3\" data-element_type=\"column\">\n\t\t\t<div class=\"elementor-widget-wrap elementor-element-populated\">\n\t\t\t\t\t\t<div class=\"elementor-element elementor-element-1ff68c0 elementor-widget elementor-widget-heading\" data-id=\"1ff68c0\" data-element_type=\"widget\" data-widget_type=\"heading.default\">\n\t\t\t\t<div class=\"elementor-widget-container\">\n\t\t\t\t\t<h2 class=\"elementor-heading-title elementor-size-default\">Avis de Consultation <\/h2>\t\t\t\t<\/div>\n\t\t\t\t<\/div>\n\t\t\t\t\t<\/div>\n\t\t<\/div>\n\t\t\t\t\t<\/div>\n\t\t<\/section>\n\t\t\t\t<section class=\"elementor-section elementor-top-section elementor-element elementor-element-55ffe94 elementor-section-boxed elementor-section-height-default elementor-section-height-default\" data-id=\"55ffe94\" data-element_type=\"section\">\n\t\t\t\t\t\t<div class=\"elementor-container elementor-column-gap-default\">\n\t\t\t\t\t<div class=\"elementor-column elementor-col-100 elementor-top-column elementor-element elementor-element-654eec0\" data-id=\"654eec0\" data-element_type=\"column\">\n\t\t\t<div class=\"elementor-widget-wrap elementor-element-populated\">\n\t\t\t\t\t\t<div class=\"elementor-element elementor-element-03703b6 elementor-widget elementor-widget-text-editor\" data-id=\"03703b6\" data-element_type=\"widget\" data-widget_type=\"text-editor.default\">\n\t\t\t\t<div class=\"elementor-widget-container\">\n\t\t\t\t\t\t\t\t\t<p>Dans le cadre de la mise en \u0153uvre des projets <strong data-start=\"306\" data-end=\"347\"><span class=\"hover:entity-accent entity-underline inline cursor-pointer align-baseline\"><span class=\"whitespace-normal\">SHARE4MED<\/span><\/span><\/strong> et <strong data-start=\"351\" data-end=\"392\"><span class=\"hover:entity-accent entity-underline inline cursor-pointer align-baseline\"><span class=\"whitespace-normal\">GREENMEDPORTS<\/span><\/span><\/strong>, financ\u00e9s par le programme <strong data-start=\"420\" data-end=\"461\"><span class=\"hover:entity-accent entity-underline inline cursor-pointer align-baseline\"><span class=\"whitespace-normal\">Interreg NEXT MED<\/span><\/span><\/strong>, le <strong data-start=\"466\" data-end=\"526\">Laboratoire des Sciences et Ing\u00e9nieries Maritimes (LSIM)<\/strong> de l\u2019Universit\u00e9 des Sciences et de la Technologie d\u2019Oran Mohamed Boudiaf (USTO-MB) lance deux\u00a0 <strong data-start=\"619\" data-end=\"643\">avis de consultation<\/strong> portant sur :<\/p><p><strong>\u00ab\u00a0Acquisition de mat\u00e9riels informatiques au profit du Laboratoire des Sciences et Ing\u00e9nieries Maritimes (LSIM)\u00a0\u00bb<\/strong><\/p><p>\u00a0<\/p>\t\t\t\t\t\t\t\t<\/div>\n\t\t\t\t<\/div>\n\t\t\t\t\t<\/div>\n\t\t<\/div>\n\t\t\t\t\t<\/div>\n\t\t<\/section>\n\t\t\t\t<section class=\"elementor-section elementor-top-section elementor-element elementor-element-8714381 elementor-section-boxed elementor-section-height-default elementor-section-height-default\" data-id=\"8714381\" data-element_type=\"section\">\n\t\t\t\t\t\t<div class=\"elementor-container elementor-column-gap-default\">\n\t\t\t\t\t<div class=\"elementor-column elementor-col-100 elementor-top-column elementor-element elementor-element-5b9e371\" data-id=\"5b9e371\" data-element_type=\"column\">\n\t\t\t<div class=\"elementor-widget-wrap elementor-element-populated\">\n\t\t\t\t\t\t<div class=\"elementor-element elementor-element-e71bdca elementor-widget elementor-widget-text-editor\" data-id=\"e71bdca\" data-element_type=\"widget\" data-widget_type=\"text-editor.default\">\n\t\t\t\t<div class=\"elementor-widget-container\">\n\t\t\t\t\t\t\t\t\t<h2><strong>Avis de consultation N\u00b01\/ VRE\/USTOMB\/2026<\/strong><\/h2><p><strong>\u00a0<\/strong>PORTANT\u00a0\u00a0<strong>\u00ab\u00a0Acquisition Mat\u00e9riels Informatiques pour le Laboratoire des Sciences et Ing\u00e9nieries Maritimes dans le cadre du Projet NEXT MED Project \u201cA_T_2.1_0212 GREENMEDPORTS \u00bb\u00a0<\/strong><\/p>\t\t\t\t\t\t\t\t<\/div>\n\t\t\t\t<\/div>\n\t\t\t\t\t<\/div>\n\t\t<\/div>\n\t\t\t\t\t<\/div>\n\t\t<\/section>\n\t\t\t\t<section class=\"elementor-section elementor-top-section elementor-element elementor-element-5b5d99a elementor-section-boxed elementor-section-height-default elementor-section-height-default\" data-id=\"5b5d99a\" data-element_type=\"section\">\n\t\t\t\t\t\t<div class=\"elementor-container elementor-column-gap-default\">\n\t\t\t\t\t<div class=\"elementor-column elementor-col-100 elementor-top-column elementor-element elementor-element-02365a1\" data-id=\"02365a1\" data-element_type=\"column\">\n\t\t\t<div class=\"elementor-widget-wrap elementor-element-populated\">\n\t\t\t\t\t\t<div class=\"elementor-element elementor-element-c072253 elementor-align-center elementor-widget elementor-widget-button\" data-id=\"c072253\" data-element_type=\"widget\" data-widget_type=\"button.default\">\n\t\t\t\t<div class=\"elementor-widget-container\">\n\t\t\t\t\t\t\t\t\t<div class=\"elementor-button-wrapper\">\n\t\t\t\t\t<a class=\"elementor-button elementor-button-link elementor-size-sm\" href=\"https:\/\/www.univ-usto.dz\/labo\/lsim\/wp-content\/uploads\/2026\/03\/2026-03-04-Affichage_Greenmedports_Consultation.pdf\">\n\t\t\t\t\t\t<span class=\"elementor-button-content-wrapper\">\n\t\t\t\t\t\t\t\t\t<span class=\"elementor-button-text\">T\u00e9lacharger Affichage de la Consultation Greenmedports<\/span>\n\t\t\t\t\t<\/span>\n\t\t\t\t\t<\/a>\n\t\t\t\t<\/div>\n\t\t\t\t\t\t\t\t<\/div>\n\t\t\t\t<\/div>\n\t\t\t\t\t<\/div>\n\t\t<\/div>\n\t\t\t\t\t<\/div>\n\t\t<\/section>\n\t\t\t\t<section class=\"elementor-section elementor-top-section elementor-element elementor-element-d6b7c1e elementor-section-boxed elementor-section-height-default elementor-section-height-default\" data-id=\"d6b7c1e\" data-element_type=\"section\">\n\t\t\t\t\t\t<div class=\"elementor-container elementor-column-gap-default\">\n\t\t\t\t\t<div class=\"elementor-column elementor-col-100 elementor-top-column elementor-element elementor-element-f5e50e3\" data-id=\"f5e50e3\" data-element_type=\"column\">\n\t\t\t<div class=\"elementor-widget-wrap elementor-element-populated\">\n\t\t\t\t\t\t<div class=\"elementor-element elementor-element-579ff3e elementor-widget elementor-widget-text-editor\" data-id=\"579ff3e\" data-element_type=\"widget\" data-widget_type=\"text-editor.default\">\n\t\t\t\t<div class=\"elementor-widget-container\">\n\t\t\t\t\t\t\t\t\t<h2><strong>Avis de consultation N\u00b02\/ VRE\/USTOMB\/2026<\/strong><\/h2><p><strong>\u00a0<\/strong>PORTANT\u00a0\u00a0<strong>\u00abAcquisition Mat\u00e9riels Informatiques pour le Laboratoire des Sciences et Ing\u00e9nieries Maritimes dans le cadre du Projet NEXT\u00a0MED\u00a0Project \u201cSHARE4MED_A_G_4.1_0512 \u00bb\u00a0<\/strong><\/p>\t\t\t\t\t\t\t\t<\/div>\n\t\t\t\t<\/div>\n\t\t\t\t\t<\/div>\n\t\t<\/div>\n\t\t\t\t\t<\/div>\n\t\t<\/section>\n\t\t\t\t<section class=\"elementor-section elementor-top-section elementor-element elementor-element-e0a8238 elementor-section-boxed elementor-section-height-default elementor-section-height-default\" data-id=\"e0a8238\" data-element_type=\"section\">\n\t\t\t\t\t\t<div class=\"elementor-container elementor-column-gap-default\">\n\t\t\t\t\t<div class=\"elementor-column elementor-col-100 elementor-top-column elementor-element elementor-element-876964d\" data-id=\"876964d\" data-element_type=\"column\">\n\t\t\t<div class=\"elementor-widget-wrap elementor-element-populated\">\n\t\t\t\t\t\t<div class=\"elementor-element elementor-element-bbb8718 elementor-align-center elementor-widget elementor-widget-button\" data-id=\"bbb8718\" data-element_type=\"widget\" data-widget_type=\"button.default\">\n\t\t\t\t<div class=\"elementor-widget-container\">\n\t\t\t\t\t\t\t\t\t<div class=\"elementor-button-wrapper\">\n\t\t\t\t\t<a class=\"elementor-button elementor-button-link elementor-size-sm\" href=\"https:\/\/www.univ-usto.dz\/labo\/lsim\/wp-content\/uploads\/2026\/03\/2026-03-04-Affichage_SHARE4MED_Consultation.pdf\">\n\t\t\t\t\t\t<span class=\"elementor-button-content-wrapper\">\n\t\t\t\t\t\t\t\t\t<span class=\"elementor-button-text\">T\u00e9l\u00e9charger Affichage de la Consultation SHARE4MED<\/span>\n\t\t\t\t\t<\/span>\n\t\t\t\t\t<\/a>\n\t\t\t\t<\/div>\n\t\t\t\t\t\t\t\t<\/div>\n\t\t\t\t<\/div>\n\t\t\t\t\t<\/div>\n\t\t<\/div>\n\t\t\t\t\t<\/div>\n\t\t<\/section>\n\t\t\t\t<\/div>\n\t\t","protected":false},"excerpt":{"rendered":"<p>Avis de Consultation Dans le cadre de la mise en \u0153uvre des projets SHARE4MED et GREENMEDPORTS, financ\u00e9s par le programme Interreg NEXT MED, le Laboratoire des Sciences et Ing\u00e9nieries Maritimes <a href=\"https:\/\/www.univ-usto.dz\/labo\/lsim\/news-2\/\" class=\"read-more\">Lire la suite &#8230;<\/a><\/p>\n","protected":false},"author":31,"featured_media":0,"parent":0,"menu_order":0,"comment_status":"closed","ping_status":"closed","template":"","meta":{"footnotes":""},"class_list":["post-13016","page","type-page","status-publish","hentry"],"_links":{"self":[{"href":"https:\/\/www.univ-usto.dz\/labo\/lsim\/wp-json\/wp\/v2\/pages\/13016","targetHints":{"allow":["GET"]}}],"collection":[{"href":"https:\/\/www.univ-usto.dz\/labo\/lsim\/wp-json\/wp\/v2\/pages"}],"about":[{"href":"https:\/\/www.univ-usto.dz\/labo\/lsim\/wp-json\/wp\/v2\/types\/page"}],"author":[{"embeddable":true,"href":"https:\/\/www.univ-usto.dz\/labo\/lsim\/wp-json\/wp\/v2\/users\/31"}],"replies":[{"embeddable":true,"href":"https:\/\/www.univ-usto.dz\/labo\/lsim\/wp-json\/wp\/v2\/comments?post=13016"}],"version-history":[{"count":90,"href":"https:\/\/www.univ-usto.dz\/labo\/lsim\/wp-json\/wp\/v2\/pages\/13016\/revisions"}],"predecessor-version":[{"id":13605,"href":"https:\/\/www.univ-usto.dz\/labo\/lsim\/wp-json\/wp\/v2\/pages\/13016\/revisions\/13605"}],"wp:attachment":[{"href":"https:\/\/www.univ-usto.dz\/labo\/lsim\/wp-json\/wp\/v2\/media?parent=13016"}],"curies":[{"name":"wp","href":"https:\/\/api.w.org\/{rel}","templated":true}]}}