{"id":13233,"date":"2025-11-25T08:32:44","date_gmt":"2025-11-25T08:32:44","guid":{"rendered":"https:\/\/www.univ-usto.dz\/labo\/lsim\/?page_id=13233"},"modified":"2026-01-10T23:10:24","modified_gmt":"2026-01-10T23:10:24","slug":"appel-au-recrutement","status":"publish","type":"page","link":"https:\/\/www.univ-usto.dz\/labo\/lsim\/appel-au-recrutement\/","title":{"rendered":""},"content":{"rendered":"\t\t<div data-elementor-type=\"wp-page\" data-elementor-id=\"13233\" class=\"elementor elementor-13233\">\n\t\t\t\t\t\t<section class=\"elementor-section elementor-top-section elementor-element elementor-element-e65770f elementor-section-boxed elementor-section-height-default elementor-section-height-default\" data-id=\"e65770f\" data-element_type=\"section\">\n\t\t\t\t\t\t<div class=\"elementor-container elementor-column-gap-default\">\n\t\t\t\t\t<div class=\"elementor-column elementor-col-100 elementor-top-column elementor-element elementor-element-5204d22\" data-id=\"5204d22\" data-element_type=\"column\">\n\t\t\t<div class=\"elementor-widget-wrap elementor-element-populated\">\n\t\t\t\t\t\t<div class=\"elementor-element elementor-element-e45369f elementor-widget elementor-widget-heading\" data-id=\"e45369f\" data-element_type=\"widget\" data-widget_type=\"heading.default\">\n\t\t\t\t<div class=\"elementor-widget-container\">\n\t\t\t\t\t<h2 class=\"elementor-heading-title elementor-size-default\">Avis d\u2019appel \u00e0 candidatures \u2013 Projet  \u201cA_T_2.1_0212 \u2013 GREENMEDPORTS\u201d<\/h2>\t\t\t\t<\/div>\n\t\t\t\t<\/div>\n\t\t\t\t\t<\/div>\n\t\t<\/div>\n\t\t\t\t\t<\/div>\n\t\t<\/section>\n\t\t\t\t<section class=\"elementor-section elementor-top-section elementor-element elementor-element-fd4b8c3 elementor-section-boxed elementor-section-height-default elementor-section-height-default\" data-id=\"fd4b8c3\" data-element_type=\"section\">\n\t\t\t\t\t\t<div class=\"elementor-container elementor-column-gap-default\">\n\t\t\t\t\t<div class=\"elementor-column elementor-col-100 elementor-top-column elementor-element elementor-element-cd339c3\" data-id=\"cd339c3\" data-element_type=\"column\">\n\t\t\t<div class=\"elementor-widget-wrap elementor-element-populated\">\n\t\t\t\t\t\t<div class=\"elementor-element elementor-element-72641db elementor-widget elementor-widget-text-editor\" data-id=\"72641db\" data-element_type=\"widget\" data-widget_type=\"text-editor.default\">\n\t\t\t\t<div class=\"elementor-widget-container\">\n\t\t\t\t\t\t\t\t\t<p>Le Laboratoire des Sciences et Ing\u00e9nierie Maritimes (LSIM), Universit\u00e9 des Sciences et de la Technologie d\u2019Oran Mohamed Boudiaf (USTO-MB), lance un appel <strong>\u00e0 d\u00e9p\u00f4t d\u2019offres<\/strong> en vue de la s\u00e9lection <strong>d\u2019un commissaire aux comptes \/ expert-comptable<\/strong> externe charg\u00e9 d\u2019assurer la gestion financi\u00e8re, la v\u00e9rification des d\u00e9penses et la conformit\u00e9 financi\u00e8re du projet europ\u00e9en <strong>GREENMEDPORTS.<\/strong><\/p><p><strong>Objet de la mission<\/strong><\/p><p>Le prestataire s\u00e9lectionn\u00e9 aura pour mission de garantir la transparence, la r\u00e9gularit\u00e9 et la bonne utilisation des fonds europ\u00e9ens, conform\u00e9ment aux r\u00e8gles du Programme <strong>Interreg NEXT MED<\/strong>, au contrat de subvention et aux r\u00e9glementations nationales applicables.<\/p><p>\ud83d\udd52 Type : Consultant externe \u2013 temps partiel (30 mois)<\/p><p>\ud83d\udcc5 Date limite : 17 Janvier 2026<\/p>\t\t\t\t\t\t\t\t<\/div>\n\t\t\t\t<\/div>\n\t\t\t\t\t<\/div>\n\t\t<\/div>\n\t\t\t\t\t<\/div>\n\t\t<\/section>\n\t\t\t\t<section class=\"elementor-section elementor-top-section elementor-element elementor-element-68c27aa elementor-section-boxed elementor-section-height-default elementor-section-height-default\" data-id=\"68c27aa\" data-element_type=\"section\">\n\t\t\t\t\t\t<div class=\"elementor-container elementor-column-gap-default\">\n\t\t\t\t\t<div class=\"elementor-column elementor-col-100 elementor-top-column elementor-element elementor-element-3c79036\" data-id=\"3c79036\" data-element_type=\"column\">\n\t\t\t<div class=\"elementor-widget-wrap elementor-element-populated\">\n\t\t\t\t\t\t<div class=\"elementor-element elementor-element-701163f elementor-button-info elementor-widget elementor-widget-button\" data-id=\"701163f\" data-element_type=\"widget\" data-widget_type=\"button.default\">\n\t\t\t\t<div class=\"elementor-widget-container\">\n\t\t\t\t\t\t\t\t\t<div class=\"elementor-button-wrapper\">\n\t\t\t\t\t<a class=\"elementor-button elementor-button-link elementor-size-sm\" href=\"https:\/\/www.univ-usto.dz\/labo\/lsim\/wp-content\/uploads\/2026\/01\/Avis_Appel_Selection_Comptable_GREENMEDPORTS_Final.pdf\">\n\t\t\t\t\t\t<span class=\"elementor-button-content-wrapper\">\n\t\t\t\t\t\t\t\t\t<span class=\"elementor-button-text\">Pour voir tous  les d\u00e9tails de l\u2019appel et la  proc\u00e9dure du d\u00e9p\u00f4t des offres cliquez ici<\/span>\n\t\t\t\t\t<\/span>\n\t\t\t\t\t<\/a>\n\t\t\t\t<\/div>\n\t\t\t\t\t\t\t\t<\/div>\n\t\t\t\t<\/div>\n\t\t\t\t\t<\/div>\n\t\t<\/div>\n\t\t\t\t\t<\/div>\n\t\t<\/section>\n\t\t\t\t<section class=\"elementor-section elementor-top-section elementor-element elementor-element-071685d elementor-section-boxed elementor-section-height-default elementor-section-height-default\" data-id=\"071685d\" data-element_type=\"section\">\n\t\t\t\t\t\t<div class=\"elementor-container elementor-column-gap-default\">\n\t\t\t\t\t<div class=\"elementor-column elementor-col-100 elementor-top-column elementor-element elementor-element-ab53a3e\" data-id=\"ab53a3e\" data-element_type=\"column\">\n\t\t\t<div class=\"elementor-widget-wrap elementor-element-populated\">\n\t\t\t\t\t\t<div class=\"elementor-element elementor-element-e8a4635 elementor-widget elementor-widget-heading\" data-id=\"e8a4635\" data-element_type=\"widget\" data-widget_type=\"heading.default\">\n\t\t\t\t<div class=\"elementor-widget-container\">\n\t\t\t\t\t<h2 class=\"elementor-heading-title elementor-size-default\">Avis d\u2019appel \u00e0 candidatures \u2013 Projet \u201cSHARE4MED_A_G_4.1_0512\u201d<\/h2>\t\t\t\t<\/div>\n\t\t\t\t<\/div>\n\t\t\t\t\t<\/div>\n\t\t<\/div>\n\t\t\t\t\t<\/div>\n\t\t<\/section>\n\t\t\t\t<section class=\"elementor-section elementor-top-section elementor-element elementor-element-0b11eb6 elementor-section-boxed elementor-section-height-default elementor-section-height-default\" data-id=\"0b11eb6\" data-element_type=\"section\">\n\t\t\t\t\t\t<div class=\"elementor-container elementor-column-gap-default\">\n\t\t\t\t\t<div class=\"elementor-column elementor-col-100 elementor-top-column elementor-element elementor-element-ef68335\" data-id=\"ef68335\" data-element_type=\"column\">\n\t\t\t<div class=\"elementor-widget-wrap elementor-element-populated\">\n\t\t\t\t\t\t<div class=\"elementor-element elementor-element-0817afa elementor-widget elementor-widget-text-editor\" data-id=\"0817afa\" data-element_type=\"widget\" data-widget_type=\"text-editor.default\">\n\t\t\t\t<div class=\"elementor-widget-container\">\n\t\t\t\t\t\t\t\t\t<p>Le Laboratoire des Sciences et Ing\u00e9nierie Maritimes (LSIM), Universit\u00e9 des Sciences et de la Technologie d\u2019Oran Mohamed Boudiaf (USTO-MB), lance un appel <strong>\u00e0 d\u00e9p\u00f4t d\u2019offres<\/strong> en vue de la s\u00e9lection <strong>d\u2019un commissaire aux comptes \/ expert-comptable<\/strong> externe charg\u00e9 d\u2019assurer la gestion financi\u00e8re, la v\u00e9rification des d\u00e9penses et la conformit\u00e9 financi\u00e8re du projet europ\u00e9en <strong>SHARE4MED<\/strong><\/p><p><strong>Objet de la mission<\/strong><\/p><p>Le prestataire s\u00e9lectionn\u00e9 aura pour mission de garantir la transparence, la r\u00e9gularit\u00e9 et la bonne utilisation des fonds europ\u00e9ens, conform\u00e9ment aux r\u00e8gles du Programme <strong>Interreg NEXT MED<\/strong>, au contrat de subvention et aux r\u00e9glementations nationales applicables.<\/p><p>\ud83d\udd52 Type : Consultant externe \u2013 temps partiel (25 mois)<\/p><p>\ud83d\udcc5 Date limite : 17 Janvier 2026<\/p>\t\t\t\t\t\t\t\t<\/div>\n\t\t\t\t<\/div>\n\t\t\t\t\t<\/div>\n\t\t<\/div>\n\t\t\t\t\t<\/div>\n\t\t<\/section>\n\t\t\t\t<section class=\"elementor-section elementor-top-section elementor-element elementor-element-bfd205e elementor-section-boxed elementor-section-height-default elementor-section-height-default\" data-id=\"bfd205e\" data-element_type=\"section\">\n\t\t\t\t\t\t<div class=\"elementor-container elementor-column-gap-default\">\n\t\t\t\t\t<div class=\"elementor-column elementor-col-100 elementor-top-column elementor-element elementor-element-c751e87\" data-id=\"c751e87\" data-element_type=\"column\">\n\t\t\t<div class=\"elementor-widget-wrap elementor-element-populated\">\n\t\t\t\t\t\t<div class=\"elementor-element elementor-element-9eb41d7 elementor-widget elementor-widget-button\" data-id=\"9eb41d7\" data-element_type=\"widget\" data-widget_type=\"button.default\">\n\t\t\t\t<div class=\"elementor-widget-container\">\n\t\t\t\t\t\t\t\t\t<div class=\"elementor-button-wrapper\">\n\t\t\t\t\t<a class=\"elementor-button elementor-button-link elementor-size-sm\" href=\"https:\/\/www.univ-usto.dz\/labo\/lsim\/wp-content\/uploads\/2026\/01\/Avis_Appel_Selection_Comptable_SHARE4MED_Final.pdf\">\n\t\t\t\t\t\t<span class=\"elementor-button-content-wrapper\">\n\t\t\t\t\t\t\t\t\t<span class=\"elementor-button-text\">Pour voir tous les d\u00e9tails et la proc\u00e9dure du d\u00e9p\u00f4t des offres  cliquez ici<\/span>\n\t\t\t\t\t<\/span>\n\t\t\t\t\t<\/a>\n\t\t\t\t<\/div>\n\t\t\t\t\t\t\t\t<\/div>\n\t\t\t\t<\/div>\n\t\t\t\t\t<\/div>\n\t\t<\/div>\n\t\t\t\t\t<\/div>\n\t\t<\/section>\n\t\t\t\t<\/div>\n\t\t","protected":false},"excerpt":{"rendered":"<p>Avis d\u2019appel \u00e0 candidatures \u2013 Projet \u201cA_T_2.1_0212 \u2013 GREENMEDPORTS\u201d Le Laboratoire des Sciences et Ing\u00e9nierie Maritimes (LSIM), Universit\u00e9 des Sciences et de la Technologie d\u2019Oran Mohamed Boudiaf (USTO-MB), lance un <a href=\"https:\/\/www.univ-usto.dz\/labo\/lsim\/appel-au-recrutement\/\" class=\"read-more\">Lire la suite &#8230;<\/a><\/p>\n","protected":false},"author":31,"featured_media":0,"parent":0,"menu_order":0,"comment_status":"closed","ping_status":"closed","template":"","meta":{"footnotes":""},"class_list":["post-13233","page","type-page","status-publish","hentry"],"_links":{"self":[{"href":"https:\/\/www.univ-usto.dz\/labo\/lsim\/wp-json\/wp\/v2\/pages\/13233","targetHints":{"allow":["GET"]}}],"collection":[{"href":"https:\/\/www.univ-usto.dz\/labo\/lsim\/wp-json\/wp\/v2\/pages"}],"about":[{"href":"https:\/\/www.univ-usto.dz\/labo\/lsim\/wp-json\/wp\/v2\/types\/page"}],"author":[{"embeddable":true,"href":"https:\/\/www.univ-usto.dz\/labo\/lsim\/wp-json\/wp\/v2\/users\/31"}],"replies":[{"embeddable":true,"href":"https:\/\/www.univ-usto.dz\/labo\/lsim\/wp-json\/wp\/v2\/comments?post=13233"}],"version-history":[{"count":62,"href":"https:\/\/www.univ-usto.dz\/labo\/lsim\/wp-json\/wp\/v2\/pages\/13233\/revisions"}],"predecessor-version":[{"id":13304,"href":"https:\/\/www.univ-usto.dz\/labo\/lsim\/wp-json\/wp\/v2\/pages\/13233\/revisions\/13304"}],"wp:attachment":[{"href":"https:\/\/www.univ-usto.dz\/labo\/lsim\/wp-json\/wp\/v2\/media?parent=13233"}],"curies":[{"name":"wp","href":"https:\/\/api.w.org\/{rel}","templated":true}]}}