{"id":13479,"date":"2026-02-20T14:38:40","date_gmt":"2026-02-20T14:38:40","guid":{"rendered":"https:\/\/www.univ-usto.dz\/labo\/lsim\/?page_id=13479"},"modified":"2026-02-20T15:28:10","modified_gmt":"2026-02-20T15:28:10","slug":"share4med-saffiche","status":"publish","type":"page","link":"https:\/\/www.univ-usto.dz\/labo\/lsim\/share4med-saffiche\/","title":{"rendered":"SHARE4MED s&rsquo;affiche"},"content":{"rendered":"\t\t<div data-elementor-type=\"wp-page\" data-elementor-id=\"13479\" class=\"elementor elementor-13479\">\n\t\t\t\t\t\t<section class=\"elementor-section elementor-top-section elementor-element elementor-element-cc3da0a elementor-section-boxed elementor-section-height-default elementor-section-height-default\" data-id=\"cc3da0a\" data-element_type=\"section\">\n\t\t\t\t\t\t<div class=\"elementor-container elementor-column-gap-default\">\n\t\t\t\t\t<div class=\"elementor-column elementor-col-100 elementor-top-column elementor-element elementor-element-e7ec8b7\" data-id=\"e7ec8b7\" data-element_type=\"column\">\n\t\t\t<div class=\"elementor-widget-wrap elementor-element-populated\">\n\t\t\t\t\t\t<div class=\"elementor-element elementor-element-0ad9585 elementor-widget elementor-widget-heading\" data-id=\"0ad9585\" data-element_type=\"widget\" data-widget_type=\"heading.default\">\n\t\t\t\t<div class=\"elementor-widget-container\">\n\t\t\t\t\t<h2 class=\"elementor-heading-title elementor-size-default\">Le projet SHARE4MED s\u2019affiche \u00e0 l\u2019Universit\u00e9 USTO-MB<\/h2>\t\t\t\t<\/div>\n\t\t\t\t<\/div>\n\t\t\t\t\t<\/div>\n\t\t<\/div>\n\t\t\t\t\t<\/div>\n\t\t<\/section>\n\t\t\t\t<section class=\"elementor-section elementor-top-section elementor-element elementor-element-4d1e42d elementor-section-boxed elementor-section-height-default elementor-section-height-default\" data-id=\"4d1e42d\" data-element_type=\"section\">\n\t\t\t\t\t\t<div class=\"elementor-container elementor-column-gap-default\">\n\t\t\t\t\t<div class=\"elementor-column elementor-col-100 elementor-top-column elementor-element elementor-element-724c218\" data-id=\"724c218\" data-element_type=\"column\">\n\t\t\t<div class=\"elementor-widget-wrap elementor-element-populated\">\n\t\t\t\t\t\t<div class=\"elementor-element elementor-element-de17797 elementor-widget elementor-widget-text-editor\" data-id=\"de17797\" data-element_type=\"widget\" data-widget_type=\"text-editor.default\">\n\t\t\t\t<div class=\"elementor-widget-container\">\n\t\t\t\t\t\t\t\t\t<p>Le 16 octobre 2025, des membres du laboratoire <strong>LSIM<\/strong> partenaire dans le projet europ\u00e9en SHARE4MED ont effectu\u00e9 une visite au Vice-rectorat des Relations ext\u00e9rieures, de la Coop\u00e9ration, de l\u2019Animation, de la Communication et des Manifestations scientifiques afin de pr\u00e9senter le projet <strong>SHARE4MED<\/strong> et ses objectifs.<\/p><p>La rencontre \u00e9t\u00e9 avec Monsieur le Vice-recteur charg\u00e9 du service ainsi que par Monsieur le Vice-recteur charg\u00e9 de la Formation Sup\u00e9rieure, du Premier et Deuxi\u00e8me Cycles, de la Formation Continue et les Dipl\u00f4mes et la Formation Sup\u00e9rieure de Graduation de la p\u00e9dagogie.<\/p><p>Le projet <strong>SHARE4MED<\/strong>, financ\u00e9 par l\u2019Union europ\u00e9enne dans le cadre d\u2019<strong>Interreg NEXT MED Programme<\/strong>, s\u2019inscrit dans la dynamique de la Mission europ\u00e9enne pour les oc\u00e9ans.<\/p><p>Son objectif principal est de promouvoir la durabilit\u00e9 environnementale et la r\u00e9silience des zones c\u00f4ti\u00e8res m\u00e9diterran\u00e9ennes, en mettant l\u2019accent sur la coop\u00e9ration entre les pays riverains de la M\u00e9diterran\u00e9e.<\/p><p>\u00c0 travers une approche int\u00e9gr\u00e9e et participative, <strong>SHARE4MED<\/strong> vise \u00e0 accompagner les municipalit\u00e9s, en particulier les plus petites et les plus vuln\u00e9rables, dans la mise en \u0153uvre d\u2019initiatives vertes locales.<\/p><p>Ces initiatives portent notamment sur la gestion durable des ressources marines et c\u00f4ti\u00e8res, la pr\u00e9servation de la biodiversit\u00e9, la r\u00e9duction de la pollution, ainsi que la promotion d\u2019une \u00e9conomie bleue circulaire.<\/p>\t\t\t\t\t\t\t\t<\/div>\n\t\t\t\t<\/div>\n\t\t\t\t\t<\/div>\n\t\t<\/div>\n\t\t\t\t\t<\/div>\n\t\t<\/section>\n\t\t\t\t<section class=\"elementor-section elementor-top-section elementor-element elementor-element-2dfb270 elementor-section-boxed elementor-section-height-default elementor-section-height-default\" data-id=\"2dfb270\" data-element_type=\"section\">\n\t\t\t\t\t\t<div class=\"elementor-container elementor-column-gap-default\">\n\t\t\t\t\t<div class=\"elementor-column elementor-col-100 elementor-top-column elementor-element elementor-element-063d06b\" data-id=\"063d06b\" data-element_type=\"column\">\n\t\t\t<div class=\"elementor-widget-wrap elementor-element-populated\">\n\t\t\t\t\t\t<div class=\"elementor-element elementor-element-33e7da2 elementor-widget__width-initial elementor-widget elementor-widget-image\" data-id=\"33e7da2\" data-element_type=\"widget\" data-widget_type=\"image.default\">\n\t\t\t\t<div class=\"elementor-widget-container\">\n\t\t\t\t\t\t\t\t\t\t\t\t\t\t\t<img decoding=\"async\" width=\"150\" height=\"150\" src=\"https:\/\/www.univ-usto.dz\/labo\/lsim\/wp-content\/uploads\/2025\/10\/Photo5-150x150.jpg\" class=\"attachment-thumbnail size-thumbnail wp-image-12964\" alt=\"\" \/>\t\t\t\t\t\t\t\t\t\t\t\t\t\t\t<\/div>\n\t\t\t\t<\/div>\n\t\t\t\t<div class=\"elementor-element elementor-element-cd787e7 elementor-widget__width-initial elementor-widget elementor-widget-image\" data-id=\"cd787e7\" data-element_type=\"widget\" data-widget_type=\"image.default\">\n\t\t\t\t<div class=\"elementor-widget-container\">\n\t\t\t\t\t\t\t\t\t\t\t\t\t\t\t<img decoding=\"async\" width=\"150\" height=\"150\" src=\"https:\/\/www.univ-usto.dz\/labo\/lsim\/wp-content\/uploads\/2025\/10\/Photo1-150x150.jpg\" class=\"attachment-thumbnail size-thumbnail wp-image-12962\" alt=\"\" \/>\t\t\t\t\t\t\t\t\t\t\t\t\t\t\t<\/div>\n\t\t\t\t<\/div>\n\t\t\t\t<div class=\"elementor-element elementor-element-9198e93 elementor-widget__width-initial elementor-widget elementor-widget-image\" data-id=\"9198e93\" data-element_type=\"widget\" data-widget_type=\"image.default\">\n\t\t\t\t<div class=\"elementor-widget-container\">\n\t\t\t\t\t\t\t\t\t\t\t\t\t\t\t<img decoding=\"async\" width=\"150\" height=\"150\" src=\"https:\/\/www.univ-usto.dz\/labo\/lsim\/wp-content\/uploads\/2025\/10\/Photo5-150x150.jpg\" class=\"attachment-thumbnail size-thumbnail wp-image-12964\" alt=\"\" \/>\t\t\t\t\t\t\t\t\t\t\t\t\t\t\t<\/div>\n\t\t\t\t<\/div>\n\t\t\t\t<div class=\"elementor-element elementor-element-e415eee elementor-widget__width-initial elementor-widget elementor-widget-image\" data-id=\"e415eee\" data-element_type=\"widget\" data-widget_type=\"image.default\">\n\t\t\t\t<div class=\"elementor-widget-container\">\n\t\t\t\t\t\t\t\t\t\t\t\t\t\t\t<img decoding=\"async\" width=\"150\" height=\"150\" src=\"https:\/\/www.univ-usto.dz\/labo\/lsim\/wp-content\/uploads\/2025\/10\/Photo7-150x150.jpg\" class=\"attachment-thumbnail size-thumbnail wp-image-12965\" alt=\"\" \/>\t\t\t\t\t\t\t\t\t\t\t\t\t\t\t<\/div>\n\t\t\t\t<\/div>\n\t\t\t\t\t<\/div>\n\t\t<\/div>\n\t\t\t\t\t<\/div>\n\t\t<\/section>\n\t\t\t\t<section class=\"elementor-section elementor-top-section elementor-element elementor-element-909252b elementor-section-boxed elementor-section-height-default elementor-section-height-default\" data-id=\"909252b\" data-element_type=\"section\">\n\t\t\t\t\t\t<div class=\"elementor-container elementor-column-gap-default\">\n\t\t\t\t\t<div class=\"elementor-column elementor-col-100 elementor-top-column elementor-element elementor-element-52a1b8c\" data-id=\"52a1b8c\" data-element_type=\"column\">\n\t\t\t<div class=\"elementor-widget-wrap elementor-element-populated\">\n\t\t\t\t\t\t<div class=\"elementor-element elementor-element-98f593e elementor-widget elementor-widget-image\" data-id=\"98f593e\" data-element_type=\"widget\" data-widget_type=\"image.default\">\n\t\t\t\t<div class=\"elementor-widget-container\">\n\t\t\t\t\t\t\t\t\t\t\t\t\t\t\t<img loading=\"lazy\" decoding=\"async\" width=\"768\" height=\"1024\" src=\"https:\/\/www.univ-usto.dz\/labo\/lsim\/wp-content\/uploads\/2025\/10\/WhatsApp-Image-2025-10-16-a-15.44.33_36ccac8e-768x1024.jpg\" class=\"attachment-large size-large wp-image-12976\" alt=\"\" srcset=\"https:\/\/www.univ-usto.dz\/labo\/lsim\/wp-content\/uploads\/2025\/10\/WhatsApp-Image-2025-10-16-a-15.44.33_36ccac8e-768x1024.jpg 768w, https:\/\/www.univ-usto.dz\/labo\/lsim\/wp-content\/uploads\/2025\/10\/WhatsApp-Image-2025-10-16-a-15.44.33_36ccac8e-225x300.jpg 225w, https:\/\/www.univ-usto.dz\/labo\/lsim\/wp-content\/uploads\/2025\/10\/WhatsApp-Image-2025-10-16-a-15.44.33_36ccac8e-203x270.jpg 203w, https:\/\/www.univ-usto.dz\/labo\/lsim\/wp-content\/uploads\/2025\/10\/WhatsApp-Image-2025-10-16-a-15.44.33_36ccac8e-18x24.jpg 18w, https:\/\/www.univ-usto.dz\/labo\/lsim\/wp-content\/uploads\/2025\/10\/WhatsApp-Image-2025-10-16-a-15.44.33_36ccac8e-27x36.jpg 27w, https:\/\/www.univ-usto.dz\/labo\/lsim\/wp-content\/uploads\/2025\/10\/WhatsApp-Image-2025-10-16-a-15.44.33_36ccac8e-36x48.jpg 36w, https:\/\/www.univ-usto.dz\/labo\/lsim\/wp-content\/uploads\/2025\/10\/WhatsApp-Image-2025-10-16-a-15.44.33_36ccac8e.jpg 810w\" sizes=\"(max-width: 768px) 100vw, 768px\" \/>\t\t\t\t\t\t\t\t\t\t\t\t\t\t\t<\/div>\n\t\t\t\t<\/div>\n\t\t\t\t\t<\/div>\n\t\t<\/div>\n\t\t\t\t\t<\/div>\n\t\t<\/section>\n\t\t\t\t<\/div>\n\t\t","protected":false},"excerpt":{"rendered":"<p>Le projet SHARE4MED s\u2019affiche \u00e0 l\u2019Universit\u00e9 USTO-MB Le 16 octobre 2025, des membres du laboratoire LSIM partenaire dans le projet europ\u00e9en SHARE4MED ont effectu\u00e9 une visite au Vice-rectorat des Relations <a href=\"https:\/\/www.univ-usto.dz\/labo\/lsim\/share4med-saffiche\/\" class=\"read-more\">Lire la suite &#8230;<\/a><\/p>\n","protected":false},"author":31,"featured_media":0,"parent":0,"menu_order":0,"comment_status":"closed","ping_status":"closed","template":"","meta":{"footnotes":""},"class_list":["post-13479","page","type-page","status-publish","hentry"],"_links":{"self":[{"href":"https:\/\/www.univ-usto.dz\/labo\/lsim\/wp-json\/wp\/v2\/pages\/13479","targetHints":{"allow":["GET"]}}],"collection":[{"href":"https:\/\/www.univ-usto.dz\/labo\/lsim\/wp-json\/wp\/v2\/pages"}],"about":[{"href":"https:\/\/www.univ-usto.dz\/labo\/lsim\/wp-json\/wp\/v2\/types\/page"}],"author":[{"embeddable":true,"href":"https:\/\/www.univ-usto.dz\/labo\/lsim\/wp-json\/wp\/v2\/users\/31"}],"replies":[{"embeddable":true,"href":"https:\/\/www.univ-usto.dz\/labo\/lsim\/wp-json\/wp\/v2\/comments?post=13479"}],"version-history":[{"count":22,"href":"https:\/\/www.univ-usto.dz\/labo\/lsim\/wp-json\/wp\/v2\/pages\/13479\/revisions"}],"predecessor-version":[{"id":13514,"href":"https:\/\/www.univ-usto.dz\/labo\/lsim\/wp-json\/wp\/v2\/pages\/13479\/revisions\/13514"}],"wp:attachment":[{"href":"https:\/\/www.univ-usto.dz\/labo\/lsim\/wp-json\/wp\/v2\/media?parent=13479"}],"curies":[{"name":"wp","href":"https:\/\/api.w.org\/{rel}","templated":true}]}}