{"id":13481,"date":"2026-02-20T14:43:44","date_gmt":"2026-02-20T14:43:44","guid":{"rendered":"https:\/\/www.univ-usto.dz\/labo\/lsim\/?page_id=13481"},"modified":"2026-02-20T15:49:42","modified_gmt":"2026-02-20T15:49:42","slug":"kick-off-share4med","status":"publish","type":"page","link":"https:\/\/www.univ-usto.dz\/labo\/lsim\/kick-off-share4med\/","title":{"rendered":"Kick-off SHARE4MED"},"content":{"rendered":"\t\t<div data-elementor-type=\"wp-page\" data-elementor-id=\"13481\" class=\"elementor elementor-13481\">\n\t\t\t\t\t\t<section class=\"elementor-section elementor-top-section elementor-element elementor-element-50c7748 elementor-section-boxed elementor-section-height-default elementor-section-height-default\" data-id=\"50c7748\" data-element_type=\"section\">\n\t\t\t\t\t\t<div class=\"elementor-container elementor-column-gap-default\">\n\t\t\t\t\t<div class=\"elementor-column elementor-col-100 elementor-top-column elementor-element elementor-element-ce3e086\" data-id=\"ce3e086\" data-element_type=\"column\">\n\t\t\t<div class=\"elementor-widget-wrap elementor-element-populated\">\n\t\t\t\t\t\t<div class=\"elementor-element elementor-element-c6b29ee elementor-widget elementor-widget-text-editor\" data-id=\"c6b29ee\" data-element_type=\"widget\" data-widget_type=\"text-editor.default\">\n\t\t\t\t<div class=\"elementor-widget-container\">\n\t\t\t\t\t\t\t\t\t<p>Le 3 d\u00e9cembre 2025, la ville d\u2019Oran a accueilli le Kick-off Meeting du projet SHARE4MED, mis en \u0153uvre dans le cadre du <a href=\"https:\/\/www.linkedin.com\/company\/interregnextmedprogramme\/\">Interreg NEXT MED Programme<\/a> et cofinanc\u00e9 par l\u2019Union europ\u00e9enne.<br \/>Ce lancement a marqu\u00e9 le d\u00e9but d\u2019une dynamique collective visant \u00e0 accompagner les villes et territoires m\u00e9diterran\u00e9ens, en particulier les municipalit\u00e9s de petite et moyenne taille, dans la mise en \u0153uvre d\u2019initiatives vertes et durables.<\/p><p><br \/>\u00c0 travers SHARE4MED, les partenaires s\u2019engagent \u00e0 :<br \/>&#8211; Soutenir la transition \u00e9cologique locale,<br \/>&#8211; Renforcer la coop\u00e9ration entre villes de l\u2019UE et pays partenaires de la M\u00e9diterran\u00e9e,<br \/>&#8211; Construire un Plan d\u2019Action Partag\u00e9,<br \/>&#8211; D\u00e9velopper une plateforme num\u00e9rique pour suivre les progr\u00e8s vers une M\u00e9diterran\u00e9e plus durable,<br \/>&#8211; Impliquer activement les communaut\u00e9s locales et les acteurs territoriaux.<\/p><p><br \/>\ud83d\udccd Accueillir le Kick-off de SHARE4MED \u00e0 Oran a constitu\u00e9 une \u00e9tape importante pour affirmer le r\u00f4le de la recherche, de l\u2019innovation et de la coop\u00e9ration territoriale dans la r\u00e9alisation des objectifs de la Mission Oc\u00e9an de l\u2019Union europ\u00e9enne.<\/p><p><br \/>Un grand merci \u00e0 l\u2019ensemble des partenaires pour la qualit\u00e9 des \u00e9changes et l\u2019esprit de collaboration qui ont marqu\u00e9 ce d\u00e9marrage prometteur <br \/><br \/>L\u2019aventure SHARE4MED est lanc\u00e9e.<\/p>\t\t\t\t\t\t\t\t<\/div>\n\t\t\t\t<\/div>\n\t\t\t\t\t<\/div>\n\t\t<\/div>\n\t\t\t\t\t<\/div>\n\t\t<\/section>\n\t\t\t\t<section class=\"elementor-section elementor-top-section elementor-element elementor-element-f962630 elementor-section-boxed elementor-section-height-default elementor-section-height-default\" data-id=\"f962630\" data-element_type=\"section\">\n\t\t\t\t\t\t<div class=\"elementor-container elementor-column-gap-default\">\n\t\t\t\t\t<div class=\"elementor-column elementor-col-100 elementor-top-column elementor-element elementor-element-cd8fdad\" data-id=\"cd8fdad\" data-element_type=\"column\">\n\t\t\t<div class=\"elementor-widget-wrap elementor-element-populated\">\n\t\t\t\t\t\t<div class=\"elementor-element elementor-element-beb6cf0 elementor-widget elementor-widget-image\" data-id=\"beb6cf0\" data-element_type=\"widget\" data-widget_type=\"image.default\">\n\t\t\t\t<div class=\"elementor-widget-container\">\n\t\t\t\t\t\t\t\t\t\t\t\t\t\t\t<img fetchpriority=\"high\" decoding=\"async\" width=\"847\" height=\"565\" src=\"https:\/\/www.univ-usto.dz\/labo\/lsim\/wp-content\/uploads\/2026\/02\/kick-off-share4med-1024x683.jpg\" class=\"attachment-large size-large wp-image-13518\" alt=\"\" srcset=\"https:\/\/www.univ-usto.dz\/labo\/lsim\/wp-content\/uploads\/2026\/02\/kick-off-share4med-1024x683.jpg 1024w, https:\/\/www.univ-usto.dz\/labo\/lsim\/wp-content\/uploads\/2026\/02\/kick-off-share4med-300x200.jpg 300w, https:\/\/www.univ-usto.dz\/labo\/lsim\/wp-content\/uploads\/2026\/02\/kick-off-share4med-768x512.jpg 768w, https:\/\/www.univ-usto.dz\/labo\/lsim\/wp-content\/uploads\/2026\/02\/kick-off-share4med-360x240.jpg 360w, https:\/\/www.univ-usto.dz\/labo\/lsim\/wp-content\/uploads\/2026\/02\/kick-off-share4med-24x16.jpg 24w, https:\/\/www.univ-usto.dz\/labo\/lsim\/wp-content\/uploads\/2026\/02\/kick-off-share4med-36x24.jpg 36w, https:\/\/www.univ-usto.dz\/labo\/lsim\/wp-content\/uploads\/2026\/02\/kick-off-share4med-48x32.jpg 48w, https:\/\/www.univ-usto.dz\/labo\/lsim\/wp-content\/uploads\/2026\/02\/kick-off-share4med.jpg 1536w\" sizes=\"(max-width: 847px) 100vw, 847px\" \/>\t\t\t\t\t\t\t\t\t\t\t\t\t\t\t<\/div>\n\t\t\t\t<\/div>\n\t\t\t\t\t<\/div>\n\t\t<\/div>\n\t\t\t\t\t<\/div>\n\t\t<\/section>\n\t\t\t\t<\/div>\n\t\t","protected":false},"excerpt":{"rendered":"<p>Le 3 d\u00e9cembre 2025, la ville d\u2019Oran a accueilli le Kick-off Meeting du projet SHARE4MED, mis en \u0153uvre dans le cadre du Interreg NEXT MED Programme et cofinanc\u00e9 par l\u2019Union <a href=\"https:\/\/www.univ-usto.dz\/labo\/lsim\/kick-off-share4med\/\" class=\"read-more\">Lire la suite &#8230;<\/a><\/p>\n","protected":false},"author":31,"featured_media":0,"parent":0,"menu_order":0,"comment_status":"closed","ping_status":"closed","template":"","meta":{"footnotes":""},"class_list":["post-13481","page","type-page","status-publish","hentry"],"_links":{"self":[{"href":"https:\/\/www.univ-usto.dz\/labo\/lsim\/wp-json\/wp\/v2\/pages\/13481","targetHints":{"allow":["GET"]}}],"collection":[{"href":"https:\/\/www.univ-usto.dz\/labo\/lsim\/wp-json\/wp\/v2\/pages"}],"about":[{"href":"https:\/\/www.univ-usto.dz\/labo\/lsim\/wp-json\/wp\/v2\/types\/page"}],"author":[{"embeddable":true,"href":"https:\/\/www.univ-usto.dz\/labo\/lsim\/wp-json\/wp\/v2\/users\/31"}],"replies":[{"embeddable":true,"href":"https:\/\/www.univ-usto.dz\/labo\/lsim\/wp-json\/wp\/v2\/comments?post=13481"}],"version-history":[{"count":7,"href":"https:\/\/www.univ-usto.dz\/labo\/lsim\/wp-json\/wp\/v2\/pages\/13481\/revisions"}],"predecessor-version":[{"id":13521,"href":"https:\/\/www.univ-usto.dz\/labo\/lsim\/wp-json\/wp\/v2\/pages\/13481\/revisions\/13521"}],"wp:attachment":[{"href":"https:\/\/www.univ-usto.dz\/labo\/lsim\/wp-json\/wp\/v2\/media?parent=13481"}],"curies":[{"name":"wp","href":"https:\/\/api.w.org\/{rel}","templated":true}]}}