{"id":13485,"date":"2026-02-20T14:50:18","date_gmt":"2026-02-20T14:50:18","guid":{"rendered":"https:\/\/www.univ-usto.dz\/labo\/lsim\/?page_id=13485"},"modified":"2026-02-20T16:02:23","modified_gmt":"2026-02-20T16:02:23","slug":"kick-off-greenmedports","status":"publish","type":"page","link":"https:\/\/www.univ-usto.dz\/labo\/lsim\/kick-off-greenmedports\/","title":{"rendered":"Kick-off GREENMEDPORTS"},"content":{"rendered":"\t\t<div data-elementor-type=\"wp-page\" data-elementor-id=\"13485\" class=\"elementor elementor-13485\">\n\t\t\t\t\t\t<section class=\"elementor-section elementor-top-section elementor-element elementor-element-ff13fce elementor-section-boxed elementor-section-height-default elementor-section-height-default\" data-id=\"ff13fce\" data-element_type=\"section\">\n\t\t\t\t\t\t<div class=\"elementor-container elementor-column-gap-default\">\n\t\t\t\t\t<div class=\"elementor-column elementor-col-100 elementor-top-column elementor-element elementor-element-280b588\" data-id=\"280b588\" data-element_type=\"column\">\n\t\t\t<div class=\"elementor-widget-wrap elementor-element-populated\">\n\t\t\t\t\t\t<div class=\"elementor-element elementor-element-a5884ef elementor-widget elementor-widget-text-editor\" data-id=\"a5884ef\" data-element_type=\"widget\" data-widget_type=\"text-editor.default\">\n\t\t\t\t<div class=\"elementor-widget-container\">\n\t\t\t\t\t\t\t\t\t<p>Le 3 d\u00e9cembre 2025, la ville d\u2019Oran a encore accueilli la r\u00e9union de lancement (Kick-off Meeting) du projet <strong>GREENMEDPORTS<\/strong>, mis en \u0153uvre dans le cadre du<strong> Interreg NEXT MED Programme<\/strong> et cofinanc\u00e9 par l\u2019Union europ\u00e9enne.<\/p><p>Ce temps fort a marqu\u00e9 le d\u00e9marrage officiel d\u2019une coop\u00e9ration ambitieuse d\u00e9di\u00e9e \u00e0 l\u2019accompagnement des ports et territoires c\u00f4tiers m\u00e9diterran\u00e9ens vers des mod\u00e8les de d\u00e9veloppement plus durables, r\u00e9silients et innovants.<\/p><p>\u00c0 travers <strong>GREENMEDPORTS<\/strong>, les partenaires unissent leurs efforts pour : Acc\u00e9l\u00e9rer la transition \u00e9cologique et \u00e9nerg\u00e9tique des espaces portuaires, Consolider la collaboration entre acteurs portuaires et institutions des deux rives de la M\u00e9diterran\u00e9e, Concevoir et d\u00e9ployer des solutions concr\u00e8tes pour limiter l\u2019empreinte environnementale des activit\u00e9s portuaires, Favoriser l\u2019\u00e9change d\u2019expertises et de bonnes pratiques, Mobiliser les acteurs locaux autour d\u2019une gestion int\u00e9gr\u00e9e et durable des zones portuaires et littorales.<\/p><p>Accueillir ce lancement \u00e0 Oran repr\u00e9sente une \u00e9tape significative, confirmant le r\u00f4le strat\u00e9gique de la coop\u00e9ration scientifique, de l\u2019innovation et de l\u2019action territoriale dans la transformation durable des ports m\u00e9diterran\u00e9ens. Nos sinc\u00e8res remerciements \u00e0 l\u2019ensemble des partenaires pour la qualit\u00e9 des \u00e9changes et l\u2019engagement collectif qui ont donn\u00e9 le ton de cette collaboration prometteuse.\u00a0\u00a0\u00a0<\/p><p><strong>L\u2019aventure GREENMEDPORTS est d\u00e9sormais en marche.<\/strong><\/p>\t\t\t\t\t\t\t\t<\/div>\n\t\t\t\t<\/div>\n\t\t\t\t\t<\/div>\n\t\t<\/div>\n\t\t\t\t\t<\/div>\n\t\t<\/section>\n\t\t\t\t<section class=\"elementor-section elementor-top-section elementor-element elementor-element-809364d elementor-section-boxed elementor-section-height-default elementor-section-height-default\" data-id=\"809364d\" data-element_type=\"section\">\n\t\t\t\t\t\t<div class=\"elementor-container elementor-column-gap-default\">\n\t\t\t\t\t<div class=\"elementor-column elementor-col-100 elementor-top-column elementor-element elementor-element-a68af97\" data-id=\"a68af97\" data-element_type=\"column\">\n\t\t\t<div class=\"elementor-widget-wrap elementor-element-populated\">\n\t\t\t\t\t\t<div class=\"elementor-element elementor-element-e9bdb18 elementor-widget elementor-widget-image\" data-id=\"e9bdb18\" data-element_type=\"widget\" data-widget_type=\"image.default\">\n\t\t\t\t<div class=\"elementor-widget-container\">\n\t\t\t\t\t\t\t\t\t\t\t\t\t\t\t<img fetchpriority=\"high\" decoding=\"async\" width=\"847\" height=\"350\" src=\"https:\/\/www.univ-usto.dz\/labo\/lsim\/wp-content\/uploads\/2026\/02\/kick-off-greenmedports-1024x423.jpg\" class=\"attachment-large size-large wp-image-13528\" alt=\"\" srcset=\"https:\/\/www.univ-usto.dz\/labo\/lsim\/wp-content\/uploads\/2026\/02\/kick-off-greenmedports-1024x423.jpg 1024w, https:\/\/www.univ-usto.dz\/labo\/lsim\/wp-content\/uploads\/2026\/02\/kick-off-greenmedports-300x124.jpg 300w, https:\/\/www.univ-usto.dz\/labo\/lsim\/wp-content\/uploads\/2026\/02\/kick-off-greenmedports-768x317.jpg 768w, https:\/\/www.univ-usto.dz\/labo\/lsim\/wp-content\/uploads\/2026\/02\/kick-off-greenmedports-360x149.jpg 360w, https:\/\/www.univ-usto.dz\/labo\/lsim\/wp-content\/uploads\/2026\/02\/kick-off-greenmedports-24x10.jpg 24w, https:\/\/www.univ-usto.dz\/labo\/lsim\/wp-content\/uploads\/2026\/02\/kick-off-greenmedports-36x15.jpg 36w, https:\/\/www.univ-usto.dz\/labo\/lsim\/wp-content\/uploads\/2026\/02\/kick-off-greenmedports-48x20.jpg 48w, https:\/\/www.univ-usto.dz\/labo\/lsim\/wp-content\/uploads\/2026\/02\/kick-off-greenmedports.jpg 1080w\" sizes=\"(max-width: 847px) 100vw, 847px\" \/>\t\t\t\t\t\t\t\t\t\t\t\t\t\t\t<\/div>\n\t\t\t\t<\/div>\n\t\t\t\t\t<\/div>\n\t\t<\/div>\n\t\t\t\t\t<\/div>\n\t\t<\/section>\n\t\t\t\t<section class=\"elementor-section elementor-top-section elementor-element elementor-element-cf125cf elementor-section-boxed elementor-section-height-default elementor-section-height-default\" data-id=\"cf125cf\" data-element_type=\"section\">\n\t\t\t\t\t\t<div class=\"elementor-container elementor-column-gap-default\">\n\t\t\t\t\t<div class=\"elementor-column elementor-col-100 elementor-top-column elementor-element elementor-element-bc4aa82\" data-id=\"bc4aa82\" data-element_type=\"column\">\n\t\t\t<div class=\"elementor-widget-wrap elementor-element-populated\">\n\t\t\t\t\t\t<div class=\"elementor-element elementor-element-0ff9c85 elementor-widget elementor-widget-image\" data-id=\"0ff9c85\" data-element_type=\"widget\" data-widget_type=\"image.default\">\n\t\t\t\t<div class=\"elementor-widget-container\">\n\t\t\t\t\t\t\t\t\t\t\t\t\t\t\t<img decoding=\"async\" width=\"425\" height=\"1024\" src=\"https:\/\/www.univ-usto.dz\/labo\/lsim\/wp-content\/uploads\/2026\/02\/roll-up-greenmedports-425x1024.jpg\" class=\"attachment-large size-large wp-image-13310\" alt=\"\" srcset=\"https:\/\/www.univ-usto.dz\/labo\/lsim\/wp-content\/uploads\/2026\/02\/roll-up-greenmedports-425x1024.jpg 425w, https:\/\/www.univ-usto.dz\/labo\/lsim\/wp-content\/uploads\/2026\/02\/roll-up-greenmedports-124x300.jpg 124w, https:\/\/www.univ-usto.dz\/labo\/lsim\/wp-content\/uploads\/2026\/02\/roll-up-greenmedports-768x1853.jpg 768w, https:\/\/www.univ-usto.dz\/labo\/lsim\/wp-content\/uploads\/2026\/02\/roll-up-greenmedports-637x1536.jpg 637w, https:\/\/www.univ-usto.dz\/labo\/lsim\/wp-content\/uploads\/2026\/02\/roll-up-greenmedports-112x270.jpg 112w, https:\/\/www.univ-usto.dz\/labo\/lsim\/wp-content\/uploads\/2026\/02\/roll-up-greenmedports-10x24.jpg 10w, https:\/\/www.univ-usto.dz\/labo\/lsim\/wp-content\/uploads\/2026\/02\/roll-up-greenmedports-15x36.jpg 15w, https:\/\/www.univ-usto.dz\/labo\/lsim\/wp-content\/uploads\/2026\/02\/roll-up-greenmedports-20x48.jpg 20w, https:\/\/www.univ-usto.dz\/labo\/lsim\/wp-content\/uploads\/2026\/02\/roll-up-greenmedports.jpg 849w\" sizes=\"(max-width: 425px) 100vw, 425px\" \/>\t\t\t\t\t\t\t\t\t\t\t\t\t\t\t<\/div>\n\t\t\t\t<\/div>\n\t\t\t\t\t<\/div>\n\t\t<\/div>\n\t\t\t\t\t<\/div>\n\t\t<\/section>\n\t\t\t\t<\/div>\n\t\t","protected":false},"excerpt":{"rendered":"<p>Le 3 d\u00e9cembre 2025, la ville d\u2019Oran a encore accueilli la r\u00e9union de lancement (Kick-off Meeting) du projet GREENMEDPORTS, mis en \u0153uvre dans le cadre du Interreg NEXT MED Programme <a href=\"https:\/\/www.univ-usto.dz\/labo\/lsim\/kick-off-greenmedports\/\" class=\"read-more\">Lire la suite &#8230;<\/a><\/p>\n","protected":false},"author":31,"featured_media":0,"parent":0,"menu_order":0,"comment_status":"closed","ping_status":"closed","template":"","meta":{"footnotes":""},"class_list":["post-13485","page","type-page","status-publish","hentry"],"_links":{"self":[{"href":"https:\/\/www.univ-usto.dz\/labo\/lsim\/wp-json\/wp\/v2\/pages\/13485","targetHints":{"allow":["GET"]}}],"collection":[{"href":"https:\/\/www.univ-usto.dz\/labo\/lsim\/wp-json\/wp\/v2\/pages"}],"about":[{"href":"https:\/\/www.univ-usto.dz\/labo\/lsim\/wp-json\/wp\/v2\/types\/page"}],"author":[{"embeddable":true,"href":"https:\/\/www.univ-usto.dz\/labo\/lsim\/wp-json\/wp\/v2\/users\/31"}],"replies":[{"embeddable":true,"href":"https:\/\/www.univ-usto.dz\/labo\/lsim\/wp-json\/wp\/v2\/comments?post=13485"}],"version-history":[{"count":13,"href":"https:\/\/www.univ-usto.dz\/labo\/lsim\/wp-json\/wp\/v2\/pages\/13485\/revisions"}],"predecessor-version":[{"id":13535,"href":"https:\/\/www.univ-usto.dz\/labo\/lsim\/wp-json\/wp\/v2\/pages\/13485\/revisions\/13535"}],"wp:attachment":[{"href":"https:\/\/www.univ-usto.dz\/labo\/lsim\/wp-json\/wp\/v2\/media?parent=13485"}],"curies":[{"name":"wp","href":"https:\/\/api.w.org\/{rel}","templated":true}]}}