{"id":13635,"date":"2026-04-17T10:48:19","date_gmt":"2026-04-17T10:48:19","guid":{"rendered":"https:\/\/www.univ-usto.dz\/labo\/lsim\/?page_id=13635"},"modified":"2026-04-17T11:34:31","modified_gmt":"2026-04-17T11:34:31","slug":"cooperation-algerie-italie","status":"publish","type":"page","link":"https:\/\/www.univ-usto.dz\/labo\/lsim\/cooperation-algerie-italie\/","title":{"rendered":"Coop\u00e9ration Alg\u00e9rie-Italie"},"content":{"rendered":"\t\t<div data-elementor-type=\"wp-page\" data-elementor-id=\"13635\" class=\"elementor elementor-13635\">\n\t\t\t\t\t\t<section class=\"elementor-section elementor-top-section elementor-element elementor-element-c611ba7 elementor-section-boxed elementor-section-height-default elementor-section-height-default\" data-id=\"c611ba7\" data-element_type=\"section\">\n\t\t\t\t\t\t<div class=\"elementor-container elementor-column-gap-default\">\n\t\t\t\t\t<div class=\"elementor-column elementor-col-100 elementor-top-column elementor-element elementor-element-2423809\" data-id=\"2423809\" data-element_type=\"column\">\n\t\t\t<div class=\"elementor-widget-wrap elementor-element-populated\">\n\t\t\t\t\t\t<div class=\"elementor-element elementor-element-94b28ca elementor-widget__width-inherit elementor-widget elementor-widget-heading\" data-id=\"94b28ca\" data-element_type=\"widget\" data-widget_type=\"heading.default\">\n\t\t\t\t<div class=\"elementor-widget-container\">\n\t\t\t\t\t<h2 class=\"elementor-heading-title elementor-size-default\">Renforcement de la coop\u00e9ration scientifique entre l\u2019Alg\u00e9rie et l\u2019Italie<\/h2>\t\t\t\t<\/div>\n\t\t\t\t<\/div>\n\t\t\t\t\t<\/div>\n\t\t<\/div>\n\t\t\t\t\t<\/div>\n\t\t<\/section>\n\t\t\t\t<section class=\"elementor-section elementor-top-section elementor-element elementor-element-17ee3ae elementor-section-boxed elementor-section-height-default elementor-section-height-default\" data-id=\"17ee3ae\" data-element_type=\"section\">\n\t\t\t\t\t\t<div class=\"elementor-container elementor-column-gap-default\">\n\t\t\t\t\t<div class=\"elementor-column elementor-col-100 elementor-top-column elementor-element elementor-element-ea5a703\" data-id=\"ea5a703\" data-element_type=\"column\">\n\t\t\t<div class=\"elementor-widget-wrap elementor-element-populated\">\n\t\t\t\t\t\t<div class=\"elementor-element elementor-element-0a44d47 elementor-widget elementor-widget-text-editor\" data-id=\"0a44d47\" data-element_type=\"widget\" data-widget_type=\"text-editor.default\">\n\t\t\t\t<div class=\"elementor-widget-container\">\n\t\t\t\t\t\t\t\t\t<h3>Dans le cadre du d\u00e9veloppement des relations scientifiques internationales, l\u2019Alg\u00e9rie et l\u2019Italie ont sign\u00e9 deux accords de coop\u00e9ration visant \u00e0 renforcer les \u00e9changes en mati\u00e8re de recherche, d\u2019innovation et de formation.<\/h3><h5>\u00a0<\/h5><h3>Ces accords ouvrent de nouvelles perspectives pour les laboratoires de recherche, notamment dans les domaines li\u00e9s \u00e0 l\u2019ing\u00e9nierie, aux technologies maritimes et \u00e0 la gestion des infrastructures portuaires.<\/h3><h5>\u00a0<\/h5><h3>Le laboratoire LSIM, en tant qu\u2019acteur actif dans les projets de coop\u00e9ration internationale, s\u2019inscrit pleinement dans cette dynamique visant \u00e0 promouvoir le transfert de connaissances, le partage d\u2019expertise et le d\u00e9veloppement de solutions innovantes au service du secteur maritime.<\/h3><h5>\u00a0<\/h5><h3><span class=\"html-span xexx8yu xyri2b x18d9i69 x1c1uobl x1hl2dhg x16tdsg8 x1vvkbs x3nfvp2 x1j61x8r x1fcty0u xdj266r xat24cr xm2jcoa x1mpyi22 xxymvpz xlup9mm x1kky2od\"><img decoding=\"async\" class=\"xz74otr x15mokao x1ga7v0g x16uus16 xbiv7yw\" src=\"https:\/\/static.xx.fbcdn.net\/images\/emoji.php\/v9\/tb3\/1\/16\/1f517.png\" alt=\"\ud83d\udd17\" width=\"16\" height=\"16\" \/><\/span> Lire l\u2019article complet :<\/h3><p><blockquote class=\"wp-embedded-content\" data-secret=\"UVx4uO6EHt\"><a href=\"https:\/\/www.horizons.dz\/2026\/04\/cooperation-scientifique-lalgerie-et-litalie-signent-2-accords\/\">Coop\u00e9ration scientifique: L&rsquo;Alg\u00e9rie et l&rsquo;Italie signent 2 accords<\/a><\/blockquote><iframe class=\"wp-embedded-content\" sandbox=\"allow-scripts\" security=\"restricted\" style=\"position: absolute; visibility: hidden;\" title=\"\u00ab\u00a0Coop\u00e9ration scientifique: L&rsquo;Alg\u00e9rie et l&rsquo;Italie signent 2 accords\u00a0\u00bb &#8212; Horizons\" src=\"https:\/\/www.horizons.dz\/2026\/04\/cooperation-scientifique-lalgerie-et-litalie-signent-2-accords\/embed\/#?secret=WnilEEZYBH#?secret=UVx4uO6EHt\" data-secret=\"UVx4uO6EHt\" width=\"600\" height=\"338\" frameborder=\"0\" marginwidth=\"0\" marginheight=\"0\" scrolling=\"no\"><\/iframe><\/p><p>\u00a0<\/p>\t\t\t\t\t\t\t\t<\/div>\n\t\t\t\t<\/div>\n\t\t\t\t\t<\/div>\n\t\t<\/div>\n\t\t\t\t\t<\/div>\n\t\t<\/section>\n\t\t\t\t<section class=\"elementor-section elementor-top-section elementor-element elementor-element-6635f74 elementor-section-boxed elementor-section-height-default elementor-section-height-default\" data-id=\"6635f74\" data-element_type=\"section\">\n\t\t\t\t\t\t<div class=\"elementor-container elementor-column-gap-default\">\n\t\t\t\t\t<div class=\"elementor-column elementor-col-100 elementor-top-column elementor-element elementor-element-9bace1c\" data-id=\"9bace1c\" data-element_type=\"column\">\n\t\t\t<div class=\"elementor-widget-wrap elementor-element-populated\">\n\t\t\t\t\t\t<div class=\"elementor-element elementor-element-6776cc3 elementor-widget elementor-widget-image\" data-id=\"6776cc3\" data-element_type=\"widget\" data-widget_type=\"image.default\">\n\t\t\t\t<div class=\"elementor-widget-container\">\n\t\t\t\t\t\t\t\t\t\t\t\t\t\t\t<img fetchpriority=\"high\" decoding=\"async\" width=\"260\" height=\"300\" src=\"https:\/\/www.univ-usto.dz\/labo\/lsim\/wp-content\/uploads\/2026\/04\/accord-italie-en-arabe-260x300.jpg\" class=\"attachment-medium size-medium wp-image-13668\" alt=\"\" srcset=\"https:\/\/www.univ-usto.dz\/labo\/lsim\/wp-content\/uploads\/2026\/04\/accord-italie-en-arabe-260x300.jpg 260w, https:\/\/www.univ-usto.dz\/labo\/lsim\/wp-content\/uploads\/2026\/04\/accord-italie-en-arabe-887x1024.jpg 887w, https:\/\/www.univ-usto.dz\/labo\/lsim\/wp-content\/uploads\/2026\/04\/accord-italie-en-arabe-768x886.jpg 768w, https:\/\/www.univ-usto.dz\/labo\/lsim\/wp-content\/uploads\/2026\/04\/accord-italie-en-arabe-234x270.jpg 234w, https:\/\/www.univ-usto.dz\/labo\/lsim\/wp-content\/uploads\/2026\/04\/accord-italie-en-arabe-21x24.jpg 21w, https:\/\/www.univ-usto.dz\/labo\/lsim\/wp-content\/uploads\/2026\/04\/accord-italie-en-arabe-31x36.jpg 31w, https:\/\/www.univ-usto.dz\/labo\/lsim\/wp-content\/uploads\/2026\/04\/accord-italie-en-arabe-42x48.jpg 42w, https:\/\/www.univ-usto.dz\/labo\/lsim\/wp-content\/uploads\/2026\/04\/accord-italie-en-arabe.jpg 936w\" sizes=\"(max-width: 260px) 100vw, 260px\" \/>\t\t\t\t\t\t\t\t\t\t\t\t\t\t\t<\/div>\n\t\t\t\t<\/div>\n\t\t\t\t\t<\/div>\n\t\t<\/div>\n\t\t\t\t\t<\/div>\n\t\t<\/section>\n\t\t\t\t<section class=\"elementor-section elementor-top-section elementor-element elementor-element-166c2c1 elementor-section-boxed elementor-section-height-default elementor-section-height-default\" data-id=\"166c2c1\" data-element_type=\"section\">\n\t\t\t\t\t\t<div class=\"elementor-container elementor-column-gap-default\">\n\t\t\t\t\t<div class=\"elementor-column elementor-col-100 elementor-top-column elementor-element elementor-element-0b7858c\" data-id=\"0b7858c\" data-element_type=\"column\">\n\t\t\t<div class=\"elementor-widget-wrap elementor-element-populated\">\n\t\t\t\t\t\t<div class=\"elementor-element elementor-element-7d47766 elementor-widget elementor-widget-text-editor\" data-id=\"7d47766\" data-element_type=\"widget\" data-widget_type=\"text-editor.default\">\n\t\t\t\t<div class=\"elementor-widget-container\">\n\t\t\t\t\t\t\t\t\t<p><blockquote class=\"wp-embedded-content\" data-secret=\"12bZzBOjqa\"><a href=\"https:\/\/arabe.capdz.dz\/archives\/123113\">\u0645\u0624\u062a\u0645\u0631 \u062c\u0633\u0631 \u0625\u0641\u0631\u064a\u0642\u064a\u0627 \u0628\u0627\u064a\u0637\u0627\u0644\u064a\u0627 \u064a\u062a\u0628\u0646\u0649 \u0627\u062a\u0641\u0627\u0642\u064a\u0629 \u0628\u064a\u0646 \u062c\u0627\u0645\u0639\u0629 \u0648\u0647\u0631\u0627\u0646 \u0644\u0644\u0639\u0644\u0648\u0645 \u0648\u0627\u0644\u062a\u0643\u0646\u0648\u0644\u0648\u062c\u064a\u0627 \u0648\u062c\u0627\u0645\u0639\u0629 \u062c\u0646\u0648\u0629<\/a><\/blockquote><iframe class=\"wp-embedded-content\" sandbox=\"allow-scripts\" security=\"restricted\" style=\"position: absolute; visibility: hidden;\" title=\"&#8220;\u0645\u0624\u062a\u0645\u0631 \u062c\u0633\u0631 \u0625\u0641\u0631\u064a\u0642\u064a\u0627 \u0628\u0627\u064a\u0637\u0627\u0644\u064a\u0627 \u064a\u062a\u0628\u0646\u0649 \u0627\u062a\u0641\u0627\u0642\u064a\u0629 \u0628\u064a\u0646 \u062c\u0627\u0645\u0639\u0629 \u0648\u0647\u0631\u0627\u0646 \u0644\u0644\u0639\u0644\u0648\u0645 \u0648\u0627\u0644\u062a\u0643\u0646\u0648\u0644\u0648\u062c\u064a\u0627 \u0648\u062c\u0627\u0645\u0639\u0629 \u062c\u0646\u0648\u0629&#8221; &#8212; Capdz \u0628\u0627\u0644\u0639\u0631\u0628\u064a\" src=\"https:\/\/arabe.capdz.dz\/archives\/123113\/embed#?secret=12bZzBOjqa\" data-secret=\"12bZzBOjqa\" width=\"600\" height=\"338\" frameborder=\"0\" marginwidth=\"0\" marginheight=\"0\" scrolling=\"no\"><\/iframe><\/p>\t\t\t\t\t\t\t\t<\/div>\n\t\t\t\t<\/div>\n\t\t\t\t\t<\/div>\n\t\t<\/div>\n\t\t\t\t\t<\/div>\n\t\t<\/section>\n\t\t\t\t<section class=\"elementor-section elementor-top-section elementor-element elementor-element-a9fbfa7 elementor-section-boxed elementor-section-height-default elementor-section-height-default\" data-id=\"a9fbfa7\" data-element_type=\"section\">\n\t\t\t\t\t\t<div class=\"elementor-container elementor-column-gap-default\">\n\t\t\t\t\t<div class=\"elementor-column elementor-col-100 elementor-top-column elementor-element elementor-element-d89315f\" data-id=\"d89315f\" data-element_type=\"column\">\n\t\t\t<div class=\"elementor-widget-wrap elementor-element-populated\">\n\t\t\t\t\t\t<div class=\"elementor-element elementor-element-4455e38 elementor-widget elementor-widget-heading\" data-id=\"4455e38\" data-element_type=\"widget\" data-widget_type=\"heading.default\">\n\t\t\t\t<div class=\"elementor-widget-container\">\n\t\t\t\t\t<h2 class=\"elementor-heading-title elementor-size-default\">Date de publication 17\/04\/2026<\/h2>\t\t\t\t<\/div>\n\t\t\t\t<\/div>\n\t\t\t\t\t<\/div>\n\t\t<\/div>\n\t\t\t\t\t<\/div>\n\t\t<\/section>\n\t\t\t\t<\/div>\n\t\t","protected":false},"excerpt":{"rendered":"<p>Renforcement de la coop\u00e9ration scientifique entre l\u2019Alg\u00e9rie et l\u2019Italie Dans le cadre du d\u00e9veloppement des relations scientifiques internationales, l\u2019Alg\u00e9rie et l\u2019Italie ont sign\u00e9 deux accords de coop\u00e9ration visant \u00e0 renforcer <a href=\"https:\/\/www.univ-usto.dz\/labo\/lsim\/cooperation-algerie-italie\/\" class=\"read-more\">Lire la suite &#8230;<\/a><\/p>\n","protected":false},"author":31,"featured_media":0,"parent":0,"menu_order":0,"comment_status":"closed","ping_status":"closed","template":"","meta":{"footnotes":""},"class_list":["post-13635","page","type-page","status-publish","hentry"],"_links":{"self":[{"href":"https:\/\/www.univ-usto.dz\/labo\/lsim\/wp-json\/wp\/v2\/pages\/13635","targetHints":{"allow":["GET"]}}],"collection":[{"href":"https:\/\/www.univ-usto.dz\/labo\/lsim\/wp-json\/wp\/v2\/pages"}],"about":[{"href":"https:\/\/www.univ-usto.dz\/labo\/lsim\/wp-json\/wp\/v2\/types\/page"}],"author":[{"embeddable":true,"href":"https:\/\/www.univ-usto.dz\/labo\/lsim\/wp-json\/wp\/v2\/users\/31"}],"replies":[{"embeddable":true,"href":"https:\/\/www.univ-usto.dz\/labo\/lsim\/wp-json\/wp\/v2\/comments?post=13635"}],"version-history":[{"count":34,"href":"https:\/\/www.univ-usto.dz\/labo\/lsim\/wp-json\/wp\/v2\/pages\/13635\/revisions"}],"predecessor-version":[{"id":13675,"href":"https:\/\/www.univ-usto.dz\/labo\/lsim\/wp-json\/wp\/v2\/pages\/13635\/revisions\/13675"}],"wp:attachment":[{"href":"https:\/\/www.univ-usto.dz\/labo\/lsim\/wp-json\/wp\/v2\/media?parent=13635"}],"curies":[{"name":"wp","href":"https:\/\/api.w.org\/{rel}","templated":true}]}}