{"id":6360,"date":"2020-10-06T10:17:34","date_gmt":"2020-10-06T10:17:34","guid":{"rendered":"https:\/\/www.univ-usto.dz\/portail-bachelier\/?page_id=6360"},"modified":"2024-07-16T08:47:25","modified_gmt":"2024-07-16T08:47:25","slug":"fsnv","status":"publish","type":"page","link":"https:\/\/www.univ-usto.dz\/portail-bachelier\/fsnv\/","title":{"rendered":"Sciences de la nature &#038; de la vie"},"content":{"rendered":"\t\t<div data-elementor-type=\"wp-page\" data-elementor-id=\"6360\" class=\"elementor elementor-6360\">\n\t\t\t\t\t\t<section class=\"elementor-section elementor-top-section elementor-element elementor-element-a767809 elementor-section-boxed elementor-section-height-default elementor-section-height-default\" data-id=\"a767809\" data-element_type=\"section\">\n\t\t\t\t\t\t<div class=\"elementor-container elementor-column-gap-default\">\n\t\t\t\t\t<div class=\"elementor-column elementor-col-100 elementor-top-column elementor-element elementor-element-2df82f4\" data-id=\"2df82f4\" data-element_type=\"column\">\n\t\t\t<div class=\"elementor-widget-wrap elementor-element-populated\">\n\t\t\t\t\t\t<div class=\"elementor-element elementor-element-de07d3c elementor-widget elementor-widget-text-editor\" data-id=\"de07d3c\" data-element_type=\"widget\" data-widget_type=\"text-editor.default\">\n\t\t\t\t<div class=\"elementor-widget-container\">\n\t\t\t\t\t\t\t\t\t<h3>Sciences de la nature &amp; de la vie<\/h3><h3 class=\"elementor-heading-title elementor-size-default\">\u00a0<\/h3>\t\t\t\t\t\t\t\t<\/div>\n\t\t\t\t<\/div>\n\t\t\t\t\t<\/div>\n\t\t<\/div>\n\t\t\t\t\t<\/div>\n\t\t<\/section>\n\t\t\t\t<section class=\"elementor-section elementor-top-section elementor-element elementor-element-d4f369f elementor-section-boxed elementor-section-height-default elementor-section-height-default\" data-id=\"d4f369f\" data-element_type=\"section\">\n\t\t\t\t\t\t<div class=\"elementor-container elementor-column-gap-default\">\n\t\t\t\t\t<div class=\"elementor-column elementor-col-100 elementor-top-column elementor-element elementor-element-73bf74a\" data-id=\"73bf74a\" data-element_type=\"column\">\n\t\t\t<div class=\"elementor-widget-wrap elementor-element-populated\">\n\t\t\t\t\t\t<div class=\"elementor-element elementor-element-4508579 elementor-widget elementor-widget-video\" data-id=\"4508579\" data-element_type=\"widget\" data-settings=\"{&quot;youtube_url&quot;:&quot;https:\\\/\\\/youtu.be\\\/tYPKenlSSuU&quot;,&quot;video_type&quot;:&quot;youtube&quot;,&quot;controls&quot;:&quot;yes&quot;}\" data-widget_type=\"video.default\">\n\t\t\t\t<div class=\"elementor-widget-container\">\n\t\t\t\t\t\t\t<div class=\"elementor-wrapper elementor-open-inline\">\n\t\t\t<div class=\"elementor-video\"><\/div>\t\t<\/div>\n\t\t\t\t\t\t<\/div>\n\t\t\t\t<\/div>\n\t\t\t\t<div class=\"elementor-element elementor-element-438b040 elementor-widget elementor-widget-video\" data-id=\"438b040\" data-element_type=\"widget\" data-settings=\"{&quot;youtube_url&quot;:&quot;https:\\\/\\\/youtu.be\\\/m6xneFVwhN8&quot;,&quot;video_type&quot;:&quot;youtube&quot;,&quot;controls&quot;:&quot;yes&quot;}\" data-widget_type=\"video.default\">\n\t\t\t\t<div class=\"elementor-widget-container\">\n\t\t\t\t\t\t\t<div class=\"elementor-wrapper elementor-open-inline\">\n\t\t\t<div class=\"elementor-video\"><\/div>\t\t<\/div>\n\t\t\t\t\t\t<\/div>\n\t\t\t\t<\/div>\n\t\t\t\t\t<\/div>\n\t\t<\/div>\n\t\t\t\t\t<\/div>\n\t\t<\/section>\n\t\t\t\t<section class=\"elementor-section elementor-top-section elementor-element elementor-element-caeae2d elementor-section-boxed elementor-section-height-default elementor-section-height-default\" data-id=\"caeae2d\" data-element_type=\"section\">\n\t\t\t\t\t\t<div class=\"elementor-container elementor-column-gap-default\">\n\t\t\t\t\t<div class=\"elementor-column elementor-col-100 elementor-top-column elementor-element elementor-element-f66f3e9\" data-id=\"f66f3e9\" data-element_type=\"column\">\n\t\t\t<div class=\"elementor-widget-wrap elementor-element-populated\">\n\t\t\t\t\t\t<div class=\"elementor-element elementor-element-a7b1833 elementor-widget-mobile__width-initial elementor-widget elementor-widget-text-editor\" data-id=\"a7b1833\" data-element_type=\"widget\" data-widget_type=\"text-editor.default\">\n\t\t\t\t<div class=\"elementor-widget-container\">\n\t\t\t\t\t\t\t\t\t<h3 style=\"text-align: center;\"><strong><span style=\"text-decoration: underline;\"><a href=\"https:\/\/www.univ-usto.dz\/portail-bachelier\/wp-content\/uploads\/2024\/07\/DEPLIANT-FINAL-SNV1.pdf\">T\u00e9l\u00e9charger le d\u00e9pliant<\/a><\/span><\/strong><\/h3>\t\t\t\t\t\t\t\t<\/div>\n\t\t\t\t<\/div>\n\t\t\t\t<div class=\"elementor-element elementor-element-16b0121 elementor-widget elementor-widget-text-editor\" data-id=\"16b0121\" data-element_type=\"widget\" data-widget_type=\"text-editor.default\">\n\t\t\t\t<div class=\"elementor-widget-container\">\n\t\t\t\t\t\t\t\t\t<h3>D\u00e9pliant Face1<\/h3>\t\t\t\t\t\t\t\t<\/div>\n\t\t\t\t<\/div>\n\t\t\t\t<div class=\"elementor-element elementor-element-a3b3333 elementor-widget elementor-widget-image\" data-id=\"a3b3333\" data-element_type=\"widget\" data-widget_type=\"image.default\">\n\t\t\t\t<div class=\"elementor-widget-container\">\n\t\t\t\t\t\t\t\t\t\t\t\t\t\t\t\t<a href=\"https:\/\/www.univ-usto.dz\/portail-bachelier\/wp-content\/uploads\/2024\/07\/DEPLIANT-FINAL-SNV1_page-0001.jpg\">\n\t\t\t\t\t\t\t<img fetchpriority=\"high\" decoding=\"async\" width=\"640\" height=\"453\" src=\"https:\/\/www.univ-usto.dz\/portail-bachelier\/wp-content\/uploads\/2024\/07\/DEPLIANT-FINAL-SNV1_page-0001-1024x724.jpg\" class=\"attachment-large size-large wp-image-7768\" alt=\"\" srcset=\"https:\/\/www.univ-usto.dz\/portail-bachelier\/wp-content\/uploads\/2024\/07\/DEPLIANT-FINAL-SNV1_page-0001-1024x724.jpg 1024w, https:\/\/www.univ-usto.dz\/portail-bachelier\/wp-content\/uploads\/2024\/07\/DEPLIANT-FINAL-SNV1_page-0001-300x212.jpg 300w, https:\/\/www.univ-usto.dz\/portail-bachelier\/wp-content\/uploads\/2024\/07\/DEPLIANT-FINAL-SNV1_page-0001-768x543.jpg 768w, https:\/\/www.univ-usto.dz\/portail-bachelier\/wp-content\/uploads\/2024\/07\/DEPLIANT-FINAL-SNV1_page-0001-1536x1085.jpg 1536w, https:\/\/www.univ-usto.dz\/portail-bachelier\/wp-content\/uploads\/2024\/07\/DEPLIANT-FINAL-SNV1_page-0001-360x254.jpg 360w, https:\/\/www.univ-usto.dz\/portail-bachelier\/wp-content\/uploads\/2024\/07\/DEPLIANT-FINAL-SNV1_page-0001-24x17.jpg 24w, https:\/\/www.univ-usto.dz\/portail-bachelier\/wp-content\/uploads\/2024\/07\/DEPLIANT-FINAL-SNV1_page-0001-36x25.jpg 36w, https:\/\/www.univ-usto.dz\/portail-bachelier\/wp-content\/uploads\/2024\/07\/DEPLIANT-FINAL-SNV1_page-0001-48x34.jpg 48w, https:\/\/www.univ-usto.dz\/portail-bachelier\/wp-content\/uploads\/2024\/07\/DEPLIANT-FINAL-SNV1_page-0001.jpg 1755w\" sizes=\"(max-width: 640px) 100vw, 640px\" \/>\t\t\t\t\t\t\t\t<\/a>\n\t\t\t\t\t\t\t\t\t\t\t\t\t\t\t<\/div>\n\t\t\t\t<\/div>\n\t\t\t\t<div class=\"elementor-element elementor-element-2b2f192 elementor-widget elementor-widget-text-editor\" data-id=\"2b2f192\" data-element_type=\"widget\" data-widget_type=\"text-editor.default\">\n\t\t\t\t<div class=\"elementor-widget-container\">\n\t\t\t\t\t\t\t\t\t<h3>D\u00e9pliant Face2<\/h3>\t\t\t\t\t\t\t\t<\/div>\n\t\t\t\t<\/div>\n\t\t\t\t<div class=\"elementor-element elementor-element-f96c66b elementor-widget elementor-widget-image\" data-id=\"f96c66b\" data-element_type=\"widget\" data-widget_type=\"image.default\">\n\t\t\t\t<div class=\"elementor-widget-container\">\n\t\t\t\t\t\t\t\t\t\t\t\t\t\t\t\t<a href=\"https:\/\/www.univ-usto.dz\/portail-bachelier\/wp-content\/uploads\/2024\/07\/DEPLIANT-FINAL-SNV1_page-0001.jpg\">\n\t\t\t\t\t\t\t<img decoding=\"async\" width=\"640\" height=\"453\" src=\"https:\/\/www.univ-usto.dz\/portail-bachelier\/wp-content\/uploads\/2024\/07\/DEPLIANT-FINAL-SNV1_page-0002-1024x724.jpg\" class=\"attachment-large size-large wp-image-7769\" alt=\"\" srcset=\"https:\/\/www.univ-usto.dz\/portail-bachelier\/wp-content\/uploads\/2024\/07\/DEPLIANT-FINAL-SNV1_page-0002-1024x724.jpg 1024w, https:\/\/www.univ-usto.dz\/portail-bachelier\/wp-content\/uploads\/2024\/07\/DEPLIANT-FINAL-SNV1_page-0002-300x212.jpg 300w, https:\/\/www.univ-usto.dz\/portail-bachelier\/wp-content\/uploads\/2024\/07\/DEPLIANT-FINAL-SNV1_page-0002-768x543.jpg 768w, https:\/\/www.univ-usto.dz\/portail-bachelier\/wp-content\/uploads\/2024\/07\/DEPLIANT-FINAL-SNV1_page-0002-1536x1085.jpg 1536w, https:\/\/www.univ-usto.dz\/portail-bachelier\/wp-content\/uploads\/2024\/07\/DEPLIANT-FINAL-SNV1_page-0002-360x254.jpg 360w, https:\/\/www.univ-usto.dz\/portail-bachelier\/wp-content\/uploads\/2024\/07\/DEPLIANT-FINAL-SNV1_page-0002-24x17.jpg 24w, https:\/\/www.univ-usto.dz\/portail-bachelier\/wp-content\/uploads\/2024\/07\/DEPLIANT-FINAL-SNV1_page-0002-36x25.jpg 36w, https:\/\/www.univ-usto.dz\/portail-bachelier\/wp-content\/uploads\/2024\/07\/DEPLIANT-FINAL-SNV1_page-0002-48x34.jpg 48w, https:\/\/www.univ-usto.dz\/portail-bachelier\/wp-content\/uploads\/2024\/07\/DEPLIANT-FINAL-SNV1_page-0002.jpg 1755w\" sizes=\"(max-width: 640px) 100vw, 640px\" \/>\t\t\t\t\t\t\t\t<\/a>\n\t\t\t\t\t\t\t\t\t\t\t\t\t\t\t<\/div>\n\t\t\t\t<\/div>\n\t\t\t\t\t<\/div>\n\t\t<\/div>\n\t\t\t\t\t<\/div>\n\t\t<\/section>\n\t\t\t\t<\/div>\n\t\t","protected":false},"excerpt":{"rendered":"<p>Sciences de la nature &amp; de la vie \u00a0 https:\/\/youtu.be\/tYPKenlSSuUhttps:\/\/youtu.be\/m6xneFVwhN8 T\u00e9l\u00e9charger le d\u00e9pliant D\u00e9pliant Face1 D\u00e9pliant Face2<\/p>\n","protected":false},"author":1,"featured_media":0,"parent":0,"menu_order":0,"comment_status":"closed","ping_status":"closed","template":"","meta":{"footnotes":""},"class_list":["post-6360","page","type-page","status-publish","hentry"],"yoast_head":"<!-- This site is optimized with the Yoast SEO plugin v25.5 - https:\/\/yoast.com\/wordpress\/plugins\/seo\/ -->\n<title>Sciences de la nature &amp; de la vie - Universit\u00e9 des Sciences et de la Technologie d&#039;Oran Mohamed-Boudiaf USTOMB<\/title>\n<meta name=\"robots\" content=\"index, follow, max-snippet:-1, max-image-preview:large, max-video-preview:-1\" \/>\n<link rel=\"canonical\" href=\"https:\/\/www.univ-usto.dz\/portail-bachelier\/fsnv\/\" \/>\n<meta property=\"og:locale\" content=\"fr_FR\" \/>\n<meta property=\"og:type\" content=\"article\" \/>\n<meta property=\"og:title\" content=\"Sciences de la nature &amp; de la vie - Universit\u00e9 des Sciences et de la Technologie d&#039;Oran Mohamed-Boudiaf USTOMB\" \/>\n<meta property=\"og:description\" content=\"Sciences de la nature &amp; de la vie \u00a0 https:\/\/youtu.be\/tYPKenlSSuUhttps:\/\/youtu.be\/m6xneFVwhN8 T\u00e9l\u00e9charger le d\u00e9pliant D\u00e9pliant Face1 D\u00e9pliant Face2\" \/>\n<meta property=\"og:url\" content=\"https:\/\/www.univ-usto.dz\/portail-bachelier\/fsnv\/\" \/>\n<meta property=\"og:site_name\" content=\"Universit\u00e9 des Sciences et de la Technologie d&#039;Oran Mohamed-Boudiaf USTOMB\" \/>\n<meta property=\"article:modified_time\" content=\"2024-07-16T08:47:25+00:00\" \/>\n<meta property=\"og:image\" content=\"https:\/\/www.univ-usto.dz\/portail-bachelier\/wp-content\/uploads\/2024\/07\/DEPLIANT-FINAL-SNV1_page-0001-1024x724.jpg\" \/>\n<meta name=\"twitter:card\" content=\"summary_large_image\" \/>\n<meta name=\"twitter:label1\" content=\"Dur\u00e9e de lecture estim\u00e9e\" \/>\n\t<meta name=\"twitter:data1\" content=\"1 minute\" \/>\n<script type=\"application\/ld+json\" class=\"yoast-schema-graph\">{\"@context\":\"https:\/\/schema.org\",\"@graph\":[{\"@type\":\"WebPage\",\"@id\":\"https:\/\/www.univ-usto.dz\/portail-bachelier\/fsnv\/\",\"url\":\"https:\/\/www.univ-usto.dz\/portail-bachelier\/fsnv\/\",\"name\":\"Sciences de la nature & de la vie - Universit\u00e9 des Sciences et de la Technologie d&#039;Oran Mohamed-Boudiaf USTOMB\",\"isPartOf\":{\"@id\":\"https:\/\/www.univ-usto.dz\/portail-bachelier\/#website\"},\"primaryImageOfPage\":{\"@id\":\"https:\/\/www.univ-usto.dz\/portail-bachelier\/fsnv\/#primaryimage\"},\"image\":{\"@id\":\"https:\/\/www.univ-usto.dz\/portail-bachelier\/fsnv\/#primaryimage\"},\"thumbnailUrl\":\"https:\/\/www.univ-usto.dz\/portail-bachelier\/wp-content\/uploads\/2024\/07\/DEPLIANT-FINAL-SNV1_page-0001-1024x724.jpg\",\"datePublished\":\"2020-10-06T10:17:34+00:00\",\"dateModified\":\"2024-07-16T08:47:25+00:00\",\"breadcrumb\":{\"@id\":\"https:\/\/www.univ-usto.dz\/portail-bachelier\/fsnv\/#breadcrumb\"},\"inLanguage\":\"fr-FR\",\"potentialAction\":[{\"@type\":\"ReadAction\",\"target\":[\"https:\/\/www.univ-usto.dz\/portail-bachelier\/fsnv\/\"]}]},{\"@type\":\"ImageObject\",\"inLanguage\":\"fr-FR\",\"@id\":\"https:\/\/www.univ-usto.dz\/portail-bachelier\/fsnv\/#primaryimage\",\"url\":\"https:\/\/www.univ-usto.dz\/portail-bachelier\/wp-content\/uploads\/2024\/07\/DEPLIANT-FINAL-SNV1_page-0001.jpg\",\"contentUrl\":\"https:\/\/www.univ-usto.dz\/portail-bachelier\/wp-content\/uploads\/2024\/07\/DEPLIANT-FINAL-SNV1_page-0001.jpg\",\"width\":1755,\"height\":1240},{\"@type\":\"BreadcrumbList\",\"@id\":\"https:\/\/www.univ-usto.dz\/portail-bachelier\/fsnv\/#breadcrumb\",\"itemListElement\":[{\"@type\":\"ListItem\",\"position\":1,\"name\":\"Home\",\"item\":\"https:\/\/www.univ-usto.dz\/portail-bachelier\/\"},{\"@type\":\"ListItem\",\"position\":2,\"name\":\"Sciences de la nature &#038; de la vie\"}]},{\"@type\":\"WebSite\",\"@id\":\"https:\/\/www.univ-usto.dz\/portail-bachelier\/#website\",\"url\":\"https:\/\/www.univ-usto.dz\/portail-bachelier\/\",\"name\":\"Universit\u00e9 des Sciences et de la Technologie d&#039;Oran Mohamed-Boudiaf USTOMB\",\"description\":\"Portail du Nouveau bachelier\",\"publisher\":{\"@id\":\"https:\/\/www.univ-usto.dz\/portail-bachelier\/#organization\"},\"potentialAction\":[{\"@type\":\"SearchAction\",\"target\":{\"@type\":\"EntryPoint\",\"urlTemplate\":\"https:\/\/www.univ-usto.dz\/portail-bachelier\/?s={search_term_string}\"},\"query-input\":{\"@type\":\"PropertyValueSpecification\",\"valueRequired\":true,\"valueName\":\"search_term_string\"}}],\"inLanguage\":\"fr-FR\"},{\"@type\":\"Organization\",\"@id\":\"https:\/\/www.univ-usto.dz\/portail-bachelier\/#organization\",\"name\":\"Universit\u00e9 des Sciences et de la Technologie d&#039;Oran Mohamed-Boudiaf USTOMB\",\"url\":\"https:\/\/www.univ-usto.dz\/portail-bachelier\/\",\"logo\":{\"@type\":\"ImageObject\",\"inLanguage\":\"fr-FR\",\"@id\":\"https:\/\/www.univ-usto.dz\/portail-bachelier\/#\/schema\/logo\/image\/\",\"url\":\"https:\/\/www.univ-usto.dz\/portail-bachelier\/wp-content\/uploads\/2024\/06\/cropped-LOGO-USTO_Modif1-e1601403966860-1.jpg\",\"contentUrl\":\"https:\/\/www.univ-usto.dz\/portail-bachelier\/wp-content\/uploads\/2024\/06\/cropped-LOGO-USTO_Modif1-e1601403966860-1.jpg\",\"width\":140,\"height\":140,\"caption\":\"Universit\u00e9 des Sciences et de la Technologie d&#039;Oran Mohamed-Boudiaf USTOMB\"},\"image\":{\"@id\":\"https:\/\/www.univ-usto.dz\/portail-bachelier\/#\/schema\/logo\/image\/\"}}]}<\/script>\n<!-- \/ Yoast SEO plugin. -->","yoast_head_json":{"title":"Sciences de la nature & de la vie - Universit\u00e9 des Sciences et de la Technologie d&#039;Oran Mohamed-Boudiaf USTOMB","robots":{"index":"index","follow":"follow","max-snippet":"max-snippet:-1","max-image-preview":"max-image-preview:large","max-video-preview":"max-video-preview:-1"},"canonical":"https:\/\/www.univ-usto.dz\/portail-bachelier\/fsnv\/","og_locale":"fr_FR","og_type":"article","og_title":"Sciences de la nature & de la vie - Universit\u00e9 des Sciences et de la Technologie d&#039;Oran Mohamed-Boudiaf USTOMB","og_description":"Sciences de la nature &amp; de la vie \u00a0 https:\/\/youtu.be\/tYPKenlSSuUhttps:\/\/youtu.be\/m6xneFVwhN8 T\u00e9l\u00e9charger le d\u00e9pliant D\u00e9pliant Face1 D\u00e9pliant Face2","og_url":"https:\/\/www.univ-usto.dz\/portail-bachelier\/fsnv\/","og_site_name":"Universit\u00e9 des Sciences et de la Technologie d&#039;Oran Mohamed-Boudiaf USTOMB","article_modified_time":"2024-07-16T08:47:25+00:00","og_image":[{"url":"https:\/\/www.univ-usto.dz\/portail-bachelier\/wp-content\/uploads\/2024\/07\/DEPLIANT-FINAL-SNV1_page-0001-1024x724.jpg","type":"","width":"","height":""}],"twitter_card":"summary_large_image","twitter_misc":{"Dur\u00e9e de lecture estim\u00e9e":"1 minute"},"schema":{"@context":"https:\/\/schema.org","@graph":[{"@type":"WebPage","@id":"https:\/\/www.univ-usto.dz\/portail-bachelier\/fsnv\/","url":"https:\/\/www.univ-usto.dz\/portail-bachelier\/fsnv\/","name":"Sciences de la nature & de la vie - Universit\u00e9 des Sciences et de la Technologie d&#039;Oran Mohamed-Boudiaf USTOMB","isPartOf":{"@id":"https:\/\/www.univ-usto.dz\/portail-bachelier\/#website"},"primaryImageOfPage":{"@id":"https:\/\/www.univ-usto.dz\/portail-bachelier\/fsnv\/#primaryimage"},"image":{"@id":"https:\/\/www.univ-usto.dz\/portail-bachelier\/fsnv\/#primaryimage"},"thumbnailUrl":"https:\/\/www.univ-usto.dz\/portail-bachelier\/wp-content\/uploads\/2024\/07\/DEPLIANT-FINAL-SNV1_page-0001-1024x724.jpg","datePublished":"2020-10-06T10:17:34+00:00","dateModified":"2024-07-16T08:47:25+00:00","breadcrumb":{"@id":"https:\/\/www.univ-usto.dz\/portail-bachelier\/fsnv\/#breadcrumb"},"inLanguage":"fr-FR","potentialAction":[{"@type":"ReadAction","target":["https:\/\/www.univ-usto.dz\/portail-bachelier\/fsnv\/"]}]},{"@type":"ImageObject","inLanguage":"fr-FR","@id":"https:\/\/www.univ-usto.dz\/portail-bachelier\/fsnv\/#primaryimage","url":"https:\/\/www.univ-usto.dz\/portail-bachelier\/wp-content\/uploads\/2024\/07\/DEPLIANT-FINAL-SNV1_page-0001.jpg","contentUrl":"https:\/\/www.univ-usto.dz\/portail-bachelier\/wp-content\/uploads\/2024\/07\/DEPLIANT-FINAL-SNV1_page-0001.jpg","width":1755,"height":1240},{"@type":"BreadcrumbList","@id":"https:\/\/www.univ-usto.dz\/portail-bachelier\/fsnv\/#breadcrumb","itemListElement":[{"@type":"ListItem","position":1,"name":"Home","item":"https:\/\/www.univ-usto.dz\/portail-bachelier\/"},{"@type":"ListItem","position":2,"name":"Sciences de la nature &#038; de la vie"}]},{"@type":"WebSite","@id":"https:\/\/www.univ-usto.dz\/portail-bachelier\/#website","url":"https:\/\/www.univ-usto.dz\/portail-bachelier\/","name":"Universit\u00e9 des Sciences et de la Technologie d&#039;Oran Mohamed-Boudiaf USTOMB","description":"Portail du Nouveau bachelier","publisher":{"@id":"https:\/\/www.univ-usto.dz\/portail-bachelier\/#organization"},"potentialAction":[{"@type":"SearchAction","target":{"@type":"EntryPoint","urlTemplate":"https:\/\/www.univ-usto.dz\/portail-bachelier\/?s={search_term_string}"},"query-input":{"@type":"PropertyValueSpecification","valueRequired":true,"valueName":"search_term_string"}}],"inLanguage":"fr-FR"},{"@type":"Organization","@id":"https:\/\/www.univ-usto.dz\/portail-bachelier\/#organization","name":"Universit\u00e9 des Sciences et de la Technologie d&#039;Oran Mohamed-Boudiaf USTOMB","url":"https:\/\/www.univ-usto.dz\/portail-bachelier\/","logo":{"@type":"ImageObject","inLanguage":"fr-FR","@id":"https:\/\/www.univ-usto.dz\/portail-bachelier\/#\/schema\/logo\/image\/","url":"https:\/\/www.univ-usto.dz\/portail-bachelier\/wp-content\/uploads\/2024\/06\/cropped-LOGO-USTO_Modif1-e1601403966860-1.jpg","contentUrl":"https:\/\/www.univ-usto.dz\/portail-bachelier\/wp-content\/uploads\/2024\/06\/cropped-LOGO-USTO_Modif1-e1601403966860-1.jpg","width":140,"height":140,"caption":"Universit\u00e9 des Sciences et de la Technologie d&#039;Oran Mohamed-Boudiaf USTOMB"},"image":{"@id":"https:\/\/www.univ-usto.dz\/portail-bachelier\/#\/schema\/logo\/image\/"}}]}},"_links":{"self":[{"href":"https:\/\/www.univ-usto.dz\/portail-bachelier\/wp-json\/wp\/v2\/pages\/6360","targetHints":{"allow":["GET"]}}],"collection":[{"href":"https:\/\/www.univ-usto.dz\/portail-bachelier\/wp-json\/wp\/v2\/pages"}],"about":[{"href":"https:\/\/www.univ-usto.dz\/portail-bachelier\/wp-json\/wp\/v2\/types\/page"}],"author":[{"embeddable":true,"href":"https:\/\/www.univ-usto.dz\/portail-bachelier\/wp-json\/wp\/v2\/users\/1"}],"replies":[{"embeddable":true,"href":"https:\/\/www.univ-usto.dz\/portail-bachelier\/wp-json\/wp\/v2\/comments?post=6360"}],"version-history":[{"count":80,"href":"https:\/\/www.univ-usto.dz\/portail-bachelier\/wp-json\/wp\/v2\/pages\/6360\/revisions"}],"predecessor-version":[{"id":7886,"href":"https:\/\/www.univ-usto.dz\/portail-bachelier\/wp-json\/wp\/v2\/pages\/6360\/revisions\/7886"}],"wp:attachment":[{"href":"https:\/\/www.univ-usto.dz\/portail-bachelier\/wp-json\/wp\/v2\/media?parent=6360"}],"curies":[{"name":"wp","href":"https:\/\/api.w.org\/{rel}","templated":true}]}}