{"id":6372,"date":"2020-10-06T10:29:13","date_gmt":"2020-10-06T10:29:13","guid":{"rendered":"https:\/\/www.univ-usto.dz\/portail-bachelier\/?page_id=6372"},"modified":"2025-06-30T08:05:05","modified_gmt":"2025-06-30T08:05:05","slug":"fac-mi","status":"publish","type":"page","link":"https:\/\/www.univ-usto.dz\/portail-bachelier\/fac-mi\/","title":{"rendered":"Math\u00e9matiques &#038; Informatiques"},"content":{"rendered":"\t\t<div data-elementor-type=\"wp-page\" data-elementor-id=\"6372\" class=\"elementor elementor-6372\">\n\t\t\t\t\t\t<section class=\"elementor-section elementor-top-section elementor-element elementor-element-8b196c0 elementor-section-boxed elementor-section-height-default elementor-section-height-default\" data-id=\"8b196c0\" data-element_type=\"section\">\n\t\t\t\t\t\t<div class=\"elementor-container elementor-column-gap-default\">\n\t\t\t\t\t<div class=\"elementor-column elementor-col-100 elementor-top-column elementor-element elementor-element-1d55236\" data-id=\"1d55236\" data-element_type=\"column\">\n\t\t\t<div class=\"elementor-widget-wrap elementor-element-populated\">\n\t\t\t\t\t\t<div class=\"elementor-element elementor-element-8826448 elementor-widget elementor-widget-text-editor\" data-id=\"8826448\" data-element_type=\"widget\" data-widget_type=\"text-editor.default\">\n\t\t\t\t<div class=\"elementor-widget-container\">\n\t\t\t\t\t\t\t\t\t<h3>Math\u00e9matiques &amp; Informatiques<\/h3><h3 class=\"elementor-heading-title elementor-size-default\">\u00a0<\/h3>\t\t\t\t\t\t\t\t<\/div>\n\t\t\t\t<\/div>\n\t\t\t\t<div class=\"elementor-element elementor-element-0971aaf elementor-widget elementor-widget-video\" data-id=\"0971aaf\" data-element_type=\"widget\" data-settings=\"{&quot;youtube_url&quot;:&quot;https:\\\/\\\/youtu.be\\\/D7-YBETgPn0&quot;,&quot;video_type&quot;:&quot;youtube&quot;,&quot;controls&quot;:&quot;yes&quot;}\" data-widget_type=\"video.default\">\n\t\t\t\t<div class=\"elementor-widget-container\">\n\t\t\t\t\t\t\t<div class=\"elementor-wrapper elementor-open-inline\">\n\t\t\t<div class=\"elementor-video\"><\/div>\t\t<\/div>\n\t\t\t\t\t\t<\/div>\n\t\t\t\t<\/div>\n\t\t\t\t\t<\/div>\n\t\t<\/div>\n\t\t\t\t\t<\/div>\n\t\t<\/section>\n\t\t\t\t<section class=\"elementor-section elementor-top-section elementor-element elementor-element-440ecae elementor-section-boxed elementor-section-height-default elementor-section-height-default\" data-id=\"440ecae\" data-element_type=\"section\">\n\t\t\t\t\t\t<div class=\"elementor-container elementor-column-gap-default\">\n\t\t\t\t\t<div class=\"elementor-column elementor-col-100 elementor-top-column elementor-element elementor-element-60b6329\" data-id=\"60b6329\" data-element_type=\"column\">\n\t\t\t<div class=\"elementor-widget-wrap elementor-element-populated\">\n\t\t\t\t\t\t<div class=\"elementor-element elementor-element-43875bb elementor-widget elementor-widget-text-editor\" data-id=\"43875bb\" data-element_type=\"widget\" data-widget_type=\"text-editor.default\">\n\t\t\t\t<div class=\"elementor-widget-container\">\n\t\t\t\t\t\t\t\t\t<p style=\"text-align: center;\"><strong><span style=\"text-decoration: underline;\"><a href=\"https:\/\/www.univ-usto.dz\/portail-bachelier\/wp-content\/uploads\/2025\/06\/MI-FR.pdf\">T\u00e9l\u00e9charger le d\u00e9pliant<\/a><\/span><\/strong><\/p>\t\t\t\t\t\t\t\t<\/div>\n\t\t\t\t<\/div>\n\t\t\t\t<div class=\"elementor-element elementor-element-4bec969 elementor-widget elementor-widget-text-editor\" data-id=\"4bec969\" data-element_type=\"widget\" data-widget_type=\"text-editor.default\">\n\t\t\t\t<div class=\"elementor-widget-container\">\n\t\t\t\t\t\t\t\t\t<h3>D\u00e9pliant Face1<\/h3>\t\t\t\t\t\t\t\t<\/div>\n\t\t\t\t<\/div>\n\t\t\t\t<div class=\"elementor-element elementor-element-cf51bae elementor-widget elementor-widget-image\" data-id=\"cf51bae\" data-element_type=\"widget\" data-widget_type=\"image.default\">\n\t\t\t\t<div class=\"elementor-widget-container\">\n\t\t\t\t\t\t\t\t\t\t\t\t\t\t\t\t<a href=\"https:\/\/www.univ-usto.dz\/portail-bachelier\/wp-content\/uploads\/2025\/06\/MI-FR_page-0001.jpg\" target=\"_blank\">\n\t\t\t\t\t\t\t<img fetchpriority=\"high\" decoding=\"async\" width=\"640\" height=\"453\" src=\"https:\/\/www.univ-usto.dz\/portail-bachelier\/wp-content\/uploads\/2025\/06\/MI-FR_page-0001-1024x724.jpg\" class=\"attachment-large size-large wp-image-8096\" alt=\"\" srcset=\"https:\/\/www.univ-usto.dz\/portail-bachelier\/wp-content\/uploads\/2025\/06\/MI-FR_page-0001-1024x724.jpg 1024w, https:\/\/www.univ-usto.dz\/portail-bachelier\/wp-content\/uploads\/2025\/06\/MI-FR_page-0001-300x212.jpg 300w, https:\/\/www.univ-usto.dz\/portail-bachelier\/wp-content\/uploads\/2025\/06\/MI-FR_page-0001-768x543.jpg 768w, https:\/\/www.univ-usto.dz\/portail-bachelier\/wp-content\/uploads\/2025\/06\/MI-FR_page-0001-1536x1086.jpg 1536w, https:\/\/www.univ-usto.dz\/portail-bachelier\/wp-content\/uploads\/2025\/06\/MI-FR_page-0001-360x255.jpg 360w, https:\/\/www.univ-usto.dz\/portail-bachelier\/wp-content\/uploads\/2025\/06\/MI-FR_page-0001-24x17.jpg 24w, https:\/\/www.univ-usto.dz\/portail-bachelier\/wp-content\/uploads\/2025\/06\/MI-FR_page-0001-36x25.jpg 36w, https:\/\/www.univ-usto.dz\/portail-bachelier\/wp-content\/uploads\/2025\/06\/MI-FR_page-0001-48x34.jpg 48w, https:\/\/www.univ-usto.dz\/portail-bachelier\/wp-content\/uploads\/2025\/06\/MI-FR_page-0001.jpg 1755w\" sizes=\"(max-width: 640px) 100vw, 640px\" \/>\t\t\t\t\t\t\t\t<\/a>\n\t\t\t\t\t\t\t\t\t\t\t\t\t\t\t<\/div>\n\t\t\t\t<\/div>\n\t\t\t\t<div class=\"elementor-element elementor-element-19b76fa elementor-widget elementor-widget-text-editor\" data-id=\"19b76fa\" data-element_type=\"widget\" data-widget_type=\"text-editor.default\">\n\t\t\t\t<div class=\"elementor-widget-container\">\n\t\t\t\t\t\t\t\t\t<h3>D\u00e9pliant Face2<\/h3>\t\t\t\t\t\t\t\t<\/div>\n\t\t\t\t<\/div>\n\t\t\t\t\t<\/div>\n\t\t<\/div>\n\t\t\t\t\t<\/div>\n\t\t<\/section>\n\t\t\t\t<section class=\"elementor-section elementor-top-section elementor-element elementor-element-f90bc5e elementor-section-boxed elementor-section-height-default elementor-section-height-default\" data-id=\"f90bc5e\" data-element_type=\"section\">\n\t\t\t\t\t\t<div class=\"elementor-container elementor-column-gap-default\">\n\t\t\t\t\t<div class=\"elementor-column elementor-col-100 elementor-top-column elementor-element elementor-element-8823606\" data-id=\"8823606\" data-element_type=\"column\">\n\t\t\t<div class=\"elementor-widget-wrap elementor-element-populated\">\n\t\t\t\t\t\t<div class=\"elementor-element elementor-element-40e97af elementor-widget elementor-widget-image\" data-id=\"40e97af\" data-element_type=\"widget\" data-widget_type=\"image.default\">\n\t\t\t\t<div class=\"elementor-widget-container\">\n\t\t\t\t\t\t\t\t\t\t\t\t\t\t\t\t<a href=\"https:\/\/www.univ-usto.dz\/portail-bachelier\/wp-content\/uploads\/2025\/06\/MI-FR_page-0002.jpg\">\n\t\t\t\t\t\t\t<img decoding=\"async\" width=\"640\" height=\"494\" src=\"https:\/\/www.univ-usto.dz\/portail-bachelier\/wp-content\/uploads\/2025\/06\/MI-FR_page-0002-1024x791.jpg\" class=\"attachment-large size-large wp-image-8097\" alt=\"\" srcset=\"https:\/\/www.univ-usto.dz\/portail-bachelier\/wp-content\/uploads\/2025\/06\/MI-FR_page-0002-1024x791.jpg 1024w, https:\/\/www.univ-usto.dz\/portail-bachelier\/wp-content\/uploads\/2025\/06\/MI-FR_page-0002-300x232.jpg 300w, https:\/\/www.univ-usto.dz\/portail-bachelier\/wp-content\/uploads\/2025\/06\/MI-FR_page-0002-768x594.jpg 768w, https:\/\/www.univ-usto.dz\/portail-bachelier\/wp-content\/uploads\/2025\/06\/MI-FR_page-0002-1536x1187.jpg 1536w, https:\/\/www.univ-usto.dz\/portail-bachelier\/wp-content\/uploads\/2025\/06\/MI-FR_page-0002-349x270.jpg 349w, https:\/\/www.univ-usto.dz\/portail-bachelier\/wp-content\/uploads\/2025\/06\/MI-FR_page-0002-24x19.jpg 24w, https:\/\/www.univ-usto.dz\/portail-bachelier\/wp-content\/uploads\/2025\/06\/MI-FR_page-0002-36x28.jpg 36w, https:\/\/www.univ-usto.dz\/portail-bachelier\/wp-content\/uploads\/2025\/06\/MI-FR_page-0002-48x37.jpg 48w, https:\/\/www.univ-usto.dz\/portail-bachelier\/wp-content\/uploads\/2025\/06\/MI-FR_page-0002.jpg 1651w\" sizes=\"(max-width: 640px) 100vw, 640px\" \/>\t\t\t\t\t\t\t\t<\/a>\n\t\t\t\t\t\t\t\t\t\t\t\t\t\t\t<\/div>\n\t\t\t\t<\/div>\n\t\t\t\t\t<\/div>\n\t\t<\/div>\n\t\t\t\t\t<\/div>\n\t\t<\/section>\n\t\t\t\t<\/div>\n\t\t","protected":false},"excerpt":{"rendered":"<p>Math\u00e9matiques &amp; Informatiques \u00a0 https:\/\/youtu.be\/D7-YBETgPn0 T\u00e9l\u00e9charger le d\u00e9pliant D\u00e9pliant Face1 D\u00e9pliant Face2<\/p>\n","protected":false},"author":1,"featured_media":0,"parent":0,"menu_order":0,"comment_status":"closed","ping_status":"closed","template":"","meta":{"footnotes":""},"class_list":["post-6372","page","type-page","status-publish","hentry"],"yoast_head":"<!-- This site is optimized with the Yoast SEO plugin v25.5 - https:\/\/yoast.com\/wordpress\/plugins\/seo\/ -->\n<title>Math\u00e9matiques &amp; Informatiques - Universit\u00e9 des Sciences et de la Technologie d&#039;Oran Mohamed-Boudiaf USTOMB<\/title>\n<meta name=\"robots\" content=\"index, follow, max-snippet:-1, max-image-preview:large, max-video-preview:-1\" \/>\n<link rel=\"canonical\" href=\"https:\/\/www.univ-usto.dz\/portail-bachelier\/fac-mi\/\" \/>\n<meta property=\"og:locale\" content=\"fr_FR\" \/>\n<meta property=\"og:type\" content=\"article\" \/>\n<meta property=\"og:title\" content=\"Math\u00e9matiques &amp; Informatiques - Universit\u00e9 des Sciences et de la Technologie d&#039;Oran Mohamed-Boudiaf USTOMB\" \/>\n<meta property=\"og:description\" content=\"Math\u00e9matiques &amp; Informatiques \u00a0 https:\/\/youtu.be\/D7-YBETgPn0 T\u00e9l\u00e9charger le d\u00e9pliant D\u00e9pliant Face1 D\u00e9pliant Face2\" \/>\n<meta property=\"og:url\" content=\"https:\/\/www.univ-usto.dz\/portail-bachelier\/fac-mi\/\" \/>\n<meta property=\"og:site_name\" content=\"Universit\u00e9 des Sciences et de la Technologie d&#039;Oran Mohamed-Boudiaf USTOMB\" \/>\n<meta property=\"article:modified_time\" content=\"2025-06-30T08:05:05+00:00\" \/>\n<meta property=\"og:image\" content=\"https:\/\/www.univ-usto.dz\/portail-bachelier\/wp-content\/uploads\/2025\/06\/MI-FR_page-0001.jpg\" \/>\n\t<meta property=\"og:image:width\" content=\"1755\" \/>\n\t<meta property=\"og:image:height\" content=\"1241\" \/>\n\t<meta property=\"og:image:type\" content=\"image\/jpeg\" \/>\n<meta name=\"twitter:card\" content=\"summary_large_image\" \/>\n<meta name=\"twitter:label1\" content=\"Dur\u00e9e de lecture estim\u00e9e\" \/>\n\t<meta name=\"twitter:data1\" content=\"1 minute\" \/>\n<script type=\"application\/ld+json\" class=\"yoast-schema-graph\">{\"@context\":\"https:\/\/schema.org\",\"@graph\":[{\"@type\":\"WebPage\",\"@id\":\"https:\/\/www.univ-usto.dz\/portail-bachelier\/fac-mi\/\",\"url\":\"https:\/\/www.univ-usto.dz\/portail-bachelier\/fac-mi\/\",\"name\":\"Math\u00e9matiques & Informatiques - Universit\u00e9 des Sciences et de la Technologie d&#039;Oran Mohamed-Boudiaf USTOMB\",\"isPartOf\":{\"@id\":\"https:\/\/www.univ-usto.dz\/portail-bachelier\/#website\"},\"primaryImageOfPage\":{\"@id\":\"https:\/\/www.univ-usto.dz\/portail-bachelier\/fac-mi\/#primaryimage\"},\"image\":{\"@id\":\"https:\/\/www.univ-usto.dz\/portail-bachelier\/fac-mi\/#primaryimage\"},\"thumbnailUrl\":\"https:\/\/www.univ-usto.dz\/portail-bachelier\/wp-content\/uploads\/2025\/06\/MI-FR_page-0001-1024x724.jpg\",\"datePublished\":\"2020-10-06T10:29:13+00:00\",\"dateModified\":\"2025-06-30T08:05:05+00:00\",\"breadcrumb\":{\"@id\":\"https:\/\/www.univ-usto.dz\/portail-bachelier\/fac-mi\/#breadcrumb\"},\"inLanguage\":\"fr-FR\",\"potentialAction\":[{\"@type\":\"ReadAction\",\"target\":[\"https:\/\/www.univ-usto.dz\/portail-bachelier\/fac-mi\/\"]}]},{\"@type\":\"ImageObject\",\"inLanguage\":\"fr-FR\",\"@id\":\"https:\/\/www.univ-usto.dz\/portail-bachelier\/fac-mi\/#primaryimage\",\"url\":\"https:\/\/www.univ-usto.dz\/portail-bachelier\/wp-content\/uploads\/2025\/06\/MI-FR_page-0001.jpg\",\"contentUrl\":\"https:\/\/www.univ-usto.dz\/portail-bachelier\/wp-content\/uploads\/2025\/06\/MI-FR_page-0001.jpg\",\"width\":1755,\"height\":1241},{\"@type\":\"BreadcrumbList\",\"@id\":\"https:\/\/www.univ-usto.dz\/portail-bachelier\/fac-mi\/#breadcrumb\",\"itemListElement\":[{\"@type\":\"ListItem\",\"position\":1,\"name\":\"Home\",\"item\":\"https:\/\/www.univ-usto.dz\/portail-bachelier\/\"},{\"@type\":\"ListItem\",\"position\":2,\"name\":\"Math\u00e9matiques &#038; Informatiques\"}]},{\"@type\":\"WebSite\",\"@id\":\"https:\/\/www.univ-usto.dz\/portail-bachelier\/#website\",\"url\":\"https:\/\/www.univ-usto.dz\/portail-bachelier\/\",\"name\":\"Universit\u00e9 des Sciences et de la Technologie d&#039;Oran Mohamed-Boudiaf USTOMB\",\"description\":\"Portail du Nouveau bachelier\",\"publisher\":{\"@id\":\"https:\/\/www.univ-usto.dz\/portail-bachelier\/#organization\"},\"potentialAction\":[{\"@type\":\"SearchAction\",\"target\":{\"@type\":\"EntryPoint\",\"urlTemplate\":\"https:\/\/www.univ-usto.dz\/portail-bachelier\/?s={search_term_string}\"},\"query-input\":{\"@type\":\"PropertyValueSpecification\",\"valueRequired\":true,\"valueName\":\"search_term_string\"}}],\"inLanguage\":\"fr-FR\"},{\"@type\":\"Organization\",\"@id\":\"https:\/\/www.univ-usto.dz\/portail-bachelier\/#organization\",\"name\":\"Universit\u00e9 des Sciences et de la Technologie d&#039;Oran Mohamed-Boudiaf USTOMB\",\"url\":\"https:\/\/www.univ-usto.dz\/portail-bachelier\/\",\"logo\":{\"@type\":\"ImageObject\",\"inLanguage\":\"fr-FR\",\"@id\":\"https:\/\/www.univ-usto.dz\/portail-bachelier\/#\/schema\/logo\/image\/\",\"url\":\"https:\/\/www.univ-usto.dz\/portail-bachelier\/wp-content\/uploads\/2024\/06\/cropped-LOGO-USTO_Modif1-e1601403966860-1.jpg\",\"contentUrl\":\"https:\/\/www.univ-usto.dz\/portail-bachelier\/wp-content\/uploads\/2024\/06\/cropped-LOGO-USTO_Modif1-e1601403966860-1.jpg\",\"width\":140,\"height\":140,\"caption\":\"Universit\u00e9 des Sciences et de la Technologie d&#039;Oran Mohamed-Boudiaf USTOMB\"},\"image\":{\"@id\":\"https:\/\/www.univ-usto.dz\/portail-bachelier\/#\/schema\/logo\/image\/\"}}]}<\/script>\n<!-- \/ Yoast SEO plugin. -->","yoast_head_json":{"title":"Math\u00e9matiques & Informatiques - Universit\u00e9 des Sciences et de la Technologie d&#039;Oran Mohamed-Boudiaf USTOMB","robots":{"index":"index","follow":"follow","max-snippet":"max-snippet:-1","max-image-preview":"max-image-preview:large","max-video-preview":"max-video-preview:-1"},"canonical":"https:\/\/www.univ-usto.dz\/portail-bachelier\/fac-mi\/","og_locale":"fr_FR","og_type":"article","og_title":"Math\u00e9matiques & Informatiques - Universit\u00e9 des Sciences et de la Technologie d&#039;Oran Mohamed-Boudiaf USTOMB","og_description":"Math\u00e9matiques &amp; Informatiques \u00a0 https:\/\/youtu.be\/D7-YBETgPn0 T\u00e9l\u00e9charger le d\u00e9pliant D\u00e9pliant Face1 D\u00e9pliant Face2","og_url":"https:\/\/www.univ-usto.dz\/portail-bachelier\/fac-mi\/","og_site_name":"Universit\u00e9 des Sciences et de la Technologie d&#039;Oran Mohamed-Boudiaf USTOMB","article_modified_time":"2025-06-30T08:05:05+00:00","og_image":[{"width":1755,"height":1241,"url":"https:\/\/www.univ-usto.dz\/portail-bachelier\/wp-content\/uploads\/2025\/06\/MI-FR_page-0001.jpg","type":"image\/jpeg"}],"twitter_card":"summary_large_image","twitter_misc":{"Dur\u00e9e de lecture estim\u00e9e":"1 minute"},"schema":{"@context":"https:\/\/schema.org","@graph":[{"@type":"WebPage","@id":"https:\/\/www.univ-usto.dz\/portail-bachelier\/fac-mi\/","url":"https:\/\/www.univ-usto.dz\/portail-bachelier\/fac-mi\/","name":"Math\u00e9matiques & Informatiques - Universit\u00e9 des Sciences et de la Technologie d&#039;Oran Mohamed-Boudiaf USTOMB","isPartOf":{"@id":"https:\/\/www.univ-usto.dz\/portail-bachelier\/#website"},"primaryImageOfPage":{"@id":"https:\/\/www.univ-usto.dz\/portail-bachelier\/fac-mi\/#primaryimage"},"image":{"@id":"https:\/\/www.univ-usto.dz\/portail-bachelier\/fac-mi\/#primaryimage"},"thumbnailUrl":"https:\/\/www.univ-usto.dz\/portail-bachelier\/wp-content\/uploads\/2025\/06\/MI-FR_page-0001-1024x724.jpg","datePublished":"2020-10-06T10:29:13+00:00","dateModified":"2025-06-30T08:05:05+00:00","breadcrumb":{"@id":"https:\/\/www.univ-usto.dz\/portail-bachelier\/fac-mi\/#breadcrumb"},"inLanguage":"fr-FR","potentialAction":[{"@type":"ReadAction","target":["https:\/\/www.univ-usto.dz\/portail-bachelier\/fac-mi\/"]}]},{"@type":"ImageObject","inLanguage":"fr-FR","@id":"https:\/\/www.univ-usto.dz\/portail-bachelier\/fac-mi\/#primaryimage","url":"https:\/\/www.univ-usto.dz\/portail-bachelier\/wp-content\/uploads\/2025\/06\/MI-FR_page-0001.jpg","contentUrl":"https:\/\/www.univ-usto.dz\/portail-bachelier\/wp-content\/uploads\/2025\/06\/MI-FR_page-0001.jpg","width":1755,"height":1241},{"@type":"BreadcrumbList","@id":"https:\/\/www.univ-usto.dz\/portail-bachelier\/fac-mi\/#breadcrumb","itemListElement":[{"@type":"ListItem","position":1,"name":"Home","item":"https:\/\/www.univ-usto.dz\/portail-bachelier\/"},{"@type":"ListItem","position":2,"name":"Math\u00e9matiques &#038; Informatiques"}]},{"@type":"WebSite","@id":"https:\/\/www.univ-usto.dz\/portail-bachelier\/#website","url":"https:\/\/www.univ-usto.dz\/portail-bachelier\/","name":"Universit\u00e9 des Sciences et de la Technologie d&#039;Oran Mohamed-Boudiaf USTOMB","description":"Portail du Nouveau bachelier","publisher":{"@id":"https:\/\/www.univ-usto.dz\/portail-bachelier\/#organization"},"potentialAction":[{"@type":"SearchAction","target":{"@type":"EntryPoint","urlTemplate":"https:\/\/www.univ-usto.dz\/portail-bachelier\/?s={search_term_string}"},"query-input":{"@type":"PropertyValueSpecification","valueRequired":true,"valueName":"search_term_string"}}],"inLanguage":"fr-FR"},{"@type":"Organization","@id":"https:\/\/www.univ-usto.dz\/portail-bachelier\/#organization","name":"Universit\u00e9 des Sciences et de la Technologie d&#039;Oran Mohamed-Boudiaf USTOMB","url":"https:\/\/www.univ-usto.dz\/portail-bachelier\/","logo":{"@type":"ImageObject","inLanguage":"fr-FR","@id":"https:\/\/www.univ-usto.dz\/portail-bachelier\/#\/schema\/logo\/image\/","url":"https:\/\/www.univ-usto.dz\/portail-bachelier\/wp-content\/uploads\/2024\/06\/cropped-LOGO-USTO_Modif1-e1601403966860-1.jpg","contentUrl":"https:\/\/www.univ-usto.dz\/portail-bachelier\/wp-content\/uploads\/2024\/06\/cropped-LOGO-USTO_Modif1-e1601403966860-1.jpg","width":140,"height":140,"caption":"Universit\u00e9 des Sciences et de la Technologie d&#039;Oran Mohamed-Boudiaf USTOMB"},"image":{"@id":"https:\/\/www.univ-usto.dz\/portail-bachelier\/#\/schema\/logo\/image\/"}}]}},"_links":{"self":[{"href":"https:\/\/www.univ-usto.dz\/portail-bachelier\/wp-json\/wp\/v2\/pages\/6372","targetHints":{"allow":["GET"]}}],"collection":[{"href":"https:\/\/www.univ-usto.dz\/portail-bachelier\/wp-json\/wp\/v2\/pages"}],"about":[{"href":"https:\/\/www.univ-usto.dz\/portail-bachelier\/wp-json\/wp\/v2\/types\/page"}],"author":[{"embeddable":true,"href":"https:\/\/www.univ-usto.dz\/portail-bachelier\/wp-json\/wp\/v2\/users\/1"}],"replies":[{"embeddable":true,"href":"https:\/\/www.univ-usto.dz\/portail-bachelier\/wp-json\/wp\/v2\/comments?post=6372"}],"version-history":[{"count":61,"href":"https:\/\/www.univ-usto.dz\/portail-bachelier\/wp-json\/wp\/v2\/pages\/6372\/revisions"}],"predecessor-version":[{"id":8106,"href":"https:\/\/www.univ-usto.dz\/portail-bachelier\/wp-json\/wp\/v2\/pages\/6372\/revisions\/8106"}],"wp:attachment":[{"href":"https:\/\/www.univ-usto.dz\/portail-bachelier\/wp-json\/wp\/v2\/media?parent=6372"}],"curies":[{"name":"wp","href":"https:\/\/api.w.org\/{rel}","templated":true}]}}