{"id":6388,"date":"2020-10-06T10:35:45","date_gmt":"2020-10-06T10:35:45","guid":{"rendered":"https:\/\/www.univ-usto.dz\/portail-bachelier\/?page_id=6388"},"modified":"2025-07-02T11:27:09","modified_gmt":"2025-07-02T11:27:09","slug":"fge","status":"publish","type":"page","link":"https:\/\/www.univ-usto.dz\/portail-bachelier\/fge\/","title":{"rendered":"G\u00e9nie Electrique"},"content":{"rendered":"\t\t<div data-elementor-type=\"wp-page\" data-elementor-id=\"6388\" class=\"elementor elementor-6388\">\n\t\t\t\t\t\t<section class=\"elementor-section elementor-top-section elementor-element elementor-element-a767809 elementor-section-boxed elementor-section-height-default elementor-section-height-default\" data-id=\"a767809\" data-element_type=\"section\">\n\t\t\t\t\t\t<div class=\"elementor-container elementor-column-gap-default\">\n\t\t\t\t\t<div class=\"elementor-column elementor-col-100 elementor-top-column elementor-element elementor-element-2df82f4\" data-id=\"2df82f4\" data-element_type=\"column\">\n\t\t\t<div class=\"elementor-widget-wrap elementor-element-populated\">\n\t\t\t\t\t\t<div class=\"elementor-element elementor-element-d5fb13e elementor-widget elementor-widget-text-editor\" data-id=\"d5fb13e\" data-element_type=\"widget\" data-widget_type=\"text-editor.default\">\n\t\t\t\t<div class=\"elementor-widget-container\">\n\t\t\t\t\t\t\t\t\t<h3>Facult\u00e9 G\u00e9nie \u00c9lectrique<\/h3><h3 class=\"elementor-heading-title elementor-size-default\"><span style=\"color: #000080;\">\u00a0<\/span><\/h3>\t\t\t\t\t\t\t\t<\/div>\n\t\t\t\t<\/div>\n\t\t\t\t<div class=\"elementor-element elementor-element-5321887 elementor-widget elementor-widget-video\" data-id=\"5321887\" data-element_type=\"widget\" data-settings=\"{&quot;youtube_url&quot;:&quot;https:\\\/\\\/youtu.be\\\/7HAGaVZ7wTo&quot;,&quot;video_type&quot;:&quot;youtube&quot;,&quot;controls&quot;:&quot;yes&quot;}\" data-widget_type=\"video.default\">\n\t\t\t\t<div class=\"elementor-widget-container\">\n\t\t\t\t\t\t\t<div class=\"elementor-wrapper elementor-open-inline\">\n\t\t\t<div class=\"elementor-video\"><\/div>\t\t<\/div>\n\t\t\t\t\t\t<\/div>\n\t\t\t\t<\/div>\n\t\t\t\t\t<\/div>\n\t\t<\/div>\n\t\t\t\t\t<\/div>\n\t\t<\/section>\n\t\t\t\t<section class=\"elementor-section elementor-top-section elementor-element elementor-element-00d0061 elementor-section-boxed elementor-section-height-default elementor-section-height-default\" data-id=\"00d0061\" data-element_type=\"section\">\n\t\t\t\t\t\t<div class=\"elementor-container elementor-column-gap-default\">\n\t\t\t\t\t<div class=\"elementor-column elementor-col-100 elementor-top-column elementor-element elementor-element-708a5d0\" data-id=\"708a5d0\" data-element_type=\"column\">\n\t\t\t<div class=\"elementor-widget-wrap elementor-element-populated\">\n\t\t\t\t\t\t<div class=\"elementor-element elementor-element-700d610 elementor-widget-mobile__width-initial elementor-widget elementor-widget-text-editor\" data-id=\"700d610\" data-element_type=\"widget\" data-widget_type=\"text-editor.default\">\n\t\t\t\t<div class=\"elementor-widget-container\">\n\t\t\t\t\t\t\t\t\t<p style=\"text-align: center;\"><span style=\"text-decoration: underline;\"><strong><a href=\"https:\/\/www.univ-usto.dz\/bac2024\/fr\/wp-content\/uploads\/2023\/07\/G.E.pdf\">T\u00e9l\u00e9charger le D\u00e9pliant<\/a><\/strong><\/span><\/p>\t\t\t\t\t\t\t\t<\/div>\n\t\t\t\t<\/div>\n\t\t\t\t<div class=\"elementor-element elementor-element-a16d8bc elementor-widget elementor-widget-text-editor\" data-id=\"a16d8bc\" data-element_type=\"widget\" data-widget_type=\"text-editor.default\">\n\t\t\t\t<div class=\"elementor-widget-container\">\n\t\t\t\t\t\t\t\t\t<h3>D\u00e9pliant Face1<\/h3>\t\t\t\t\t\t\t\t<\/div>\n\t\t\t\t<\/div>\n\t\t\t\t<div class=\"elementor-element elementor-element-b567369 elementor-widget elementor-widget-image\" data-id=\"b567369\" data-element_type=\"widget\" data-widget_type=\"image.default\">\n\t\t\t\t<div class=\"elementor-widget-container\">\n\t\t\t\t\t\t\t\t\t\t\t\t\t\t\t<img fetchpriority=\"high\" decoding=\"async\" width=\"640\" height=\"494\" src=\"https:\/\/www.univ-usto.dz\/portail-bachelier\/wp-content\/uploads\/2025\/07\/Depliant_FGE_2023_Anglais_page-0001-1024x791.jpg\" class=\"attachment-large size-large wp-image-8111\" alt=\"\" srcset=\"https:\/\/www.univ-usto.dz\/portail-bachelier\/wp-content\/uploads\/2025\/07\/Depliant_FGE_2023_Anglais_page-0001-1024x791.jpg 1024w, https:\/\/www.univ-usto.dz\/portail-bachelier\/wp-content\/uploads\/2025\/07\/Depliant_FGE_2023_Anglais_page-0001-300x232.jpg 300w, https:\/\/www.univ-usto.dz\/portail-bachelier\/wp-content\/uploads\/2025\/07\/Depliant_FGE_2023_Anglais_page-0001-768x593.jpg 768w, https:\/\/www.univ-usto.dz\/portail-bachelier\/wp-content\/uploads\/2025\/07\/Depliant_FGE_2023_Anglais_page-0001-1536x1187.jpg 1536w, https:\/\/www.univ-usto.dz\/portail-bachelier\/wp-content\/uploads\/2025\/07\/Depliant_FGE_2023_Anglais_page-0001-349x270.jpg 349w, https:\/\/www.univ-usto.dz\/portail-bachelier\/wp-content\/uploads\/2025\/07\/Depliant_FGE_2023_Anglais_page-0001-24x19.jpg 24w, https:\/\/www.univ-usto.dz\/portail-bachelier\/wp-content\/uploads\/2025\/07\/Depliant_FGE_2023_Anglais_page-0001-36x28.jpg 36w, https:\/\/www.univ-usto.dz\/portail-bachelier\/wp-content\/uploads\/2025\/07\/Depliant_FGE_2023_Anglais_page-0001-48x37.jpg 48w, https:\/\/www.univ-usto.dz\/portail-bachelier\/wp-content\/uploads\/2025\/07\/Depliant_FGE_2023_Anglais_page-0001.jpg 1650w\" sizes=\"(max-width: 640px) 100vw, 640px\" \/>\t\t\t\t\t\t\t\t\t\t\t\t\t\t\t<\/div>\n\t\t\t\t<\/div>\n\t\t\t\t<div class=\"elementor-element elementor-element-1a5db42 elementor-widget elementor-widget-text-editor\" data-id=\"1a5db42\" data-element_type=\"widget\" data-widget_type=\"text-editor.default\">\n\t\t\t\t<div class=\"elementor-widget-container\">\n\t\t\t\t\t\t\t\t\t<h3>D\u00e9pliant Face2<\/h3>\t\t\t\t\t\t\t\t<\/div>\n\t\t\t\t<\/div>\n\t\t\t\t<div class=\"elementor-element elementor-element-12498c1 elementor-widget elementor-widget-image\" data-id=\"12498c1\" data-element_type=\"widget\" data-widget_type=\"image.default\">\n\t\t\t\t<div class=\"elementor-widget-container\">\n\t\t\t\t\t\t\t\t\t\t\t\t\t\t\t<img decoding=\"async\" width=\"640\" height=\"494\" src=\"https:\/\/www.univ-usto.dz\/portail-bachelier\/wp-content\/uploads\/2025\/07\/Depliant_FGE_2023_Anglais_page-0002-1024x791.jpg\" class=\"attachment-large size-large wp-image-8112\" alt=\"\" srcset=\"https:\/\/www.univ-usto.dz\/portail-bachelier\/wp-content\/uploads\/2025\/07\/Depliant_FGE_2023_Anglais_page-0002-1024x791.jpg 1024w, https:\/\/www.univ-usto.dz\/portail-bachelier\/wp-content\/uploads\/2025\/07\/Depliant_FGE_2023_Anglais_page-0002-300x232.jpg 300w, https:\/\/www.univ-usto.dz\/portail-bachelier\/wp-content\/uploads\/2025\/07\/Depliant_FGE_2023_Anglais_page-0002-768x593.jpg 768w, https:\/\/www.univ-usto.dz\/portail-bachelier\/wp-content\/uploads\/2025\/07\/Depliant_FGE_2023_Anglais_page-0002-1536x1187.jpg 1536w, https:\/\/www.univ-usto.dz\/portail-bachelier\/wp-content\/uploads\/2025\/07\/Depliant_FGE_2023_Anglais_page-0002-349x270.jpg 349w, https:\/\/www.univ-usto.dz\/portail-bachelier\/wp-content\/uploads\/2025\/07\/Depliant_FGE_2023_Anglais_page-0002-24x19.jpg 24w, https:\/\/www.univ-usto.dz\/portail-bachelier\/wp-content\/uploads\/2025\/07\/Depliant_FGE_2023_Anglais_page-0002-36x28.jpg 36w, https:\/\/www.univ-usto.dz\/portail-bachelier\/wp-content\/uploads\/2025\/07\/Depliant_FGE_2023_Anglais_page-0002-48x37.jpg 48w, https:\/\/www.univ-usto.dz\/portail-bachelier\/wp-content\/uploads\/2025\/07\/Depliant_FGE_2023_Anglais_page-0002.jpg 1650w\" sizes=\"(max-width: 640px) 100vw, 640px\" \/>\t\t\t\t\t\t\t\t\t\t\t\t\t\t\t<\/div>\n\t\t\t\t<\/div>\n\t\t\t\t\t<\/div>\n\t\t<\/div>\n\t\t\t\t\t<\/div>\n\t\t<\/section>\n\t\t\t\t<section class=\"elementor-section elementor-top-section elementor-element elementor-element-f239a3c elementor-section-boxed elementor-section-height-default elementor-section-height-default\" data-id=\"f239a3c\" data-element_type=\"section\">\n\t\t\t\t\t\t<div class=\"elementor-container elementor-column-gap-default\">\n\t\t\t\t\t<div class=\"elementor-column elementor-col-100 elementor-top-column elementor-element elementor-element-d5894e2\" data-id=\"d5894e2\" data-element_type=\"column\">\n\t\t\t<div class=\"elementor-widget-wrap\">\n\t\t\t\t\t\t\t<\/div>\n\t\t<\/div>\n\t\t\t\t\t<\/div>\n\t\t<\/section>\n\t\t\t\t<\/div>\n\t\t","protected":false},"excerpt":{"rendered":"<p>Facult\u00e9 G\u00e9nie \u00c9lectrique \u00a0 https:\/\/youtu.be\/7HAGaVZ7wTo T\u00e9l\u00e9charger le D\u00e9pliant D\u00e9pliant Face1 D\u00e9pliant Face2<\/p>\n","protected":false},"author":1,"featured_media":0,"parent":0,"menu_order":0,"comment_status":"closed","ping_status":"closed","template":"","meta":{"footnotes":""},"class_list":["post-6388","page","type-page","status-publish","hentry"],"yoast_head":"<!-- This site is optimized with the Yoast SEO plugin v25.5 - https:\/\/yoast.com\/wordpress\/plugins\/seo\/ -->\n<title>G\u00e9nie Electrique - Universit\u00e9 des Sciences et de la Technologie d&#039;Oran Mohamed-Boudiaf USTOMB<\/title>\n<meta name=\"robots\" content=\"index, follow, max-snippet:-1, max-image-preview:large, max-video-preview:-1\" \/>\n<link rel=\"canonical\" href=\"https:\/\/www.univ-usto.dz\/portail-bachelier\/fge\/\" \/>\n<meta property=\"og:locale\" content=\"fr_FR\" \/>\n<meta property=\"og:type\" content=\"article\" \/>\n<meta property=\"og:title\" content=\"G\u00e9nie Electrique - Universit\u00e9 des Sciences et de la Technologie d&#039;Oran Mohamed-Boudiaf USTOMB\" \/>\n<meta property=\"og:description\" content=\"Facult\u00e9 G\u00e9nie \u00c9lectrique \u00a0 https:\/\/youtu.be\/7HAGaVZ7wTo T\u00e9l\u00e9charger le D\u00e9pliant D\u00e9pliant Face1 D\u00e9pliant Face2\" \/>\n<meta property=\"og:url\" content=\"https:\/\/www.univ-usto.dz\/portail-bachelier\/fge\/\" \/>\n<meta property=\"og:site_name\" content=\"Universit\u00e9 des Sciences et de la Technologie d&#039;Oran Mohamed-Boudiaf USTOMB\" \/>\n<meta property=\"article:modified_time\" content=\"2025-07-02T11:27:09+00:00\" \/>\n<meta property=\"og:image\" content=\"https:\/\/www.univ-usto.dz\/portail-bachelier\/wp-content\/uploads\/2025\/07\/Depliant_FGE_2023_Anglais_page-0001.jpg\" \/>\n\t<meta property=\"og:image:width\" content=\"1650\" \/>\n\t<meta property=\"og:image:height\" content=\"1275\" \/>\n\t<meta property=\"og:image:type\" content=\"image\/jpeg\" \/>\n<meta name=\"twitter:card\" content=\"summary_large_image\" \/>\n<meta name=\"twitter:label1\" content=\"Dur\u00e9e de lecture estim\u00e9e\" \/>\n\t<meta name=\"twitter:data1\" content=\"1 minute\" \/>\n<script type=\"application\/ld+json\" class=\"yoast-schema-graph\">{\"@context\":\"https:\/\/schema.org\",\"@graph\":[{\"@type\":\"WebPage\",\"@id\":\"https:\/\/www.univ-usto.dz\/portail-bachelier\/fge\/\",\"url\":\"https:\/\/www.univ-usto.dz\/portail-bachelier\/fge\/\",\"name\":\"G\u00e9nie Electrique - Universit\u00e9 des Sciences et de la Technologie d&#039;Oran Mohamed-Boudiaf USTOMB\",\"isPartOf\":{\"@id\":\"https:\/\/www.univ-usto.dz\/portail-bachelier\/#website\"},\"primaryImageOfPage\":{\"@id\":\"https:\/\/www.univ-usto.dz\/portail-bachelier\/fge\/#primaryimage\"},\"image\":{\"@id\":\"https:\/\/www.univ-usto.dz\/portail-bachelier\/fge\/#primaryimage\"},\"thumbnailUrl\":\"https:\/\/www.univ-usto.dz\/portail-bachelier\/wp-content\/uploads\/2025\/07\/Depliant_FGE_2023_Anglais_page-0001-1024x791.jpg\",\"datePublished\":\"2020-10-06T10:35:45+00:00\",\"dateModified\":\"2025-07-02T11:27:09+00:00\",\"breadcrumb\":{\"@id\":\"https:\/\/www.univ-usto.dz\/portail-bachelier\/fge\/#breadcrumb\"},\"inLanguage\":\"fr-FR\",\"potentialAction\":[{\"@type\":\"ReadAction\",\"target\":[\"https:\/\/www.univ-usto.dz\/portail-bachelier\/fge\/\"]}]},{\"@type\":\"ImageObject\",\"inLanguage\":\"fr-FR\",\"@id\":\"https:\/\/www.univ-usto.dz\/portail-bachelier\/fge\/#primaryimage\",\"url\":\"https:\/\/www.univ-usto.dz\/portail-bachelier\/wp-content\/uploads\/2025\/07\/Depliant_FGE_2023_Anglais_page-0001.jpg\",\"contentUrl\":\"https:\/\/www.univ-usto.dz\/portail-bachelier\/wp-content\/uploads\/2025\/07\/Depliant_FGE_2023_Anglais_page-0001.jpg\",\"width\":1650,\"height\":1275},{\"@type\":\"BreadcrumbList\",\"@id\":\"https:\/\/www.univ-usto.dz\/portail-bachelier\/fge\/#breadcrumb\",\"itemListElement\":[{\"@type\":\"ListItem\",\"position\":1,\"name\":\"Home\",\"item\":\"https:\/\/www.univ-usto.dz\/portail-bachelier\/\"},{\"@type\":\"ListItem\",\"position\":2,\"name\":\"G\u00e9nie Electrique\"}]},{\"@type\":\"WebSite\",\"@id\":\"https:\/\/www.univ-usto.dz\/portail-bachelier\/#website\",\"url\":\"https:\/\/www.univ-usto.dz\/portail-bachelier\/\",\"name\":\"Universit\u00e9 des Sciences et de la Technologie d&#039;Oran Mohamed-Boudiaf USTOMB\",\"description\":\"Portail du Nouveau bachelier\",\"publisher\":{\"@id\":\"https:\/\/www.univ-usto.dz\/portail-bachelier\/#organization\"},\"potentialAction\":[{\"@type\":\"SearchAction\",\"target\":{\"@type\":\"EntryPoint\",\"urlTemplate\":\"https:\/\/www.univ-usto.dz\/portail-bachelier\/?s={search_term_string}\"},\"query-input\":{\"@type\":\"PropertyValueSpecification\",\"valueRequired\":true,\"valueName\":\"search_term_string\"}}],\"inLanguage\":\"fr-FR\"},{\"@type\":\"Organization\",\"@id\":\"https:\/\/www.univ-usto.dz\/portail-bachelier\/#organization\",\"name\":\"Universit\u00e9 des Sciences et de la Technologie d&#039;Oran Mohamed-Boudiaf USTOMB\",\"url\":\"https:\/\/www.univ-usto.dz\/portail-bachelier\/\",\"logo\":{\"@type\":\"ImageObject\",\"inLanguage\":\"fr-FR\",\"@id\":\"https:\/\/www.univ-usto.dz\/portail-bachelier\/#\/schema\/logo\/image\/\",\"url\":\"https:\/\/www.univ-usto.dz\/portail-bachelier\/wp-content\/uploads\/2024\/06\/cropped-LOGO-USTO_Modif1-e1601403966860-1.jpg\",\"contentUrl\":\"https:\/\/www.univ-usto.dz\/portail-bachelier\/wp-content\/uploads\/2024\/06\/cropped-LOGO-USTO_Modif1-e1601403966860-1.jpg\",\"width\":140,\"height\":140,\"caption\":\"Universit\u00e9 des Sciences et de la Technologie d&#039;Oran Mohamed-Boudiaf USTOMB\"},\"image\":{\"@id\":\"https:\/\/www.univ-usto.dz\/portail-bachelier\/#\/schema\/logo\/image\/\"}}]}<\/script>\n<!-- \/ Yoast SEO plugin. -->","yoast_head_json":{"title":"G\u00e9nie Electrique - Universit\u00e9 des Sciences et de la Technologie d&#039;Oran Mohamed-Boudiaf USTOMB","robots":{"index":"index","follow":"follow","max-snippet":"max-snippet:-1","max-image-preview":"max-image-preview:large","max-video-preview":"max-video-preview:-1"},"canonical":"https:\/\/www.univ-usto.dz\/portail-bachelier\/fge\/","og_locale":"fr_FR","og_type":"article","og_title":"G\u00e9nie Electrique - Universit\u00e9 des Sciences et de la Technologie d&#039;Oran Mohamed-Boudiaf USTOMB","og_description":"Facult\u00e9 G\u00e9nie \u00c9lectrique \u00a0 https:\/\/youtu.be\/7HAGaVZ7wTo T\u00e9l\u00e9charger le D\u00e9pliant D\u00e9pliant Face1 D\u00e9pliant Face2","og_url":"https:\/\/www.univ-usto.dz\/portail-bachelier\/fge\/","og_site_name":"Universit\u00e9 des Sciences et de la Technologie d&#039;Oran Mohamed-Boudiaf USTOMB","article_modified_time":"2025-07-02T11:27:09+00:00","og_image":[{"width":1650,"height":1275,"url":"https:\/\/www.univ-usto.dz\/portail-bachelier\/wp-content\/uploads\/2025\/07\/Depliant_FGE_2023_Anglais_page-0001.jpg","type":"image\/jpeg"}],"twitter_card":"summary_large_image","twitter_misc":{"Dur\u00e9e de lecture estim\u00e9e":"1 minute"},"schema":{"@context":"https:\/\/schema.org","@graph":[{"@type":"WebPage","@id":"https:\/\/www.univ-usto.dz\/portail-bachelier\/fge\/","url":"https:\/\/www.univ-usto.dz\/portail-bachelier\/fge\/","name":"G\u00e9nie Electrique - Universit\u00e9 des Sciences et de la Technologie d&#039;Oran Mohamed-Boudiaf USTOMB","isPartOf":{"@id":"https:\/\/www.univ-usto.dz\/portail-bachelier\/#website"},"primaryImageOfPage":{"@id":"https:\/\/www.univ-usto.dz\/portail-bachelier\/fge\/#primaryimage"},"image":{"@id":"https:\/\/www.univ-usto.dz\/portail-bachelier\/fge\/#primaryimage"},"thumbnailUrl":"https:\/\/www.univ-usto.dz\/portail-bachelier\/wp-content\/uploads\/2025\/07\/Depliant_FGE_2023_Anglais_page-0001-1024x791.jpg","datePublished":"2020-10-06T10:35:45+00:00","dateModified":"2025-07-02T11:27:09+00:00","breadcrumb":{"@id":"https:\/\/www.univ-usto.dz\/portail-bachelier\/fge\/#breadcrumb"},"inLanguage":"fr-FR","potentialAction":[{"@type":"ReadAction","target":["https:\/\/www.univ-usto.dz\/portail-bachelier\/fge\/"]}]},{"@type":"ImageObject","inLanguage":"fr-FR","@id":"https:\/\/www.univ-usto.dz\/portail-bachelier\/fge\/#primaryimage","url":"https:\/\/www.univ-usto.dz\/portail-bachelier\/wp-content\/uploads\/2025\/07\/Depliant_FGE_2023_Anglais_page-0001.jpg","contentUrl":"https:\/\/www.univ-usto.dz\/portail-bachelier\/wp-content\/uploads\/2025\/07\/Depliant_FGE_2023_Anglais_page-0001.jpg","width":1650,"height":1275},{"@type":"BreadcrumbList","@id":"https:\/\/www.univ-usto.dz\/portail-bachelier\/fge\/#breadcrumb","itemListElement":[{"@type":"ListItem","position":1,"name":"Home","item":"https:\/\/www.univ-usto.dz\/portail-bachelier\/"},{"@type":"ListItem","position":2,"name":"G\u00e9nie Electrique"}]},{"@type":"WebSite","@id":"https:\/\/www.univ-usto.dz\/portail-bachelier\/#website","url":"https:\/\/www.univ-usto.dz\/portail-bachelier\/","name":"Universit\u00e9 des Sciences et de la Technologie d&#039;Oran Mohamed-Boudiaf USTOMB","description":"Portail du Nouveau bachelier","publisher":{"@id":"https:\/\/www.univ-usto.dz\/portail-bachelier\/#organization"},"potentialAction":[{"@type":"SearchAction","target":{"@type":"EntryPoint","urlTemplate":"https:\/\/www.univ-usto.dz\/portail-bachelier\/?s={search_term_string}"},"query-input":{"@type":"PropertyValueSpecification","valueRequired":true,"valueName":"search_term_string"}}],"inLanguage":"fr-FR"},{"@type":"Organization","@id":"https:\/\/www.univ-usto.dz\/portail-bachelier\/#organization","name":"Universit\u00e9 des Sciences et de la Technologie d&#039;Oran Mohamed-Boudiaf USTOMB","url":"https:\/\/www.univ-usto.dz\/portail-bachelier\/","logo":{"@type":"ImageObject","inLanguage":"fr-FR","@id":"https:\/\/www.univ-usto.dz\/portail-bachelier\/#\/schema\/logo\/image\/","url":"https:\/\/www.univ-usto.dz\/portail-bachelier\/wp-content\/uploads\/2024\/06\/cropped-LOGO-USTO_Modif1-e1601403966860-1.jpg","contentUrl":"https:\/\/www.univ-usto.dz\/portail-bachelier\/wp-content\/uploads\/2024\/06\/cropped-LOGO-USTO_Modif1-e1601403966860-1.jpg","width":140,"height":140,"caption":"Universit\u00e9 des Sciences et de la Technologie d&#039;Oran Mohamed-Boudiaf USTOMB"},"image":{"@id":"https:\/\/www.univ-usto.dz\/portail-bachelier\/#\/schema\/logo\/image\/"}}]}},"_links":{"self":[{"href":"https:\/\/www.univ-usto.dz\/portail-bachelier\/wp-json\/wp\/v2\/pages\/6388","targetHints":{"allow":["GET"]}}],"collection":[{"href":"https:\/\/www.univ-usto.dz\/portail-bachelier\/wp-json\/wp\/v2\/pages"}],"about":[{"href":"https:\/\/www.univ-usto.dz\/portail-bachelier\/wp-json\/wp\/v2\/types\/page"}],"author":[{"embeddable":true,"href":"https:\/\/www.univ-usto.dz\/portail-bachelier\/wp-json\/wp\/v2\/users\/1"}],"replies":[{"embeddable":true,"href":"https:\/\/www.univ-usto.dz\/portail-bachelier\/wp-json\/wp\/v2\/comments?post=6388"}],"version-history":[{"count":56,"href":"https:\/\/www.univ-usto.dz\/portail-bachelier\/wp-json\/wp\/v2\/pages\/6388\/revisions"}],"predecessor-version":[{"id":8115,"href":"https:\/\/www.univ-usto.dz\/portail-bachelier\/wp-json\/wp\/v2\/pages\/6388\/revisions\/8115"}],"wp:attachment":[{"href":"https:\/\/www.univ-usto.dz\/portail-bachelier\/wp-json\/wp\/v2\/media?parent=6388"}],"curies":[{"name":"wp","href":"https:\/\/api.w.org\/{rel}","templated":true}]}}