{"id":6393,"date":"2020-10-06T10:39:02","date_gmt":"2020-10-06T10:39:02","guid":{"rendered":"https:\/\/www.univ-usto.dz\/portail-bachelier\/?page_id=6393"},"modified":"2024-07-15T19:19:42","modified_gmt":"2024-07-15T19:19:42","slug":"facg","status":"publish","type":"page","link":"https:\/\/www.univ-usto.dz\/portail-bachelier\/facg\/","title":{"rendered":"Architecture &#038; G.civil"},"content":{"rendered":"\t\t<div data-elementor-type=\"wp-page\" data-elementor-id=\"6393\" class=\"elementor elementor-6393\">\n\t\t\t\t\t\t<section class=\"elementor-section elementor-top-section elementor-element elementor-element-a767809 elementor-section-boxed elementor-section-height-default elementor-section-height-default\" data-id=\"a767809\" data-element_type=\"section\">\n\t\t\t\t\t\t<div class=\"elementor-container elementor-column-gap-default\">\n\t\t\t\t\t<div class=\"elementor-column elementor-col-100 elementor-top-column elementor-element elementor-element-2df82f4\" data-id=\"2df82f4\" data-element_type=\"column\">\n\t\t\t<div class=\"elementor-widget-wrap elementor-element-populated\">\n\t\t\t\t\t\t<div class=\"elementor-element elementor-element-83eb0d6 elementor-widget elementor-widget-text-editor\" data-id=\"83eb0d6\" data-element_type=\"widget\" data-widget_type=\"text-editor.default\">\n\t\t\t\t<div class=\"elementor-widget-container\">\n\t\t\t\t\t\t\t\t\t<h3>Architecture &amp; G.civil<\/h3><h3 class=\"elementor-heading-title elementor-size-default\">\u00a0<\/h3>\t\t\t\t\t\t\t\t<\/div>\n\t\t\t\t<\/div>\n\t\t\t\t<div class=\"elementor-element elementor-element-401570b elementor-widget elementor-widget-video\" data-id=\"401570b\" data-element_type=\"widget\" data-settings=\"{&quot;youtube_url&quot;:&quot;https:\\\/\\\/youtu.be\\\/DEcgcUsy8-g&quot;,&quot;video_type&quot;:&quot;youtube&quot;,&quot;controls&quot;:&quot;yes&quot;}\" data-widget_type=\"video.default\">\n\t\t\t\t<div class=\"elementor-widget-container\">\n\t\t\t\t\t\t\t<div class=\"elementor-wrapper elementor-open-inline\">\n\t\t\t<div class=\"elementor-video\"><\/div>\t\t<\/div>\n\t\t\t\t\t\t<\/div>\n\t\t\t\t<\/div>\n\t\t\t\t\t<\/div>\n\t\t<\/div>\n\t\t\t\t\t<\/div>\n\t\t<\/section>\n\t\t\t\t<section class=\"elementor-section elementor-top-section elementor-element elementor-element-7ad3e02 elementor-section-boxed elementor-section-height-default elementor-section-height-default\" data-id=\"7ad3e02\" data-element_type=\"section\">\n\t\t\t\t\t\t<div class=\"elementor-container elementor-column-gap-default\">\n\t\t\t\t\t<div class=\"elementor-column elementor-col-100 elementor-top-column elementor-element elementor-element-3187bb9\" data-id=\"3187bb9\" data-element_type=\"column\">\n\t\t\t<div class=\"elementor-widget-wrap elementor-element-populated\">\n\t\t\t\t\t\t<div class=\"elementor-element elementor-element-0401a9f elementor-widget-mobile__width-initial elementor-widget elementor-widget-text-editor\" data-id=\"0401a9f\" data-element_type=\"widget\" data-widget_type=\"text-editor.default\">\n\t\t\t\t<div class=\"elementor-widget-container\">\n\t\t\t\t\t\t\t\t\t<h3 style=\"text-align: center;\"><strong><span style=\"text-decoration: underline;\"><a href=\"https:\/\/www.univ-usto.dz\/portail-bachelier\/wp-content\/uploads\/2024\/07\/version-FR-final-2.pdf\">T\u00e9l\u00e9charger le d\u00e9pliant<\/a><\/span><\/strong><\/h3>\t\t\t\t\t\t\t\t<\/div>\n\t\t\t\t<\/div>\n\t\t\t\t<div class=\"elementor-element elementor-element-0d75307 elementor-widget elementor-widget-text-editor\" data-id=\"0d75307\" data-element_type=\"widget\" data-widget_type=\"text-editor.default\">\n\t\t\t\t<div class=\"elementor-widget-container\">\n\t\t\t\t\t\t\t\t\t<h3>D\u00e9pliant Face1<\/h3>\t\t\t\t\t\t\t\t<\/div>\n\t\t\t\t<\/div>\n\t\t\t\t<div class=\"elementor-element elementor-element-ba64f56 elementor-widget elementor-widget-image\" data-id=\"ba64f56\" data-element_type=\"widget\" data-widget_type=\"image.default\">\n\t\t\t\t<div class=\"elementor-widget-container\">\n\t\t\t\t\t\t\t\t\t\t\t\t\t\t\t\t<a href=\"https:\/\/www.univ-usto.dz\/portail-bachelier\/wp-content\/uploads\/2024\/07\/version-FR-final-2_page-0001.jpg\">\n\t\t\t\t\t\t\t<img fetchpriority=\"high\" decoding=\"async\" width=\"640\" height=\"480\" src=\"https:\/\/www.univ-usto.dz\/portail-bachelier\/wp-content\/uploads\/2024\/07\/version-FR-final-2_page-0001-1024x768.jpg\" class=\"attachment-large size-large wp-image-7730\" alt=\"\" srcset=\"https:\/\/www.univ-usto.dz\/portail-bachelier\/wp-content\/uploads\/2024\/07\/version-FR-final-2_page-0001-1024x768.jpg 1024w, https:\/\/www.univ-usto.dz\/portail-bachelier\/wp-content\/uploads\/2024\/07\/version-FR-final-2_page-0001-300x225.jpg 300w, https:\/\/www.univ-usto.dz\/portail-bachelier\/wp-content\/uploads\/2024\/07\/version-FR-final-2_page-0001-768x576.jpg 768w, https:\/\/www.univ-usto.dz\/portail-bachelier\/wp-content\/uploads\/2024\/07\/version-FR-final-2_page-0001-360x270.jpg 360w, https:\/\/www.univ-usto.dz\/portail-bachelier\/wp-content\/uploads\/2024\/07\/version-FR-final-2_page-0001-24x18.jpg 24w, https:\/\/www.univ-usto.dz\/portail-bachelier\/wp-content\/uploads\/2024\/07\/version-FR-final-2_page-0001-36x27.jpg 36w, https:\/\/www.univ-usto.dz\/portail-bachelier\/wp-content\/uploads\/2024\/07\/version-FR-final-2_page-0001-48x36.jpg 48w, https:\/\/www.univ-usto.dz\/portail-bachelier\/wp-content\/uploads\/2024\/07\/version-FR-final-2_page-0001.jpg 1500w\" sizes=\"(max-width: 640px) 100vw, 640px\" \/>\t\t\t\t\t\t\t\t<\/a>\n\t\t\t\t\t\t\t\t\t\t\t\t\t\t\t<\/div>\n\t\t\t\t<\/div>\n\t\t\t\t<div class=\"elementor-element elementor-element-cb2e7cf elementor-widget elementor-widget-text-editor\" data-id=\"cb2e7cf\" data-element_type=\"widget\" data-widget_type=\"text-editor.default\">\n\t\t\t\t<div class=\"elementor-widget-container\">\n\t\t\t\t\t\t\t\t\t<h3>D\u00e9pliant Face2<\/h3>\t\t\t\t\t\t\t\t<\/div>\n\t\t\t\t<\/div>\n\t\t\t\t<div class=\"elementor-element elementor-element-0dca76f elementor-widget elementor-widget-image\" data-id=\"0dca76f\" data-element_type=\"widget\" data-widget_type=\"image.default\">\n\t\t\t\t<div class=\"elementor-widget-container\">\n\t\t\t\t\t\t\t\t\t\t\t\t\t\t\t\t<a href=\"https:\/\/www.univ-usto.dz\/portail-bachelier\/wp-content\/uploads\/2024\/07\/version-FR-final-2_page-0001.jpg\">\n\t\t\t\t\t\t\t<img decoding=\"async\" width=\"640\" height=\"480\" src=\"https:\/\/www.univ-usto.dz\/portail-bachelier\/wp-content\/uploads\/2024\/07\/version-FR-final-2_page-0002-1024x768.jpg\" class=\"attachment-large size-large wp-image-7731\" alt=\"\" srcset=\"https:\/\/www.univ-usto.dz\/portail-bachelier\/wp-content\/uploads\/2024\/07\/version-FR-final-2_page-0002-1024x768.jpg 1024w, https:\/\/www.univ-usto.dz\/portail-bachelier\/wp-content\/uploads\/2024\/07\/version-FR-final-2_page-0002-300x225.jpg 300w, https:\/\/www.univ-usto.dz\/portail-bachelier\/wp-content\/uploads\/2024\/07\/version-FR-final-2_page-0002-768x576.jpg 768w, https:\/\/www.univ-usto.dz\/portail-bachelier\/wp-content\/uploads\/2024\/07\/version-FR-final-2_page-0002-360x270.jpg 360w, https:\/\/www.univ-usto.dz\/portail-bachelier\/wp-content\/uploads\/2024\/07\/version-FR-final-2_page-0002-24x18.jpg 24w, https:\/\/www.univ-usto.dz\/portail-bachelier\/wp-content\/uploads\/2024\/07\/version-FR-final-2_page-0002-36x27.jpg 36w, https:\/\/www.univ-usto.dz\/portail-bachelier\/wp-content\/uploads\/2024\/07\/version-FR-final-2_page-0002-48x36.jpg 48w, https:\/\/www.univ-usto.dz\/portail-bachelier\/wp-content\/uploads\/2024\/07\/version-FR-final-2_page-0002.jpg 1500w\" sizes=\"(max-width: 640px) 100vw, 640px\" \/>\t\t\t\t\t\t\t\t<\/a>\n\t\t\t\t\t\t\t\t\t\t\t\t\t\t\t<\/div>\n\t\t\t\t<\/div>\n\t\t\t\t\t<\/div>\n\t\t<\/div>\n\t\t\t\t\t<\/div>\n\t\t<\/section>\n\t\t\t\t<\/div>\n\t\t","protected":false},"excerpt":{"rendered":"<p>Architecture &amp; G.civil \u00a0 https:\/\/youtu.be\/DEcgcUsy8-g T\u00e9l\u00e9charger le d\u00e9pliant D\u00e9pliant Face1 D\u00e9pliant Face2<\/p>\n","protected":false},"author":1,"featured_media":0,"parent":0,"menu_order":0,"comment_status":"closed","ping_status":"closed","template":"","meta":{"footnotes":""},"class_list":["post-6393","page","type-page","status-publish","hentry"],"yoast_head":"<!-- This site is optimized with the Yoast SEO plugin v25.5 - https:\/\/yoast.com\/wordpress\/plugins\/seo\/ -->\n<title>Architecture &amp; G.civil - Universit\u00e9 des Sciences et de la Technologie d&#039;Oran Mohamed-Boudiaf USTOMB<\/title>\n<meta name=\"robots\" content=\"index, follow, max-snippet:-1, max-image-preview:large, max-video-preview:-1\" \/>\n<link rel=\"canonical\" href=\"https:\/\/www.univ-usto.dz\/portail-bachelier\/facg\/\" \/>\n<meta property=\"og:locale\" content=\"fr_FR\" \/>\n<meta property=\"og:type\" content=\"article\" \/>\n<meta property=\"og:title\" content=\"Architecture &amp; G.civil - Universit\u00e9 des Sciences et de la Technologie d&#039;Oran Mohamed-Boudiaf USTOMB\" \/>\n<meta property=\"og:description\" content=\"Architecture &amp; G.civil \u00a0 https:\/\/youtu.be\/DEcgcUsy8-g T\u00e9l\u00e9charger le d\u00e9pliant D\u00e9pliant Face1 D\u00e9pliant Face2\" \/>\n<meta property=\"og:url\" content=\"https:\/\/www.univ-usto.dz\/portail-bachelier\/facg\/\" \/>\n<meta property=\"og:site_name\" content=\"Universit\u00e9 des Sciences et de la Technologie d&#039;Oran Mohamed-Boudiaf USTOMB\" \/>\n<meta property=\"article:modified_time\" content=\"2024-07-15T19:19:42+00:00\" \/>\n<meta property=\"og:image\" content=\"https:\/\/www.univ-usto.dz\/portail-bachelier\/wp-content\/uploads\/2024\/07\/version-FR-final-2_page-0001-1024x768.jpg\" \/>\n<meta name=\"twitter:card\" content=\"summary_large_image\" \/>\n<meta name=\"twitter:label1\" content=\"Dur\u00e9e de lecture estim\u00e9e\" \/>\n\t<meta name=\"twitter:data1\" content=\"1 minute\" \/>\n<script type=\"application\/ld+json\" class=\"yoast-schema-graph\">{\"@context\":\"https:\/\/schema.org\",\"@graph\":[{\"@type\":\"WebPage\",\"@id\":\"https:\/\/www.univ-usto.dz\/portail-bachelier\/facg\/\",\"url\":\"https:\/\/www.univ-usto.dz\/portail-bachelier\/facg\/\",\"name\":\"Architecture & G.civil - Universit\u00e9 des Sciences et de la Technologie d&#039;Oran Mohamed-Boudiaf USTOMB\",\"isPartOf\":{\"@id\":\"https:\/\/www.univ-usto.dz\/portail-bachelier\/#website\"},\"primaryImageOfPage\":{\"@id\":\"https:\/\/www.univ-usto.dz\/portail-bachelier\/facg\/#primaryimage\"},\"image\":{\"@id\":\"https:\/\/www.univ-usto.dz\/portail-bachelier\/facg\/#primaryimage\"},\"thumbnailUrl\":\"https:\/\/www.univ-usto.dz\/portail-bachelier\/wp-content\/uploads\/2024\/07\/version-FR-final-2_page-0001-1024x768.jpg\",\"datePublished\":\"2020-10-06T10:39:02+00:00\",\"dateModified\":\"2024-07-15T19:19:42+00:00\",\"breadcrumb\":{\"@id\":\"https:\/\/www.univ-usto.dz\/portail-bachelier\/facg\/#breadcrumb\"},\"inLanguage\":\"fr-FR\",\"potentialAction\":[{\"@type\":\"ReadAction\",\"target\":[\"https:\/\/www.univ-usto.dz\/portail-bachelier\/facg\/\"]}]},{\"@type\":\"ImageObject\",\"inLanguage\":\"fr-FR\",\"@id\":\"https:\/\/www.univ-usto.dz\/portail-bachelier\/facg\/#primaryimage\",\"url\":\"https:\/\/www.univ-usto.dz\/portail-bachelier\/wp-content\/uploads\/2024\/07\/version-FR-final-2_page-0001.jpg\",\"contentUrl\":\"https:\/\/www.univ-usto.dz\/portail-bachelier\/wp-content\/uploads\/2024\/07\/version-FR-final-2_page-0001.jpg\",\"width\":1500,\"height\":1125},{\"@type\":\"BreadcrumbList\",\"@id\":\"https:\/\/www.univ-usto.dz\/portail-bachelier\/facg\/#breadcrumb\",\"itemListElement\":[{\"@type\":\"ListItem\",\"position\":1,\"name\":\"Home\",\"item\":\"https:\/\/www.univ-usto.dz\/portail-bachelier\/\"},{\"@type\":\"ListItem\",\"position\":2,\"name\":\"Architecture &#038; G.civil\"}]},{\"@type\":\"WebSite\",\"@id\":\"https:\/\/www.univ-usto.dz\/portail-bachelier\/#website\",\"url\":\"https:\/\/www.univ-usto.dz\/portail-bachelier\/\",\"name\":\"Universit\u00e9 des Sciences et de la Technologie d&#039;Oran Mohamed-Boudiaf USTOMB\",\"description\":\"Portail du Nouveau bachelier\",\"publisher\":{\"@id\":\"https:\/\/www.univ-usto.dz\/portail-bachelier\/#organization\"},\"potentialAction\":[{\"@type\":\"SearchAction\",\"target\":{\"@type\":\"EntryPoint\",\"urlTemplate\":\"https:\/\/www.univ-usto.dz\/portail-bachelier\/?s={search_term_string}\"},\"query-input\":{\"@type\":\"PropertyValueSpecification\",\"valueRequired\":true,\"valueName\":\"search_term_string\"}}],\"inLanguage\":\"fr-FR\"},{\"@type\":\"Organization\",\"@id\":\"https:\/\/www.univ-usto.dz\/portail-bachelier\/#organization\",\"name\":\"Universit\u00e9 des Sciences et de la Technologie d&#039;Oran Mohamed-Boudiaf USTOMB\",\"url\":\"https:\/\/www.univ-usto.dz\/portail-bachelier\/\",\"logo\":{\"@type\":\"ImageObject\",\"inLanguage\":\"fr-FR\",\"@id\":\"https:\/\/www.univ-usto.dz\/portail-bachelier\/#\/schema\/logo\/image\/\",\"url\":\"https:\/\/www.univ-usto.dz\/portail-bachelier\/wp-content\/uploads\/2024\/06\/cropped-LOGO-USTO_Modif1-e1601403966860-1.jpg\",\"contentUrl\":\"https:\/\/www.univ-usto.dz\/portail-bachelier\/wp-content\/uploads\/2024\/06\/cropped-LOGO-USTO_Modif1-e1601403966860-1.jpg\",\"width\":140,\"height\":140,\"caption\":\"Universit\u00e9 des Sciences et de la Technologie d&#039;Oran Mohamed-Boudiaf USTOMB\"},\"image\":{\"@id\":\"https:\/\/www.univ-usto.dz\/portail-bachelier\/#\/schema\/logo\/image\/\"}}]}<\/script>\n<!-- \/ Yoast SEO plugin. -->","yoast_head_json":{"title":"Architecture & G.civil - Universit\u00e9 des Sciences et de la Technologie d&#039;Oran Mohamed-Boudiaf USTOMB","robots":{"index":"index","follow":"follow","max-snippet":"max-snippet:-1","max-image-preview":"max-image-preview:large","max-video-preview":"max-video-preview:-1"},"canonical":"https:\/\/www.univ-usto.dz\/portail-bachelier\/facg\/","og_locale":"fr_FR","og_type":"article","og_title":"Architecture & G.civil - Universit\u00e9 des Sciences et de la Technologie d&#039;Oran Mohamed-Boudiaf USTOMB","og_description":"Architecture &amp; G.civil \u00a0 https:\/\/youtu.be\/DEcgcUsy8-g T\u00e9l\u00e9charger le d\u00e9pliant D\u00e9pliant Face1 D\u00e9pliant Face2","og_url":"https:\/\/www.univ-usto.dz\/portail-bachelier\/facg\/","og_site_name":"Universit\u00e9 des Sciences et de la Technologie d&#039;Oran Mohamed-Boudiaf USTOMB","article_modified_time":"2024-07-15T19:19:42+00:00","og_image":[{"url":"https:\/\/www.univ-usto.dz\/portail-bachelier\/wp-content\/uploads\/2024\/07\/version-FR-final-2_page-0001-1024x768.jpg","type":"","width":"","height":""}],"twitter_card":"summary_large_image","twitter_misc":{"Dur\u00e9e de lecture estim\u00e9e":"1 minute"},"schema":{"@context":"https:\/\/schema.org","@graph":[{"@type":"WebPage","@id":"https:\/\/www.univ-usto.dz\/portail-bachelier\/facg\/","url":"https:\/\/www.univ-usto.dz\/portail-bachelier\/facg\/","name":"Architecture & G.civil - Universit\u00e9 des Sciences et de la Technologie d&#039;Oran Mohamed-Boudiaf USTOMB","isPartOf":{"@id":"https:\/\/www.univ-usto.dz\/portail-bachelier\/#website"},"primaryImageOfPage":{"@id":"https:\/\/www.univ-usto.dz\/portail-bachelier\/facg\/#primaryimage"},"image":{"@id":"https:\/\/www.univ-usto.dz\/portail-bachelier\/facg\/#primaryimage"},"thumbnailUrl":"https:\/\/www.univ-usto.dz\/portail-bachelier\/wp-content\/uploads\/2024\/07\/version-FR-final-2_page-0001-1024x768.jpg","datePublished":"2020-10-06T10:39:02+00:00","dateModified":"2024-07-15T19:19:42+00:00","breadcrumb":{"@id":"https:\/\/www.univ-usto.dz\/portail-bachelier\/facg\/#breadcrumb"},"inLanguage":"fr-FR","potentialAction":[{"@type":"ReadAction","target":["https:\/\/www.univ-usto.dz\/portail-bachelier\/facg\/"]}]},{"@type":"ImageObject","inLanguage":"fr-FR","@id":"https:\/\/www.univ-usto.dz\/portail-bachelier\/facg\/#primaryimage","url":"https:\/\/www.univ-usto.dz\/portail-bachelier\/wp-content\/uploads\/2024\/07\/version-FR-final-2_page-0001.jpg","contentUrl":"https:\/\/www.univ-usto.dz\/portail-bachelier\/wp-content\/uploads\/2024\/07\/version-FR-final-2_page-0001.jpg","width":1500,"height":1125},{"@type":"BreadcrumbList","@id":"https:\/\/www.univ-usto.dz\/portail-bachelier\/facg\/#breadcrumb","itemListElement":[{"@type":"ListItem","position":1,"name":"Home","item":"https:\/\/www.univ-usto.dz\/portail-bachelier\/"},{"@type":"ListItem","position":2,"name":"Architecture &#038; G.civil"}]},{"@type":"WebSite","@id":"https:\/\/www.univ-usto.dz\/portail-bachelier\/#website","url":"https:\/\/www.univ-usto.dz\/portail-bachelier\/","name":"Universit\u00e9 des Sciences et de la Technologie d&#039;Oran Mohamed-Boudiaf USTOMB","description":"Portail du Nouveau bachelier","publisher":{"@id":"https:\/\/www.univ-usto.dz\/portail-bachelier\/#organization"},"potentialAction":[{"@type":"SearchAction","target":{"@type":"EntryPoint","urlTemplate":"https:\/\/www.univ-usto.dz\/portail-bachelier\/?s={search_term_string}"},"query-input":{"@type":"PropertyValueSpecification","valueRequired":true,"valueName":"search_term_string"}}],"inLanguage":"fr-FR"},{"@type":"Organization","@id":"https:\/\/www.univ-usto.dz\/portail-bachelier\/#organization","name":"Universit\u00e9 des Sciences et de la Technologie d&#039;Oran Mohamed-Boudiaf USTOMB","url":"https:\/\/www.univ-usto.dz\/portail-bachelier\/","logo":{"@type":"ImageObject","inLanguage":"fr-FR","@id":"https:\/\/www.univ-usto.dz\/portail-bachelier\/#\/schema\/logo\/image\/","url":"https:\/\/www.univ-usto.dz\/portail-bachelier\/wp-content\/uploads\/2024\/06\/cropped-LOGO-USTO_Modif1-e1601403966860-1.jpg","contentUrl":"https:\/\/www.univ-usto.dz\/portail-bachelier\/wp-content\/uploads\/2024\/06\/cropped-LOGO-USTO_Modif1-e1601403966860-1.jpg","width":140,"height":140,"caption":"Universit\u00e9 des Sciences et de la Technologie d&#039;Oran Mohamed-Boudiaf USTOMB"},"image":{"@id":"https:\/\/www.univ-usto.dz\/portail-bachelier\/#\/schema\/logo\/image\/"}}]}},"_links":{"self":[{"href":"https:\/\/www.univ-usto.dz\/portail-bachelier\/wp-json\/wp\/v2\/pages\/6393","targetHints":{"allow":["GET"]}}],"collection":[{"href":"https:\/\/www.univ-usto.dz\/portail-bachelier\/wp-json\/wp\/v2\/pages"}],"about":[{"href":"https:\/\/www.univ-usto.dz\/portail-bachelier\/wp-json\/wp\/v2\/types\/page"}],"author":[{"embeddable":true,"href":"https:\/\/www.univ-usto.dz\/portail-bachelier\/wp-json\/wp\/v2\/users\/1"}],"replies":[{"embeddable":true,"href":"https:\/\/www.univ-usto.dz\/portail-bachelier\/wp-json\/wp\/v2\/comments?post=6393"}],"version-history":[{"count":43,"href":"https:\/\/www.univ-usto.dz\/portail-bachelier\/wp-json\/wp\/v2\/pages\/6393\/revisions"}],"predecessor-version":[{"id":7877,"href":"https:\/\/www.univ-usto.dz\/portail-bachelier\/wp-json\/wp\/v2\/pages\/6393\/revisions\/7877"}],"wp:attachment":[{"href":"https:\/\/www.univ-usto.dz\/portail-bachelier\/wp-json\/wp\/v2\/media?parent=6393"}],"curies":[{"name":"wp","href":"https:\/\/api.w.org\/{rel}","templated":true}]}}