{"id":6405,"date":"2020-10-06T10:44:38","date_gmt":"2020-10-06T10:44:38","guid":{"rendered":"https:\/\/www.univ-usto.dz\/portail-bachelier\/?page_id=6405"},"modified":"2024-07-17T08:26:50","modified_gmt":"2024-07-17T08:26:50","slug":"staps","status":"publish","type":"page","link":"https:\/\/www.univ-usto.dz\/portail-bachelier\/staps\/","title":{"rendered":"STAPS\/ Institut de Sport"},"content":{"rendered":"\t\t<div data-elementor-type=\"wp-page\" data-elementor-id=\"6405\" class=\"elementor elementor-6405\">\n\t\t\t\t\t\t<section class=\"elementor-section elementor-top-section elementor-element elementor-element-a767809 elementor-section-boxed elementor-section-height-default elementor-section-height-default\" data-id=\"a767809\" data-element_type=\"section\">\n\t\t\t\t\t\t<div class=\"elementor-container elementor-column-gap-default\">\n\t\t\t\t\t<div class=\"elementor-column elementor-col-100 elementor-top-column elementor-element elementor-element-2df82f4\" data-id=\"2df82f4\" data-element_type=\"column\">\n\t\t\t<div class=\"elementor-widget-wrap elementor-element-populated\">\n\t\t\t\t\t\t<div class=\"elementor-element elementor-element-311723b elementor-widget elementor-widget-text-editor\" data-id=\"311723b\" data-element_type=\"widget\" data-widget_type=\"text-editor.default\">\n\t\t\t\t<div class=\"elementor-widget-container\">\n\t\t\t\t\t\t\t\t\t<h3>STAPS\/ Institut de Sport<\/h3><h3 class=\"elementor-heading-title elementor-size-default\">\u00a0<\/h3>\t\t\t\t\t\t\t\t<\/div>\n\t\t\t\t<\/div>\n\t\t\t\t<div class=\"elementor-element elementor-element-7a40992 elementor-widget elementor-widget-video\" data-id=\"7a40992\" data-element_type=\"widget\" data-settings=\"{&quot;youtube_url&quot;:&quot;https:\\\/\\\/youtu.be\\\/3R-Pdpe204w&quot;,&quot;video_type&quot;:&quot;youtube&quot;,&quot;controls&quot;:&quot;yes&quot;}\" data-widget_type=\"video.default\">\n\t\t\t\t<div class=\"elementor-widget-container\">\n\t\t\t\t\t\t\t<div class=\"elementor-wrapper elementor-open-inline\">\n\t\t\t<div class=\"elementor-video\"><\/div>\t\t<\/div>\n\t\t\t\t\t\t<\/div>\n\t\t\t\t<\/div>\n\t\t\t\t<div class=\"elementor-element elementor-element-48c84e6 elementor-widget elementor-widget-text-editor\" data-id=\"48c84e6\" data-element_type=\"widget\" data-widget_type=\"text-editor.default\">\n\t\t\t\t<div class=\"elementor-widget-container\">\n\t\t\t\t\t\t\t\t\t<p style=\"text-align: center;\"><strong><span style=\"text-decoration: underline;\"><a href=\"https:\/\/www.univ-usto.dz\/portail-bachelier\/wp-content\/uploads\/2024\/07\/Depliant_IEPS-FR.pdf\" target=\"_blank\" rel=\"noopener\">T\u00e9l\u00e9charger le d\u00e9pliant<\/a><\/span><\/strong><\/p><h3>\u00a0 D\u00e9pliant Face1\u00a0<\/h3>\t\t\t\t\t\t\t\t<\/div>\n\t\t\t\t<\/div>\n\t\t\t\t\t<\/div>\n\t\t<\/div>\n\t\t\t\t\t<\/div>\n\t\t<\/section>\n\t\t\t\t<section class=\"elementor-section elementor-top-section elementor-element elementor-element-76b13a4 elementor-section-boxed elementor-section-height-default elementor-section-height-default\" data-id=\"76b13a4\" data-element_type=\"section\">\n\t\t\t\t\t\t<div class=\"elementor-container elementor-column-gap-default\">\n\t\t\t\t\t<div class=\"elementor-column elementor-col-100 elementor-top-column elementor-element elementor-element-a523a72\" data-id=\"a523a72\" data-element_type=\"column\">\n\t\t\t<div class=\"elementor-widget-wrap elementor-element-populated\">\n\t\t\t\t\t\t<div class=\"elementor-element elementor-element-bcf614d elementor-widget elementor-widget-image\" data-id=\"bcf614d\" data-element_type=\"widget\" data-widget_type=\"image.default\">\n\t\t\t\t<div class=\"elementor-widget-container\">\n\t\t\t\t\t\t\t\t\t\t\t\t\t\t\t\t<a href=\"https:\/\/www.univ-usto.dz\/portail-bachelier\/wp-content\/uploads\/2024\/07\/IEPS1-FR-scaled.jpg\">\n\t\t\t\t\t\t\t<img fetchpriority=\"high\" decoding=\"async\" width=\"640\" height=\"435\" src=\"https:\/\/www.univ-usto.dz\/portail-bachelier\/wp-content\/uploads\/2024\/07\/IEPS1-FR-1024x696.jpg\" class=\"attachment-large size-large wp-image-7856\" alt=\"\" srcset=\"https:\/\/www.univ-usto.dz\/portail-bachelier\/wp-content\/uploads\/2024\/07\/IEPS1-FR-1024x696.jpg 1024w, https:\/\/www.univ-usto.dz\/portail-bachelier\/wp-content\/uploads\/2024\/07\/IEPS1-FR-300x204.jpg 300w, https:\/\/www.univ-usto.dz\/portail-bachelier\/wp-content\/uploads\/2024\/07\/IEPS1-FR-768x522.jpg 768w, https:\/\/www.univ-usto.dz\/portail-bachelier\/wp-content\/uploads\/2024\/07\/IEPS1-FR-1536x1045.jpg 1536w, https:\/\/www.univ-usto.dz\/portail-bachelier\/wp-content\/uploads\/2024\/07\/IEPS1-FR-2048x1393.jpg 2048w, https:\/\/www.univ-usto.dz\/portail-bachelier\/wp-content\/uploads\/2024\/07\/IEPS1-FR-360x245.jpg 360w, https:\/\/www.univ-usto.dz\/portail-bachelier\/wp-content\/uploads\/2024\/07\/IEPS1-FR-24x16.jpg 24w, https:\/\/www.univ-usto.dz\/portail-bachelier\/wp-content\/uploads\/2024\/07\/IEPS1-FR-36x24.jpg 36w, https:\/\/www.univ-usto.dz\/portail-bachelier\/wp-content\/uploads\/2024\/07\/IEPS1-FR-48x33.jpg 48w\" sizes=\"(max-width: 640px) 100vw, 640px\" \/>\t\t\t\t\t\t\t\t<\/a>\n\t\t\t\t\t\t\t\t\t\t\t\t\t\t\t<\/div>\n\t\t\t\t<\/div>\n\t\t\t\t<div class=\"elementor-element elementor-element-47c4aa4 elementor-widget elementor-widget-text-editor\" data-id=\"47c4aa4\" data-element_type=\"widget\" data-widget_type=\"text-editor.default\">\n\t\t\t\t<div class=\"elementor-widget-container\">\n\t\t\t\t\t\t\t\t\t<h3>D\u00e9pliant Face2<\/h3>\t\t\t\t\t\t\t\t<\/div>\n\t\t\t\t<\/div>\n\t\t\t\t<div class=\"elementor-element elementor-element-b9ca633 elementor-widget elementor-widget-image\" data-id=\"b9ca633\" data-element_type=\"widget\" data-widget_type=\"image.default\">\n\t\t\t\t<div class=\"elementor-widget-container\">\n\t\t\t\t\t\t\t\t\t\t\t\t\t\t\t\t<a href=\"https:\/\/www.univ-usto.dz\/portail-bachelier\/wp-content\/uploads\/2024\/07\/IEPS2-FR-scaled.jpg\">\n\t\t\t\t\t\t\t<img decoding=\"async\" width=\"640\" height=\"443\" src=\"https:\/\/www.univ-usto.dz\/portail-bachelier\/wp-content\/uploads\/2024\/07\/IEPS2-FR-1024x708.jpg\" class=\"attachment-large size-large wp-image-7857\" alt=\"\" srcset=\"https:\/\/www.univ-usto.dz\/portail-bachelier\/wp-content\/uploads\/2024\/07\/IEPS2-FR-1024x708.jpg 1024w, https:\/\/www.univ-usto.dz\/portail-bachelier\/wp-content\/uploads\/2024\/07\/IEPS2-FR-300x207.jpg 300w, https:\/\/www.univ-usto.dz\/portail-bachelier\/wp-content\/uploads\/2024\/07\/IEPS2-FR-768x531.jpg 768w, https:\/\/www.univ-usto.dz\/portail-bachelier\/wp-content\/uploads\/2024\/07\/IEPS2-FR-1536x1061.jpg 1536w, https:\/\/www.univ-usto.dz\/portail-bachelier\/wp-content\/uploads\/2024\/07\/IEPS2-FR-2048x1415.jpg 2048w, https:\/\/www.univ-usto.dz\/portail-bachelier\/wp-content\/uploads\/2024\/07\/IEPS2-FR-360x249.jpg 360w, https:\/\/www.univ-usto.dz\/portail-bachelier\/wp-content\/uploads\/2024\/07\/IEPS2-FR-24x17.jpg 24w, https:\/\/www.univ-usto.dz\/portail-bachelier\/wp-content\/uploads\/2024\/07\/IEPS2-FR-36x25.jpg 36w, https:\/\/www.univ-usto.dz\/portail-bachelier\/wp-content\/uploads\/2024\/07\/IEPS2-FR-48x33.jpg 48w\" sizes=\"(max-width: 640px) 100vw, 640px\" \/>\t\t\t\t\t\t\t\t<\/a>\n\t\t\t\t\t\t\t\t\t\t\t\t\t\t\t<\/div>\n\t\t\t\t<\/div>\n\t\t\t\t\t<\/div>\n\t\t<\/div>\n\t\t\t\t\t<\/div>\n\t\t<\/section>\n\t\t\t\t<\/div>\n\t\t","protected":false},"excerpt":{"rendered":"<p>STAPS\/ Institut de Sport \u00a0 https:\/\/youtu.be\/3R-Pdpe204w T\u00e9l\u00e9charger le d\u00e9pliant \u00a0 D\u00e9pliant Face1\u00a0 D\u00e9pliant Face2<\/p>\n","protected":false},"author":1,"featured_media":0,"parent":0,"menu_order":0,"comment_status":"closed","ping_status":"closed","template":"","meta":{"footnotes":""},"class_list":["post-6405","page","type-page","status-publish","hentry"],"yoast_head":"<!-- This site is optimized with the Yoast SEO plugin v25.5 - https:\/\/yoast.com\/wordpress\/plugins\/seo\/ -->\n<title>STAPS\/ Institut de Sport - Universit\u00e9 des Sciences et de la Technologie d&#039;Oran Mohamed-Boudiaf USTOMB<\/title>\n<meta name=\"robots\" content=\"index, follow, max-snippet:-1, max-image-preview:large, max-video-preview:-1\" \/>\n<link rel=\"canonical\" href=\"https:\/\/www.univ-usto.dz\/portail-bachelier\/staps\/\" \/>\n<meta property=\"og:locale\" content=\"fr_FR\" \/>\n<meta property=\"og:type\" content=\"article\" \/>\n<meta property=\"og:title\" content=\"STAPS\/ Institut de Sport - Universit\u00e9 des Sciences et de la Technologie d&#039;Oran Mohamed-Boudiaf USTOMB\" \/>\n<meta property=\"og:description\" content=\"STAPS\/ Institut de Sport \u00a0 https:\/\/youtu.be\/3R-Pdpe204w T\u00e9l\u00e9charger le d\u00e9pliant \u00a0 D\u00e9pliant Face1\u00a0 D\u00e9pliant Face2\" \/>\n<meta property=\"og:url\" content=\"https:\/\/www.univ-usto.dz\/portail-bachelier\/staps\/\" \/>\n<meta property=\"og:site_name\" content=\"Universit\u00e9 des Sciences et de la Technologie d&#039;Oran Mohamed-Boudiaf USTOMB\" \/>\n<meta property=\"article:modified_time\" content=\"2024-07-17T08:26:50+00:00\" \/>\n<meta property=\"og:image\" content=\"https:\/\/www.univ-usto.dz\/portail-bachelier\/wp-content\/uploads\/2024\/07\/IEPS1-FR-1024x696.jpg\" \/>\n<meta name=\"twitter:card\" content=\"summary_large_image\" \/>\n<meta name=\"twitter:label1\" content=\"Dur\u00e9e de lecture estim\u00e9e\" \/>\n\t<meta name=\"twitter:data1\" content=\"1 minute\" \/>\n<script type=\"application\/ld+json\" class=\"yoast-schema-graph\">{\"@context\":\"https:\/\/schema.org\",\"@graph\":[{\"@type\":\"WebPage\",\"@id\":\"https:\/\/www.univ-usto.dz\/portail-bachelier\/staps\/\",\"url\":\"https:\/\/www.univ-usto.dz\/portail-bachelier\/staps\/\",\"name\":\"STAPS\/ Institut de Sport - Universit\u00e9 des Sciences et de la Technologie d&#039;Oran Mohamed-Boudiaf USTOMB\",\"isPartOf\":{\"@id\":\"https:\/\/www.univ-usto.dz\/portail-bachelier\/#website\"},\"primaryImageOfPage\":{\"@id\":\"https:\/\/www.univ-usto.dz\/portail-bachelier\/staps\/#primaryimage\"},\"image\":{\"@id\":\"https:\/\/www.univ-usto.dz\/portail-bachelier\/staps\/#primaryimage\"},\"thumbnailUrl\":\"https:\/\/www.univ-usto.dz\/portail-bachelier\/wp-content\/uploads\/2024\/07\/IEPS1-FR-1024x696.jpg\",\"datePublished\":\"2020-10-06T10:44:38+00:00\",\"dateModified\":\"2024-07-17T08:26:50+00:00\",\"breadcrumb\":{\"@id\":\"https:\/\/www.univ-usto.dz\/portail-bachelier\/staps\/#breadcrumb\"},\"inLanguage\":\"fr-FR\",\"potentialAction\":[{\"@type\":\"ReadAction\",\"target\":[\"https:\/\/www.univ-usto.dz\/portail-bachelier\/staps\/\"]}]},{\"@type\":\"ImageObject\",\"inLanguage\":\"fr-FR\",\"@id\":\"https:\/\/www.univ-usto.dz\/portail-bachelier\/staps\/#primaryimage\",\"url\":\"https:\/\/www.univ-usto.dz\/portail-bachelier\/wp-content\/uploads\/2024\/07\/IEPS1-FR-scaled.jpg\",\"contentUrl\":\"https:\/\/www.univ-usto.dz\/portail-bachelier\/wp-content\/uploads\/2024\/07\/IEPS1-FR-scaled.jpg\",\"width\":2560,\"height\":1741},{\"@type\":\"BreadcrumbList\",\"@id\":\"https:\/\/www.univ-usto.dz\/portail-bachelier\/staps\/#breadcrumb\",\"itemListElement\":[{\"@type\":\"ListItem\",\"position\":1,\"name\":\"Home\",\"item\":\"https:\/\/www.univ-usto.dz\/portail-bachelier\/\"},{\"@type\":\"ListItem\",\"position\":2,\"name\":\"STAPS\/ Institut de Sport\"}]},{\"@type\":\"WebSite\",\"@id\":\"https:\/\/www.univ-usto.dz\/portail-bachelier\/#website\",\"url\":\"https:\/\/www.univ-usto.dz\/portail-bachelier\/\",\"name\":\"Universit\u00e9 des Sciences et de la Technologie d&#039;Oran Mohamed-Boudiaf USTOMB\",\"description\":\"Portail du Nouveau bachelier\",\"publisher\":{\"@id\":\"https:\/\/www.univ-usto.dz\/portail-bachelier\/#organization\"},\"potentialAction\":[{\"@type\":\"SearchAction\",\"target\":{\"@type\":\"EntryPoint\",\"urlTemplate\":\"https:\/\/www.univ-usto.dz\/portail-bachelier\/?s={search_term_string}\"},\"query-input\":{\"@type\":\"PropertyValueSpecification\",\"valueRequired\":true,\"valueName\":\"search_term_string\"}}],\"inLanguage\":\"fr-FR\"},{\"@type\":\"Organization\",\"@id\":\"https:\/\/www.univ-usto.dz\/portail-bachelier\/#organization\",\"name\":\"Universit\u00e9 des Sciences et de la Technologie d&#039;Oran Mohamed-Boudiaf USTOMB\",\"url\":\"https:\/\/www.univ-usto.dz\/portail-bachelier\/\",\"logo\":{\"@type\":\"ImageObject\",\"inLanguage\":\"fr-FR\",\"@id\":\"https:\/\/www.univ-usto.dz\/portail-bachelier\/#\/schema\/logo\/image\/\",\"url\":\"https:\/\/www.univ-usto.dz\/portail-bachelier\/wp-content\/uploads\/2024\/06\/cropped-LOGO-USTO_Modif1-e1601403966860-1.jpg\",\"contentUrl\":\"https:\/\/www.univ-usto.dz\/portail-bachelier\/wp-content\/uploads\/2024\/06\/cropped-LOGO-USTO_Modif1-e1601403966860-1.jpg\",\"width\":140,\"height\":140,\"caption\":\"Universit\u00e9 des Sciences et de la Technologie d&#039;Oran Mohamed-Boudiaf USTOMB\"},\"image\":{\"@id\":\"https:\/\/www.univ-usto.dz\/portail-bachelier\/#\/schema\/logo\/image\/\"}}]}<\/script>\n<!-- \/ Yoast SEO plugin. -->","yoast_head_json":{"title":"STAPS\/ Institut de Sport - Universit\u00e9 des Sciences et de la Technologie d&#039;Oran Mohamed-Boudiaf USTOMB","robots":{"index":"index","follow":"follow","max-snippet":"max-snippet:-1","max-image-preview":"max-image-preview:large","max-video-preview":"max-video-preview:-1"},"canonical":"https:\/\/www.univ-usto.dz\/portail-bachelier\/staps\/","og_locale":"fr_FR","og_type":"article","og_title":"STAPS\/ Institut de Sport - Universit\u00e9 des Sciences et de la Technologie d&#039;Oran Mohamed-Boudiaf USTOMB","og_description":"STAPS\/ Institut de Sport \u00a0 https:\/\/youtu.be\/3R-Pdpe204w T\u00e9l\u00e9charger le d\u00e9pliant \u00a0 D\u00e9pliant Face1\u00a0 D\u00e9pliant Face2","og_url":"https:\/\/www.univ-usto.dz\/portail-bachelier\/staps\/","og_site_name":"Universit\u00e9 des Sciences et de la Technologie d&#039;Oran Mohamed-Boudiaf USTOMB","article_modified_time":"2024-07-17T08:26:50+00:00","og_image":[{"url":"https:\/\/www.univ-usto.dz\/portail-bachelier\/wp-content\/uploads\/2024\/07\/IEPS1-FR-1024x696.jpg","type":"","width":"","height":""}],"twitter_card":"summary_large_image","twitter_misc":{"Dur\u00e9e de lecture estim\u00e9e":"1 minute"},"schema":{"@context":"https:\/\/schema.org","@graph":[{"@type":"WebPage","@id":"https:\/\/www.univ-usto.dz\/portail-bachelier\/staps\/","url":"https:\/\/www.univ-usto.dz\/portail-bachelier\/staps\/","name":"STAPS\/ Institut de Sport - Universit\u00e9 des Sciences et de la Technologie d&#039;Oran Mohamed-Boudiaf USTOMB","isPartOf":{"@id":"https:\/\/www.univ-usto.dz\/portail-bachelier\/#website"},"primaryImageOfPage":{"@id":"https:\/\/www.univ-usto.dz\/portail-bachelier\/staps\/#primaryimage"},"image":{"@id":"https:\/\/www.univ-usto.dz\/portail-bachelier\/staps\/#primaryimage"},"thumbnailUrl":"https:\/\/www.univ-usto.dz\/portail-bachelier\/wp-content\/uploads\/2024\/07\/IEPS1-FR-1024x696.jpg","datePublished":"2020-10-06T10:44:38+00:00","dateModified":"2024-07-17T08:26:50+00:00","breadcrumb":{"@id":"https:\/\/www.univ-usto.dz\/portail-bachelier\/staps\/#breadcrumb"},"inLanguage":"fr-FR","potentialAction":[{"@type":"ReadAction","target":["https:\/\/www.univ-usto.dz\/portail-bachelier\/staps\/"]}]},{"@type":"ImageObject","inLanguage":"fr-FR","@id":"https:\/\/www.univ-usto.dz\/portail-bachelier\/staps\/#primaryimage","url":"https:\/\/www.univ-usto.dz\/portail-bachelier\/wp-content\/uploads\/2024\/07\/IEPS1-FR-scaled.jpg","contentUrl":"https:\/\/www.univ-usto.dz\/portail-bachelier\/wp-content\/uploads\/2024\/07\/IEPS1-FR-scaled.jpg","width":2560,"height":1741},{"@type":"BreadcrumbList","@id":"https:\/\/www.univ-usto.dz\/portail-bachelier\/staps\/#breadcrumb","itemListElement":[{"@type":"ListItem","position":1,"name":"Home","item":"https:\/\/www.univ-usto.dz\/portail-bachelier\/"},{"@type":"ListItem","position":2,"name":"STAPS\/ Institut de Sport"}]},{"@type":"WebSite","@id":"https:\/\/www.univ-usto.dz\/portail-bachelier\/#website","url":"https:\/\/www.univ-usto.dz\/portail-bachelier\/","name":"Universit\u00e9 des Sciences et de la Technologie d&#039;Oran Mohamed-Boudiaf USTOMB","description":"Portail du Nouveau bachelier","publisher":{"@id":"https:\/\/www.univ-usto.dz\/portail-bachelier\/#organization"},"potentialAction":[{"@type":"SearchAction","target":{"@type":"EntryPoint","urlTemplate":"https:\/\/www.univ-usto.dz\/portail-bachelier\/?s={search_term_string}"},"query-input":{"@type":"PropertyValueSpecification","valueRequired":true,"valueName":"search_term_string"}}],"inLanguage":"fr-FR"},{"@type":"Organization","@id":"https:\/\/www.univ-usto.dz\/portail-bachelier\/#organization","name":"Universit\u00e9 des Sciences et de la Technologie d&#039;Oran Mohamed-Boudiaf USTOMB","url":"https:\/\/www.univ-usto.dz\/portail-bachelier\/","logo":{"@type":"ImageObject","inLanguage":"fr-FR","@id":"https:\/\/www.univ-usto.dz\/portail-bachelier\/#\/schema\/logo\/image\/","url":"https:\/\/www.univ-usto.dz\/portail-bachelier\/wp-content\/uploads\/2024\/06\/cropped-LOGO-USTO_Modif1-e1601403966860-1.jpg","contentUrl":"https:\/\/www.univ-usto.dz\/portail-bachelier\/wp-content\/uploads\/2024\/06\/cropped-LOGO-USTO_Modif1-e1601403966860-1.jpg","width":140,"height":140,"caption":"Universit\u00e9 des Sciences et de la Technologie d&#039;Oran Mohamed-Boudiaf USTOMB"},"image":{"@id":"https:\/\/www.univ-usto.dz\/portail-bachelier\/#\/schema\/logo\/image\/"}}]}},"_links":{"self":[{"href":"https:\/\/www.univ-usto.dz\/portail-bachelier\/wp-json\/wp\/v2\/pages\/6405","targetHints":{"allow":["GET"]}}],"collection":[{"href":"https:\/\/www.univ-usto.dz\/portail-bachelier\/wp-json\/wp\/v2\/pages"}],"about":[{"href":"https:\/\/www.univ-usto.dz\/portail-bachelier\/wp-json\/wp\/v2\/types\/page"}],"author":[{"embeddable":true,"href":"https:\/\/www.univ-usto.dz\/portail-bachelier\/wp-json\/wp\/v2\/users\/1"}],"replies":[{"embeddable":true,"href":"https:\/\/www.univ-usto.dz\/portail-bachelier\/wp-json\/wp\/v2\/comments?post=6405"}],"version-history":[{"count":66,"href":"https:\/\/www.univ-usto.dz\/portail-bachelier\/wp-json\/wp\/v2\/pages\/6405\/revisions"}],"predecessor-version":[{"id":7911,"href":"https:\/\/www.univ-usto.dz\/portail-bachelier\/wp-json\/wp\/v2\/pages\/6405\/revisions\/7911"}],"wp:attachment":[{"href":"https:\/\/www.univ-usto.dz\/portail-bachelier\/wp-json\/wp\/v2\/media?parent=6405"}],"curies":[{"name":"wp","href":"https:\/\/api.w.org\/{rel}","templated":true}]}}