{"id":6470,"date":"2020-10-09T10:39:03","date_gmt":"2020-10-09T10:39:03","guid":{"rendered":"https:\/\/www.univ-usto.dz\/portail-bachelier\/?page_id=6470"},"modified":"2025-07-15T16:08:41","modified_gmt":"2025-07-15T16:08:41","slug":"preinscription","status":"publish","type":"page","link":"https:\/\/www.univ-usto.dz\/portail-bachelier\/preinscription\/","title":{"rendered":"Pr\u00e9inscriptions et inscriptions"},"content":{"rendered":"\t\t<div data-elementor-type=\"wp-page\" data-elementor-id=\"6470\" class=\"elementor elementor-6470\">\n\t\t\t\t\t\t<section class=\"elementor-section elementor-top-section elementor-element elementor-element-dc98276 elementor-section-boxed elementor-section-height-default elementor-section-height-default\" data-id=\"dc98276\" data-element_type=\"section\">\n\t\t\t\t\t\t<div class=\"elementor-container elementor-column-gap-default\">\n\t\t\t\t\t<div class=\"elementor-column elementor-col-100 elementor-top-column elementor-element elementor-element-3d18085\" data-id=\"3d18085\" data-element_type=\"column\">\n\t\t\t<div class=\"elementor-widget-wrap elementor-element-populated\">\n\t\t\t\t\t\t<div class=\"elementor-element elementor-element-273788b elementor-widget-mobile__width-initial elementor-widget elementor-widget-text-editor\" data-id=\"273788b\" data-element_type=\"widget\" data-widget_type=\"text-editor.default\">\n\t\t\t\t<div class=\"elementor-widget-container\">\n\t\t\t\t\t\t\t\t\t<h3><strong>Pr\u00e9inscriptions et inscriptions<\/strong><\/h3>\n<p><strong>Le calendrier des pr\u00e9inscriptions et inscriptions d\u00e9finitives des nouveaux bacheliers, au titre de l\u2019ann\u00e9e universitaire 2025-2026, est fix\u00e9 comme suit<\/strong><\/p>\t\t\t\t\t\t\t\t<\/div>\n\t\t\t\t<\/div>\n\t\t\t\t<div class=\"elementor-element elementor-element-40eceee elementor-widget-mobile__width-initial elementor-widget elementor-widget-timeline-widget-addon\" data-id=\"40eceee\" data-element_type=\"widget\" data-widget_type=\"timeline-widget-addon.default\">\n\t\t\t\t<div class=\"elementor-widget-container\">\n\t\t\t\t\t<!-- ========= Timeline Widget Addon For Elementor 1.6.8 ========= -->\n<div id=\"twae-wrapper-40eceee\" class=\"twae-vertical twae-wrapper  twae-both-sided\">   \n    <div class=\"twae-start\"><\/div>    \n    <div id=\"twea-timeline-40eceee\" class=\"twae-timeline\" ><!-- Start of Story Repeater Content --><div id=\"story-6bfb3e1\" class=\"twae-story twae-repeater-item twae-story-right twae-story-no-icon\"><!-- Story Label --><div class=\"twae-labels\"><div class=\"twae-label-big\">Du 16 au 23 Juillet  2025<\/div><div class=\"twae-label-small\">Portes ouvertes<\/div><\/div><!-- Story Icon --><div class=\"twae-icon\"><\/div><!-- Story Arrow --><div class=\"twae-arrow\"><\/div><!-- Start of Story Content --><div class=\"twae-content\"><!-- Story Title --><div class=\"twae-title\">Portes ouvertes virtuelles  sur les \u00e9tablissements d\u2019enseignement sup\u00e9rieur<\/div><!-- Story Description --><div class=\"twae-description\"><p><strong>Du 16 au 23 Juillet\u00a0 2025<\/strong><\/p><\/div><\/div><\/div><!-- Story Year Label --><div class=\"twae-year twae-year-container story-year-0a0901b\">\n\t\t\t\t\t<div class=\"twae-year-label twae-year-text\">Premi\u00e8re p\u00e9riode<\/div>\n\t\t\t\t<\/div><!-- Start of Story Repeater Content --><div id=\"story-0a0901b\" class=\"twae-story twae-repeater-item twae-story-left twae-story-no-icon\"><!-- Story Label --><div class=\"twae-labels\"><div class=\"twae-label-big\">Du 22 au 26 Juillet 2025<\/div><div class=\"twae-label-small\">Pr\u00e9inscriptions<\/div><\/div><!-- Story Icon --><div class=\"twae-icon\"><\/div><!-- Story Arrow --><div class=\"twae-arrow\"><\/div><!-- Start of Story Content --><div class=\"twae-content\"><!-- Story Title --><div class=\"twae-title\">Pr\u00e9inscriptions en ligne<\/div><!-- Story Description --><div class=\"twae-description\"><p>Porte \u00e0 la connaissance des\u00a0<b>nouveaux bacheliers<\/b> que les pr\u00e9inscriptions au titre de l'ann\u00e9e universitaire\u00a0<b>2025- 2026<\/b>\u00a0se fait exclusivement en ligne sur les sites Internet d\u00e9di\u00e9s:<a href=\"https:\/\/www.orientation-esi.dz\/\" target=\"_blank\" rel=\"noopener\"><strong>https:www:orientation-esi.dz<\/strong><\/a><\/p><p>Le titulaire du baccalaur\u00e9at doit remplir, en ligne, <strong>une fiche de v\u0153ux disponible.<\/strong><\/p><\/div><\/div><\/div><!-- Start of Story Repeater Content --><div id=\"story-7fc8369\" class=\"twae-story twae-repeater-item twae-story-right twae-story-no-icon\"><!-- Story Label --><div class=\"twae-labels\"><div class=\"twae-label-big\">Du 27 au 29 Juillet 2025 <\/div><div class=\"twae-label-small\">Confirmation<\/div><\/div><!-- Story Icon --><div class=\"twae-icon\"><\/div><!-- Story Arrow --><div class=\"twae-arrow\"><\/div><!-- Start of Story Content --><div class=\"twae-content\"><!-- Story Title --><div class=\"twae-title\">Confirmation des pr\u00e9inscriptions en ligne<\/div><!-- Story Description --><div class=\"twae-description\"><p>Confirmation sur la plateforme d\u00e9di\u00e9e <a href=\"https:\/\/www.orientation-esi.dz\/\" target=\"_blank\" rel=\"noopener\"><strong>https:\/\/www.orientation-esi.dz<\/strong><\/a><\/p><p>Le titulaire du baccalaur\u00e9at doit <strong>confirmer en ligne ses v\u0153ux<\/strong><\/p><\/div><\/div><\/div><!-- Start of Story Repeater Content --><div id=\"story-b94da88\" class=\"twae-story twae-repeater-item twae-story-left twae-story-no-icon\"><!-- Story Label --><div class=\"twae-labels\"><div class=\"twae-label-big\">Du 30 Juillet au 05 Ao\u00fbt  2025<\/div><div class=\"twae-label-small\">Traitement<\/div><\/div><!-- Story Icon --><div class=\"twae-icon\"><\/div><!-- Story Arrow --><div class=\"twae-arrow\"><\/div><!-- Start of Story Content --><div class=\"twae-content\"><!-- Story Title --><div class=\"twae-title\">Traitement des v\u0153ux<\/div><!-- Story Description --><div class=\"twae-description\"><p>Le traitement national informatis\u00e9 prendra en charge toutes les fiches de v\u0153ux des nouveaux bacheliers, saisies et transmises en ligne. Sur la base de la combinaison des trois param\u00e8tres de pr\u00e9inscription et d\u2019orientation fix\u00e9s dans la circulaire minist\u00e9rielle de pr\u00e9inscription et d\u2019orientation, ce traitement conduit <strong>\u00e0 satisfaire chacun des nouveaux bacheliers dans l\u2019un de ses choix.<\/strong><\/p><\/div><\/div><\/div><!-- Start of Story Repeater Content --><div id=\"story-9f37d24\" class=\"twae-story twae-repeater-item twae-story-right twae-story-no-icon\"><!-- Story Label --><div class=\"twae-labels\"><div class=\"twae-label-big\">06 Ao\u00fbt 2025 soir<\/div><div class=\"twae-label-small\">Proclamation <\/div><\/div><!-- Story Icon --><div class=\"twae-icon\"><\/div><!-- Story Arrow --><div class=\"twae-arrow\"><\/div><!-- Start of Story Content --><div class=\"twae-content\"><!-- Story Title --><div class=\"twae-title\">Proclamation des r\u00e9sultats des affectations<\/div><!-- Story Description --><div class=\"twae-description\"><p>06 Ao\u00fbt 2025 soir<\/p><\/div><\/div><\/div><!-- Story Year Label --><div class=\"twae-year twae-year-container story-year-fb017ab\">\n\t\t\t\t\t<div class=\"twae-year-label twae-year-text\">Deuxi\u00e8me p\u00e9riode <\/div>\n\t\t\t\t<\/div><!-- Start of Story Repeater Content --><div id=\"story-fb017ab\" class=\"twae-story twae-repeater-item twae-story-left twae-story-no-icon\"><!-- Story Label --><div class=\"twae-labels\"><div class=\"twae-label-big\">Du 06 au 15 Ao\u00fbt 2025<\/div><\/div><!-- Story Icon --><div class=\"twae-icon\"><\/div><!-- Story Arrow --><div class=\"twae-arrow\"><\/div><!-- Start of Story Content --><div class=\"twae-content\"><!-- Story Title --><div class=\"twae-title\"> Inscriptions d\u00e9finitives en ligne <\/div><!-- Story Description --><div class=\"twae-description\"><p><strong>Inscriptions d\u00e9finitives en ligne du 06 au 15 Ao\u00fbt\u00a0 2025<\/strong><\/p><\/div><\/div><\/div><!-- Story Year Label --><div class=\"twae-year twae-year-container story-year-6c2628e\">\n\t\t\t\t\t<div class=\"twae-year-label twae-year-text\">Troisi\u00e8me p\u00e9riode <\/div>\n\t\t\t\t<\/div><!-- Start of Story Repeater Content --><div id=\"story-6c2628e\" class=\"twae-story twae-repeater-item twae-story-right twae-story-no-icon\"><!-- Story Icon --><div class=\"twae-icon\"><\/div><!-- Story Arrow --><div class=\"twae-arrow\"><\/div><!-- Start of Story Content --><div class=\"twae-content\"><!-- Story Title --><div class=\"twae-title\">Troisi\u00e8me p\u00e9riode Du 07 au 15 Ao\u00fbt  2025<\/div><!-- Story Description --><div class=\"twae-description\"><p><strong>\u00a0<\/strong><\/p><\/div><\/div><\/div><!-- Story Year Label --><div class=\"twae-year twae-year-container story-year-3d12385\">\n\t\t\t\t\t<div class=\"twae-year-label twae-year-text\">Partie 1<\/div>\n\t\t\t\t<\/div><!-- Start of Story Repeater Content --><div id=\"story-3d12385\" class=\"twae-story twae-repeater-item twae-story-left twae-story-no-icon\"><!-- Story Icon --><div class=\"twae-icon\"><\/div><!-- Story Arrow --><div class=\"twae-arrow\"><\/div><!-- Start of Story Content --><div class=\"twae-content\"><!-- Story Title --><div class=\"twae-title\">2\u00e8me op\u00e9ration d\u00e9di\u00e9e aux candidats n\u2019ayant obtenus aucun de leurs choix<\/div><\/div><\/div><!-- Start of Story Repeater Content --><div id=\"story-111b8b6\" class=\"twae-story twae-repeater-item twae-story-right twae-story-no-icon\"><!-- Story Icon --><div class=\"twae-icon\"><\/div><!-- Story Arrow --><div class=\"twae-arrow\"><\/div><!-- Start of Story Content --><div class=\"twae-content\"><!-- Story Title --><div class=\"twae-title\">Nouvelle fiche de v\u0153ux (dans le respect des moyennes minimales d\u2019acc\u00e8s) <\/div><!-- Story Description --><div class=\"twae-description\"><p><strong>du 06 au 08 ao\u00fbt 2025<\/strong><\/p><\/div><\/div><\/div><!-- Start of Story Repeater Content --><div id=\"story-b41d5b6\" class=\"twae-story twae-repeater-item twae-story-left twae-story-no-icon\"><!-- Story Icon --><div class=\"twae-icon\"><\/div><!-- Story Arrow --><div class=\"twae-arrow\"><\/div><!-- Start of Story Content --><div class=\"twae-content\"><!-- Story Title --><div class=\"twae-title\">Traitement<\/div><!-- Story Description --><div class=\"twae-description\"><p>du 10 au 11 ao\u00fbt 2025<\/p><\/div><\/div><\/div><!-- Start of Story Repeater Content --><div id=\"story-f8f5cff\" class=\"twae-story twae-repeater-item twae-story-right twae-story-no-icon\"><!-- Story Label --><div class=\"twae-labels\"><div class=\"twae-label-big\">11 ao\u00fbt 2025 au soir\u00a0<\/div><\/div><!-- Story Icon --><div class=\"twae-icon\"><\/div><!-- Story Arrow --><div class=\"twae-arrow\"><\/div><!-- Start of Story Content --><div class=\"twae-content\"><!-- Story Title --><div class=\"twae-title\">Proclamation des r\u00e9sultats<\/div><!-- Story Description --><div class=\"twae-description\"><p><strong>11 ao\u00fbt 2025 au soir\u00a0<\/strong><\/p><\/div><\/div><\/div><!-- Story Year Label --><div class=\"twae-year twae-year-container story-year-d091af8\">\n\t\t\t\t\t<div class=\"twae-year-label twae-year-text\">Inscription  d\u00e9finitive<\/div>\n\t\t\t\t<\/div><!-- Start of Story Repeater Content --><div id=\"story-d091af8\" class=\"twae-story twae-repeater-item twae-story-left twae-story-no-icon\"><!-- Story Label --><div class=\"twae-labels\"><div class=\"twae-label-big\">13 au 15 ao\u00fbt 2025<\/div><\/div><!-- Story Icon --><div class=\"twae-icon\"><\/div><!-- Story Arrow --><div class=\"twae-arrow\"><\/div><!-- Start of Story Content --><div class=\"twae-content\"><!-- Story Title --><div class=\"twae-title\">Inscription  d\u00e9finitive<\/div><!-- Story Description --><div class=\"twae-description\"><p>Paiement<\/p><p>du 13 au 15 ao\u00fbt 2025<\/p><\/div><\/div><\/div><!-- Story Year Label --><div class=\"twae-year twae-year-container story-year-525afd9\">\n\t\t\t\t\t<div class=\"twae-year-label twae-year-text\">P\u00e9riode 4<\/div>\n\t\t\t\t<\/div><!-- Start of Story Repeater Content --><div id=\"story-525afd9\" class=\"twae-story twae-repeater-item twae-story-right twae-story-no-icon\"><!-- Story Icon --><div class=\"twae-icon\"><\/div><!-- Story Arrow --><div class=\"twae-arrow\"><\/div><!-- Start of Story Content --><div class=\"twae-content\"><!-- Story Title --><div class=\"twae-title\">P\u00e9riode 4 : Traitement des cas particuliers par les EES sur la plateforme PROGRES<\/div><\/div><\/div><!-- Story Year Label --><div class=\"twae-year twae-year-container story-year-c16a2f8\">\n\t\t\t\t\t<div class=\"twae-year-label twae-year-text\">Anglais<\/div>\n\t\t\t\t<\/div><!-- Start of Story Repeater Content --><div id=\"story-c16a2f8\" class=\"twae-story twae-repeater-item twae-story-left twae-story-no-icon\"><!-- Story Label --><div class=\"twae-labels\"><div class=\"twae-label-big\"> 26 juillet au 25 septembre 2025<\/div><div class=\"twae-label-small\">du 26 juillet au 25 septembre 2025<\/div><\/div><!-- Story Icon --><div class=\"twae-icon\"><\/div><!-- Story Arrow --><div class=\"twae-arrow\"><\/div><!-- Start of Story Content --><div class=\"twae-content\"><!-- Story Title --><div class=\"twae-title\">Perfectionnement de l\u2019anglais au profit des nouveaux bacheliers<\/div><!-- Story Description --><div class=\"twae-description\"><p>P\u00e9riode d\u2019enseignement de la langue anglaise en ligne du 25 juillet au 25 septembre 2025<\/p><\/div><\/div><\/div><!-- Story Year Label --><div class=\"twae-year twae-year-container story-year-0e9b1e9\">\n\t\t\t\t\t<div class=\"twae-year-label twae-year-text\">Les Oeuvres Universitaires<\/div>\n\t\t\t\t<\/div><!-- Start of Story Repeater Content --><div id=\"story-0e9b1e9\" class=\"twae-story twae-repeater-item twae-story-right twae-story-no-icon\"><!-- Story Label --><div class=\"twae-labels\"><div class=\"twae-label-big\">10 au 15 ao\u00fbt 2025<\/div><\/div><!-- Story Icon --><div class=\"twae-icon\"><\/div><!-- Story Arrow --><div class=\"twae-arrow\"><\/div><!-- Start of Story Content --><div class=\"twae-content\"><!-- Story Title --><div class=\"twae-title\">Ouverture du portail relatif aux \u0153uvres universitaires : h\u00e9bergement, transport et bourse (aux bacheliers orient\u00e9s dans la p\u00e9riode 1).<\/div><!-- Story Description --><div class=\"twae-description\"><p>du 10 au 15 ao\u00fbt 2025<\/p><\/div><\/div><\/div><!-- Start of Story Repeater Content --><div id=\"story-3d63cb5\" class=\"twae-story twae-repeater-item twae-story-left twae-story-no-icon\"><!-- Story Label --><div class=\"twae-labels\"><div class=\"twae-label-big\">16 au 17 ao\u00fbt 2025<\/div><\/div><!-- Story Icon --><div class=\"twae-icon\"><\/div><!-- Story Arrow --><div class=\"twae-arrow\"><\/div><!-- Start of Story Content --><div class=\"twae-content\"><!-- Story Title --><div class=\"twae-title\">Ouverture du portail relatif aux \u0153uvres universitaires : h\u00e9bergement, transport et bourse (aux bacheliers orient\u00e9s dans la p\u00e9riode 2).<\/div><!-- Story Description --><div class=\"twae-description\"><p style=\"text-align: right\">du 16 au 17 ao\u00fbt 2025<\/p><\/div><\/div><\/div><!-- Start of Story Repeater Content --><div id=\"story-b42eab4\" class=\"twae-story twae-repeater-item twae-story-right twae-story-no-icon\"><!-- Story Label --><div class=\"twae-labels\"><div class=\"twae-label-big\">2025<\/div><\/div><!-- Story Icon --><div class=\"twae-icon\"><\/div><!-- Story Arrow --><div class=\"twae-arrow\"><\/div><!-- Start of Story Content --><div class=\"twae-content\"><!-- Story Title --><div class=\"twae-title\">H\u00e9bergement<\/div><!-- Story Description --><div class=\"twae-description\"><p>Traitement des demandes d\u2019h\u00e9bergement du 18 au 22 ao\u00fbt 2025<\/p><p>Paiement des frais d\u2019h\u00e9bergement du 23 au 25 ao\u00fbt 2025<\/p><\/div><\/div><\/div><!-- Start of Story Repeater Content --><div id=\"story-a3826f2\" class=\"twae-story twae-repeater-item twae-story-left twae-story-no-icon\"><!-- Story Label --><div class=\"twae-labels\"><div class=\"twae-label-big\">2025<\/div><\/div><!-- Story Icon --><div class=\"twae-icon\"><\/div><!-- Story Arrow --><div class=\"twae-arrow\"><\/div><!-- Start of Story Content --><div class=\"twae-content\"><!-- Story Title --><div class=\"twae-title\">Bourse<\/div><!-- Story Description --><div class=\"twae-description\"><ul><li style=\"text-align: left\">D\u00e9p\u00f4t de dossier du 01 au 15 septembre 2025<\/li><li style=\"text-align: left\">Traitement et proclamation des r\u00e9sultats du 16 au 30 septembre 2025<\/li><li style=\"text-align: left\">Recours et R\u00e9sultats du 01 au 03 octobre 2025<\/li><\/ul><\/div><\/div><\/div><\/div>\n    <div class=\"twae-end\"><\/div>\n    <\/div><style type=\"text\/css\">@media (max-width: 1024px){ .twae-wrapper{--tw-ybx-size: 80px !important;}}@media (max-width: 767px){ .twae-wrapper{--tw-ybx-size: 80px !important}}<\/style>\t\t\t\t<\/div>\n\t\t\t\t<\/div>\n\t\t\t\t\t<\/div>\n\t\t<\/div>\n\t\t\t\t\t<\/div>\n\t\t<\/section>\n\t\t\t\t<\/div>\n\t\t","protected":false},"excerpt":{"rendered":"<p>Pr\u00e9inscriptions et inscriptions Le calendrier des pr\u00e9inscriptions et inscriptions d\u00e9finitives des nouveaux bacheliers, au titre de l\u2019ann\u00e9e universitaire 2025-2026, est fix\u00e9 comme suit Du 16 au 23 Juillet 2025Portes ouvertesPortes ouvertes virtuelles sur les \u00e9tablissements d\u2019enseignement sup\u00e9rieur Du 16 au&hellip;&nbsp;<a href=\"https:\/\/www.univ-usto.dz\/portail-bachelier\/preinscription\/\" class=\"more-link\">Lire la suite<\/a><\/p>\n","protected":false},"author":1,"featured_media":0,"parent":0,"menu_order":0,"comment_status":"closed","ping_status":"closed","template":"","meta":{"footnotes":""},"class_list":["post-6470","page","type-page","status-publish","hentry"],"yoast_head":"<!-- This site is optimized with the Yoast SEO plugin v25.5 - https:\/\/yoast.com\/wordpress\/plugins\/seo\/ -->\n<title>Pr\u00e9inscriptions et inscriptions - Universit\u00e9 des Sciences et de la Technologie d&#039;Oran Mohamed-Boudiaf USTOMB<\/title>\n<meta name=\"robots\" content=\"index, follow, max-snippet:-1, max-image-preview:large, max-video-preview:-1\" \/>\n<link rel=\"canonical\" href=\"https:\/\/www.univ-usto.dz\/portail-bachelier\/preinscription\/\" \/>\n<meta property=\"og:locale\" content=\"fr_FR\" \/>\n<meta property=\"og:type\" content=\"article\" \/>\n<meta property=\"og:title\" content=\"Pr\u00e9inscriptions et inscriptions - Universit\u00e9 des Sciences et de la Technologie d&#039;Oran Mohamed-Boudiaf USTOMB\" \/>\n<meta property=\"og:description\" content=\"Pr\u00e9inscriptions et inscriptions Le calendrier des pr\u00e9inscriptions et inscriptions d\u00e9finitives des nouveaux bacheliers, au titre de l\u2019ann\u00e9e universitaire 2025-2026, est fix\u00e9 comme suit Du 16 au 23 Juillet 2025Portes ouvertesPortes ouvertes virtuelles sur les \u00e9tablissements d\u2019enseignement sup\u00e9rieur Du 16 au&hellip;&nbsp;Lire la suite\" \/>\n<meta property=\"og:url\" content=\"https:\/\/www.univ-usto.dz\/portail-bachelier\/preinscription\/\" \/>\n<meta property=\"og:site_name\" content=\"Universit\u00e9 des Sciences et de la Technologie d&#039;Oran Mohamed-Boudiaf USTOMB\" \/>\n<meta property=\"article:modified_time\" content=\"2025-07-15T16:08:41+00:00\" \/>\n<meta name=\"twitter:card\" content=\"summary_large_image\" \/>\n<meta name=\"twitter:label1\" content=\"Dur\u00e9e de lecture estim\u00e9e\" \/>\n\t<meta name=\"twitter:data1\" content=\"3 minutes\" \/>\n<script type=\"application\/ld+json\" class=\"yoast-schema-graph\">{\"@context\":\"https:\/\/schema.org\",\"@graph\":[{\"@type\":\"WebPage\",\"@id\":\"https:\/\/www.univ-usto.dz\/portail-bachelier\/preinscription\/\",\"url\":\"https:\/\/www.univ-usto.dz\/portail-bachelier\/preinscription\/\",\"name\":\"Pr\u00e9inscriptions et inscriptions - Universit\u00e9 des Sciences et de la Technologie d&#039;Oran Mohamed-Boudiaf USTOMB\",\"isPartOf\":{\"@id\":\"https:\/\/www.univ-usto.dz\/portail-bachelier\/#website\"},\"datePublished\":\"2020-10-09T10:39:03+00:00\",\"dateModified\":\"2025-07-15T16:08:41+00:00\",\"breadcrumb\":{\"@id\":\"https:\/\/www.univ-usto.dz\/portail-bachelier\/preinscription\/#breadcrumb\"},\"inLanguage\":\"fr-FR\",\"potentialAction\":[{\"@type\":\"ReadAction\",\"target\":[\"https:\/\/www.univ-usto.dz\/portail-bachelier\/preinscription\/\"]}]},{\"@type\":\"BreadcrumbList\",\"@id\":\"https:\/\/www.univ-usto.dz\/portail-bachelier\/preinscription\/#breadcrumb\",\"itemListElement\":[{\"@type\":\"ListItem\",\"position\":1,\"name\":\"Home\",\"item\":\"https:\/\/www.univ-usto.dz\/portail-bachelier\/\"},{\"@type\":\"ListItem\",\"position\":2,\"name\":\"Pr\u00e9inscriptions et inscriptions\"}]},{\"@type\":\"WebSite\",\"@id\":\"https:\/\/www.univ-usto.dz\/portail-bachelier\/#website\",\"url\":\"https:\/\/www.univ-usto.dz\/portail-bachelier\/\",\"name\":\"Universit\u00e9 des Sciences et de la Technologie d&#039;Oran Mohamed-Boudiaf USTOMB\",\"description\":\"Portail du Nouveau bachelier\",\"publisher\":{\"@id\":\"https:\/\/www.univ-usto.dz\/portail-bachelier\/#organization\"},\"potentialAction\":[{\"@type\":\"SearchAction\",\"target\":{\"@type\":\"EntryPoint\",\"urlTemplate\":\"https:\/\/www.univ-usto.dz\/portail-bachelier\/?s={search_term_string}\"},\"query-input\":{\"@type\":\"PropertyValueSpecification\",\"valueRequired\":true,\"valueName\":\"search_term_string\"}}],\"inLanguage\":\"fr-FR\"},{\"@type\":\"Organization\",\"@id\":\"https:\/\/www.univ-usto.dz\/portail-bachelier\/#organization\",\"name\":\"Universit\u00e9 des Sciences et de la Technologie d&#039;Oran Mohamed-Boudiaf USTOMB\",\"url\":\"https:\/\/www.univ-usto.dz\/portail-bachelier\/\",\"logo\":{\"@type\":\"ImageObject\",\"inLanguage\":\"fr-FR\",\"@id\":\"https:\/\/www.univ-usto.dz\/portail-bachelier\/#\/schema\/logo\/image\/\",\"url\":\"https:\/\/www.univ-usto.dz\/portail-bachelier\/wp-content\/uploads\/2024\/06\/cropped-LOGO-USTO_Modif1-e1601403966860-1.jpg\",\"contentUrl\":\"https:\/\/www.univ-usto.dz\/portail-bachelier\/wp-content\/uploads\/2024\/06\/cropped-LOGO-USTO_Modif1-e1601403966860-1.jpg\",\"width\":140,\"height\":140,\"caption\":\"Universit\u00e9 des Sciences et de la Technologie d&#039;Oran Mohamed-Boudiaf USTOMB\"},\"image\":{\"@id\":\"https:\/\/www.univ-usto.dz\/portail-bachelier\/#\/schema\/logo\/image\/\"}}]}<\/script>\n<!-- \/ Yoast SEO plugin. -->","yoast_head_json":{"title":"Pr\u00e9inscriptions et inscriptions - Universit\u00e9 des Sciences et de la Technologie d&#039;Oran Mohamed-Boudiaf USTOMB","robots":{"index":"index","follow":"follow","max-snippet":"max-snippet:-1","max-image-preview":"max-image-preview:large","max-video-preview":"max-video-preview:-1"},"canonical":"https:\/\/www.univ-usto.dz\/portail-bachelier\/preinscription\/","og_locale":"fr_FR","og_type":"article","og_title":"Pr\u00e9inscriptions et inscriptions - Universit\u00e9 des Sciences et de la Technologie d&#039;Oran Mohamed-Boudiaf USTOMB","og_description":"Pr\u00e9inscriptions et inscriptions Le calendrier des pr\u00e9inscriptions et inscriptions d\u00e9finitives des nouveaux bacheliers, au titre de l\u2019ann\u00e9e universitaire 2025-2026, est fix\u00e9 comme suit Du 16 au 23 Juillet 2025Portes ouvertesPortes ouvertes virtuelles sur les \u00e9tablissements d\u2019enseignement sup\u00e9rieur Du 16 au&hellip;&nbsp;Lire la suite","og_url":"https:\/\/www.univ-usto.dz\/portail-bachelier\/preinscription\/","og_site_name":"Universit\u00e9 des Sciences et de la Technologie d&#039;Oran Mohamed-Boudiaf USTOMB","article_modified_time":"2025-07-15T16:08:41+00:00","twitter_card":"summary_large_image","twitter_misc":{"Dur\u00e9e de lecture estim\u00e9e":"3 minutes"},"schema":{"@context":"https:\/\/schema.org","@graph":[{"@type":"WebPage","@id":"https:\/\/www.univ-usto.dz\/portail-bachelier\/preinscription\/","url":"https:\/\/www.univ-usto.dz\/portail-bachelier\/preinscription\/","name":"Pr\u00e9inscriptions et inscriptions - Universit\u00e9 des Sciences et de la Technologie d&#039;Oran Mohamed-Boudiaf USTOMB","isPartOf":{"@id":"https:\/\/www.univ-usto.dz\/portail-bachelier\/#website"},"datePublished":"2020-10-09T10:39:03+00:00","dateModified":"2025-07-15T16:08:41+00:00","breadcrumb":{"@id":"https:\/\/www.univ-usto.dz\/portail-bachelier\/preinscription\/#breadcrumb"},"inLanguage":"fr-FR","potentialAction":[{"@type":"ReadAction","target":["https:\/\/www.univ-usto.dz\/portail-bachelier\/preinscription\/"]}]},{"@type":"BreadcrumbList","@id":"https:\/\/www.univ-usto.dz\/portail-bachelier\/preinscription\/#breadcrumb","itemListElement":[{"@type":"ListItem","position":1,"name":"Home","item":"https:\/\/www.univ-usto.dz\/portail-bachelier\/"},{"@type":"ListItem","position":2,"name":"Pr\u00e9inscriptions et inscriptions"}]},{"@type":"WebSite","@id":"https:\/\/www.univ-usto.dz\/portail-bachelier\/#website","url":"https:\/\/www.univ-usto.dz\/portail-bachelier\/","name":"Universit\u00e9 des Sciences et de la Technologie d&#039;Oran Mohamed-Boudiaf USTOMB","description":"Portail du Nouveau bachelier","publisher":{"@id":"https:\/\/www.univ-usto.dz\/portail-bachelier\/#organization"},"potentialAction":[{"@type":"SearchAction","target":{"@type":"EntryPoint","urlTemplate":"https:\/\/www.univ-usto.dz\/portail-bachelier\/?s={search_term_string}"},"query-input":{"@type":"PropertyValueSpecification","valueRequired":true,"valueName":"search_term_string"}}],"inLanguage":"fr-FR"},{"@type":"Organization","@id":"https:\/\/www.univ-usto.dz\/portail-bachelier\/#organization","name":"Universit\u00e9 des Sciences et de la Technologie d&#039;Oran Mohamed-Boudiaf USTOMB","url":"https:\/\/www.univ-usto.dz\/portail-bachelier\/","logo":{"@type":"ImageObject","inLanguage":"fr-FR","@id":"https:\/\/www.univ-usto.dz\/portail-bachelier\/#\/schema\/logo\/image\/","url":"https:\/\/www.univ-usto.dz\/portail-bachelier\/wp-content\/uploads\/2024\/06\/cropped-LOGO-USTO_Modif1-e1601403966860-1.jpg","contentUrl":"https:\/\/www.univ-usto.dz\/portail-bachelier\/wp-content\/uploads\/2024\/06\/cropped-LOGO-USTO_Modif1-e1601403966860-1.jpg","width":140,"height":140,"caption":"Universit\u00e9 des Sciences et de la Technologie d&#039;Oran Mohamed-Boudiaf USTOMB"},"image":{"@id":"https:\/\/www.univ-usto.dz\/portail-bachelier\/#\/schema\/logo\/image\/"}}]}},"_links":{"self":[{"href":"https:\/\/www.univ-usto.dz\/portail-bachelier\/wp-json\/wp\/v2\/pages\/6470","targetHints":{"allow":["GET"]}}],"collection":[{"href":"https:\/\/www.univ-usto.dz\/portail-bachelier\/wp-json\/wp\/v2\/pages"}],"about":[{"href":"https:\/\/www.univ-usto.dz\/portail-bachelier\/wp-json\/wp\/v2\/types\/page"}],"author":[{"embeddable":true,"href":"https:\/\/www.univ-usto.dz\/portail-bachelier\/wp-json\/wp\/v2\/users\/1"}],"replies":[{"embeddable":true,"href":"https:\/\/www.univ-usto.dz\/portail-bachelier\/wp-json\/wp\/v2\/comments?post=6470"}],"version-history":[{"count":325,"href":"https:\/\/www.univ-usto.dz\/portail-bachelier\/wp-json\/wp\/v2\/pages\/6470\/revisions"}],"predecessor-version":[{"id":8195,"href":"https:\/\/www.univ-usto.dz\/portail-bachelier\/wp-json\/wp\/v2\/pages\/6470\/revisions\/8195"}],"wp:attachment":[{"href":"https:\/\/www.univ-usto.dz\/portail-bachelier\/wp-json\/wp\/v2\/media?parent=6470"}],"curies":[{"name":"wp","href":"https:\/\/api.w.org\/{rel}","templated":true}]}}