{"id":121,"date":"2018-11-15T12:29:11","date_gmt":"2018-11-15T12:29:11","guid":{"rendered":"https:\/\/www.univ-usto.dz\/startup\/activiteinside\/"},"modified":"2025-01-27T08:04:31","modified_gmt":"2025-01-27T08:04:31","slug":"incubateur","status":"publish","type":"page","link":"https:\/\/www.univ-usto.dz\/startup\/incubateur\/","title":{"rendered":"Incubateur"},"content":{"rendered":"\t\t<div data-elementor-type=\"wp-page\" data-elementor-id=\"121\" class=\"elementor elementor-121\">\n\t\t\t\t\t\t<section class=\"elementor-section elementor-top-section elementor-element elementor-element-4bc78b3 elementor-section-boxed elementor-section-height-default elementor-section-height-default\" data-id=\"4bc78b3\" data-element_type=\"section\">\n\t\t\t\t\t\t<div class=\"elementor-container elementor-column-gap-default\">\n\t\t\t\t\t<div class=\"elementor-column elementor-col-50 elementor-top-column elementor-element elementor-element-12d3660\" data-id=\"12d3660\" data-element_type=\"column\">\n\t\t\t<div class=\"elementor-widget-wrap elementor-element-populated\">\n\t\t\t\t\t\t<div class=\"elementor-element elementor-element-14cfc99 elementor-widget elementor-widget-wp-widget-bellows_navigation_widget\" data-id=\"14cfc99\" data-element_type=\"widget\" data-widget_type=\"wp-widget-bellows_navigation_widget.default\">\n\t\t\t\t<div class=\"elementor-widget-container\">\n\t\t\t\t\t<nav id=\"bellows-main-20\" class=\"bellows bellows-nojs bellows-main bellows-source-menu bellows-align-full bellows-skin-vanilla bellows-type-\"><ul id=\"menu-top-menu\" class=\"bellows-nav\" data-bellows-config=\"main\"><li id=\"menu-item-437\" class=\"bellows-menu-item bellows-menu-item-type-custom bellows-menu-item-object-custom bellows-menu-item-437 bellows-item-level-0\"><a  href=\"https:\/\/www.univ-usto.dz\/\" class=\"bellows-target\"><span class=\"bellows-target-title bellows-target-text\">Site USTOMB<\/span><\/a><\/li>\n<\/ul><\/nav>\t\t\t\t<\/div>\n\t\t\t\t<\/div>\n\t\t\t\t\t<\/div>\n\t\t<\/div>\n\t\t\t\t<div class=\"elementor-column elementor-col-50 elementor-top-column elementor-element elementor-element-29b6805\" data-id=\"29b6805\" data-element_type=\"column\">\n\t\t\t<div class=\"elementor-widget-wrap elementor-element-populated\">\n\t\t\t\t\t\t<div class=\"elementor-element elementor-element-75e0739 elementor-widget elementor-widget-elementskit-heading\" data-id=\"75e0739\" data-element_type=\"widget\" data-widget_type=\"elementskit-heading.default\">\n\t\t\t\t<div class=\"elementor-widget-container\">\n\t\t\t\t\t<div class=\"ekit-wid-con\" ><div class=\"ekit-heading elementskit-section-title-wraper text_left   ekit_heading_tablet-   ekit_heading_mobile-\"><h3 class=\"ekit-heading--title elementskit-section-title \">Pr\u00e9sentation\u00a0<\/h3><div class=\"ekit_heading_separetor_wraper ekit_heading_elementskit-border-divider\"><div class=\"elementskit-border-divider\"><\/div><\/div><\/div><\/div>\t\t\t\t<\/div>\n\t\t\t\t<\/div>\n\t\t\t\t<div class=\"elementor-element elementor-element-dc583d8 elementor-widget elementor-widget-text-editor\" data-id=\"dc583d8\" data-element_type=\"widget\" data-widget_type=\"text-editor.default\">\n\t\t\t\t<div class=\"elementor-widget-container\">\n\t\t\t\t\t\t\t\t\t<p>Les incubateurs universitaires, font partie des services communs de recherche scientifique et technologique. Ces services commun, d\u00e9signent\u00a0 l&rsquo;ensemble\u00a0 des moyens\u00a0 sp\u00e9cifiques\u00a0 et\u00a0 \u00e9quipements\u00a0 techniques\u00a0 et scientifiques\u00a0 mis\u00a0 en\u00a0 commun\u00a0 \u00e0\u00a0 la\u00a0 disposition\u00a0 des \u00e9tablissements d&rsquo;enseignement et de formation sup\u00e9rieurs, des\u00a0 \u00e9tablissements\u00a0 hospitalo-universitaires,\u00a0 des \u00e9tablissements\u00a0 de\u00a0 recherche\u00a0 scientifique\u00a0 et\u00a0 des\u00a0 agences th\u00e9matiques\u00a0 de\u00a0 recherche,\u00a0 en\u00a0 vue\u00a0 de\u00a0 r\u00e9aliser\u00a0 les programmes de recherche identifi\u00e9s et valid\u00e9s.<\/p><h4>L\u2019incubateur comprend deux sections\u00a0:<\/h4><ol><li><strong>La section d\u2019ing\u00e9nierie de management, charg\u00e9e :<\/strong><\/li><\/ol><ul><li>d\u2019accueillir et d\u2019accompagner les projets innovants ayant un lien avec la recherche ;<\/li><li>d\u2019aider le porteur de projet \u00e0 formaliser son id\u00e9e ;<\/li><li>de s\u00e9lectionner et de valider l\u2019id\u00e9e projet \u00e0 long terme ;<\/li><li>d\u2019offrir au porteur de projet un appui en mati\u00e8re de formation, de conseil, de financement et les h\u00e9berger jusqu\u2019\u00e0 la cr\u00e9ation d\u2019entreprise ;<\/li><li>de suivre l\u2019\u00e9volution des entreprises cr\u00e9\u00e9es par l\u2019incubateur.<\/li><\/ul><ol start=\"2\"><li><strong>La section de la maintenance et de la s\u00e9curit\u00e9 des \u00e9quipements scientifiques, charg\u00e9e :<\/strong><\/li><\/ol><ul><li>de la maintenance des \u00e9quipements scientifiques mis \u00e0 la disposition de l\u2019incubateur ;<\/li><li>d\u2019assurer la s\u00e9curit\u00e9 du site et des \u00e9quipements scientifiques.<\/li><\/ul><h4><strong>L\u2019incubateur de l\u2019USTO-MB<\/strong><\/h4><p>L\u2019incubateur de l\u2019USTO-MB a \u00e9t\u00e9 cr\u00e9\u00e9 par \u00ab\u00a0l\u2019arr\u00eat\u00e9 interminist\u00e9riel du 27 Moharram 1443correspondant au 5 septembre 2021 portantcr\u00e9ation d\u2019un service commun de recherche\u00ab incubateur \u00bb au sein de l\u2019universit\u00e9 des scienceset de la technologie d&rsquo;Oran\u00a0\u00bb.<\/p><h4><strong>Nos Partenaires\u00a0:<\/strong><\/h4><p>Les \u00e9tablissements partenaires \u00e0 l&rsquo;\u00e9gardde l\u2019incubateur de l\u2019USTO-MB, sont\u00a0:<\/p><ul><li>L\u2019agence nationale de valorisation des r\u00e9sultats de la recherche et du d\u00e9veloppement technologique (ANVREDET) ; <\/li><li>La Soci\u00e9t\u00e9 Nationale pour la Recherche, la Production, le Transport, la Transformation, et la Commercialisation des Hydrocarbures SONATRACH().<\/li><\/ul>\t\t\t\t\t\t\t\t<\/div>\n\t\t\t\t<\/div>\n\t\t\t\t\t<\/div>\n\t\t<\/div>\n\t\t\t\t\t<\/div>\n\t\t<\/section>\n\t\t\t\t<\/div>\n\t\t","protected":false},"excerpt":{"rendered":"<p>Pr\u00e9sentation\u00a0 Les incubateurs universitaires, font partie des services communs de recherche scientifique et technologique. Ces services commun, d\u00e9signent\u00a0 l&rsquo;ensemble\u00a0 des moyens\u00a0 sp\u00e9cifiques\u00a0 et\u00a0 \u00e9quipements\u00a0 techniques\u00a0 et scientifiques\u00a0 mis\u00a0 en\u00a0 commun\u00a0 \u00e0\u00a0 la\u00a0 disposition\u00a0 des \u00e9tablissements d&rsquo;enseignement et de formation sup\u00e9rieurs, des\u00a0 \u00e9tablissements\u00a0 hospitalo-universitaires,\u00a0 des \u00e9tablissements\u00a0 de\u00a0 recherche\u00a0 scientifique\u00a0 et\u00a0 des\u00a0 agences th\u00e9matiques\u00a0 de\u00a0 recherche,\u00a0 en\u00a0 [&hellip;]<\/p>\n","protected":false},"author":1,"featured_media":0,"parent":0,"menu_order":0,"comment_status":"closed","ping_status":"closed","template":"","meta":{"_monsterinsights_skip_tracking":false,"_monsterinsights_sitenote_active":false,"_monsterinsights_sitenote_note":"","_monsterinsights_sitenote_category":0,"postBodyMargin":[],"postBodyPadding":[],"postBodyBackground":{"backgroundType":"classic","gradient":""},"footnotes":""},"class_list":["post-121","page","type-page","status-publish","hentry"],"aioseo_notices":[],"_links":{"self":[{"href":"https:\/\/www.univ-usto.dz\/startup\/wp-json\/wp\/v2\/pages\/121","targetHints":{"allow":["GET"]}}],"collection":[{"href":"https:\/\/www.univ-usto.dz\/startup\/wp-json\/wp\/v2\/pages"}],"about":[{"href":"https:\/\/www.univ-usto.dz\/startup\/wp-json\/wp\/v2\/types\/page"}],"author":[{"embeddable":true,"href":"https:\/\/www.univ-usto.dz\/startup\/wp-json\/wp\/v2\/users\/1"}],"replies":[{"embeddable":true,"href":"https:\/\/www.univ-usto.dz\/startup\/wp-json\/wp\/v2\/comments?post=121"}],"version-history":[{"count":49,"href":"https:\/\/www.univ-usto.dz\/startup\/wp-json\/wp\/v2\/pages\/121\/revisions"}],"predecessor-version":[{"id":39447,"href":"https:\/\/www.univ-usto.dz\/startup\/wp-json\/wp\/v2\/pages\/121\/revisions\/39447"}],"wp:attachment":[{"href":"https:\/\/www.univ-usto.dz\/startup\/wp-json\/wp\/v2\/media?parent=121"}],"curies":[{"name":"wp","href":"https:\/\/api.w.org\/{rel}","templated":true}]}}