{"id":39438,"date":"2025-01-27T07:45:31","date_gmt":"2025-01-27T07:45:31","guid":{"rendered":"https:\/\/www.univ-usto.dz\/startup\/?page_id=39438"},"modified":"2025-01-27T07:50:26","modified_gmt":"2025-01-27T07:50:26","slug":"missions-incubateur","status":"publish","type":"page","link":"https:\/\/www.univ-usto.dz\/startup\/missions-incubateur\/","title":{"rendered":"Missions de l\u2019Incubateur"},"content":{"rendered":"\t\t<div data-elementor-type=\"wp-page\" data-elementor-id=\"39438\" class=\"elementor elementor-39438\">\n\t\t\t\t\t\t<section class=\"elementor-section elementor-top-section elementor-element elementor-element-4bc78b3 elementor-section-boxed elementor-section-height-default elementor-section-height-default\" data-id=\"4bc78b3\" data-element_type=\"section\">\n\t\t\t\t\t\t<div class=\"elementor-container elementor-column-gap-default\">\n\t\t\t\t\t<div class=\"elementor-column elementor-col-50 elementor-top-column elementor-element elementor-element-12d3660\" data-id=\"12d3660\" data-element_type=\"column\">\n\t\t\t<div class=\"elementor-widget-wrap elementor-element-populated\">\n\t\t\t\t\t\t<div class=\"elementor-element elementor-element-14cfc99 elementor-widget elementor-widget-wp-widget-bellows_navigation_widget\" data-id=\"14cfc99\" data-element_type=\"widget\" data-widget_type=\"wp-widget-bellows_navigation_widget.default\">\n\t\t\t\t<div class=\"elementor-widget-container\">\n\t\t\t\t\t<nav id=\"bellows-main-20\" class=\"bellows bellows-nojs bellows-main bellows-source-menu bellows-align-full bellows-skin-vanilla bellows-type-\"><ul id=\"menu-top-menu\" class=\"bellows-nav\" data-bellows-config=\"main\"><li id=\"menu-item-437\" class=\"bellows-menu-item bellows-menu-item-type-custom bellows-menu-item-object-custom bellows-menu-item-437 bellows-item-level-0\"><a  href=\"https:\/\/www.univ-usto.dz\/\" class=\"bellows-target\"><span class=\"bellows-target-title bellows-target-text\">Site USTOMB<\/span><\/a><\/li>\n<\/ul><\/nav>\t\t\t\t<\/div>\n\t\t\t\t<\/div>\n\t\t\t\t\t<\/div>\n\t\t<\/div>\n\t\t\t\t<div class=\"elementor-column elementor-col-50 elementor-top-column elementor-element elementor-element-29b6805\" data-id=\"29b6805\" data-element_type=\"column\">\n\t\t\t<div class=\"elementor-widget-wrap elementor-element-populated\">\n\t\t\t\t\t\t<div class=\"elementor-element elementor-element-75e0739 elementor-widget elementor-widget-elementskit-heading\" data-id=\"75e0739\" data-element_type=\"widget\" data-widget_type=\"elementskit-heading.default\">\n\t\t\t\t<div class=\"elementor-widget-container\">\n\t\t\t\t\t<div class=\"ekit-wid-con\" ><div class=\"ekit-heading elementskit-section-title-wraper text_left   ekit_heading_tablet-   ekit_heading_mobile-\"><h3 class=\"ekit-heading--title elementskit-section-title \">Missions<\/h3><div class=\"ekit_heading_separetor_wraper ekit_heading_elementskit-border-divider\"><div class=\"elementskit-border-divider\"><\/div><\/div><\/div><\/div>\t\t\t\t<\/div>\n\t\t\t\t<\/div>\n\t\t\t\t<div class=\"elementor-element elementor-element-dc583d8 elementor-widget elementor-widget-text-editor\" data-id=\"dc583d8\" data-element_type=\"widget\" data-widget_type=\"text-editor.default\">\n\t\t\t\t<div class=\"elementor-widget-container\">\n\t\t\t\t\t\t\t\t\t<p>Missions essentielles de notre incubateur consiste en l&rsquo;accompagnement personnalis\u00e9 des porteurs de projets innovant dans les trois principales \u00e9tapes suivantes :<\/p><p><strong>La pr\u00e9-incubation<\/strong> : dans cette \u00e9tape, il y a lieu de faire l\u2019\u00e9valuation de l&rsquo;innovation, le plan d&rsquo;affaires, l\u2019\u00e9laboration et la mod\u00e9lisation de l\u2019entreprise et la formation ;<\/p><p><strong>L\u2019incubation<\/strong> : cette \u00e9tape consiste \u00e0 faire l&rsquo;acc\u00e8s au financement, l&rsquo;encadrement, l&rsquo;h\u00e9bergement, la commercialisation et la planification des activit\u00e9s de pointe ;<\/p><p><strong>La post-incubation :<\/strong> elle concerne le diagnostic de l&rsquo;innovation, le soutien de la technologie, la commercialisation et d\u00e9veloppement des affaires.<\/p><p>L\u2019accompagnement sera constitu\u00e9 d\u2019un ensemble d\u2019actions que l\u2019incubateur assurera en faveur des porteurs de projet. Ces actions sont le coaching, la formation et l\u2019aide pour avoir le financement.<\/p>\t\t\t\t\t\t\t\t<\/div>\n\t\t\t\t<\/div>\n\t\t\t\t\t<\/div>\n\t\t<\/div>\n\t\t\t\t\t<\/div>\n\t\t<\/section>\n\t\t\t\t<\/div>\n\t\t","protected":false},"excerpt":{"rendered":"<p>Missions Missions essentielles de notre incubateur consiste en l&rsquo;accompagnement personnalis\u00e9 des porteurs de projets innovant dans les trois principales \u00e9tapes suivantes : La pr\u00e9-incubation : dans cette \u00e9tape, il y a lieu de faire l\u2019\u00e9valuation de l&rsquo;innovation, le plan d&rsquo;affaires, l\u2019\u00e9laboration et la mod\u00e9lisation de l\u2019entreprise et la formation ; L\u2019incubation : cette \u00e9tape consiste [&hellip;]<\/p>\n","protected":false},"author":1,"featured_media":0,"parent":0,"menu_order":0,"comment_status":"closed","ping_status":"closed","template":"","meta":{"_monsterinsights_skip_tracking":false,"_monsterinsights_sitenote_active":false,"_monsterinsights_sitenote_note":"","_monsterinsights_sitenote_category":0,"postBodyMargin":[],"postBodyPadding":[],"postBodyBackground":{"backgroundType":"classic","gradient":""},"footnotes":""},"class_list":["post-39438","page","type-page","status-publish","hentry"],"aioseo_notices":[],"_links":{"self":[{"href":"https:\/\/www.univ-usto.dz\/startup\/wp-json\/wp\/v2\/pages\/39438","targetHints":{"allow":["GET"]}}],"collection":[{"href":"https:\/\/www.univ-usto.dz\/startup\/wp-json\/wp\/v2\/pages"}],"about":[{"href":"https:\/\/www.univ-usto.dz\/startup\/wp-json\/wp\/v2\/types\/page"}],"author":[{"embeddable":true,"href":"https:\/\/www.univ-usto.dz\/startup\/wp-json\/wp\/v2\/users\/1"}],"replies":[{"embeddable":true,"href":"https:\/\/www.univ-usto.dz\/startup\/wp-json\/wp\/v2\/comments?post=39438"}],"version-history":[{"count":3,"href":"https:\/\/www.univ-usto.dz\/startup\/wp-json\/wp\/v2\/pages\/39438\/revisions"}],"predecessor-version":[{"id":39441,"href":"https:\/\/www.univ-usto.dz\/startup\/wp-json\/wp\/v2\/pages\/39438\/revisions\/39441"}],"wp:attachment":[{"href":"https:\/\/www.univ-usto.dz\/startup\/wp-json\/wp\/v2\/media?parent=39438"}],"curies":[{"name":"wp","href":"https:\/\/api.w.org\/{rel}","templated":true}]}}