{"id":39480,"date":"2025-01-27T08:40:43","date_gmt":"2025-01-27T08:40:43","guid":{"rendered":"https:\/\/www.univ-usto.dz\/startup\/?page_id=39480"},"modified":"2025-01-27T08:53:51","modified_gmt":"2025-01-27T08:53:51","slug":"startup-2","status":"publish","type":"page","link":"https:\/\/www.univ-usto.dz\/startup\/startup-2\/","title":{"rendered":"Startup"},"content":{"rendered":"\t\t<div data-elementor-type=\"wp-page\" data-elementor-id=\"39480\" class=\"elementor elementor-39480\">\n\t\t\t\t\t\t<section class=\"elementor-section elementor-top-section elementor-element elementor-element-4bc78b3 elementor-section-boxed elementor-section-height-default elementor-section-height-default\" data-id=\"4bc78b3\" data-element_type=\"section\">\n\t\t\t\t\t\t<div class=\"elementor-container elementor-column-gap-default\">\n\t\t\t\t\t<div class=\"elementor-column elementor-col-50 elementor-top-column elementor-element elementor-element-12d3660\" data-id=\"12d3660\" data-element_type=\"column\">\n\t\t\t<div class=\"elementor-widget-wrap elementor-element-populated\">\n\t\t\t\t\t\t<div class=\"elementor-element elementor-element-14cfc99 elementor-widget elementor-widget-wp-widget-bellows_navigation_widget\" data-id=\"14cfc99\" data-element_type=\"widget\" data-widget_type=\"wp-widget-bellows_navigation_widget.default\">\n\t\t\t\t<div class=\"elementor-widget-container\">\n\t\t\t\t\t<nav id=\"bellows-main-20\" class=\"bellows bellows-nojs bellows-main bellows-source-menu bellows-align-full bellows-skin-vanilla bellows-type-\"><ul id=\"menu-top-menu\" class=\"bellows-nav\" data-bellows-config=\"main\"><li id=\"menu-item-437\" class=\"bellows-menu-item bellows-menu-item-type-custom bellows-menu-item-object-custom bellows-menu-item-437 bellows-item-level-0\"><a  href=\"https:\/\/www.univ-usto.dz\/\" class=\"bellows-target\"><span class=\"bellows-target-title bellows-target-text\">Site USTOMB<\/span><\/a><\/li>\n<\/ul><\/nav>\t\t\t\t<\/div>\n\t\t\t\t<\/div>\n\t\t\t\t\t<\/div>\n\t\t<\/div>\n\t\t\t\t<div class=\"elementor-column elementor-col-50 elementor-top-column elementor-element elementor-element-29b6805\" data-id=\"29b6805\" data-element_type=\"column\">\n\t\t\t<div class=\"elementor-widget-wrap elementor-element-populated\">\n\t\t\t\t\t\t<div class=\"elementor-element elementor-element-75e0739 elementor-widget elementor-widget-elementskit-heading\" data-id=\"75e0739\" data-element_type=\"widget\" data-widget_type=\"elementskit-heading.default\">\n\t\t\t\t<div class=\"elementor-widget-container\">\n\t\t\t\t\t<div class=\"ekit-wid-con\" ><div class=\"ekit-heading elementskit-section-title-wraper text_left   ekit_heading_tablet-   ekit_heading_mobile-\"><h3 class=\"ekit-heading--title elementskit-section-title \">Pr\u00e9sentation\u00a0<\/h3><div class=\"ekit_heading_separetor_wraper ekit_heading_elementskit-border-divider\"><div class=\"elementskit-border-divider\"><\/div><\/div><\/div><\/div>\t\t\t\t<\/div>\n\t\t\t\t<\/div>\n\t\t\t\t<div class=\"elementor-element elementor-element-dc583d8 elementor-widget elementor-widget-text-editor\" data-id=\"dc583d8\" data-element_type=\"widget\" data-widget_type=\"text-editor.default\">\n\t\t\t\t<div class=\"elementor-widget-container\">\n\t\t\t\t\t\t\t\t\t<h2><strong>Un dipl\u00f4me, une Startup\u00a0 ou un dipl\u00f4me, un brevet<\/strong><\/h2><p><strong>Instrumentation p\u00e9dagogique et scientifique concernant l\u2019arr\u00eat\u00e9 minist\u00e9riel N\u00b0 1275 du 27 Septembre 2022 portant sur le m\u00e9canisme \u201cun dipl\u00f4me, une Startup\u201d ou \u201cun dipl\u00f4me, un brevet\u201d.<\/strong><\/p><p><strong><span style=\"text-decoration: underline;\"><a href=\"https:\/\/www.univ-usto.dz\/startup\/wp-content\/uploads\/2024\/05\/Envoi_1550_SG_23-10-2022_Instrum_pedag.pdf\" data-type=\"link\" data-id=\"https:\/\/www.univ-usto.dz\/startup\/wp-content\/uploads\/2024\/05\/Envoi_1550_SG_23-10-2022_Instrum_pedag.pdf\">Arr\u00eat\u00e9<\/a><a href=\"https:\/\/www.univ-usto.dz\/startup\/wp-content\/uploads\/2024\/05\/Envoi_1550_SG_23-10-2022_Instrum_pedag.pdf\" data-type=\"link\" data-id=\"https:\/\/www.univ-usto.dz\/startup\/wp-content\/uploads\/2024\/05\/Envoi_1550_SG_23-10-2022_Instrum_pedag.pdf\"> minist\u00e9riel N\u00b0 1275 du 27 Septembre 2022<\/a><\/span><\/strong><\/p><div dir=\"auto\">Pour vous inscrire sur le site Web, cliquez sur le lien :<\/div><div dir=\"auto\"><span style=\"text-decoration: underline;\"><strong><a class=\"x1i10hfl xjbqb8w x6umtig x1b1mbwd xaqea5y xav7gou x9f619 x1ypdohk xt0psk2 xe8uvvx xdj266r x11i5rnm xat24cr x1mh8g0r xexx8yu x4uap5 x18d9i69 xkhd6sd x16tdsg8 x1hl2dhg xggy1nq x1a2a7pz xt0b8zv x1fey0fg\" tabindex=\"0\" role=\"link\" href=\"https:\/\/istibana.univ-usto.dz\/startup1275\" target=\"_blank\" rel=\"nofollow noopener noreferrer\">https:\/\/istibana.univ-usto.dz\/startup1275<\/a><\/strong><\/span><\/div><div dir=\"auto\">\u00a0<\/div><div dir=\"auto\"><strong><span style=\"text-decoration: underline;\"><a href=\"https:\/\/www.univ-usto.dz\/startup\/wp-content\/uploads\/2025\/01\/prolongation.pdf\">Prolongation des d\u00e9lais<\/a><\/span><\/strong><\/div>\t\t\t\t\t\t\t\t<\/div>\n\t\t\t\t<\/div>\n\t\t\t\t\t<\/div>\n\t\t<\/div>\n\t\t\t\t\t<\/div>\n\t\t<\/section>\n\t\t\t\t<\/div>\n\t\t","protected":false},"excerpt":{"rendered":"<p>Pr\u00e9sentation\u00a0 Un dipl\u00f4me, une Startup\u00a0 ou un dipl\u00f4me, un brevet Instrumentation p\u00e9dagogique et scientifique concernant l\u2019arr\u00eat\u00e9 minist\u00e9riel N\u00b0 1275 du 27 Septembre 2022 portant sur le m\u00e9canisme \u201cun dipl\u00f4me, une Startup\u201d ou \u201cun dipl\u00f4me, un brevet\u201d. Arr\u00eat\u00e9 minist\u00e9riel N\u00b0 1275 du 27 Septembre 2022 Pour vous inscrire sur le site Web, cliquez sur le lien [&hellip;]<\/p>\n","protected":false},"author":1,"featured_media":0,"parent":0,"menu_order":0,"comment_status":"closed","ping_status":"closed","template":"","meta":{"_monsterinsights_skip_tracking":false,"_monsterinsights_sitenote_active":false,"_monsterinsights_sitenote_note":"","_monsterinsights_sitenote_category":0,"postBodyMargin":[],"postBodyPadding":[],"postBodyBackground":{"backgroundType":"classic","gradient":""},"footnotes":""},"class_list":["post-39480","page","type-page","status-publish","hentry"],"aioseo_notices":[],"_links":{"self":[{"href":"https:\/\/www.univ-usto.dz\/startup\/wp-json\/wp\/v2\/pages\/39480","targetHints":{"allow":["GET"]}}],"collection":[{"href":"https:\/\/www.univ-usto.dz\/startup\/wp-json\/wp\/v2\/pages"}],"about":[{"href":"https:\/\/www.univ-usto.dz\/startup\/wp-json\/wp\/v2\/types\/page"}],"author":[{"embeddable":true,"href":"https:\/\/www.univ-usto.dz\/startup\/wp-json\/wp\/v2\/users\/1"}],"replies":[{"embeddable":true,"href":"https:\/\/www.univ-usto.dz\/startup\/wp-json\/wp\/v2\/comments?post=39480"}],"version-history":[{"count":13,"href":"https:\/\/www.univ-usto.dz\/startup\/wp-json\/wp\/v2\/pages\/39480\/revisions"}],"predecessor-version":[{"id":39500,"href":"https:\/\/www.univ-usto.dz\/startup\/wp-json\/wp\/v2\/pages\/39480\/revisions\/39500"}],"wp:attachment":[{"href":"https:\/\/www.univ-usto.dz\/startup\/wp-json\/wp\/v2\/media?parent=39480"}],"curies":[{"name":"wp","href":"https:\/\/api.w.org\/{rel}","templated":true}]}}