{"id":39517,"date":"2025-01-27T09:03:49","date_gmt":"2025-01-27T09:03:49","guid":{"rendered":"https:\/\/www.univ-usto.dz\/startup\/?page_id=39517"},"modified":"2026-01-11T15:40:57","modified_gmt":"2026-01-11T15:40:57","slug":"formations","status":"publish","type":"page","link":"https:\/\/www.univ-usto.dz\/startup\/formations\/","title":{"rendered":"Formations"},"content":{"rendered":"\t\t<div data-elementor-type=\"wp-page\" data-elementor-id=\"39517\" class=\"elementor elementor-39517\">\n\t\t\t\t\t\t<section class=\"elementor-section elementor-top-section elementor-element elementor-element-4bc78b3 elementor-section-boxed elementor-section-height-default elementor-section-height-default\" data-id=\"4bc78b3\" data-element_type=\"section\">\n\t\t\t\t\t\t<div class=\"elementor-container elementor-column-gap-default\">\n\t\t\t\t\t<div class=\"elementor-column elementor-col-100 elementor-top-column elementor-element elementor-element-29b6805\" data-id=\"29b6805\" data-element_type=\"column\">\n\t\t\t<div class=\"elementor-widget-wrap elementor-element-populated\">\n\t\t\t\t\t\t<div class=\"elementor-element elementor-element-75e0739 elementor-widget elementor-widget-elementskit-heading\" data-id=\"75e0739\" data-element_type=\"widget\" data-widget_type=\"elementskit-heading.default\">\n\t\t\t\t<div class=\"elementor-widget-container\">\n\t\t\t\t\t<div class=\"ekit-wid-con\" ><div class=\"ekit-heading elementskit-section-title-wraper text_left   ekit_heading_tablet-   ekit_heading_mobile-\"><h3 class=\"ekit-heading--title elementskit-section-title \">Formations<\/h3><div class=\"ekit_heading_separetor_wraper ekit_heading_elementskit-border-divider\"><div class=\"elementskit-border-divider\"><\/div><\/div><\/div><\/div>\t\t\t\t<\/div>\n\t\t\t\t<\/div>\n\t\t\t\t<div class=\"elementor-element elementor-element-dc583d8 elementor-widget elementor-widget-text-editor\" data-id=\"dc583d8\" data-element_type=\"widget\" data-widget_type=\"text-editor.default\">\n\t\t\t\t<div class=\"elementor-widget-container\">\n\t\t\t\t\t\t\t\t\t<p>Formations et un accompagnement pour aider les entrepreneurs \u00e0 formaliser leurs id\u00e9es, \u00e0 valider leurs projets \u00e0 long terme, et \u00e0 b\u00e9n\u00e9ficier de conseils en mati\u00e8re de formation, de financement et de gestion.<\/p><p>Offre aux universitaires int\u00e9ress\u00e9s par l\u2019entrepreneuriat une formation compl\u00e8te qui couvre diff\u00e9rents domaines\u00a0 tel que : la planification strat\u00e9gique, la gestion financi\u00e8re, le marketing \u2026.., pour donner aux porteurs de projets les connaissances et les comp\u00e9tences n\u00e9cessaires pour lacer et g\u00e9rer leur micro-entreprises.<\/p>\t\t\t\t\t\t\t\t<\/div>\n\t\t\t\t<\/div>\n\t\t\t\t\t<\/div>\n\t\t<\/div>\n\t\t\t\t\t<\/div>\n\t\t<\/section>\n\t\t\t\t<\/div>\n\t\t","protected":false},"excerpt":{"rendered":"<p>Formations Formations et un accompagnement pour aider les entrepreneurs \u00e0 formaliser leurs id\u00e9es, \u00e0 valider leurs projets \u00e0 long terme, et \u00e0 b\u00e9n\u00e9ficier de conseils en mati\u00e8re de formation, de financement et de gestion. Offre aux universitaires int\u00e9ress\u00e9s par l\u2019entrepreneuriat une formation compl\u00e8te qui couvre diff\u00e9rents domaines\u00a0 tel que : la planification strat\u00e9gique, la gestion [&hellip;]<\/p>\n","protected":false},"author":1,"featured_media":0,"parent":0,"menu_order":0,"comment_status":"closed","ping_status":"closed","template":"","meta":{"_monsterinsights_skip_tracking":false,"_monsterinsights_sitenote_active":false,"_monsterinsights_sitenote_note":"","_monsterinsights_sitenote_category":0,"postBodyMargin":[],"postBodyPadding":[],"postBodyBackground":{"backgroundType":"classic","gradient":""},"footnotes":""},"class_list":["post-39517","page","type-page","status-publish","hentry"],"aioseo_notices":[],"_links":{"self":[{"href":"https:\/\/www.univ-usto.dz\/startup\/wp-json\/wp\/v2\/pages\/39517","targetHints":{"allow":["GET"]}}],"collection":[{"href":"https:\/\/www.univ-usto.dz\/startup\/wp-json\/wp\/v2\/pages"}],"about":[{"href":"https:\/\/www.univ-usto.dz\/startup\/wp-json\/wp\/v2\/types\/page"}],"author":[{"embeddable":true,"href":"https:\/\/www.univ-usto.dz\/startup\/wp-json\/wp\/v2\/users\/1"}],"replies":[{"embeddable":true,"href":"https:\/\/www.univ-usto.dz\/startup\/wp-json\/wp\/v2\/comments?post=39517"}],"version-history":[{"count":11,"href":"https:\/\/www.univ-usto.dz\/startup\/wp-json\/wp\/v2\/pages\/39517\/revisions"}],"predecessor-version":[{"id":39594,"href":"https:\/\/www.univ-usto.dz\/startup\/wp-json\/wp\/v2\/pages\/39517\/revisions\/39594"}],"wp:attachment":[{"href":"https:\/\/www.univ-usto.dz\/startup\/wp-json\/wp\/v2\/media?parent=39517"}],"curies":[{"name":"wp","href":"https:\/\/api.w.org\/{rel}","templated":true}]}}