{"id":39529,"date":"2025-01-27T09:09:52","date_gmt":"2025-01-27T09:09:52","guid":{"rendered":"https:\/\/www.univ-usto.dz\/startup\/?page_id=39529"},"modified":"2025-03-13T10:04:50","modified_gmt":"2025-03-13T10:04:50","slug":"inscription","status":"publish","type":"page","link":"https:\/\/www.univ-usto.dz\/startup\/inscription\/","title":{"rendered":"Inscription"},"content":{"rendered":"\t\t<div data-elementor-type=\"wp-page\" data-elementor-id=\"39529\" class=\"elementor elementor-39529\">\n\t\t\t\t\t\t<section class=\"elementor-section elementor-top-section elementor-element elementor-element-4bc78b3 elementor-section-boxed elementor-section-height-default elementor-section-height-default\" data-id=\"4bc78b3\" data-element_type=\"section\">\n\t\t\t\t\t\t<div class=\"elementor-container elementor-column-gap-default\">\n\t\t\t\t\t<div class=\"elementor-column elementor-col-50 elementor-top-column elementor-element elementor-element-12d3660\" data-id=\"12d3660\" data-element_type=\"column\">\n\t\t\t<div class=\"elementor-widget-wrap elementor-element-populated\">\n\t\t\t\t\t\t<div class=\"elementor-element elementor-element-14cfc99 elementor-widget elementor-widget-wp-widget-bellows_navigation_widget\" data-id=\"14cfc99\" data-element_type=\"widget\" data-widget_type=\"wp-widget-bellows_navigation_widget.default\">\n\t\t\t\t<div class=\"elementor-widget-container\">\n\t\t\t\t\t<nav id=\"bellows-main-20\" class=\"bellows bellows-nojs bellows-main bellows-source-menu bellows-align-full bellows-skin-vanilla bellows-type-\"><ul id=\"menu-top-menu\" class=\"bellows-nav\" data-bellows-config=\"main\"><li id=\"menu-item-437\" class=\"bellows-menu-item bellows-menu-item-type-custom bellows-menu-item-object-custom bellows-menu-item-437 bellows-item-level-0\"><a  href=\"https:\/\/www.univ-usto.dz\/\" class=\"bellows-target\"><span class=\"bellows-target-title bellows-target-text\">Site USTOMB<\/span><\/a><\/li>\n<\/ul><\/nav>\t\t\t\t<\/div>\n\t\t\t\t<\/div>\n\t\t\t\t\t<\/div>\n\t\t<\/div>\n\t\t\t\t<div class=\"elementor-column elementor-col-50 elementor-top-column elementor-element elementor-element-29b6805\" data-id=\"29b6805\" data-element_type=\"column\">\n\t\t\t<div class=\"elementor-widget-wrap elementor-element-populated\">\n\t\t\t\t\t\t<div class=\"elementor-element elementor-element-75e0739 elementor-widget elementor-widget-elementskit-heading\" data-id=\"75e0739\" data-element_type=\"widget\" data-widget_type=\"elementskit-heading.default\">\n\t\t\t\t<div class=\"elementor-widget-container\">\n\t\t\t\t\t<div class=\"ekit-wid-con\" ><div class=\"ekit-heading elementskit-section-title-wraper text_left   ekit_heading_tablet-   ekit_heading_mobile-\"><h3 class=\"ekit-heading--title elementskit-section-title \">Inscription<\/h3><div class=\"ekit_heading_separetor_wraper ekit_heading_elementskit-border-divider\"><div class=\"elementskit-border-divider\"><\/div><\/div><\/div><\/div>\t\t\t\t<\/div>\n\t\t\t\t<\/div>\n\t\t\t\t<div class=\"elementor-element elementor-element-dc583d8 elementor-widget elementor-widget-text-editor\" data-id=\"dc583d8\" data-element_type=\"widget\" data-widget_type=\"text-editor.default\">\n\t\t\t\t<div class=\"elementor-widget-container\">\n\t\t\t\t\t\t\t\t\t<div dir=\"auto\">Recommandations minist\u00e9rielles pour l\u2019application de l\u2019arr\u00eat\u00e9 minist\u00e9riel\u00a0<strong>n\u00b01275 du 27\/09\/2022<\/strong>\u00a0portant sur le m\u00e9canisme \u00ab\u00a0<strong>un Dipl\u00f4me, une Startup<\/strong>\u00a0\u00bb ou \u00ab\u00a0<strong>un Dipl\u00f4me, un Brevet<\/strong>\u00bb<\/div><div dir=\"auto\">Pour vous inscrire sur le site Web, cliquez sur le lien :<\/div><div dir=\"auto\"><strong><span style=\"text-decoration: underline;\"><a class=\"x1i10hfl xjbqb8w x6umtig x1b1mbwd xaqea5y xav7gou x9f619 x1ypdohk xt0psk2 xe8uvvx xdj266r x11i5rnm xat24cr x1mh8g0r xexx8yu x4uap5 x18d9i69 xkhd6sd x16tdsg8 x1hl2dhg xggy1nq x1a2a7pz xt0b8zv x1fey0fg\" tabindex=\"0\" role=\"link\" href=\"https:\/\/istibana.univ-usto.dz\/startup1275\" target=\"_blank\" rel=\"nofollow noopener noreferrer\">https:\/\/istibana.univ-usto.dz\/startup1275<\/a><\/span><\/strong><\/div>\t\t\t\t\t\t\t\t<\/div>\n\t\t\t\t<\/div>\n\t\t\t\t\t<\/div>\n\t\t<\/div>\n\t\t\t\t\t<\/div>\n\t\t<\/section>\n\t\t\t\t<section class=\"elementor-section elementor-top-section elementor-element elementor-element-67e53ef elementor-section-boxed elementor-section-height-default elementor-section-height-default\" data-id=\"67e53ef\" data-element_type=\"section\">\n\t\t\t\t\t\t<div class=\"elementor-container elementor-column-gap-default\">\n\t\t\t\t\t<div class=\"elementor-column elementor-col-100 elementor-top-column elementor-element elementor-element-b855829\" data-id=\"b855829\" data-element_type=\"column\">\n\t\t\t<div class=\"elementor-widget-wrap elementor-element-populated\">\n\t\t\t\t\t\t<div class=\"elementor-element elementor-element-9c79eb3 elementor-widget elementor-widget-image\" data-id=\"9c79eb3\" data-element_type=\"widget\" data-widget_type=\"image.default\">\n\t\t\t\t<div class=\"elementor-widget-container\">\n\t\t\t\t\t\t\t\t\t\t\t\t\t\t\t<img fetchpriority=\"high\" decoding=\"async\" width=\"1024\" height=\"1024\" src=\"https:\/\/www.univ-usto.dz\/startup\/wp-content\/uploads\/2025\/03\/dans-le-cadre-de-larrete-ministeriel-1275-29-02-2024-1024x1024-1.png\" class=\"attachment-large size-large wp-image-39577\" alt=\"\" srcset=\"https:\/\/www.univ-usto.dz\/startup\/wp-content\/uploads\/2025\/03\/dans-le-cadre-de-larrete-ministeriel-1275-29-02-2024-1024x1024-1.png 1024w, https:\/\/www.univ-usto.dz\/startup\/wp-content\/uploads\/2025\/03\/dans-le-cadre-de-larrete-ministeriel-1275-29-02-2024-1024x1024-1-300x300.png 300w, https:\/\/www.univ-usto.dz\/startup\/wp-content\/uploads\/2025\/03\/dans-le-cadre-de-larrete-ministeriel-1275-29-02-2024-1024x1024-1-150x150.png 150w, https:\/\/www.univ-usto.dz\/startup\/wp-content\/uploads\/2025\/03\/dans-le-cadre-de-larrete-ministeriel-1275-29-02-2024-1024x1024-1-768x768.png 768w, https:\/\/www.univ-usto.dz\/startup\/wp-content\/uploads\/2025\/03\/dans-le-cadre-de-larrete-ministeriel-1275-29-02-2024-1024x1024-1-24x24.png 24w, https:\/\/www.univ-usto.dz\/startup\/wp-content\/uploads\/2025\/03\/dans-le-cadre-de-larrete-ministeriel-1275-29-02-2024-1024x1024-1-36x36.png 36w, https:\/\/www.univ-usto.dz\/startup\/wp-content\/uploads\/2025\/03\/dans-le-cadre-de-larrete-ministeriel-1275-29-02-2024-1024x1024-1-48x48.png 48w, https:\/\/www.univ-usto.dz\/startup\/wp-content\/uploads\/2025\/03\/dans-le-cadre-de-larrete-ministeriel-1275-29-02-2024-1024x1024-1-600x600.png 600w, https:\/\/www.univ-usto.dz\/startup\/wp-content\/uploads\/2025\/03\/dans-le-cadre-de-larrete-ministeriel-1275-29-02-2024-1024x1024-1-100x100.png 100w\" sizes=\"(max-width: 1024px) 100vw, 1024px\" \/>\t\t\t\t\t\t\t\t\t\t\t\t\t\t\t<\/div>\n\t\t\t\t<\/div>\n\t\t\t\t\t<\/div>\n\t\t<\/div>\n\t\t\t\t\t<\/div>\n\t\t<\/section>\n\t\t\t\t<\/div>\n\t\t","protected":false},"excerpt":{"rendered":"<p>Inscription Recommandations minist\u00e9rielles pour l\u2019application de l\u2019arr\u00eat\u00e9 minist\u00e9riel\u00a0n\u00b01275 du 27\/09\/2022\u00a0portant sur le m\u00e9canisme \u00ab\u00a0un Dipl\u00f4me, une Startup\u00a0\u00bb ou \u00ab\u00a0un Dipl\u00f4me, un Brevet\u00bbPour vous inscrire sur le site Web, cliquez sur le lien :https:\/\/istibana.univ-usto.dz\/startup1275<\/p>\n","protected":false},"author":1,"featured_media":0,"parent":0,"menu_order":0,"comment_status":"closed","ping_status":"closed","template":"","meta":{"_monsterinsights_skip_tracking":false,"_monsterinsights_sitenote_active":false,"_monsterinsights_sitenote_note":"","_monsterinsights_sitenote_category":0,"postBodyMargin":[],"postBodyPadding":[],"postBodyBackground":{"backgroundType":"classic","gradient":""},"footnotes":""},"class_list":["post-39529","page","type-page","status-publish","hentry"],"aioseo_notices":[],"_links":{"self":[{"href":"https:\/\/www.univ-usto.dz\/startup\/wp-json\/wp\/v2\/pages\/39529","targetHints":{"allow":["GET"]}}],"collection":[{"href":"https:\/\/www.univ-usto.dz\/startup\/wp-json\/wp\/v2\/pages"}],"about":[{"href":"https:\/\/www.univ-usto.dz\/startup\/wp-json\/wp\/v2\/types\/page"}],"author":[{"embeddable":true,"href":"https:\/\/www.univ-usto.dz\/startup\/wp-json\/wp\/v2\/users\/1"}],"replies":[{"embeddable":true,"href":"https:\/\/www.univ-usto.dz\/startup\/wp-json\/wp\/v2\/comments?post=39529"}],"version-history":[{"count":8,"href":"https:\/\/www.univ-usto.dz\/startup\/wp-json\/wp\/v2\/pages\/39529\/revisions"}],"predecessor-version":[{"id":39581,"href":"https:\/\/www.univ-usto.dz\/startup\/wp-json\/wp\/v2\/pages\/39529\/revisions\/39581"}],"wp:attachment":[{"href":"https:\/\/www.univ-usto.dz\/startup\/wp-json\/wp\/v2\/media?parent=39529"}],"curies":[{"name":"wp","href":"https:\/\/api.w.org\/{rel}","templated":true}]}}